{"id":5689,"date":"2022-04-04T09:13:24","date_gmt":"2022-04-04T07:13:24","guid":{"rendered":"https:\/\/agora.xtec.cat\/iescastellodempuries\/?page_id=5689"},"modified":"2022-07-15T13:11:31","modified_gmt":"2022-07-15T11:11:31","slug":"preinscripcio-i-matricula-22-23","status":"publish","type":"page","link":"https:\/\/agora.xtec.cat\/iescastellodempuries\/secretaria\/preinscripcio-i-matricula-22-23\/","title":{"rendered":"Informacions Preinscripci\u00f3 i Matr\u00edcula Curs 2022\/23"},"content":{"rendered":"<hr \/>\n<h4 style=\"text-align: center;\"><strong><a href=\"https:\/\/agora.xtec.cat\/iescastellodempuries\/wp-content\/uploads\/usu1409\/2022\/06\/Matricula-1r-BTX.pdf\" target=\"_blank\" rel=\"noopener\">Matr\u00edcula 1r de Batxillerat<\/a> <a href=\"https:\/\/agora.xtec.cat\/iescastellodempuries\/wp-content\/uploads\/usu1409\/2022\/06\/Matricula-1r-BTX.pdf\" target=\"_blank\" rel=\"noopener\"><span style=\"color: #ff0000;\">(23 al 29 juny)<\/span><\/a><\/strong><\/h4>\n<hr \/>\n<h4 style=\"text-align: center;\"><a href=\"https:\/\/agora.xtec.cat\/iescastellodempuries\/wp-content\/uploads\/usu1409\/2022\/06\/Matricula-1r-ESO.pdf\" target=\"_blank\" rel=\"noopener\"><strong>Matr\u00edcula 1r d&#8217;ESO Curs 2022\/23 <span style=\"color: #ff0000;\">(21 al 29 juny)<\/span><\/strong><\/a><\/h4>\n<hr \/>\n<h4 style=\"text-align: center;\"><strong><a href=\"https:\/\/agora.xtec.cat\/iescastellodempuries\/docs\/preinscripcio-eso-curs-2022-23\/\" target=\"_blank\" rel=\"noopener\">PREINSCRIPCI\u00d3 ESO Curs 2022\/23<\/a><\/strong><\/h4>\n<p style=\"text-align: center;\"><a href=\"https:\/\/agora.xtec.cat\/iescastellodempuries\/wp-content\/uploads\/usu1409\/2022\/06\/OFERTA_OME.pdf\" target=\"_blank\" rel=\"noopener\">Oferta definitiva de places ESO 09\/06\/2022<\/a><\/p>\n<p style=\"text-align: center;\"><a href=\"https:\/\/agora.xtec.cat\/iescastellodempuries\/wp-content\/uploads\/usu1409\/2022\/06\/llista-despera.pdf\" target=\"_blank\" rel=\"noopener\">Llista d&#8217;espera ESO 10\/06\/2022<\/a><\/p>\n<p style=\"text-align: center;\"><a href=\"https:\/\/agora.xtec.cat\/iescastellodempuries\/wp-content\/uploads\/usu1409\/2022\/06\/Preinscrits-al-centre.pdf\" target=\"_blank\" rel=\"noopener\">Preinscrits al centre ESO 10\/06\/2022<\/a><\/p>\n<p style=\"text-align: center;\"><a href=\"https:\/\/agora.xtec.cat\/iescastellodempuries\/wp-content\/uploads\/usu1409\/2022\/05\/INFORME_BAREM_DEFINITIU_BAREM.pdf\" target=\"_blank\" rel=\"noopener\">Llista ordenada sol\u00b7licituds al centre en primera petici\u00f3 11\/05\/2022<\/a><\/p>\n<p style=\"text-align: center;\"><a href=\"https:\/\/agora.xtec.cat\/iescastellodempuries\/wp-content\/uploads\/usu1409\/2022\/05\/INFORME_BAREM_RESOLTES_BAREM.pdf\" target=\"_blank\" rel=\"noopener\">Llista barem un cop resoltes les reclamacions 3\/05\/2022<\/a><\/p>\n<p style=\"text-align: center;\"><a href=\"https:\/\/agora.xtec.cat\/iescastellodempuries\/wp-content\/uploads\/usu1409\/2022\/04\/INFORME_BAREM_PROVISIONAL_BAREM.pdf\" target=\"_blank\" rel=\"noopener\">Llista barem provisional ESO 21\/04\/2022<\/a><\/p>\n<hr \/>\n<h4 style=\"text-align: center;\"><strong><a href=\"https:\/\/agora.xtec.cat\/iescastellodempuries\/wp-content\/uploads\/usu1409\/2022\/04\/btx-22-23.pdf\" target=\"_blank\" rel=\"noopener\">Preinscripci\u00f3\u00a0 BATXILLERAT del 20 al 26 d&#8217;ABRIL<\/a><\/strong><\/h4>\n<p style=\"text-align: center;\"><a href=\"https:\/\/agora.xtec.cat\/iescastellodempuries\/wp-content\/uploads\/usu1409\/2022\/06\/INFORME_PREINSCRITES_OME_INFORME_PREINSCRITES_OME.pdf\" target=\"_blank\" rel=\"noopener\">Alumnes preinscrits al centre 22\/06\/2022<\/a><\/p>\n<p style=\"text-align: center;\"><a href=\"https:\/\/agora.xtec.cat\/iescastellodempuries\/wp-content\/uploads\/usu1409\/2022\/06\/INFORME_ASSIGNADES_INFORME_ASSIGNADES.pdf\" target=\"_blank\" rel=\"noopener\">Alumnes assignats al centre amb indicaci\u00f3 de la primera petici\u00f3 a 22\/06\/2022<\/a><\/p>\n<p style=\"text-align: center;\"><a href=\"https:\/\/agora.xtec.cat\/iescastellodempuries\/wp-content\/uploads\/usu1409\/2022\/06\/BAREM_DEFINITIU_BTX.pdf\" target=\"_blank\" rel=\"noopener\">Barem definitiu BAT 09\/06\/2022<\/a><\/p>\n<p style=\"text-align: center;\"><a href=\"https:\/\/agora.xtec.cat\/iescastellodempuries\/wp-content\/uploads\/usu1409\/2022\/06\/Llista-BTX-ordenada.pdf\" target=\"_blank\" rel=\"noopener\">Llista \u00a0amb la puntuaci\u00f3 resoltes les reclamacions 03\/06\/2022<\/a><\/p>\n<p style=\"text-align: center;\"><a href=\"https:\/\/agora.xtec.cat\/iescastellodempuries\/wp-content\/uploads\/usu1409\/2022\/05\/BTX-puntuacio-provisional.pdf\" target=\"_blank\" rel=\"noopener\">Llista de sol\u00b7licituds amb puntuaci\u00f3 provisional 23\/05\/2022<\/a><\/p>\n<p style=\"text-align: center;\"><a href=\"https:\/\/agora.xtec.cat\/iescastellodempuries\/wp-content\/uploads\/usu1409\/2022\/04\/Batxillerat_-OFERTA_INICIAL_PLACES_2022-2023.pdf\" target=\"_blank\" rel=\"noopener\">BATXILLERAT: Oferta inicial de places curs 2022-2023<\/a><\/p>\n<hr \/>\n<h4 style=\"text-align: center;\"><strong><a href=\"https:\/\/agora.xtec.cat\/iescastellodempuries\/wp-content\/uploads\/usu1409\/2022\/04\/CF-22-23.pdf\" target=\"_blank\" rel=\"noopener\">Preinscripci\u00f3 de CFGM (2a fase) del 17 al 23 de MAIG<\/a><\/strong><\/h4>\n<p style=\"text-align: center;\"><a href=\"https:\/\/agora.xtec.cat\/iescastellodempuries\/wp-content\/uploads\/usu1409\/2022\/07\/INFORME_ASSIGNADES_INFORME_ASSIGNADES-7.pdf\">CFGM -2022-2023 &#8211; Proc\u00e9s per a la resta de l&#8217;alumnat. Alumnes assignats al centre amb indicaci\u00f3 de la primera petici\u00f3 a 15\/07\/2022<\/a><\/p>\n<p style=\"text-align: center;\"><a href=\"https:\/\/agora.xtec.cat\/iescastellodempuries\/wp-content\/uploads\/usu1409\/2022\/07\/INFORME_ASSIGNADES_INFORME_ASSIGNADES-2.pdf\">CFGM 2022-2023 Alumnes assignats al centre amb indicaci\u00f3 de la primera petici\u00f3 a 08\/07\/2022<\/a><\/p>\n<p style=\"text-align: center;\"><a href=\"https:\/\/agora.xtec.cat\/iescastellodempuries\/wp-content\/uploads\/usu1409\/2022\/06\/SIM-170060822062720280.pdf\" target=\"_blank\" rel=\"noopener\">Llista ordenada de sol\u00b7licituds al centre en primera opci\u00f3 28\/6\/2022<\/a><\/p>\n<p style=\"text-align: center;\"><a href=\"https:\/\/agora.xtec.cat\/iescastellodempuries\/wp-content\/uploads\/usu1409\/2022\/06\/BAREM_PROVISIONAL_CF_continuitat.pdf\" target=\"_blank\" rel=\"noopener\">Barem provisional CFGM continu\u00eftat 09\/06\/2022<\/a><\/p>\n<p style=\"text-align: center;\"><a href=\"https:\/\/agora.xtec.cat\/iescastellodempuries\/wp-content\/uploads\/usu1409\/2022\/06\/BAREM_PROVISIONAL_CF_no_continuitat.pdf\" target=\"_blank\" rel=\"noopener\">Barem provisional CFGM no continu\u00eftat 09\/06\/2022<\/a><\/p>\n<p style=\"text-align: center;\"><a href=\"https:\/\/agora.xtec.cat\/iescastellodempuries\/wp-content\/uploads\/usu1409\/2022\/05\/INFORME_ADMEXC_DEF.pdf\" target=\"_blank\" rel=\"noopener\">Llista d&#8217;admesos i exclosos definitiva\u00a0 a 16\/05\/2022<\/a><\/p>\n<p style=\"text-align: center;\"><a href=\"https:\/\/agora.xtec.cat\/iescastellodempuries\/wp-content\/uploads\/usu1409\/2022\/04\/CFGM_-OFERTA_INICIAL_PLACES_2022-2023.pdf\" target=\"_blank\" rel=\"noopener\">CFGM: Oferta inicial de places curs 2022-2023<\/a><\/p>\n<p style=\"text-align: center;\">\u00a0<a href=\"https:\/\/agora.xtec.cat\/iescastellodempuries\/wp-content\/uploads\/usu1409\/2022\/05\/Admesos-exclosos-provisional-CFGM-2022-23.pdf\" target=\"_blank\" rel=\"noopener\">Llista provisional d&#8217;admesos i exclosos de CFGM 5\/5\/2022<\/a><\/p>\n<hr \/>\n<h4 style=\"text-align: center;\"><strong><a href=\"https:\/\/agora.xtec.cat\/iescastellodempuries\/docs\/preinscripcio-i-matricula-del-ptt-de-vendes-i-jardineria\/\" target=\"_blank\" rel=\"noopener\">Preinscripci\u00f3 i matr\u00edcula del PTT de vendes i jardineria del 2 al 13 de MAIG<\/a><\/strong><\/h4>\n<p style=\"text-align: center;\"><a href=\"https:\/\/agora.xtec.cat\/iescastellodempuries\/wp-content\/uploads\/usu1409\/2022\/06\/asignats_al_centre.pdf\" target=\"_blank\" rel=\"noopener\">Relaci\u00f3 d&#8217;alumnes admesos al centre 30\/06\/2022<\/a><\/p>\n<p style=\"text-align: center;\"><a href=\"https:\/\/agora.xtec.cat\/iescastellodempuries\/wp-content\/uploads\/usu1409\/2022\/06\/preinscrits_al_centre_amb_assignacio.pdf\" target=\"_blank\" rel=\"noopener\">Relaci\u00f3 d&#8217;alumnes preinscrits al centre amb indicaci\u00f3 d&#8217;on han estat admesos 30\/06\/2022<\/a><\/p>\n<p style=\"text-align: center;\"><a href=\"https:\/\/agora.xtec.cat\/iescastellodempuries\/wp-content\/uploads\/usu1409\/2022\/06\/report_1050_oferta_inicial.pdf\" target=\"_blank\" rel=\"noopener\">Oferta inicial de places 30\/06\/2022<\/a><\/p>\n<p style=\"text-align: center;\"><a href=\"https:\/\/agora.xtec.cat\/iescastellodempuries\/wp-content\/uploads\/usu1409\/2022\/05\/llistat_definitiu_de_sol.licituds-1.pdf\" target=\"_blank\" rel=\"noopener\">Llista d&#8217;admesos i exclosos definitiva a 27\/05\/2022<\/a><\/p>\n<hr \/>\n<p>&nbsp;<\/p>\n","protected":false},"excerpt":{"rendered":"<p>Matr\u00edcula 1r de Batxillerat (23 al 29 juny) Matr\u00edcula 1r d&#8217;ESO Curs 2022\/23 (21 al 29 juny) PREINSCRIPCI\u00d3 ESO Curs 2022\/23 Oferta definitiva de places ESO 09\/06\/2022 Llista d&#8217;espera ESO 10\/06\/2022 Preinscrits al centre ESO 10\/06\/2022 Llista ordenada sol\u00b7licituds al centre en primera petici\u00f3 11\/05\/2022 Llista barem un cop resoltes les reclamacions 3\/05\/2022 Llista barem [&hellip;]<\/p>\n","protected":false},"author":3,"featured_media":0,"parent":81,"menu_order":0,"comment_status":"closed","ping_status":"closed","template":"","meta":{"_bbp_topic_count":0,"_bbp_reply_count":0,"_bbp_total_topic_count":0,"_bbp_total_reply_count":0,"_bbp_voice_count":0,"_bbp_anonymous_reply_count":0,"_bbp_topic_count_hidden":0,"_bbp_reply_count_hidden":0,"_bbp_forum_subforum_count":0,"site-sidebar-layout":"default","site-content-layout":"","ast-site-content-layout":"","site-content-style":"default","site-sidebar-style":"default","ast-global-header-display":"","ast-banner-title-visibility":"","ast-main-header-display":"","ast-hfb-above-header-display":"","ast-hfb-below-header-display":"","ast-hfb-mobile-header-display":"","site-post-title":"","ast-breadcrumbs-content":"","ast-featured-img":"","footer-sml-layout":"","theme-transparent-header-meta":"","adv-header-id-meta":"","stick-header-meta":"","header-above-stick-meta":"","header-main-stick-meta":"","header-below-stick-meta":"","astra-migrate-meta-layouts":"default","ast-page-background-enabled":"default","ast-page-background-meta":{"desktop":{"background-color":"var(--ast-global-color-4)","background-image":"","background-repeat":"repeat","background-position":"center center","background-size":"auto","background-attachment":"scroll","background-type":"","background-media":"","overlay-type":"","overlay-color":"","overlay-opacity":"","overlay-gradient":""},"tablet":{"background-color":"","background-image":"","background-repeat":"repeat","background-position":"center center","background-size":"auto","background-attachment":"scroll","background-type":"","background-media":"","overlay-type":"","overlay-color":"","overlay-opacity":"","overlay-gradient":""},"mobile":{"background-color":"","background-image":"","background-repeat":"repeat","background-position":"center center","background-size":"auto","background-attachment":"scroll","background-type":"","background-media":"","overlay-type":"","overlay-color":"","overlay-opacity":"","overlay-gradient":""}},"ast-content-background-meta":{"desktop":{"background-color":"var(--ast-global-color-5)","background-image":"","background-repeat":"repeat","background-position":"center center","background-size":"auto","background-attachment":"scroll","background-type":"","background-media":"","overlay-type":"","overlay-color":"","overlay-opacity":"","overlay-gradient":""},"tablet":{"background-color":"var(--ast-global-color-5)","background-image":"","background-repeat":"repeat","background-position":"center center","background-size":"auto","background-attachment":"scroll","background-type":"","background-media":"","overlay-type":"","overlay-color":"","overlay-opacity":"","overlay-gradient":""},"mobile":{"background-color":"var(--ast-global-color-5)","background-image":"","background-repeat":"repeat","background-position":"center center","background-size":"auto","background-attachment":"scroll","background-type":"","background-media":"","overlay-type":"","overlay-color":"","overlay-opacity":"","overlay-gradient":""}},"footnotes":""},"class_list":["post-5689","page","type-page","status-publish","hentry"],"post_mailing_queue_ids":[],"_links":{"self":[{"href":"https:\/\/agora.xtec.cat\/iescastellodempuries\/wp-json\/wp\/v2\/pages\/5689","targetHints":{"allow":["GET"]}}],"collection":[{"href":"https:\/\/agora.xtec.cat\/iescastellodempuries\/wp-json\/wp\/v2\/pages"}],"about":[{"href":"https:\/\/agora.xtec.cat\/iescastellodempuries\/wp-json\/wp\/v2\/types\/page"}],"author":[{"embeddable":true,"href":"https:\/\/agora.xtec.cat\/iescastellodempuries\/wp-json\/wp\/v2\/users\/3"}],"replies":[{"embeddable":true,"href":"https:\/\/agora.xtec.cat\/iescastellodempuries\/wp-json\/wp\/v2\/comments?post=5689"}],"version-history":[{"count":5,"href":"https:\/\/agora.xtec.cat\/iescastellodempuries\/wp-json\/wp\/v2\/pages\/5689\/revisions"}],"predecessor-version":[{"id":6270,"href":"https:\/\/agora.xtec.cat\/iescastellodempuries\/wp-json\/wp\/v2\/pages\/5689\/revisions\/6270"}],"up":[{"embeddable":true,"href":"https:\/\/agora.xtec.cat\/iescastellodempuries\/wp-json\/wp\/v2\/pages\/81"}],"wp:attachment":[{"href":"https:\/\/agora.xtec.cat\/iescastellodempuries\/wp-json\/wp\/v2\/media?parent=5689"}],"curies":[{"name":"wp","href":"https:\/\/api.w.org\/{rel}","templated":true}]}}