{"id":452,"date":"2016-07-13T14:32:34","date_gmt":"2016-07-13T12:32:34","guid":{"rendered":"http:\/\/agora.xtec.cat\/iescastellodempuries\/?page_id=452"},"modified":"2024-06-29T19:48:46","modified_gmt":"2024-06-29T17:48:46","slug":"ampa","status":"publish","type":"page","link":"https:\/\/agora.xtec.cat\/iescastellodempuries\/ampa\/","title":{"rendered":"AMPA"},"content":{"rendered":"<p style=\"text-align: justify;\">\u00a0 \u00a0 L\u2019AMPA, Associaci\u00f3 de pares i mares dels alumnes, est\u00e0 formada per totes aquelles fam\u00edlies de l\u2019INS que desitgen ser-ne socis. L\u2019educaci\u00f3 dels nostres fills i filles \u00e9s un dels objectius fonamentals a l\u2019hora de crear \u00a0l\u2019AMPA, sense deixar de banda el fet de donar suport i col\u00b7laborar amb l\u2019INS en tot all\u00f2 que necessiti, com ara promoure la participaci\u00f3 en les activitats i organitzar activitats extraescolars.<\/p>\n<p style=\"text-align: justify;\">\u00a0 \u00a0 L\u2019AMPA de l\u2019INS Castell\u00f3 d\u2019Emp\u00faries \u00e9s una entitat sense afany de lucre, amb les seves normes de funcionament, unes funcions establertes i uns Estatuts propis regulats per la llei.<\/p>\n<p style=\"text-align: justify;\"><span style=\"color: #993300;\"><b>Propostes i finalitats<\/b><\/span><\/p>\n<ul style=\"text-align: justify;\">\n<li>Donar suport i assist\u00e8ncia als membres de l\u2019associaci\u00f3 i en general, als pares i mares d\u2019alumnes, tutors, professorat i alumnat del centre i els seus \u00f2rgans de govern i de participaci\u00f3, en tot all\u00f2 que fa refer\u00e8ncia als seus fills i filles i, en general, a tot l\u2019alumnat matriculat al centre.<\/li>\n<\/ul>\n<ul style=\"text-align: justify;\">\n<li>Assistir els pares, mares i alumnes en l\u2019exercici de seu dret d\u2019intervenir en el control i la gesti\u00f3 del centre.<\/li>\n<li>Facilitar la col\u00b7laboraci\u00f3 del centre en els \u00e0mbits social, cultural, econ\u00f2mic i laboral de \u00a0l\u2019entorn.<\/li>\n<li>Promoure les activitats de formaci\u00f3 dels pares i mares, tant des del vessant cultural de l\u2019espec\u00edfic com des de la responsabilitzaci\u00f3 en l\u2019educaci\u00f3 familiar.<\/li>\n<li>Promoure i realitzar \u00a0tota mena d\u2019activitats esportives i culturals.<\/li>\n<\/ul>\n<p style=\"text-align: justify;\"><span style=\"color: #993300;\"><b>Qu\u00e8 ofereix l\u2019AMPA?<\/b><\/span><\/p>\n<ul style=\"text-align: justify;\">\n<li>Participar a les juntes.<\/li>\n<li>Promoure la participaci\u00f3 de les fam\u00edlies.<\/li>\n<li>Col\u00b7laborar en les festes i activitats de l\u2019escola.<\/li>\n<li>Comprar material.<\/li>\n<li>Organitzar activitats extraescolars.<\/li>\n<li>Suport.<\/li>\n<li>Proporcionar tota la informaci\u00f3 necess\u00e0ria.<\/li>\n<\/ul>\n<p style=\"text-align: justify;\"><span style=\"color: #993300;\"><b>Projectes<\/b><\/span><\/p>\n<ul style=\"text-align: justify;\">\n<li style=\"list-style-type: none;\">\n<ul>\n<li>Oferir un descompte en la compra dels llibres de text<\/li>\n<li>Possibilitat de compra\/venda de llibres usats.<\/li>\n<li>Proporcionar activitats per col\u00b7laborar en la recollida de diners per al viatge de final d\u2019etapa.<\/li>\n<li>Millora de les necessitats log\u00edstiques que repercuteixen en els alumnes o b\u00e9 a l\u2019INS.<\/li>\n<li>Receptivitat a altres activitats com a suport als alumnes de l\u2019INS.<\/li>\n<\/ul>\n<\/li>\n<\/ul>\n<p style=\"text-align: justify;\"><span style=\"color: #993300;\"><b>Membres de la Junta Directiva:<\/b><\/span><\/p>\n<ul style=\"text-align: justify;\">\n<li><span style=\"color: #993300;\"><b>President<\/b>:<\/span> Miquel Sal\u00f3 i Sol\u00e9<\/li>\n<li><span style=\"color: #993300;\"><b>Secretaria<\/b>:<\/span> Yolanda Mel\u00e9ndez Rodero<\/li>\n<li><span style=\"color: #993300;\"><b>Tresorera<\/b>: \u00a0<\/span> Anna Maria Garcia Soria<\/li>\n<li><span style=\"color: #993300;\"><strong>Vocal:<\/strong><\/span> Sara Perpiny\u00e0 Carbonell<\/li>\n<\/ul>\n<p style=\"text-align: justify;\"><span style=\"color: #993300;\"><b>Com fer-se soci del l\u2019AMPA?<\/b><\/span><\/p>\n<p style=\"text-align: justify;\">El pagament de la quota \u00e9s anual.<\/p>\n<p style=\"text-align: justify;\"><span style=\"color: #993300;\"><b>Quota de l\u2019AMPA:<\/b><\/span><\/p>\n<ul style=\"text-align: justify;\">\n<li>30\u20ac per alumne\/a<\/li>\n<li>50\u20ac en cas d\u2019haver-hi dos germans al centre.<\/li>\n<li>70\u20ac en cas de m\u00e9s de tres germans.<\/li>\n<\/ul>\n<p style=\"text-align: justify;\"><span style=\"color: #993300;\"><b>Com es pot pagar la quota:<\/b><\/span><\/p>\n<ul style=\"text-align: justify;\">\n<li style=\"list-style-type: none;\">\n<ul>\n<li>Al formalitzar la matr\u00edcula en el centre.<\/li>\n<li><span style=\"color: #993300;\"><b>Al n\u00famero de compte que t\u00e9 associat l\u2019AMPA a l\u2019entitat de Banc Sabadell: ES94 0081 0177 1200 0189 3799. \u00a0 Imprescindible: NOM DE L\u2019ALUMNE\/A I CURS<\/b><\/span><\/li>\n<\/ul>\n<\/li>\n<\/ul>\n<p><span style=\"color: #993300;\"><b>Per qualsevol dubte ens podeu escriure al correu: <a href=\"mailto:ampainscastellodempuries@gmail.com\" target=\"_blank\" rel=\"noopener noreferrer\">ampainscastellodempuries@<wbr \/>gmail.com<\/a><\/b><\/span><\/p>\n","protected":false},"excerpt":{"rendered":"<p>\u00a0 \u00a0 L\u2019AMPA, Associaci\u00f3 de pares i mares dels alumnes, est\u00e0 formada per totes aquelles fam\u00edlies de l\u2019INS que desitgen ser-ne socis. L\u2019educaci\u00f3 dels nostres fills i filles \u00e9s un dels objectius fonamentals a l\u2019hora de crear \u00a0l\u2019AMPA, sense deixar de banda el fet de donar suport i col\u00b7laborar amb l\u2019INS en tot all\u00f2 que [&hellip;]<\/p>\n","protected":false},"author":3,"featured_media":0,"parent":0,"menu_order":0,"comment_status":"closed","ping_status":"closed","template":"","meta":{"_bbp_topic_count":0,"_bbp_reply_count":0,"_bbp_total_topic_count":0,"_bbp_total_reply_count":0,"_bbp_voice_count":0,"_bbp_anonymous_reply_count":0,"_bbp_topic_count_hidden":0,"_bbp_reply_count_hidden":0,"_bbp_forum_subforum_count":0,"site-sidebar-layout":"default","site-content-layout":"","ast-site-content-layout":"","site-content-style":"default","site-sidebar-style":"default","ast-global-header-display":"","ast-banner-title-visibility":"","ast-main-header-display":"","ast-hfb-above-header-display":"","ast-hfb-below-header-display":"","ast-hfb-mobile-header-display":"","site-post-title":"","ast-breadcrumbs-content":"","ast-featured-img":"","footer-sml-layout":"","theme-transparent-header-meta":"","adv-header-id-meta":"","stick-header-meta":"","header-above-stick-meta":"","header-main-stick-meta":"","header-below-stick-meta":"","astra-migrate-meta-layouts":"default","ast-page-background-enabled":"default","ast-page-background-meta":{"desktop":{"background-color":"var(--ast-global-color-4)","background-image":"","background-repeat":"repeat","background-position":"center center","background-size":"auto","background-attachment":"scroll","background-type":"","background-media":"","overlay-type":"","overlay-color":"","overlay-opacity":"","overlay-gradient":""},"tablet":{"background-color":"","background-image":"","background-repeat":"repeat","background-position":"center center","background-size":"auto","background-attachment":"scroll","background-type":"","background-media":"","overlay-type":"","overlay-color":"","overlay-opacity":"","overlay-gradient":""},"mobile":{"background-color":"","background-image":"","background-repeat":"repeat","background-position":"center center","background-size":"auto","background-attachment":"scroll","background-type":"","background-media":"","overlay-type":"","overlay-color":"","overlay-opacity":"","overlay-gradient":""}},"ast-content-background-meta":{"desktop":{"background-color":"var(--ast-global-color-5)","background-image":"","background-repeat":"repeat","background-position":"center center","background-size":"auto","background-attachment":"scroll","background-type":"","background-media":"","overlay-type":"","overlay-color":"","overlay-opacity":"","overlay-gradient":""},"tablet":{"background-color":"var(--ast-global-color-5)","background-image":"","background-repeat":"repeat","background-position":"center center","background-size":"auto","background-attachment":"scroll","background-type":"","background-media":"","overlay-type":"","overlay-color":"","overlay-opacity":"","overlay-gradient":""},"mobile":{"background-color":"var(--ast-global-color-5)","background-image":"","background-repeat":"repeat","background-position":"center center","background-size":"auto","background-attachment":"scroll","background-type":"","background-media":"","overlay-type":"","overlay-color":"","overlay-opacity":"","overlay-gradient":""}},"footnotes":""},"class_list":["post-452","page","type-page","status-publish","hentry"],"post_mailing_queue_ids":[],"_links":{"self":[{"href":"https:\/\/agora.xtec.cat\/iescastellodempuries\/wp-json\/wp\/v2\/pages\/452","targetHints":{"allow":["GET"]}}],"collection":[{"href":"https:\/\/agora.xtec.cat\/iescastellodempuries\/wp-json\/wp\/v2\/pages"}],"about":[{"href":"https:\/\/agora.xtec.cat\/iescastellodempuries\/wp-json\/wp\/v2\/types\/page"}],"author":[{"embeddable":true,"href":"https:\/\/agora.xtec.cat\/iescastellodempuries\/wp-json\/wp\/v2\/users\/3"}],"replies":[{"embeddable":true,"href":"https:\/\/agora.xtec.cat\/iescastellodempuries\/wp-json\/wp\/v2\/comments?post=452"}],"version-history":[{"count":8,"href":"https:\/\/agora.xtec.cat\/iescastellodempuries\/wp-json\/wp\/v2\/pages\/452\/revisions"}],"predecessor-version":[{"id":9412,"href":"https:\/\/agora.xtec.cat\/iescastellodempuries\/wp-json\/wp\/v2\/pages\/452\/revisions\/9412"}],"wp:attachment":[{"href":"https:\/\/agora.xtec.cat\/iescastellodempuries\/wp-json\/wp\/v2\/media?parent=452"}],"curies":[{"name":"wp","href":"https:\/\/api.w.org\/{rel}","templated":true}]}}