{"id":27,"date":"2014-09-17T16:24:03","date_gmt":"2014-09-17T16:24:03","guid":{"rendered":"http:\/\/agora.xtec.cat\/iescastellodempuries\/?page_id=27"},"modified":"2016-07-18T10:27:01","modified_gmt":"2016-07-18T08:27:01","slug":"historia","status":"publish","type":"page","link":"https:\/\/agora.xtec.cat\/iescastellodempuries\/linstitut\/historia\/","title":{"rendered":"Qui som?"},"content":{"rendered":"<p style=\"text-align: justify;\" align=\"JUSTIFY\"><span style=\"font-size: medium;\">L\u2019INS Castell\u00f3 d\u2019Emp\u00faries \u00e9s un centre p\u00fablic que neix l\u2019any 1996 amb la implantaci\u00f3 de la LOGSE.<\/span><\/p>\n<p style=\"text-align: justify;\" align=\"JUSTIFY\"><span style=\"font-size: medium;\">L\u2019institut es manifesta laic, pluralista i respectu\u00f3s amb la diversitat d\u2019idees i creences.<\/span><\/p>\n<p style=\"text-align: justify;\" align=\"JUSTIFY\"><span style=\"font-size: medium;\">L\u2019INS Castell\u00f3 utilitza el catal\u00e0 com a llengua d\u2019instrucci\u00f3-aprenentatge i d\u2019\u00fas administratiu, per la qual cosa ha adequat mitjans i recursos per tal que el<\/span> <span style=\"font-size: medium;\">catal\u00e0 sigui la llengua de comunicaci\u00f3 en aquests \u00e0mbits.<\/span><\/p>\n<p style=\"text-align: justify;\" align=\"JUSTIFY\"><span style=\"font-size: medium;\">Aix\u00ed mateix, la toler\u00e0ncia ha de ser un del valors que ha d\u2019orientar les relacions interpersonals dins del Centre per la qual cosa cap membre de la comunitat educativa podr\u00e0 ser discriminat per la seva llengua, pel seu sexe, per la seva religi\u00f3&#8230;<\/span><\/p>\n<h6 style=\"text-align: justify;\" align=\"JUSTIFY\"><strong><span style=\"font-size: medium;\">Volem ser un Centre:<\/span><\/strong><\/h6>\n<ul style=\"text-align: justify;\">\n<li>\n<p align=\"JUSTIFY\"><span style=\"font-size: medium;\">que formi persones en els valors per desenvolupar-se amb \u00e8xit segons les seves possibilitats, tant en l\u2019\u00e0mbit personal com social.<\/span><\/p>\n<\/li>\n<li>\n<p align=\"JUSTIFY\"><span style=\"font-size: medium;\">que formi els alumnes en l\u2019\u00fas de les noves tecnologies com una eina m\u00e9s per a millorar el seu aprenentatge.<\/span><\/p>\n<\/li>\n<li>\n<p align=\"JUSTIFY\"><span style=\"font-size: medium;\">m\u00e9s hum\u00e0, on tota la comunitat educativa trobi les condicions m\u00e9s favorables per desenvolupar les seves capacitats.<\/span><\/p>\n<\/li>\n<li>\n<p align=\"JUSTIFY\"><span style=\"font-size: medium;\">on els nois\/es trobin l\u2019orientaci\u00f3 i l\u2019ajuda necess\u00e0ria per arribar amb \u00e8xit a les sortides professionals i acad\u00e8miques desitjades.<\/span><\/p>\n<\/li>\n<li>\n<p align=\"JUSTIFY\"><span style=\"font-size: medium;\">on l\u2019espai f\u00edsic tamb\u00e9 sigui amable, confortable i alhora eficient per a les tasques educatives i, per tant, que contribueixi a millorar el rendiment de les tasques de tota la comunitat educativa.<\/span><\/p>\n<\/li>\n<li>\n<p align=\"JUSTIFY\"><span style=\"font-size: medium;\">respectu\u00f3s amb el medi ambient.<\/span><\/p>\n<\/li>\n<li>\n<p align=\"JUSTIFY\"><span style=\"font-size: medium;\">on es promogui l\u2019inter\u00e8s pel coneixement i el valor dels referents culturals i del rigor intel\u00b7lectual.<\/span><\/p>\n<\/li>\n<\/ul>\n<h6 style=\"text-align: justify;\" align=\"JUSTIFY\"><strong><span style=\"font-size: medium;\">Els valors que regeixen la tasca di\u00e0ria i la conviv\u00e8ncia en el Centre entre tots els membres de la comunitat educativa s\u00f3n:<\/span><\/strong><\/h6>\n<ul>\n<li style=\"text-align: justify;\">\n<p align=\"JUSTIFY\"><span style=\"font-size: medium;\">La cultura de la pau, la solidaritat, la toler\u00e0ncia i el respecte entre tots els membres de la comunitat educativa, sense oblidar el comprom\u00eds amb la llengua i cultura catalanes.<\/span><\/p>\n<\/li>\n<li style=\"text-align: justify;\">\n<p align=\"JUSTIFY\"><span style=\"font-size: medium;\">El respecte per l\u2019entorn immediat de l\u2019edifici i instal\u00b7lacions.<\/span><\/p>\n<\/li>\n<li style=\"text-align: justify;\">\n<p align=\"JUSTIFY\"><span style=\"font-size: medium;\">El respecte pel l\u2019entorn natural i del medi ambient. Foment del reciclatge i del no malbaratament de recursos.<\/span><\/p>\n<\/li>\n<li style=\"text-align: justify;\">\n<p align=\"JUSTIFY\"><span style=\"font-size: medium;\">El respecte de les normes que fan possible la conviv\u00e8ncia al Centre.<\/span><\/p>\n<\/li>\n<li style=\"text-align: justify;\">\n<p align=\"JUSTIFY\"><span style=\"font-size: medium;\">El foment de l\u2019inter\u00e8s pel coneixement, l\u2019h\u00e0bit de l\u2019esfor\u00e7 i de la feina ben feta.<\/span><\/p>\n<\/li>\n<li>\n<p style=\"text-align: justify;\" align=\"JUSTIFY\"><span style=\"font-size: medium;\">El foment de la col\u00b7laboraci\u00f3 de les fam\u00edlies en els valors que regeixen la vida en el Centre.<\/span><\/p>\n<\/li>\n<\/ul>\n","protected":false},"excerpt":{"rendered":"<p>L\u2019INS Castell\u00f3 d\u2019Emp\u00faries \u00e9s un centre p\u00fablic que neix l\u2019any 1996 amb la implantaci\u00f3 de la LOGSE. L\u2019institut es manifesta laic, pluralista i respectu\u00f3s amb la diversitat d\u2019idees i creences. L\u2019INS Castell\u00f3 utilitza el catal\u00e0 com a llengua d\u2019instrucci\u00f3-aprenentatge i d\u2019\u00fas administratiu, per la qual cosa ha adequat mitjans i recursos per tal que el [&hellip;]<\/p>\n","protected":false},"author":1,"featured_media":0,"parent":19,"menu_order":20,"comment_status":"closed","ping_status":"closed","template":"page-templates\/side-menu.php","meta":{"_bbp_topic_count":0,"_bbp_reply_count":0,"_bbp_total_topic_count":0,"_bbp_total_reply_count":0,"_bbp_voice_count":0,"_bbp_anonymous_reply_count":0,"_bbp_topic_count_hidden":0,"_bbp_reply_count_hidden":0,"_bbp_forum_subforum_count":0,"site-sidebar-layout":"default","site-content-layout":"","ast-site-content-layout":"","site-content-style":"default","site-sidebar-style":"default","ast-global-header-display":"","ast-banner-title-visibility":"","ast-main-header-display":"","ast-hfb-above-header-display":"","ast-hfb-below-header-display":"","ast-hfb-mobile-header-display":"","site-post-title":"","ast-breadcrumbs-content":"","ast-featured-img":"","footer-sml-layout":"","theme-transparent-header-meta":"","adv-header-id-meta":"","stick-header-meta":"","header-above-stick-meta":"","header-main-stick-meta":"","header-below-stick-meta":"","astra-migrate-meta-layouts":"default","ast-page-background-enabled":"default","ast-page-background-meta":{"desktop":{"background-color":"var(--ast-global-color-4)","background-image":"","background-repeat":"repeat","background-position":"center center","background-size":"auto","background-attachment":"scroll","background-type":"","background-media":"","overlay-type":"","overlay-color":"","overlay-opacity":"","overlay-gradient":""},"tablet":{"background-color":"","background-image":"","background-repeat":"repeat","background-position":"center center","background-size":"auto","background-attachment":"scroll","background-type":"","background-media":"","overlay-type":"","overlay-color":"","overlay-opacity":"","overlay-gradient":""},"mobile":{"background-color":"","background-image":"","background-repeat":"repeat","background-position":"center center","background-size":"auto","background-attachment":"scroll","background-type":"","background-media":"","overlay-type":"","overlay-color":"","overlay-opacity":"","overlay-gradient":""}},"ast-content-background-meta":{"desktop":{"background-color":"var(--ast-global-color-5)","background-image":"","background-repeat":"repeat","background-position":"center center","background-size":"auto","background-attachment":"scroll","background-type":"","background-media":"","overlay-type":"","overlay-color":"","overlay-opacity":"","overlay-gradient":""},"tablet":{"background-color":"var(--ast-global-color-5)","background-image":"","background-repeat":"repeat","background-position":"center center","background-size":"auto","background-attachment":"scroll","background-type":"","background-media":"","overlay-type":"","overlay-color":"","overlay-opacity":"","overlay-gradient":""},"mobile":{"background-color":"var(--ast-global-color-5)","background-image":"","background-repeat":"repeat","background-position":"center center","background-size":"auto","background-attachment":"scroll","background-type":"","background-media":"","overlay-type":"","overlay-color":"","overlay-opacity":"","overlay-gradient":""}},"footnotes":""},"class_list":["post-27","page","type-page","status-publish","hentry"],"post_mailing_queue_ids":[],"_links":{"self":[{"href":"https:\/\/agora.xtec.cat\/iescastellodempuries\/wp-json\/wp\/v2\/pages\/27","targetHints":{"allow":["GET"]}}],"collection":[{"href":"https:\/\/agora.xtec.cat\/iescastellodempuries\/wp-json\/wp\/v2\/pages"}],"about":[{"href":"https:\/\/agora.xtec.cat\/iescastellodempuries\/wp-json\/wp\/v2\/types\/page"}],"author":[{"embeddable":true,"href":"https:\/\/agora.xtec.cat\/iescastellodempuries\/wp-json\/wp\/v2\/users\/1"}],"replies":[{"embeddable":true,"href":"https:\/\/agora.xtec.cat\/iescastellodempuries\/wp-json\/wp\/v2\/comments?post=27"}],"version-history":[{"count":4,"href":"https:\/\/agora.xtec.cat\/iescastellodempuries\/wp-json\/wp\/v2\/pages\/27\/revisions"}],"predecessor-version":[{"id":613,"href":"https:\/\/agora.xtec.cat\/iescastellodempuries\/wp-json\/wp\/v2\/pages\/27\/revisions\/613"}],"up":[{"embeddable":true,"href":"https:\/\/agora.xtec.cat\/iescastellodempuries\/wp-json\/wp\/v2\/pages\/19"}],"wp:attachment":[{"href":"https:\/\/agora.xtec.cat\/iescastellodempuries\/wp-json\/wp\/v2\/media?parent=27"}],"curies":[{"name":"wp","href":"https:\/\/api.w.org\/{rel}","templated":true}]}}