{"id":9425,"date":"2023-04-22T13:25:21","date_gmt":"2023-04-22T11:25:21","guid":{"rendered":"https:\/\/agora.xtec.cat\/iescastelldestela\/?page_id=9425"},"modified":"2023-05-05T13:13:31","modified_gmt":"2023-05-05T11:13:31","slug":"edc","status":"publish","type":"page","link":"https:\/\/agora.xtec.cat\/iescastelldestela\/linstitut\/edc\/","title":{"rendered":"Estrat\u00e8gia Digital de Centre"},"content":{"rendered":"<p>L&#8217; <a href=\"https:\/\/sites.google.com\/xtec.cat\/edc-institutcastelldestela\/p%C3%A0gina-principal\">Estrat\u00e8gia Digital de Centre<\/a> ,\u00a0defineix i concreta les l\u00ednies d&#8217;actuaci\u00f3 d&#8217;un centre que fan possible que docents, alumnat i centre assoleixin la compet\u00e8ncia digital docent.\u00a0 Per aconseguir aquest compet\u00e8ncia digital, l&#8217;EDC compr\u00e8n tots els \u00e0mbits del centre: organitzatius, metodol\u00f2gics, curriculars i comunicatius.<\/p>\n<p>Durant aquest curs 2023\/24 , la Comissi\u00f3 digital estem elaborant aquest projecte. Podeu anar fent el seguiment del seu progr\u00e9s al seg\u00fcent <a href=\"https:\/\/sites.google.com\/xtec.cat\/edc-institutcastelldestela\/p%C3%A0gina-principal\">ENLLA\u00c7<\/a><\/p>\n<p><a href=\"https:\/\/agora.xtec.cat\/iescastelldestela\/wp-content\/uploads\/usu1648\/2023\/04\/Captura-copia.jpg\"><img loading=\"lazy\" decoding=\"async\" class=\"wp-image-9458 aligncenter\" src=\"https:\/\/agora.xtec.cat\/iescastelldestela\/wp-content\/uploads\/usu1648\/2023\/04\/Captura-copia-300x296.jpg\" alt=\"\" width=\"275\" height=\"271\" srcset=\"https:\/\/agora.xtec.cat\/iescastelldestela\/wp-content\/uploads\/usu1648\/2023\/04\/Captura-copia-300x296.jpg 300w, https:\/\/agora.xtec.cat\/iescastelldestela\/wp-content\/uploads\/usu1648\/2023\/04\/Captura-copia.jpg 401w\" sizes=\"auto, (max-width: 275px) 100vw, 275px\" \/><\/a><\/p>\n","protected":false},"excerpt":{"rendered":"<p>L&#8217; <a href=\"https:\/\/sites.google.com\/xtec.cat\/edc-institutcastelldestela\/p%C3%A0gina-principal\">Estrat\u00e8gia Digital de Centre<\/a> ,\u00a0defineix i concreta les l\u00ednies d&#8217;actuaci\u00f3 d&#8217;un centre que fan possible que docents, alumnat i centre assoleixin la compet\u00e8ncia digital docent.\u00a0 Per aconseguir aquest compet\u00e8ncia digital, l&#8217;EDC compr\u00e8n tots els \u00e0mbits del centre: organitzatius, metodol\u00f2gics, curriculars i comunicatius.<br \/>\nDurant aquest&hellip;  <a href=\"https:\/\/agora.xtec.cat\/iescastelldestela\/linstitut\/edc\/\" title=\"Read Estrat\u00e8gia Digital de Centre\">Llegeix m\u00e9s\u00bb<\/a><\/p>\n","protected":false},"author":1,"featured_media":0,"parent":19,"menu_order":0,"comment_status":"closed","ping_status":"closed","template":"","meta":{"_bbp_topic_count":0,"_bbp_reply_count":0,"_bbp_total_topic_count":0,"_bbp_total_reply_count":0,"_bbp_voice_count":0,"_bbp_anonymous_reply_count":0,"_bbp_topic_count_hidden":0,"_bbp_reply_count_hidden":0,"_bbp_forum_subforum_count":0,"footnotes":""},"class_list":["post-9425","page","type-page","status-publish","hentry"],"post_mailing_queue_ids":[],"_links":{"self":[{"href":"https:\/\/agora.xtec.cat\/iescastelldestela\/wp-json\/wp\/v2\/pages\/9425","targetHints":{"allow":["GET"]}}],"collection":[{"href":"https:\/\/agora.xtec.cat\/iescastelldestela\/wp-json\/wp\/v2\/pages"}],"about":[{"href":"https:\/\/agora.xtec.cat\/iescastelldestela\/wp-json\/wp\/v2\/types\/page"}],"author":[{"embeddable":true,"href":"https:\/\/agora.xtec.cat\/iescastelldestela\/wp-json\/wp\/v2\/users\/1"}],"replies":[{"embeddable":true,"href":"https:\/\/agora.xtec.cat\/iescastelldestela\/wp-json\/wp\/v2\/comments?post=9425"}],"version-history":[{"count":3,"href":"https:\/\/agora.xtec.cat\/iescastelldestela\/wp-json\/wp\/v2\/pages\/9425\/revisions"}],"predecessor-version":[{"id":9470,"href":"https:\/\/agora.xtec.cat\/iescastelldestela\/wp-json\/wp\/v2\/pages\/9425\/revisions\/9470"}],"up":[{"embeddable":true,"href":"https:\/\/agora.xtec.cat\/iescastelldestela\/wp-json\/wp\/v2\/pages\/19"}],"wp:attachment":[{"href":"https:\/\/agora.xtec.cat\/iescastelldestela\/wp-json\/wp\/v2\/media?parent=9425"}],"curies":[{"name":"wp","href":"https:\/\/api.w.org\/{rel}","templated":true}]}}