{"id":937,"date":"2014-08-30T11:20:28","date_gmt":"2014-08-30T09:20:28","guid":{"rendered":"http:\/\/agora.xtec.cat\/iescastelldestela\/?page_id=937"},"modified":"2025-11-06T13:13:31","modified_gmt":"2025-11-06T12:13:31","slug":"tutories","status":"publish","type":"page","link":"https:\/\/agora.xtec.cat\/iescastelldestela\/eso\/tutories\/","title":{"rendered":"Tutories"},"content":{"rendered":"<table style=\"height: 528px;\" border=\"0\" width=\"542\" cellspacing=\"0\" cellpadding=\"0\">\n<tbody>\n<tr>\n<td width=\"273\" height=\"16\">\n<div class=\"Estilo6\" style=\"text-align: left;\" align=\"left\"><strong><span style=\"color: #000080;\">\u00a0<span style=\"font-family: Geneva, Arial, Helvetica, san-serif;\"><span class=\"Estilo7\"><a style=\"color: #000080;\" href=\"http:\/\/blocs.xtec.cat\/inscatellestela\/\">Tutoria 1r<\/a><\/span><a style=\"color: #000080;\" href=\"http:\/\/blocs.xtec.cat\/inscatellestela\/\"><span class=\"Estilo7\"> d&#8217;ESO<\/span><\/a><\/span><\/span><\/strong><\/div>\n<\/td>\n<td width=\"227\" height=\"16\"><strong><span style=\"color: #000080;\"><span style=\"font-family: Geneva, Arial, Helvetica, san-serif;\"><span class=\"Estilo7\"><a style=\"color: #000080;\" href=\"http:\/\/blocs.xtec.cat\/inscatellestela\/\"> Tutoria 2n<\/a><\/span><a style=\"color: #000080;\" href=\"http:\/\/blocs.xtec.cat\/inscatellestela\/\"><span class=\"Estilo7\">\u00a0d&#8217;ESO<\/span><\/a><\/span><\/span><\/strong><\/td>\n<\/tr>\n<tr>\n<td width=\"273\" height=\"181\">\n<div align=\"left\">\n<p>&nbsp;<\/p>\n<p style=\"text-align: justify;\"><span class=\"Estilo4\"><span style=\"text-decoration: underline;\"><strong>Tutora de 1r A<\/strong><\/span><\/span><\/p>\n<p>Anna Vilalta<\/p>\n<p><strong style=\"font-family: inherit; font-size: 1em;\">Tutora de 1r B<\/strong><\/p>\n<\/div>\n<p><span style=\"font-weight: 400;\">Jordina Pujolr\u00e0s<\/span><\/p>\n<div align=\"left\">\n<p><strong style=\"font-family: inherit; font-size: 1em;\">Tutora de 1r C<\/strong><\/p>\n<\/div>\n<p>N\u00faria Verd\u00fa<\/p>\n<p>&nbsp;<\/td>\n<td class=\"Estilo5\" width=\"227\" height=\"181\">\n<p style=\"text-align: justify;\"><span style=\"text-decoration: underline;\"><span class=\"Estilo4\"><span class=\"Estilo4\"><strong>Tutora de 2n A<\/strong><\/span><\/span><\/span><\/p>\n<p><span style=\"font-weight: 400;\">Toni Mateu<\/span><\/p>\n<p style=\"text-align: justify;\"><strong><span style=\"text-decoration: underline;\">Tutor de 2n B<\/span><\/strong><\/p>\n<p style=\"text-align: justify;\"><span style=\"font-weight: 400;\">Carles Sureda<\/span><\/p>\n<\/td>\n<\/tr>\n<tr>\n<td width=\"273\" height=\"2\">\n<div class=\"Estilo7\" align=\"left\"><strong><span style=\"color: #000080; font-family: Geneva, Arial, Helvetica, san-serif;\"> <span style=\"color: #000080;\"><span style=\"font-family: Geneva, Arial, Helvetica, san-serif;\"><span class=\"Estilo7\"><a style=\"color: #000080;\" href=\"http:\/\/blocs.xtec.cat\/inscatellestela\/\">Tutoria 3r<\/a><\/span><a style=\"color: #000080;\" href=\"http:\/\/blocs.xtec.cat\/inscatellestela\/\"><span class=\"Estilo7\"> d&#8217;ESO<\/span><\/a><\/span><\/span><\/span><\/strong><\/div>\n<\/td>\n<td width=\"227\" height=\"2\"><strong><span class=\"Estilo7\" style=\"color: #000080;\"> <span style=\"color: #000080;\"><span style=\"font-family: Geneva, Arial, Helvetica, san-serif;\"><span class=\"Estilo7\"><a style=\"color: #000080;\" href=\"http:\/\/blocs.xtec.cat\/inscatellestela\/\">Tutoria 4t<\/a><\/span><a style=\"color: #000080;\" href=\"http:\/\/blocs.xtec.cat\/inscatellestela\/\"><span class=\"Estilo7\"> d&#8217;ESO<\/span><\/a><\/span><\/span><\/span><\/strong><\/td>\n<\/tr>\n<tr>\n<td height=\"2\">\n<p class=\"Estilo3\"><span style=\"text-decoration: underline;\"><span class=\"Estilo4\"><span class=\"Estilo5\"><strong>Tutora de 3r A<\/strong><\/span><\/span><\/span><\/p>\n<p>Cesc Sagrist\u00e0<\/p>\n<p><span style=\"text-decoration: underline;\"><strong>Tutora de 3r B<\/strong><\/span><\/p>\n<p><span style=\"font-weight: 400;\">Mireia Verdeny<\/span><\/p>\n<p><span style=\"text-decoration: underline;\"><strong>Tutora de 3r C<\/strong><\/span><\/p>\n<p><span style=\"font-weight: 400;\">Jordi Fern\u00e1ndez<\/span><\/p>\n<p><span style=\"text-decoration: underline;\"><strong>Tutora de 3r D<\/strong><\/span><\/p>\n<p><span style=\"font-weight: 400;\">Marc P\u00e9rez<\/span><\/td>\n<td height=\"2\">\n<p class=\"Estilo3\"><span style=\"text-decoration: underline;\"><span class=\"Estilo4\"><span class=\"Estilo5\"><strong>Tutor de 4t A<\/strong><\/span><\/span><\/span><\/p>\n<p><span style=\"font-weight: 400;\">Miquel Cuf\u00ed<\/span><\/p>\n<p class=\"Estilo3\"><span style=\"text-decoration: underline; font-size: inherit;\"><strong style=\"font-family: inherit; line-height: 1.7;\">Tutora de 4t B<\/strong><\/span><\/p>\n<p><span style=\"font-weight: 400;\">Marta Cornell\u00e0<\/span><\/td>\n<\/tr>\n<tr>\n<td height=\"2\"><span class=\"Estilo7\"><span style=\"color: #993366;\">\u00a0<\/span><\/span><\/td>\n<td height=\"2\"><\/td>\n<\/tr>\n<\/tbody>\n<\/table>\n<p><b><\/b><span style=\"font-family: Arial, Helvetica, sans-serif; font-size: small;\"><span style=\"font-size: medium;\"><b><span style=\"color: #993366;\"><a name=\"accio\"><\/a><\/span><\/b><\/span><\/span><\/p>\n<table class=\" alignleft\" border=\"0\" width=\"550\" cellspacing=\"0\" cellpadding=\"0\" align=\"center\">\n<tbody>\n<tr>\n<td height=\"1289\">\n<div style=\"text-align: center;\" align=\"left\"><span style=\"font-family: Arial, Helvetica, sans-serif; font-size: small;\"><span style=\"font-size: medium;\"><b><span style=\"color: #993366;\">L&#8217;ACCI\u00d3 TUTORIAL<\/span><\/b><\/span><\/span><\/div>\n<ul>\n<li><span style=\"font-family: Arial, Helvetica, sans-serif; font-size: small;\">La vostra persona de refer\u00e8ncia a l&#8217;Institut \u00e9s el tutor a qui us heu d&#8217;adre\u00e7ar en cas de dubtes, aclariments, ajuda&#8230;.<\/span><\/li>\n<li><span style=\"font-family: Arial, Helvetica, sans-serif; font-size: small;\">El tutor \u00e9s el responsable de trametre-us tota la informaci\u00f3 sobre el funcionament del grup o aspectes organitzatius del centre.<\/span><\/li>\n<li><span style=\"font-family: Arial, Helvetica, sans-serif; font-size: small;\">El tutor \u00e9s tamb\u00e9 el pont entre l&#8217;Institut i les vostres fam\u00edlies.<\/span><\/li>\n<li><span style=\"font-family: Arial, Helvetica, sans-serif; font-size: small;\">Els alumnes per la seva part, s\u00f3n els responsables de trametre tota la informaci\u00f3 que se&#8217;ls comuniqui als seus pares, perqu\u00e8 estiguin informats d&#8217;activitats, sortides, canvis organitzatius, etc.<\/span><\/li>\n<li><span style=\"font-family: Arial, Helvetica, sans-serif; font-size: small;\">Utilitzeu les agendes per anotar: deures, sortides, treballs que heu de fer&#8230;<\/span><\/li>\n<li><span style=\"font-family: Arial, Helvetica, sans-serif; font-size: small;\">Les aules han d&#8217;estar endre\u00e7ades. Les taules i cadires no solament s\u00f3n per vosaltres aquest curs sin\u00f3 que les utilitzaran molt companys vostres en el futur. Tracteu-les b\u00e9. Recordeu que no hi ha res gratu\u00eft i que tot el grup \u00e9s el responsable del bon manteniment de l&#8217;aula.<\/span><\/li>\n<li><span style=\"font-family: Arial, Helvetica, sans-serif; font-size: small;\">Cada grup t\u00e9 una hora setmanal de tutoria. Aquest \u00e9s el moment per a parlar tots junts o individualment amb el tutor, tractar aspectes de grup i treballar temes espec\u00edfics que us han d&#8217;ajudar a desenvolupar millor els vostres estudis i el vostre creixement personal.<\/span><\/li>\n<li>A cada curs de l&#8217;ESO es treballen temes puntuals a la tutoria enmarcats en els objectius espec\u00edfics que es pretenen assolir:<\/li>\n<\/ul>\n<p align=\"left\"><span style=\"font-family: Arial, Helvetica, sans-serif; font-size: small;\"><br \/>\n1r: es potencia la cohesi\u00f3 i integraci\u00f3 en la din\u00e0mica del grup i del Centre mitjan\u00e7ant el treball i coneixement de les normes. I tamb\u00e9, s&#8217;introdueixen alguns aspectes b\u00e0sics perqu\u00e8 l&#8217;alumnat s&#8217;organitzi l&#8217;estudi.<\/span><\/p>\n<p align=\"left\"><span style=\"font-family: Arial, Helvetica, sans-serif; font-size: small;\">2n: s&#8217;aprofundeix m\u00e9s amb les t\u00e8cniques d&#8217;estudi. Es treballa sobre les normes i la resoluci\u00f3 de conflictes.<\/span><\/p>\n<p align=\"left\"><span style=\"font-family: Arial, Helvetica, sans-serif; font-size: small;\">3r: es treballen algunes altres t\u00e8cniques d&#8217;estudi espec\u00edfiques, la compet\u00e8ncia social i l&#8217;educaci\u00f3 per a la prevenci\u00f3 de drogodepend\u00e8ncies. Tamb\u00e9 es dedica un temps a parlar d&#8217;Internet, de l&#8217;\u00fas i possibilitats del mitj\u00e0<\/span><\/p>\n<p align=\"left\"><span style=\"font-family: Arial, Helvetica, sans-serif; font-size: small;\">4t: es treballa la sexoafectivitat i l&#8217;autoestima. I, sobretot, es treballa l&#8217;orientaci\u00f3 acad\u00e8mica i professional.<\/span><\/p>\n<p align=\"left\"><span style=\"font-family: Arial, Helvetica, sans-serif; font-size: small;\"><span style=\"font-size: medium;\"><b><span style=\"color: #993366;\"><a name=\"delegats\"><\/a><\/span><\/b><\/span><\/span><\/p>\n<p align=\"left\"><span style=\"font-family: Arial, Helvetica, sans-serif; font-size: small;\"><b><\/b><br \/>\n<span style=\"font-size: medium;\"><b><span style=\"color: #993366;\">ELS DELEGATS DE CURS<\/span><\/b><\/span><\/span><\/p>\n<ul>\n<li><span style=\"font-family: Arial, Helvetica, sans-serif; font-size: small;\">Els delegats s\u00f3n escollits pel grup classe a qui representen durant tot l&#8217;any.<\/span><\/li>\n<\/ul>\n<ul>\n<li><span style=\"font-family: Arial, Helvetica, sans-serif; font-size: small;\">Tenen dret:<br \/>\n-A reunir-se amb altres delegats (Consell de Delegats) sempre que vulguin.<br \/>\n-A donar assessorament i suport als representants dels estudiants al Consell Escolar del Centre, als quals faran arribar la problem\u00e0tica espec\u00edfica de cadascun dels cursos que representen<br \/>\n-A ser escoltats per la direcci\u00f3 del Centre en situaci\u00f3 de conflicte.<br \/>\n-A ser escoltats quan s&#8217;obri un expedient a un alumne del seu grup.<br \/>\n-A presentar la dimissi\u00f3 quan considerin que no representen la classe<\/span><\/li>\n<\/ul>\n<ul>\n<li><span style=\"font-family: Arial, Helvetica, sans-serif; font-size: small;\">El delegat informar\u00e0 de les decisions del Consell de Delegats a tots els alumnes de la seva classe.<\/span><\/li>\n<\/ul>\n<ul>\n<li><span style=\"font-family: Arial, Helvetica, sans-serif; font-size: small;\">Els delegats s\u00f3n els que assisteixen a la Comissi\u00f3 de Delegats, formada pels delegats de tots els cursos i la Junta directiva i altres c\u00e0rrecs de coordinaci\u00f3. La comissi\u00f3 es reuneix peri\u00f2dicament al llarg del curs per a tractar aspectes de funcionament general del centre que afectin el conjunt de l&#8217;alumnat i sobrepassin l&#8217;\u00e0mbit de tutoria.<\/span><\/li>\n<\/ul>\n<ul>\n<li><span style=\"font-family: Arial, Helvetica, sans-serif; font-size: small;\">Els delegats han de transmetre les informacions tractades a la Comissi\u00f3 al seu grup-classe. Tamb\u00e9 poden transmetre a la Junta directiva suggeriments sobre el funcionament general del centre.<\/span><\/li>\n<\/ul>\n<ul>\n<li>El delegat actua com a mediador dins els projecte de mediaci\u00f3 de l&#8217;institut.<\/li>\n<\/ul>\n<ul>\n<li><span style=\"font-family: Arial, Helvetica, sans-serif; font-size: small;\">Si un delegat no respecta les normes de conviv\u00e8ncia o no realitza les funcions que li pertoquen podr\u00e0 ser destitu\u00eft.<\/span><\/li>\n<\/ul>\n<\/td>\n<\/tr>\n<\/tbody>\n<\/table>\n<p style=\"text-align: left;\">\n","protected":false},"excerpt":{"rendered":"<p>\u00a0<a style=\"color: #000080;\" href=\"http:\/\/blocs.xtec.cat\/inscatellestela\/\">Tutoria 1r<\/a><a style=\"color: #000080;\" href=\"http:\/\/blocs.xtec.cat\/inscatellestela\/\"> d&#8217;ESO<\/a><\/p>\n<p><a style=\"color: #000080;\" href=\"http:\/\/blocs.xtec.cat\/inscatellestela\/\"> Tutoria 2n<\/a><a style=\"color: #000080;\" href=\"http:\/\/blocs.xtec.cat\/inscatellestela\/\">\u00a0d&#8217;ESO<\/a><\/p>\n<p>&nbsp;<br \/>\nTutora de 1r A<br \/>\nAnna Vilalta<br \/>\nTutora de 1r B<\/p>\n<p>Jordina Pujolr\u00e0s<\/p>\n<p>Tutora de 1r C<\/p>\n<p>N\u00faria Verd\u00fa<br \/>\n&nbsp;<\/p>\n<p>Tutora de 2n A<br \/>\nToni Mateu<br \/>\nTutor de 2n B<br \/>\nCarles Sureda<\/p>\n<p> <a style=\"color: #000080;\" href=\"http:\/\/blocs.xtec.cat\/inscatellestela\/\">Tutoria 3r<\/a><a style=\"color: #000080;\" href=\"http:\/\/blocs.xtec.cat\/inscatellestela\/\">&hellip;  <a href=\"https:\/\/agora.xtec.cat\/iescastelldestela\/eso\/tutories\/\" title=\"Read Tutories\">Llegeix m\u00e9s\u00bb<\/a><\/p>\n","protected":false},"author":1,"featured_media":0,"parent":932,"menu_order":0,"comment_status":"closed","ping_status":"closed","template":"","meta":{"_bbp_topic_count":0,"_bbp_reply_count":0,"_bbp_total_topic_count":0,"_bbp_total_reply_count":0,"_bbp_voice_count":0,"_bbp_anonymous_reply_count":0,"_bbp_topic_count_hidden":0,"_bbp_reply_count_hidden":0,"_bbp_forum_subforum_count":0,"footnotes":""},"class_list":["post-937","page","type-page","status-publish","hentry"],"post_mailing_queue_ids":[],"_links":{"self":[{"href":"https:\/\/agora.xtec.cat\/iescastelldestela\/wp-json\/wp\/v2\/pages\/937","targetHints":{"allow":["GET"]}}],"collection":[{"href":"https:\/\/agora.xtec.cat\/iescastelldestela\/wp-json\/wp\/v2\/pages"}],"about":[{"href":"https:\/\/agora.xtec.cat\/iescastelldestela\/wp-json\/wp\/v2\/types\/page"}],"author":[{"embeddable":true,"href":"https:\/\/agora.xtec.cat\/iescastelldestela\/wp-json\/wp\/v2\/users\/1"}],"replies":[{"embeddable":true,"href":"https:\/\/agora.xtec.cat\/iescastelldestela\/wp-json\/wp\/v2\/comments?post=937"}],"version-history":[{"count":6,"href":"https:\/\/agora.xtec.cat\/iescastelldestela\/wp-json\/wp\/v2\/pages\/937\/revisions"}],"predecessor-version":[{"id":11023,"href":"https:\/\/agora.xtec.cat\/iescastelldestela\/wp-json\/wp\/v2\/pages\/937\/revisions\/11023"}],"up":[{"embeddable":true,"href":"https:\/\/agora.xtec.cat\/iescastelldestela\/wp-json\/wp\/v2\/pages\/932"}],"wp:attachment":[{"href":"https:\/\/agora.xtec.cat\/iescastelldestela\/wp-json\/wp\/v2\/media?parent=937"}],"curies":[{"name":"wp","href":"https:\/\/api.w.org\/{rel}","templated":true}]}}