{"id":934,"date":"2015-10-16T15:23:16","date_gmt":"2015-10-16T13:23:16","guid":{"rendered":"http:\/\/agora.xtec.cat\/iescastelldestela\/?page_id=934"},"modified":"2023-03-16T17:47:34","modified_gmt":"2023-03-16T16:47:34","slug":"criteris-davaluacio-deso","status":"publish","type":"page","link":"https:\/\/agora.xtec.cat\/iescastelldestela\/eso\/criteris-davaluacio-deso\/","title":{"rendered":"Criteris d&#8217;avaluaci\u00f3 d&#8217;ESO"},"content":{"rendered":"<h4><span style=\"color: #ffffff;\">&#8211;<\/span><\/h4>\n<h4><span style=\"color: #993366;\"><strong>MAT\u00c8RIES COMUNES I OPTATIVES \u00a0\u00a0<\/strong><\/span><\/h4>\n<p style=\"text-align: justify;\">Aqu\u00ed podeu trobar els procediments d&#8217;avaluaci\u00f3 que s&#8217;utilitzaran\u00a0en les mat\u00e8ries de cada curs de l&#8217;ESO.<\/p>\n<hr \/>\n<p><strong>\u00c0mbit ling\u00fc\u00edstic<\/strong><\/p>\n<h6><a href=\"https:\/\/drive.google.com\/drive\/folders\/1694q30bV2YDW3OS7klbwTiG1Hr2CSjsO\" target=\"_blank\" rel=\"noopener\">LLENGUA CATALANA I LITERATURA<\/a><\/h6>\n<h6><a href=\"https:\/\/drive.google.com\/drive\/folders\/1694q30bV2YDW3OS7klbwTiG1Hr2CSjsO\">LLENGUA CASTELLANA I LITERATURA<\/a><\/h6>\n<h6><a href=\"https:\/\/drive.google.com\/drive\/folders\/1zKRnkEdr6D3xXmA-Kq8bTfc4820R5w-a\">LLENGUA ANGLESA<\/a><\/h6>\n<h6><a href=\"https:\/\/drive.google.com\/drive\/folders\/1eQjTGEHL_rm3lIG-We5GOR2KWOWeS9Jl\">LLENGUA FRANCESA<\/a><\/h6>\n<h6><a href=\"https:\/\/drive.google.com\/drive\/folders\/1tdS-NiF2HUKOeAgOIXqXbHZXaofCtmra\">LLAT\u00cd &#8211; (OPT 4ESO)<\/a><\/h6>\n<h6><\/h6>\n<hr \/>\n<p><strong>\u00c0mbit\u00a0matem\u00e0tic<\/strong><\/p>\n<h6><a href=\"https:\/\/drive.google.com\/drive\/folders\/1TjaoJGmygTFw9Vt8WhCBX-GloloTQBjk\">MATEM\u00c0TIQUES<\/a><\/h6>\n<p>&nbsp;<\/p>\n<p><strong>\u00c0mbit cientificot\u00e8cnic<br \/>\n<\/strong><\/p>\n<h6><a href=\"https:\/\/drive.google.com\/drive\/folders\/1N2arAqEXoc2bGvKKHoA8IPtngW61LwQC\">CI\u00c8NCIES DE LA NATURALESA: F\u00cdSICA I QU\u00cdMICA<\/a><\/h6>\n<h6><a href=\"https:\/\/drive.google.com\/drive\/folders\/1ix7fQESkX1jvpGRs43eNzvO6EhO0gIyx\">CI\u00c8NCIES DE LA NATURALESA: BIOLOGIA I GEOLOGIA<\/a><\/h6>\n<h6><a href=\"https:\/\/drive.google.com\/drive\/folders\/1R9wluBbYaA2u5UqrTkvLzH763B7sSeJ_\">TECNOLOGIA<\/a><\/h6>\n<p><a href=\"https:\/\/drive.google.com\/drive\/folders\/1iS_OSmk5L-VVhsqKwagm0x6656T8051L\">ROB\u00d2TICA\u00a0<\/a><\/p>\n<h6><a href=\"https:\/\/drive.google.com\/drive\/folders\/1E3ExFSzHbg-Q3iVLHeTjeb02ivSsnnM_\">INFORM\u00c0TICA &#8211; (OPT 4ESO)<\/a><\/h6>\n<hr \/>\n<p><strong>\u00c0mbit art\u00edstic<\/strong><\/p>\n<h6><a href=\"https:\/\/drive.google.com\/drive\/folders\/1mMm-KjcndBs2zcHKc8knk0qx9UFtqfXq\">M\u00daSICA<\/a><\/h6>\n<h6><a href=\"https:\/\/drive.google.com\/file\/d\/0B7uIe0A9sa6WcEdsOElNaXRFa3c\/view?usp=sharing\">EDUCACI\u00d3 VISUAL I PL\u00c0STICA &#8211; (1ESO)<\/a><br \/>\n<a href=\"https:\/\/drive.google.com\/file\/d\/0B7uIe0A9sa6WdkJlUE9OOG9ld2M\/view?usp=sharing\">EDUCACI\u00d3 VISUAL I PL\u00c0STICA &#8211;\u00a0(3ESO)<\/a><br \/>\n<a href=\"https:\/\/drive.google.com\/file\/d\/0B7uIe0A9sa6WdEpLbWZfX0tnNUU\/view?usp=sharing\">EDUCACI\u00d3 VISUAL I PL\u00c0STICA &#8211; (OPT 4ESO)<\/a><\/h6>\n<h6><\/h6>\n<hr \/>\n<p><strong>\u00c0mbit social<\/strong><\/p>\n<h6><a href=\"https:\/\/drive.google.com\/drive\/folders\/11bJgF0c-NPiyPxkyMXuybg3A_wKTWFsg\">CI\u00c8NCIES SOCIALS<\/a><\/h6>\n<h6><a href=\"https:\/\/drive.google.com\/drive\/folders\/1cypDBmW3gFq7fNsKb-R-xYQFaSxQhFAZ\">EMPRENEDORIA &#8211; 3r eso<\/a><\/h6>\n<hr \/>\n<p><strong>\u00c0mbit d&#8217;educaci\u00f3 f\u00edsica<\/strong><\/p>\n<h6><a href=\"https:\/\/drive.google.com\/drive\/folders\/1eXC9e7MYcICJZLhRuwMlIKJOjqTRUYYA\">EDUCACI\u00d3 F\u00cdSICA<\/a><\/h6>\n<hr \/>\n<p><strong>\u00c0mbit de cultura i valors<\/strong><\/p>\n<h6><a href=\"https:\/\/docs.google.com\/document\/d\/1Wrh8iiahnuk5RKaBzn6idbECe0FONHrb\/edit\">CULTURA I VALORS &#8211; 1r eso<\/a><\/h6>\n<h6><a href=\"https:\/\/docs.google.com\/document\/d\/1OfrnJCoOImEo5HgzMyyYi9WxymP9pAZ9\/edit\">RELIGI\u00d3 \/ VALORS &#8211; ( 2n a 4rt)<\/a><\/h6>\n<hr \/>\n<p>&nbsp;<\/p>\n<hr \/>\n<p style=\"text-align: justify;\">En el cas dels alumnes amb Pla Individualitzat els criteris indicats en aquest\u00a0prevaldran per sobre dels criteris generals d&#8217;avaluaci\u00f3.<\/p>\n<hr \/>\n<p><span style=\"color: #ffffff;\">&#8211;<\/span><\/p>\n<p><span style=\"color: #ffffff;\">&#8211;<\/span><\/p>\n<p><span style=\"color: #ffffff;\">&#8211;<\/span><\/p>\n<p><span style=\"color: #ffffff;\">&#8211;<\/span><\/p>\n","protected":false},"excerpt":{"rendered":"<p>&#8211;<br \/>\nMAT\u00c8RIES COMUNES I OPTATIVES \u00a0\u00a0<br \/>\nAqu\u00ed podeu trobar els procediments d&#8217;avaluaci\u00f3 que s&#8217;utilitzaran\u00a0en les mat\u00e8ries de cada curs de l&#8217;ESO.<\/p>\n<p>\u00c0mbit ling\u00fc\u00edstic<br \/>\n<a href=\"https:\/\/drive.google.com\/drive\/folders\/1694q30bV2YDW3OS7klbwTiG1Hr2CSjsO\" target=\"_blank\" rel=\"noopener\">LLENGUA CATALANA I LITERATURA<\/a><br \/>\n<a href=\"https:\/\/drive.google.com\/drive\/folders\/1694q30bV2YDW3OS7klbwTiG1Hr2CSjsO\">LLENGUA CASTELLANA I LITERATURA<\/a><br \/>\n<a href=\"https:\/\/drive.google.com\/drive\/folders\/1zKRnkEdr6D3xXmA-Kq8bTfc4820R5w-a\">LLENGUA ANGLESA<\/a><br \/>\n<a href=\"https:\/\/drive.google.com\/drive\/folders\/1eQjTGEHL_rm3lIG-We5GOR2KWOWeS9Jl\">LLENGUA FRANCESA<\/a><br \/>\n<a href=\"https:\/\/drive.google.com\/drive\/folders\/1tdS-NiF2HUKOeAgOIXqXbHZXaofCtmra\">LLAT\u00cd &#8211; (OPT 4ESO)<\/a><\/p>\n<p>\u00c0mbit\u00a0matem\u00e0tic<br \/>\n<a href=\"https:\/\/drive.google.com\/drive\/folders\/1TjaoJGmygTFw9Vt8WhCBX-GloloTQBjk\">MATEM\u00c0TIQUES<\/a><br \/>\n&nbsp;<br \/>\n\u00c0mbit cientificot\u00e8cnic<\/p>\n<p><a href=\"https:\/\/drive.google.com\/drive\/folders\/1N2arAqEXoc2bGvKKHoA8IPtngW61LwQC\">CI\u00c8NCIES DE LA NATURALESA: F\u00cdSICA&hellip;  <a href=\"https:\/\/agora.xtec.cat\/iescastelldestela\/eso\/criteris-davaluacio-deso\/\" title=\"Read Criteris d&#8217;avaluaci\u00f3 d&#8217;ESO\">Llegeix m\u00e9s\u00bb<\/a><\/p>\n","protected":false},"author":1,"featured_media":0,"parent":932,"menu_order":0,"comment_status":"closed","ping_status":"closed","template":"","meta":{"_bbp_topic_count":0,"_bbp_reply_count":0,"_bbp_total_topic_count":0,"_bbp_total_reply_count":0,"_bbp_voice_count":0,"_bbp_anonymous_reply_count":0,"_bbp_topic_count_hidden":0,"_bbp_reply_count_hidden":0,"_bbp_forum_subforum_count":0,"footnotes":""},"class_list":["post-934","page","type-page","status-publish","hentry"],"post_mailing_queue_ids":[],"_links":{"self":[{"href":"https:\/\/agora.xtec.cat\/iescastelldestela\/wp-json\/wp\/v2\/pages\/934","targetHints":{"allow":["GET"]}}],"collection":[{"href":"https:\/\/agora.xtec.cat\/iescastelldestela\/wp-json\/wp\/v2\/pages"}],"about":[{"href":"https:\/\/agora.xtec.cat\/iescastelldestela\/wp-json\/wp\/v2\/types\/page"}],"author":[{"embeddable":true,"href":"https:\/\/agora.xtec.cat\/iescastelldestela\/wp-json\/wp\/v2\/users\/1"}],"replies":[{"embeddable":true,"href":"https:\/\/agora.xtec.cat\/iescastelldestela\/wp-json\/wp\/v2\/comments?post=934"}],"version-history":[{"count":3,"href":"https:\/\/agora.xtec.cat\/iescastelldestela\/wp-json\/wp\/v2\/pages\/934\/revisions"}],"predecessor-version":[{"id":9364,"href":"https:\/\/agora.xtec.cat\/iescastelldestela\/wp-json\/wp\/v2\/pages\/934\/revisions\/9364"}],"up":[{"embeddable":true,"href":"https:\/\/agora.xtec.cat\/iescastelldestela\/wp-json\/wp\/v2\/pages\/932"}],"wp:attachment":[{"href":"https:\/\/agora.xtec.cat\/iescastelldestela\/wp-json\/wp\/v2\/media?parent=934"}],"curies":[{"name":"wp","href":"https:\/\/api.w.org\/{rel}","templated":true}]}}