{"id":932,"date":"2014-04-27T20:47:16","date_gmt":"2014-04-27T18:47:16","guid":{"rendered":"http:\/\/agora.xtec.cat\/iescastelldestela\/?page_id=932"},"modified":"2018-01-18T11:34:52","modified_gmt":"2018-01-18T10:34:52","slug":"eso","status":"publish","type":"page","link":"https:\/\/agora.xtec.cat\/iescastelldestela\/eso\/","title":{"rendered":"ESO"},"content":{"rendered":"<h2 style=\"text-align:left;\"><span style=\"color:#993366;\">EDUCACI\u00d3 SECUND\u00c0RIA OBLIGAT\u00d2RIA<\/span><\/h2>\n<p align=\"justify\"><span style=\"font-family:Arial, Helvetica, sans-serif;font-size:small;\">Va adre\u00e7ada als alumnes compresos entre els <b>12 i els 16 anys<\/b> i s&#8217;estructura en quatre<b>\u00a0cursos<\/b> acad\u00e8mics . Aquesta etapa t\u00e9 com a finalitat possibilitar que tots els alumnes puguin accedir als elements b\u00e0sics de la cultura en el marc d&#8217;un desenvolupament personal que consolidi la formaci\u00f3 instrumental de l&#8217;ensenyament primari i completi la formaci\u00f3 cultural.<br \/>\n<\/span><\/p>\n<h1><u>DISTRIBUCI\u00d3 D\u2019HORES DE CADA MAT\u00c8RIA A L\u2019ESO<\/u><\/h1>\n<p>&nbsp;<\/p>\n<table width=\"628\">\n<tbody>\n<tr>\n<td width=\"170\"><strong>Mat\u00e8ria<\/strong><\/td>\n<td width=\"113\"><strong>1r ESO<\/strong><\/td>\n<td width=\"113\"><strong>2n ESO<\/strong><\/td>\n<td width=\"123\"><strong>3r ESO<\/strong><\/td>\n<td width=\"109\"><strong>4t curs<\/strong><\/td>\n<\/tr>\n<tr>\n<td width=\"170\">&nbsp;<\/td>\n<td width=\"113\"><em>Hores\/setmana<\/em><\/td>\n<td width=\"113\"><em>Hores\/setmana<\/em><\/td>\n<td width=\"123\"><em>Hores\/setmana<\/em><\/td>\n<td width=\"109\"><em>Hores\/setmana<\/em><\/td>\n<\/tr>\n<tr>\n<td width=\"170\"><strong>Catal\u00e0<\/strong><\/td>\n<td width=\"113\">3<\/td>\n<td width=\"113\">3<\/td>\n<td width=\"123\">3<\/td>\n<td width=\"109\">3<\/td>\n<\/tr>\n<tr>\n<td width=\"170\"><strong>Castell\u00e0<\/strong><\/td>\n<td width=\"113\">3<\/td>\n<td width=\"113\">3<\/td>\n<td width=\"123\">3<\/td>\n<td width=\"109\">3<\/td>\n<\/tr>\n<tr>\n<td width=\"170\"><strong>Angl\u00e8s<\/strong><\/td>\n<td width=\"113\">3<\/td>\n<td width=\"113\">4<\/td>\n<td width=\"123\">3<\/td>\n<td width=\"109\">4<\/td>\n<\/tr>\n<tr>\n<td width=\"170\"><strong>C. Socials<\/strong><\/td>\n<td width=\"113\">3<\/td>\n<td width=\"113\">3<\/td>\n<td width=\"123\">3<\/td>\n<td width=\"109\">3<\/td>\n<\/tr>\n<tr>\n<td width=\"170\"><strong>Matem\u00e0tiques<\/strong><\/td>\n<td width=\"113\">3<\/td>\n<td width=\"113\">4<\/td>\n<td width=\"123\">4<\/td>\n<td width=\"109\">4<\/td>\n<\/tr>\n<tr>\n<td width=\"170\"><strong>F\u00edsica i Qu\u00edmica<\/strong><\/td>\n<td width=\"113\">&#8211;<\/td>\n<td width=\"113\">3<\/td>\n<td width=\"123\">2<\/td>\n<td width=\"109\">&#8211;<\/td>\n<\/tr>\n<tr>\n<td width=\"170\"><strong>Biologia i Geologia<\/strong><\/td>\n<td width=\"113\">3<\/td>\n<td width=\"113\">&#8211;<\/td>\n<td width=\"123\">2<\/td>\n<td width=\"109\">&#8211;<\/td>\n<\/tr>\n<tr>\n<td width=\"170\"><strong>Tecnologia<\/strong><\/td>\n<td width=\"113\">2<\/td>\n<td width=\"113\">2<\/td>\n<td width=\"123\">2<\/td>\n<td width=\"109\">&#8211;<\/td>\n<\/tr>\n<tr>\n<td width=\"170\"><strong>E. F\u00edsica<\/strong><\/td>\n<td width=\"113\">2<\/td>\n<td width=\"113\">2<\/td>\n<td width=\"123\">2<\/td>\n<td width=\"109\">2<\/td>\n<\/tr>\n<tr>\n<td width=\"170\"><strong>E.V.P.<\/strong><\/td>\n<td width=\"113\">2<\/td>\n<td width=\"113\">&#8211;<\/td>\n<td width=\"123\">2<\/td>\n<td width=\"109\">&#8211;<\/td>\n<\/tr>\n<tr>\n<td width=\"170\"><strong>M\u00fasica<\/strong><\/td>\n<td width=\"113\">2<\/td>\n<td width=\"113\">2<\/td>\n<td width=\"123\">&#8211;<\/td>\n<td width=\"109\">&#8211;<\/td>\n<\/tr>\n<tr>\n<td width=\"170\"><strong>H. Cultura Religiosa<\/strong><\/td>\n<td width=\"113\">1<\/td>\n<td width=\"113\">1<\/td>\n<td width=\"123\">1<\/td>\n<td width=\"109\">1<\/td>\n<\/tr>\n<tr>\n<td width=\"170\"><strong>Optatives<\/strong><\/td>\n<td width=\"113\">2<\/td>\n<td width=\"113\">2<\/td>\n<td width=\"123\">2<\/td>\n<td width=\"109\">9<\/td>\n<\/tr>\n<tr>\n<td width=\"170\"><strong>Tutoria<\/strong><\/td>\n<td width=\"113\">1<\/td>\n<td width=\"113\">1<\/td>\n<td width=\"123\">1<\/td>\n<td width=\"109\">1<\/td>\n<\/tr>\n<tr>\n<td width=\"170\"><strong>Total hores<\/strong><\/td>\n<td width=\"113\">30<\/td>\n<td width=\"113\">30<\/td>\n<td width=\"123\">30<\/td>\n<td width=\"109\">30<\/td>\n<\/tr>\n<\/tbody>\n<\/table>\n<p style=\"text-align:justify;\">En aquesta etapa, l&#8217;alumne ha de cursar cada any\u00a0 tamb\u00e9 el <em>Treball de S\u00edntesi<\/em>, que est\u00e0 format per un conjunt d&#8217;activitats d&#8217;ensenyament-aprenentatge concebudes per a comprovar si s&#8217;han aconseguit, i fins a quin punt, les capacitats formulades en els objectius generals establerts en les diferents \u00e0rees curriculars.<\/p>\n<p style=\"text-align:justify;\" align=\"justify\">\nEn acabar aquesta etapa, els alumnes reben una acreditaci\u00f3 d&#8217;escolaritzaci\u00f3 i, a m\u00e9s, si han assolit els objectius establerts, obtenen el t\u00edtol de <b>Graduat en Educaci\u00f3 Secund\u00e0ria<\/b>. Quan es finalitza satisfact\u00f2riament, l&#8217;alumne t\u00e9, pel que fa als estudis, dues opcions: cursar els <b>cicles formatius de grau mitj\u00e0<\/b> o accedir al <b>Batxillerat<\/b>. D&#8217;altra banda, tamb\u00e9 pot incorporar-se al m\u00f3n del treball, perqu\u00e8 ja t\u00e9 l&#8217;edat m\u00ednima per accedir-hi.<\/p>\n<p>&nbsp;<\/p>\n<p align=\"justify\">\n<p align=\"justify\">\n<p align=\"justify\">\n<p align=\"justify\">\n<p align=\"justify\">\n<p align=\"justify\">\n<p align=\"justify\">\n<p align=\"justify\">\n<p align=\"justify\">\n<p align=\"justify\">\n<table style=\"height:1609px;\" width=\"554\">\n<tbody>\n<tr>\n<td width=\"121\">\n<table style=\"height:824px;\" width=\"362\">\n<tbody>\n<tr>\n<td width=\"95\"><\/td>\n<td width=\"81\"><\/td>\n<td width=\"90\"><\/td>\n<td width=\"99\"><\/td>\n<td width=\"90\"><\/td>\n<\/tr>\n<tr>\n<td width=\"95\"><\/td>\n<td width=\"81\"><\/td>\n<td width=\"90\"><\/td>\n<td width=\"99\"><\/td>\n<td width=\"90\"><\/td>\n<\/tr>\n<tr>\n<td width=\"95\"><\/td>\n<td width=\"81\"><\/td>\n<td width=\"90\"><\/td>\n<td width=\"99\"><\/td>\n<td width=\"90\"><\/td>\n<\/tr>\n<tr>\n<td width=\"95\"><\/td>\n<td width=\"81\"><\/td>\n<td width=\"90\"><\/td>\n<td width=\"99\"><\/td>\n<td width=\"90\"><\/td>\n<\/tr>\n<tr>\n<td width=\"95\"><\/td>\n<td width=\"81\"><\/td>\n<td width=\"90\"><\/td>\n<td width=\"99\"><\/td>\n<td width=\"90\"><\/td>\n<\/tr>\n<tr>\n<td width=\"95\"><\/td>\n<td width=\"81\"><\/td>\n<td width=\"90\"><\/td>\n<td width=\"99\"><\/td>\n<td width=\"90\"><\/td>\n<\/tr>\n<tr>\n<td width=\"95\"><\/td>\n<td width=\"81\"><\/td>\n<td width=\"90\"><\/td>\n<td width=\"99\"><\/td>\n<td width=\"90\"><\/td>\n<\/tr>\n<tr>\n<td width=\"95\"><\/td>\n<td width=\"81\"><\/td>\n<td width=\"90\"><\/td>\n<td width=\"99\"><\/td>\n<td width=\"90\"><\/td>\n<\/tr>\n<tr>\n<td width=\"95\"><\/td>\n<td width=\"81\"><\/td>\n<td width=\"90\"><\/td>\n<td width=\"99\"><\/td>\n<td width=\"90\"><\/td>\n<\/tr>\n<tr>\n<td width=\"95\"><\/td>\n<td width=\"81\"><\/td>\n<td width=\"90\"><\/td>\n<td width=\"99\"><\/td>\n<td width=\"90\"><\/td>\n<\/tr>\n<tr>\n<td width=\"95\"><\/td>\n<td width=\"81\"><\/td>\n<td width=\"90\"><\/td>\n<td width=\"99\"><\/td>\n<td width=\"90\"><\/td>\n<\/tr>\n<tr>\n<td width=\"95\"><\/td>\n<td width=\"81\"><\/td>\n<td width=\"90\"><\/td>\n<td width=\"99\"><\/td>\n<td width=\"90\"><\/td>\n<\/tr>\n<tr>\n<td width=\"95\"><\/td>\n<td width=\"81\"><\/td>\n<td width=\"90\"><\/td>\n<td width=\"99\"><\/td>\n<td width=\"90\"><\/td>\n<\/tr>\n<tr>\n<td width=\"95\"><\/td>\n<td width=\"81\"><\/td>\n<td width=\"90\"><\/td>\n<td width=\"99\"><\/td>\n<td width=\"90\"><\/td>\n<\/tr>\n<tr>\n<td width=\"95\"><\/td>\n<td width=\"81\"><\/td>\n<td width=\"90\"><\/td>\n<td width=\"99\"><\/td>\n<td width=\"90\"><\/td>\n<\/tr>\n<tr>\n<td width=\"95\"><\/td>\n<td width=\"81\"><\/td>\n<td width=\"90\"><\/td>\n<td width=\"99\"><\/td>\n<td width=\"90\"><\/td>\n<\/tr>\n<tr>\n<td width=\"95\"><\/td>\n<td width=\"81\"><\/td>\n<td width=\"90\"><\/td>\n<td width=\"99\"><\/td>\n<td width=\"90\"><\/td>\n<\/tr>\n<tr>\n<td width=\"95\"><\/td>\n<td width=\"81\"><\/td>\n<td width=\"90\"><\/td>\n<td width=\"99\"><\/td>\n<td width=\"90\"><\/td>\n<\/tr>\n<\/tbody>\n<\/table>\n<\/td>\n<td width=\"115\"><\/td>\n<td width=\"115\"><\/td>\n<td width=\"115\"><\/td>\n<td width=\"115\"><\/td>\n<\/tr>\n<tr>\n<td width=\"121\"><\/td>\n<td width=\"115\"><\/td>\n<td width=\"115\"><\/td>\n<td width=\"115\"><\/td>\n<td width=\"115\"><\/td>\n<\/tr>\n<tr>\n<td width=\"121\"><\/td>\n<td width=\"115\"><\/td>\n<td width=\"115\"><\/td>\n<td width=\"115\"><\/td>\n<td width=\"115\"><\/td>\n<\/tr>\n<tr>\n<td width=\"121\"><\/td>\n<td width=\"115\"><\/td>\n<td width=\"115\"><\/td>\n<td width=\"115\"><\/td>\n<td width=\"115\"><\/td>\n<\/tr>\n<tr>\n<td width=\"121\"><\/td>\n<td width=\"115\"><\/td>\n<td width=\"115\"><\/td>\n<td width=\"115\"><\/td>\n<td width=\"115\"><\/td>\n<\/tr>\n<tr>\n<td width=\"121\"><\/td>\n<td width=\"115\"><\/td>\n<td width=\"115\"><\/td>\n<td width=\"115\"><\/td>\n<td width=\"115\"><\/td>\n<\/tr>\n<tr>\n<td width=\"121\"><\/td>\n<td width=\"115\"><\/td>\n<td width=\"115\"><\/td>\n<td width=\"115\"><\/td>\n<td width=\"115\"><\/td>\n<\/tr>\n<tr>\n<td width=\"121\"><\/td>\n<td width=\"115\"><\/td>\n<td width=\"115\"><\/td>\n<td width=\"115\"><\/td>\n<td width=\"115\"><\/td>\n<\/tr>\n<tr>\n<td width=\"121\"><\/td>\n<td width=\"115\"><\/td>\n<td width=\"115\"><\/td>\n<td width=\"115\"><\/td>\n<td width=\"115\"><\/td>\n<\/tr>\n<tr>\n<td width=\"121\"><\/td>\n<td width=\"115\"><\/td>\n<td width=\"115\"><\/td>\n<td width=\"115\"><\/td>\n<td width=\"115\"><\/td>\n<\/tr>\n<tr>\n<td width=\"121\"><\/td>\n<td width=\"115\"><\/td>\n<td width=\"115\"><\/td>\n<td width=\"115\"><\/td>\n<td width=\"115\"><\/td>\n<\/tr>\n<tr>\n<td width=\"121\"><\/td>\n<td width=\"115\"><\/td>\n<td width=\"115\"><\/td>\n<td width=\"115\"><\/td>\n<td width=\"115\"><\/td>\n<\/tr>\n<tr>\n<td width=\"121\"><\/td>\n<td width=\"115\"><\/td>\n<td width=\"115\"><\/td>\n<td width=\"115\"><\/td>\n<td width=\"115\"><\/td>\n<\/tr>\n<tr>\n<td width=\"121\"><\/td>\n<td width=\"115\"><\/td>\n<td width=\"115\"><\/td>\n<td width=\"115\"><\/td>\n<td width=\"115\"><\/td>\n<\/tr>\n<tr>\n<td width=\"121\"><\/td>\n<td width=\"115\"><\/td>\n<td width=\"115\"><\/td>\n<td width=\"115\"><\/td>\n<td width=\"115\"><\/td>\n<\/tr>\n<tr>\n<td width=\"121\"><\/td>\n<td width=\"115\"><\/td>\n<td width=\"115\"><\/td>\n<td width=\"115\"><\/td>\n<td width=\"115\"><\/td>\n<\/tr>\n<tr>\n<td width=\"121\"><\/td>\n<td width=\"115\"><\/td>\n<td width=\"115\"><\/td>\n<td width=\"115\"><\/td>\n<td width=\"115\"><\/td>\n<\/tr>\n<\/tbody>\n<\/table>\n","protected":false},"excerpt":{"rendered":"<p>EDUCACI\u00d3 SECUND\u00c0RIA OBLIGAT\u00d2RIA<br \/>\nVa adre\u00e7ada als alumnes compresos entre els 12 i els 16 anys i s&#8217;estructura en quatre\u00a0cursos acad\u00e8mics . Aquesta etapa t\u00e9 com a finalitat possibilitar que tots els alumnes puguin accedir als elements b\u00e0sics de la cultura en el marc d&#8217;un desenvolupament personal&hellip;  <a href=\"https:\/\/agora.xtec.cat\/iescastelldestela\/eso\/\" title=\"Read ESO\">Llegeix m\u00e9s\u00bb<\/a><\/p>\n","protected":false},"author":1,"featured_media":0,"parent":0,"menu_order":0,"comment_status":"closed","ping_status":"closed","template":"","meta":{"_bbp_topic_count":0,"_bbp_reply_count":0,"_bbp_total_topic_count":0,"_bbp_total_reply_count":0,"_bbp_voice_count":0,"_bbp_anonymous_reply_count":0,"_bbp_topic_count_hidden":0,"_bbp_reply_count_hidden":0,"_bbp_forum_subforum_count":0,"footnotes":""},"class_list":["post-932","page","type-page","status-publish","hentry"],"post_mailing_queue_ids":[],"_links":{"self":[{"href":"https:\/\/agora.xtec.cat\/iescastelldestela\/wp-json\/wp\/v2\/pages\/932","targetHints":{"allow":["GET"]}}],"collection":[{"href":"https:\/\/agora.xtec.cat\/iescastelldestela\/wp-json\/wp\/v2\/pages"}],"about":[{"href":"https:\/\/agora.xtec.cat\/iescastelldestela\/wp-json\/wp\/v2\/types\/page"}],"author":[{"embeddable":true,"href":"https:\/\/agora.xtec.cat\/iescastelldestela\/wp-json\/wp\/v2\/users\/1"}],"replies":[{"embeddable":true,"href":"https:\/\/agora.xtec.cat\/iescastelldestela\/wp-json\/wp\/v2\/comments?post=932"}],"version-history":[{"count":1,"href":"https:\/\/agora.xtec.cat\/iescastelldestela\/wp-json\/wp\/v2\/pages\/932\/revisions"}],"predecessor-version":[{"id":933,"href":"https:\/\/agora.xtec.cat\/iescastelldestela\/wp-json\/wp\/v2\/pages\/932\/revisions\/933"}],"wp:attachment":[{"href":"https:\/\/agora.xtec.cat\/iescastelldestela\/wp-json\/wp\/v2\/media?parent=932"}],"curies":[{"name":"wp","href":"https:\/\/api.w.org\/{rel}","templated":true}]}}