{"id":81,"date":"2014-09-18T10:38:05","date_gmt":"2014-09-18T10:38:05","guid":{"rendered":"http:\/\/agora.xtec.cat\/iescastelldestela\/?page_id=81"},"modified":"2025-09-23T09:45:34","modified_gmt":"2025-09-23T07:45:34","slug":"secretaria","status":"publish","type":"page","link":"https:\/\/agora.xtec.cat\/iescastelldestela\/secretaria\/","title":{"rendered":"Secretaria"},"content":{"rendered":"<p style=\"text-align: left;\"><span style=\"color: #993366;\"><strong>Secretaria<\/strong><\/span><\/p>\n<p style=\"text-align: left;\">La secretaria funciona en horari escolar: De dilluns a divendres de 8 a 14:35<\/p>\n<p style=\"text-align: left;\">Us hi heu de dirigir per a solucionar totes les q\u00fcestions administratives:<br \/>\n-Preinscripci\u00f3.<br \/>\n-Matriculaci\u00f3.<br \/>\n-Recollida dels Llibres d&#8217;escolaritat.<br \/>\n-Recollida dels t\u00edtols oficials.<br \/>\n-Q\u00fcestions sobre la gesti\u00f3 de llibres o material.<\/p>\n<p style=\"text-align: left;\"><strong>L&#8217;administrativa us atendr\u00e0 en tots els dubtes que tingueu.<\/strong><\/p>\n<p>&nbsp;<\/p>\n<p style=\"text-align: left;\"><strong><span style=\"color: #333399;\"><span style=\"color: #993366;\">Consergeria<\/span><\/span><\/strong><\/p>\n<p style=\"text-align: left;\">La consergeria funciona tamb\u00e9 en horari escolar:<br \/>\n&#8211; De dilluns a divendres de \u00a08 a 14:35 .<\/p>\n<p style=\"text-align: left;\">A consergeria hi ha el servei de fotoc\u00f2pies.<br \/>\nPer peces o material perdut tamb\u00e9 us hi heu de dirigir. Per qualsevol consulta quan visiteu el centre us atendran les conserges.<\/p>\n<p>&nbsp;<\/p>\n<p style=\"text-align: left;\"><strong><span style=\"color: #993366;\">Utilitzaci\u00f3 dels dos serveis per part dels alumnes<\/span><\/strong><\/p>\n<p style=\"text-align: left;\"><strong>Administraci\u00f3 i Consergeria<\/strong> s\u00f3n dos serveis de l&#8217;Institut on us atendran sempre que ho feu correctament: demanant les coses amb educaci\u00f3 i tractant b\u00e9 les persones que hi treballen.<\/p>\n<p style=\"text-align: left;\">A Consergeria hi trobareu el servei de fotoc\u00f2pies a les hores de pati.<\/p>\n<p style=\"text-align: left;\">Els tel\u00e8fons de l&#8217;Institut els podeu utilitzar nom\u00e9s en situaci\u00f3 d&#8217;emerg\u00e8ncia.<\/p>\n<p style=\"text-align: left;\">A Consergeria \u00e9s on heu de recollir els<strong> impresos per justificar les faltes d&#8217;assist\u00e8ncia<\/strong>. A continuaci\u00f3 us posem el<a href=\"https:\/\/docs.google.com\/document\/d\/1CFbMjRYBNUeOo6JZobLqD9zuCL3u9v8t\/edit?usp=sharing&amp;ouid=116917129159196914977&amp;rtpof=true&amp;sd=true\" target=\"_blank\" rel=\"noopener\"><strong> link del document<\/strong><\/a> en format digital<\/p>\n<p style=\"text-align: left;\">\n","protected":false},"excerpt":{"rendered":"<p>Secretaria<br \/>\nLa secretaria funciona en horari escolar: De dilluns a divendres de 8 a 14:35<br \/>\nUs hi heu de dirigir per a solucionar totes les q\u00fcestions administratives:<br \/>\n-Preinscripci\u00f3.<br \/>\n-Matriculaci\u00f3.<br \/>\n-Recollida dels Llibres d&#8217;escolaritat.<br \/>\n-Recollida dels t\u00edtols oficials.<br \/>\n-Q\u00fcestions sobre la gesti\u00f3 de llibres o material.<br \/>\nL&#8217;administrativa us atendr\u00e0 en tots els dubtes que&hellip;  <a href=\"https:\/\/agora.xtec.cat\/iescastelldestela\/secretaria\/\" title=\"Read Secretaria\">Llegeix m\u00e9s\u00bb<\/a><\/p>\n","protected":false},"author":1,"featured_media":0,"parent":0,"menu_order":0,"comment_status":"closed","ping_status":"closed","template":"","meta":{"_bbp_topic_count":0,"_bbp_reply_count":0,"_bbp_total_topic_count":0,"_bbp_total_reply_count":0,"_bbp_voice_count":0,"_bbp_anonymous_reply_count":0,"_bbp_topic_count_hidden":0,"_bbp_reply_count_hidden":0,"_bbp_forum_subforum_count":0,"footnotes":""},"class_list":["post-81","page","type-page","status-publish","hentry"],"post_mailing_queue_ids":[],"_links":{"self":[{"href":"https:\/\/agora.xtec.cat\/iescastelldestela\/wp-json\/wp\/v2\/pages\/81","targetHints":{"allow":["GET"]}}],"collection":[{"href":"https:\/\/agora.xtec.cat\/iescastelldestela\/wp-json\/wp\/v2\/pages"}],"about":[{"href":"https:\/\/agora.xtec.cat\/iescastelldestela\/wp-json\/wp\/v2\/types\/page"}],"author":[{"embeddable":true,"href":"https:\/\/agora.xtec.cat\/iescastelldestela\/wp-json\/wp\/v2\/users\/1"}],"replies":[{"embeddable":true,"href":"https:\/\/agora.xtec.cat\/iescastelldestela\/wp-json\/wp\/v2\/comments?post=81"}],"version-history":[{"count":5,"href":"https:\/\/agora.xtec.cat\/iescastelldestela\/wp-json\/wp\/v2\/pages\/81\/revisions"}],"predecessor-version":[{"id":10974,"href":"https:\/\/agora.xtec.cat\/iescastelldestela\/wp-json\/wp\/v2\/pages\/81\/revisions\/10974"}],"wp:attachment":[{"href":"https:\/\/agora.xtec.cat\/iescastelldestela\/wp-json\/wp\/v2\/media?parent=81"}],"curies":[{"name":"wp","href":"https:\/\/api.w.org\/{rel}","templated":true}]}}