{"id":10981,"date":"2025-10-03T08:35:54","date_gmt":"2025-10-03T06:35:54","guid":{"rendered":"https:\/\/agora.xtec.cat\/iescastelldestela\/?page_id=10981"},"modified":"2025-11-03T09:08:32","modified_gmt":"2025-11-03T08:08:32","slug":"families-digitals","status":"publish","type":"page","link":"https:\/\/agora.xtec.cat\/iescastelldestela\/families-digitals\/","title":{"rendered":"Fam\u00edlies digitals"},"content":{"rendered":"<h3><a href=\"https:\/\/educacio.gencat.cat\/ca\/departament\/linies-estrategiques\/pla-digitalitzacio-responsable\/index.html#acompanyament-a-les-families--guia-per-a-una-digitalitzacio-responsable\" target=\"_blank\" rel=\"noopener\">El Pla de digitalitzaci\u00f3 responsable<\/a><\/h3>\n<p class=\"my-2 [&amp;+p]:mt-4 [&amp;_strong:has(+br)]:inline-block [&amp;_strong:has(+br)]:pb-2\">La tecnologia digital forma part del dia a dia de les fam\u00edlies. \u00c9s fonamental comprendre el m\u00f3n digital i educar infants, adolescents i joves perqu\u00e8 en facin un \u00fas conscient, saludable i equilibrat, aprofitant els beneficis i prevenint riscos per a la salut f\u00edsica, mental i emocional.<\/p>\n<p>En el marc de la campanya\u00a0<a href=\"https:\/\/educacio.gencat.cat\/web\/.content\/home\/departament\/publicacions\/monografies\/mon-digital\/guia-families-menys-pantalles\/guia-families.pdf\" target=\"_blank\" rel=\"noopener\"><strong>Menys pantalla, m\u00e9s vida!<\/strong><\/a>\u00a0el Departament publica una guia per a les fam\u00edlies, que t\u00e9 com a objectius principals:<\/p>\n<ul>\n<li class=\"my-2 [&amp;+p]:mt-4 [&amp;_strong:has(+br)]:inline-block [&amp;_strong:has(+br)]:pb-2\">Oferir recomanacions a les fam\u00edlies per l&#8217;acompanyament digital dels fills i filles de totes les edats.<\/li>\n<li class=\"my-2 [&amp;+p]:mt-4 [&amp;_strong:has(+br)]:inline-block [&amp;_strong:has(+br)]:pb-2\">Fomentar un \u00fas respectu\u00f3s i responsable dels dispositius digitals.<\/li>\n<li class=\"my-2 [&amp;+p]:mt-4 [&amp;_strong:has(+br)]:inline-block [&amp;_strong:has(+br)]:pb-2\">Donar a con\u00e8ixer recursos de protecci\u00f3 i ajudar a prendre consci\u00e8ncia dels riscos associats per minimitzar-los.<\/li>\n<li class=\"my-2 [&amp;+p]:mt-4 [&amp;_strong:has(+br)]:inline-block [&amp;_strong:has(+br)]:pb-2\">Facilitar pautes per a la gesti\u00f3 familiar dels dispositius digitals i la coordinaci\u00f3 amb els centres educatius.<\/li>\n<\/ul>\n<p><strong><a href=\"https:\/\/educacio.gencat.cat\/ca\/departament\/linies-estrategiques\/pla-digitalitzacio-responsable\/#la-campanya-de-sensibilitzacio---menys-pantalla--mes-vida\" target=\"_blank\" rel=\"noopener\">Link a la web.<\/a><\/strong><\/p>\n<p>&nbsp;<\/p>\n<table style=\"border-collapse: collapse; width: 100%;\">\n<tbody>\n<tr>\n<td style=\"width: 33.3333%;\"><img loading=\"lazy\" decoding=\"async\" class=\"aligncenter wp-image-11004 size-full\" src=\"https:\/\/agora.xtec.cat\/iescastelldestela\/wp-content\/uploads\/usu1648\/2025\/11\/cartell-rosa.png_314165584.png\" alt=\"\" width=\"555\" height=\"430\" srcset=\"https:\/\/agora.xtec.cat\/iescastelldestela\/wp-content\/uploads\/usu1648\/2025\/11\/cartell-rosa.png_314165584.png 555w, https:\/\/agora.xtec.cat\/iescastelldestela\/wp-content\/uploads\/usu1648\/2025\/11\/cartell-rosa.png_314165584-300x232.png 300w\" sizes=\"auto, (max-width: 555px) 100vw, 555px\" \/><\/td>\n<td style=\"width: 33.3333%;\"><img loading=\"lazy\" decoding=\"async\" class=\"aligncenter wp-image-11003 size-full\" src=\"https:\/\/agora.xtec.cat\/iescastelldestela\/wp-content\/uploads\/usu1648\/2025\/11\/cartell-groc.png_314165584.png\" alt=\"\" width=\"555\" height=\"430\" srcset=\"https:\/\/agora.xtec.cat\/iescastelldestela\/wp-content\/uploads\/usu1648\/2025\/11\/cartell-groc.png_314165584.png 555w, https:\/\/agora.xtec.cat\/iescastelldestela\/wp-content\/uploads\/usu1648\/2025\/11\/cartell-groc.png_314165584-300x232.png 300w\" sizes=\"auto, (max-width: 555px) 100vw, 555px\" \/><\/td>\n<td style=\"width: 33.3333%;\"><img loading=\"lazy\" decoding=\"async\" class=\"aligncenter wp-image-11002 size-full\" src=\"https:\/\/agora.xtec.cat\/iescastelldestela\/wp-content\/uploads\/usu1648\/2025\/11\/cartell-blau.png_314165584.png\" alt=\"\" width=\"555\" height=\"430\" srcset=\"https:\/\/agora.xtec.cat\/iescastelldestela\/wp-content\/uploads\/usu1648\/2025\/11\/cartell-blau.png_314165584.png 555w, https:\/\/agora.xtec.cat\/iescastelldestela\/wp-content\/uploads\/usu1648\/2025\/11\/cartell-blau.png_314165584-300x232.png 300w\" sizes=\"auto, (max-width: 555px) 100vw, 555px\" \/><\/td>\n<\/tr>\n<\/tbody>\n<\/table>\n<p>&nbsp;<\/p>\n<p>&nbsp;<\/p>\n","protected":false},"excerpt":{"rendered":"<p><a href=\"https:\/\/educacio.gencat.cat\/ca\/departament\/linies-estrategiques\/pla-digitalitzacio-responsable\/index.html#acompanyament-a-les-families--guia-per-a-una-digitalitzacio-responsable\" target=\"_blank\" rel=\"noopener\">El Pla de digitalitzaci\u00f3 responsable<\/a><br \/>\nLa tecnologia digital forma part del dia a dia de les fam\u00edlies. \u00c9s fonamental comprendre el m\u00f3n digital i educar infants, adolescents i joves perqu\u00e8 en facin un \u00fas conscient, saludable i equilibrat, aprofitant els beneficis i prevenint&hellip;  <a href=\"https:\/\/agora.xtec.cat\/iescastelldestela\/families-digitals\/\" title=\"Read Fam\u00edlies digitals\">Llegeix m\u00e9s\u00bb<\/a><\/p>\n","protected":false},"author":1,"featured_media":0,"parent":0,"menu_order":0,"comment_status":"closed","ping_status":"closed","template":"","meta":{"_bbp_topic_count":0,"_bbp_reply_count":0,"_bbp_total_topic_count":0,"_bbp_total_reply_count":0,"_bbp_voice_count":0,"_bbp_anonymous_reply_count":0,"_bbp_topic_count_hidden":0,"_bbp_reply_count_hidden":0,"_bbp_forum_subforum_count":0,"footnotes":""},"class_list":["post-10981","page","type-page","status-publish","hentry"],"post_mailing_queue_ids":[],"_links":{"self":[{"href":"https:\/\/agora.xtec.cat\/iescastelldestela\/wp-json\/wp\/v2\/pages\/10981","targetHints":{"allow":["GET"]}}],"collection":[{"href":"https:\/\/agora.xtec.cat\/iescastelldestela\/wp-json\/wp\/v2\/pages"}],"about":[{"href":"https:\/\/agora.xtec.cat\/iescastelldestela\/wp-json\/wp\/v2\/types\/page"}],"author":[{"embeddable":true,"href":"https:\/\/agora.xtec.cat\/iescastelldestela\/wp-json\/wp\/v2\/users\/1"}],"replies":[{"embeddable":true,"href":"https:\/\/agora.xtec.cat\/iescastelldestela\/wp-json\/wp\/v2\/comments?post=10981"}],"version-history":[{"count":4,"href":"https:\/\/agora.xtec.cat\/iescastelldestela\/wp-json\/wp\/v2\/pages\/10981\/revisions"}],"predecessor-version":[{"id":11007,"href":"https:\/\/agora.xtec.cat\/iescastelldestela\/wp-json\/wp\/v2\/pages\/10981\/revisions\/11007"}],"wp:attachment":[{"href":"https:\/\/agora.xtec.cat\/iescastelldestela\/wp-json\/wp\/v2\/media?parent=10981"}],"curies":[{"name":"wp","href":"https:\/\/api.w.org\/{rel}","templated":true}]}}