{"id":10220,"date":"2024-04-16T13:20:46","date_gmt":"2024-04-16T11:20:46","guid":{"rendered":"https:\/\/agora.xtec.cat\/iescastelldestela\/?page_id=10220"},"modified":"2024-04-16T13:20:46","modified_gmt":"2024-04-16T11:20:46","slug":"estades-jornades-i-campus","status":"publish","type":"page","link":"https:\/\/agora.xtec.cat\/iescastelldestela\/estades-jornades-i-campus\/","title":{"rendered":"ESTADES, JORNADES i CAMPUS"},"content":{"rendered":"<h5><strong>CAMPUS UdG &#8211; M\u00e0gia i ci\u00e8ncia.<\/strong><\/h5>\n<p>Del dimarts 25 de juny al divendres 28 de juny, estudiants preuniversitaris de tot el territori catal\u00e0 tenen l\u2019oportunitat d\u2019immergir-se en una setmana plena d\u2019aprenentatge i descobriments.<br \/>\nEl Campus est\u00e0 obert a estudiants de 4rt curs d\u2019ESO i de 1r i 2n curs de Batxillerat (tamb\u00e9 CFGM\/GS), encara que es podr\u00e0 admetre estudiants de 3r curs d\u2019ESO.<\/p>\n<p><a href=\"https:\/\/magsci.eu\/\" target=\"_blank\" rel=\"noopener\">https:\/\/magsci.eu\/<\/a><\/p>\n<h5><strong>CAMPUS UdG &#8211; PreBAT<\/strong><\/h5>\n<p><i>La Universitat de Girona ha convocat la 14a edici\u00f3 del <\/i><b><i>Campus PreBAT<\/i><\/b><i>, adre\u00e7at a estudiants que acabin de cursar el\u00a0<\/i><b><i>4t curs d\u2019ESO<\/i><\/b><i>.<\/i><br \/>\n<i>\u00a0<\/i><br \/>\n<i>Aquest campus t\u00e9 com a objectiu oferir un conjunt d&#8217;activitats que donin als participants una visi\u00f3 general dels \u00e0mbits de coneixement en els quals treballa la UdG, els estudis que s\u2019hi poden cursar, les vies d\u2019acc\u00e9s per a accedir-hi aix\u00ed com els serveis.<\/i><\/p>\n<p><a href=\"https:\/\/www.udg.edu\/ca\/secundaria\/Campus-PreBat\" target=\"_blank\" rel=\"noopener\">https:\/\/www.udg.edu\/ca\/secundaria\/Campus-PreBat<\/a><\/p>\n<h5><strong>CAMPUS UdG &#8211; Robots submarins<\/strong><\/h5>\n<p>PRESUB Campus.\u00a0Underwater robotics workshops.<br \/>\nFrom\u00a0\u00a0the Higher Polytechnic School is organising the, in face-to-face format, provided this is possible, aimed at students in their 3rd or 4th year of secondary school.<\/p>\n<p><a href=\"https:\/\/www.udg.edu\/en\/depatc\/Campus-PRESUB\" target=\"_blank\" rel=\"noopener\">https:\/\/www.udg.edu\/en\/depatc\/Campus-PRESUB<\/a><\/p>\n<h5><strong>Estades Cient\u00edfiques de Fundaci\u00f3 Catalunya La Pedrera<\/strong><\/h5>\n<p>Es dirigeixen a estudiants de\u00a04t d\u2019ESO i Batxillerat\u00a0amb motivaci\u00f3 especial per la ci\u00e8ncia, la tecnologia, l\u2019enginyeria o les matem\u00e0tiques que, durant una setmana, tindran l\u2019oportunitat de viure una experi\u00e8ncia \u00fanica, duent a terme projectes pr\u00e0ctics.<\/p>\n<p><a href=\"https:\/\/www.fundaciocatalunya-lapedrera.com\/ca\/estades-cientifiques?utm_campaign=37fdc8953d&amp;utm_content=LINK&amp;utm_medium=email&amp;utm_source=DB_CER_2020\" target=\"_blank\" rel=\"noopener\">https:\/\/www.fundaciocatalunya-lapedrera.com\/ca\/estades-cientifiques?utm_campaign=37fdc8953d&amp;utm_content=LINK&amp;utm_medium=email&amp;utm_source=DB_CER_2020<\/a><\/p>\n<h5><strong>Programa Joves i Ci\u00e8ncia<\/strong><\/h5>\n<p>Un programa de la Fundaci\u00f3 Catalunya la Pedrera, per si us interessa, podeu trobar m\u00e9s informaci\u00f3 al seg\u00fcent enlla\u00e7:<\/p>\n<p><a href=\"https:\/\/www.fundaciocatalunya-lapedrera.com\/ca\/joves-ciencia\/fases\" target=\"_blank\" rel=\"noopener\">https:\/\/www.fundaciocatalunya-lapedrera.com\/ca\/joves-ciencia\/fases<\/a><\/p>\n<p>&nbsp;<\/p>\n","protected":false},"excerpt":{"rendered":"<p>CAMPUS UdG &#8211; M\u00e0gia i ci\u00e8ncia.<br \/>\nDel dimarts 25 de juny al divendres 28 de juny, estudiants preuniversitaris de tot el territori catal\u00e0 tenen l\u2019oportunitat d\u2019immergir-se en una setmana plena d\u2019aprenentatge i descobriments.<br \/>\nEl Campus est\u00e0 obert a estudiants de 4rt curs d\u2019ESO i de 1r i&hellip;  <a href=\"https:\/\/agora.xtec.cat\/iescastelldestela\/estades-jornades-i-campus\/\" title=\"Read ESTADES, JORNADES i CAMPUS\">Llegeix m\u00e9s\u00bb<\/a><\/p>\n","protected":false},"author":1,"featured_media":0,"parent":0,"menu_order":0,"comment_status":"closed","ping_status":"closed","template":"","meta":{"_bbp_topic_count":0,"_bbp_reply_count":0,"_bbp_total_topic_count":0,"_bbp_total_reply_count":0,"_bbp_voice_count":0,"_bbp_anonymous_reply_count":0,"_bbp_topic_count_hidden":0,"_bbp_reply_count_hidden":0,"_bbp_forum_subforum_count":0,"footnotes":""},"class_list":["post-10220","page","type-page","status-publish","hentry"],"post_mailing_queue_ids":[],"_links":{"self":[{"href":"https:\/\/agora.xtec.cat\/iescastelldestela\/wp-json\/wp\/v2\/pages\/10220","targetHints":{"allow":["GET"]}}],"collection":[{"href":"https:\/\/agora.xtec.cat\/iescastelldestela\/wp-json\/wp\/v2\/pages"}],"about":[{"href":"https:\/\/agora.xtec.cat\/iescastelldestela\/wp-json\/wp\/v2\/types\/page"}],"author":[{"embeddable":true,"href":"https:\/\/agora.xtec.cat\/iescastelldestela\/wp-json\/wp\/v2\/users\/1"}],"replies":[{"embeddable":true,"href":"https:\/\/agora.xtec.cat\/iescastelldestela\/wp-json\/wp\/v2\/comments?post=10220"}],"version-history":[{"count":2,"href":"https:\/\/agora.xtec.cat\/iescastelldestela\/wp-json\/wp\/v2\/pages\/10220\/revisions"}],"predecessor-version":[{"id":10222,"href":"https:\/\/agora.xtec.cat\/iescastelldestela\/wp-json\/wp\/v2\/pages\/10220\/revisions\/10222"}],"wp:attachment":[{"href":"https:\/\/agora.xtec.cat\/iescastelldestela\/wp-json\/wp\/v2\/media?parent=10220"}],"curies":[{"name":"wp","href":"https:\/\/api.w.org\/{rel}","templated":true}]}}