{"id":9,"date":"2014-09-12T10:15:01","date_gmt":"2014-09-12T10:15:01","guid":{"rendered":"http:\/\/agora.xtec.cat\/iescastellbisbal\/?page_id=9"},"modified":"2026-04-14T14:16:30","modified_gmt":"2026-04-14T12:16:30","slug":"pagina-dinici-buida","status":"publish","type":"page","link":"https:\/\/agora.xtec.cat\/iescastellbisbal\/","title":{"rendered":"Lema"},"content":{"rendered":"<h1 style=\"text-align: center;\"><img loading=\"lazy\" decoding=\"async\" class=\"an1\" draggable=\"false\" src=\"https:\/\/fonts.gstatic.com\/s\/e\/notoemoji\/17.0\/1f339\/72.png\" alt=\"\ud83c\udf39\" width=\"37\" height=\"37\" data-emoji=\"\ud83c\udf39\" aria-label=\"\ud83c\udf39\" \/><strong>Rosa Solid\u00e0ria \u2013 Sant Jordi a l\u2019Institut<\/strong><\/h1>\n<p style=\"text-align: justify;\"><span style=\"font-family: inherit; font-size: 1em;\">Aquest Sant Jordi, des del PFI d\u2019Auxiliar de Comer\u00e7 i Atenci\u00f3 al P\u00fablic posem en marxa la <\/span><strong style=\"font-family: inherit; font-size: 1em;\">Rosa Solid\u00e0ria<\/strong><span style=\"font-family: inherit; font-size: 1em;\">. Col\u00b7labora comprant una rosa\u00a0 per les\u00a0persones majors del Centre de Dia El Serral i del Casal de la Gent Gran de Castellbisbal. Un detall senzill, per\u00f2 que fa molta il\u00b7lusi\u00f3.<\/span><\/p>\n<div>\n<p style=\"text-align: justify;\">L\u2019alumnat s\u2019encarrega de tot: preparar les roses, organitzar les comandes i fer-ne el lliurament. \u00c9s una activitat real per posar en pr\u00e0ctica el que treballem a classe.<\/p>\n<\/div>\n<blockquote>\n<div>\n<h3><img loading=\"lazy\" decoding=\"async\" class=\"an1\" draggable=\"false\" src=\"https:\/\/fonts.gstatic.com\/s\/e\/notoemoji\/17.0\/1f449\/72.png\" alt=\"\ud83d\udc49\" width=\"34\" height=\"34\" data-emoji=\"\ud83d\udc49\" aria-label=\"\ud83d\udc49\" \/>\u00a0<strong>Dona una rosa<\/strong><\/h3>\n<\/div>\n<div>\n<p>Nom\u00e9s cal que la reservis al formulari i indiquis quantes en vols.<\/p>\n<\/div>\n<div>\n<h3><img loading=\"lazy\" decoding=\"async\" class=\"an1\" draggable=\"false\" src=\"https:\/\/fonts.gstatic.com\/s\/e\/notoemoji\/17.0\/1f4c5\/72.png\" alt=\"\ud83d\udcc5\" width=\"40\" height=\"40\" data-emoji=\"\ud83d\udcc5\" aria-label=\"\ud83d\udcc5\" \/>\u00a0<strong>Quan es lliuren?<\/strong><\/h3>\n<\/div>\n<div>\n<p>El 23 d\u2019abril, durant el mat\u00ed.<\/p>\n<\/div>\n<\/blockquote>\n<div>\n<p style=\"text-align: justify;\">Si et ve de gust tenir una rosa per Sant Jordi o fer-ne arribar alguna a alg\u00fa, aquesta \u00e9s una bona oportunitat.<\/p>\n<p>Gr\u00e0cies per donar-hi suport\u00a0<img loading=\"lazy\" decoding=\"async\" class=\"an1\" draggable=\"false\" src=\"https:\/\/fonts.gstatic.com\/s\/e\/notoemoji\/17.0\/1f339\/72.png\" alt=\"\ud83c\udf39\" width=\"37\" height=\"37\" data-emoji=\"\ud83c\udf39\" aria-label=\"\ud83c\udf39\" \/><\/p>\n<\/div>\n","protected":false},"excerpt":{"rendered":"<p>Rosa Solid\u00e0ria \u2013 Sant Jordi a l\u2019Institut<br \/>\nAquest Sant Jordi, des del PFI d\u2019Auxiliar de Comer\u00e7 i Atenci\u00f3 al P\u00fablic posem en marxa la Rosa Solid\u00e0ria. Col\u00b7labora comprant una rosa\u00a0 per les\u00a0persones majors del Centre de Dia El Serral i del Casal de la Gent Gran&hellip;  <a href=\"https:\/\/agora.xtec.cat\/iescastellbisbal\/\" title=\"Read Lema\">Llegeix m\u00e9s\u00bb<\/a><\/p>\n","protected":false},"author":1,"featured_media":0,"parent":7,"menu_order":0,"comment_status":"closed","ping_status":"closed","template":"page-templates\/front-page.php","meta":{"_bbp_topic_count":0,"_bbp_reply_count":0,"_bbp_total_topic_count":0,"_bbp_total_reply_count":0,"_bbp_voice_count":0,"_bbp_anonymous_reply_count":0,"_bbp_topic_count_hidden":0,"_bbp_reply_count_hidden":0,"_bbp_forum_subforum_count":0,"footnotes":""},"class_list":["post-9","page","type-page","status-publish","hentry"],"post_mailing_queue_ids":[],"_links":{"self":[{"href":"https:\/\/agora.xtec.cat\/iescastellbisbal\/wp-json\/wp\/v2\/pages\/9","targetHints":{"allow":["GET"]}}],"collection":[{"href":"https:\/\/agora.xtec.cat\/iescastellbisbal\/wp-json\/wp\/v2\/pages"}],"about":[{"href":"https:\/\/agora.xtec.cat\/iescastellbisbal\/wp-json\/wp\/v2\/types\/page"}],"author":[{"embeddable":true,"href":"https:\/\/agora.xtec.cat\/iescastellbisbal\/wp-json\/wp\/v2\/users\/1"}],"replies":[{"embeddable":true,"href":"https:\/\/agora.xtec.cat\/iescastellbisbal\/wp-json\/wp\/v2\/comments?post=9"}],"version-history":[{"count":7,"href":"https:\/\/agora.xtec.cat\/iescastellbisbal\/wp-json\/wp\/v2\/pages\/9\/revisions"}],"predecessor-version":[{"id":8415,"href":"https:\/\/agora.xtec.cat\/iescastellbisbal\/wp-json\/wp\/v2\/pages\/9\/revisions\/8415"}],"up":[{"embeddable":true,"href":"https:\/\/agora.xtec.cat\/iescastellbisbal\/wp-json\/wp\/v2\/pages\/7"}],"wp:attachment":[{"href":"https:\/\/agora.xtec.cat\/iescastellbisbal\/wp-json\/wp\/v2\/media?parent=9"}],"curies":[{"name":"wp","href":"https:\/\/api.w.org\/{rel}","templated":true}]}}