{"id":81,"date":"2014-09-18T10:38:05","date_gmt":"2014-09-18T10:38:05","guid":{"rendered":"http:\/\/agora.xtec.cat\/iescastellbisbal\/?page_id=81"},"modified":"2021-04-15T13:52:32","modified_gmt":"2021-04-15T11:52:32","slug":"secretaria","status":"publish","type":"page","link":"https:\/\/agora.xtec.cat\/iescastellbisbal\/secretaria\/","title":{"rendered":"Secretaria"},"content":{"rendered":"<p><span style=\"font-family: verdana; font-size: small;\">A la secretaria del nostre institut realitzem totes les gestions i tr\u00e0mits administratius referents a preinscripcions, matr\u00edcules, certificaci\u00f3 de notes, t\u00edtols&#8230;<br \/>\n<\/span><\/p>\n<div align=\"left\">\n<p><span style=\"font-size: x-large;\"><strong>Horari de secretaria<\/strong><\/span><\/p>\n<h3>De dilluns a divendres de 9.00 h a 14.00 h<\/h3>\n<\/div>\n","protected":false},"excerpt":{"rendered":"<p>A la secretaria del nostre institut realitzem totes les gestions i tr\u00e0mits administratius referents a preinscripcions, matr\u00edcules, certificaci\u00f3 de notes, t\u00edtols&#8230;<\/p>\n<p>Horari de secretaria<br \/>\nDe dilluns a divendres de 9.00 h a 14.00 h<\/p>\n","protected":false},"author":1,"featured_media":0,"parent":0,"menu_order":0,"comment_status":"closed","ping_status":"closed","template":"page-templates\/side-menu.php","meta":{"_bbp_topic_count":0,"_bbp_reply_count":0,"_bbp_total_topic_count":0,"_bbp_total_reply_count":0,"_bbp_voice_count":0,"_bbp_anonymous_reply_count":0,"_bbp_topic_count_hidden":0,"_bbp_reply_count_hidden":0,"_bbp_forum_subforum_count":0,"footnotes":""},"class_list":["post-81","page","type-page","status-publish","hentry"],"post_mailing_queue_ids":[],"_links":{"self":[{"href":"https:\/\/agora.xtec.cat\/iescastellbisbal\/wp-json\/wp\/v2\/pages\/81","targetHints":{"allow":["GET"]}}],"collection":[{"href":"https:\/\/agora.xtec.cat\/iescastellbisbal\/wp-json\/wp\/v2\/pages"}],"about":[{"href":"https:\/\/agora.xtec.cat\/iescastellbisbal\/wp-json\/wp\/v2\/types\/page"}],"author":[{"embeddable":true,"href":"https:\/\/agora.xtec.cat\/iescastellbisbal\/wp-json\/wp\/v2\/users\/1"}],"replies":[{"embeddable":true,"href":"https:\/\/agora.xtec.cat\/iescastellbisbal\/wp-json\/wp\/v2\/comments?post=81"}],"version-history":[{"count":3,"href":"https:\/\/agora.xtec.cat\/iescastellbisbal\/wp-json\/wp\/v2\/pages\/81\/revisions"}],"predecessor-version":[{"id":4204,"href":"https:\/\/agora.xtec.cat\/iescastellbisbal\/wp-json\/wp\/v2\/pages\/81\/revisions\/4204"}],"wp:attachment":[{"href":"https:\/\/agora.xtec.cat\/iescastellbisbal\/wp-json\/wp\/v2\/media?parent=81"}],"curies":[{"name":"wp","href":"https:\/\/api.w.org\/{rel}","templated":true}]}}