{"id":55,"date":"2014-09-17T16:59:49","date_gmt":"2014-09-17T16:59:49","guid":{"rendered":"http:\/\/agora.xtec.cat\/iescastellbisbal\/?page_id=55"},"modified":"2018-11-28T12:25:04","modified_gmt":"2018-11-28T11:25:04","slug":"horaris","status":"publish","type":"page","link":"https:\/\/agora.xtec.cat\/iescastellbisbal\/linstitut\/horaris\/","title":{"rendered":"Horaris"},"content":{"rendered":"<p>L&#8217;horari habitual de les classes \u00e9s de dilluns a divendres, de 8.00 h a 14.30 h tant a l&#8217;ESO, com als ensenyaments postobligatoris.<\/p>\n<p>Les classes es distribueixen al llarg del mat\u00ed en tres franges de dos classes de 57 minuts cadascuna, amb aquesta organitzaci\u00f3:<\/p>\n<p><strong>1a classe<\/strong> &#8211; de 08.00 a 08.57 h<br \/>\n<strong>2a classe<\/strong> &#8211; de 08.57 a 09.54 h<\/p>\n<p><strong>ESBARJO<\/strong> &#8211; de 09.54 a 10.24 h (30 minuts per esmorzar i descansar)<\/p>\n<p><strong>3a classe<\/strong> &#8211; de 10.24 a 11.21 h<br \/>\n<strong>4a classe<\/strong> &#8211; de 11.21 a 12.18 h<\/p>\n<p><strong>EAI<\/strong> &#8211; de 12.18 a 12.36 h (18 minuts d&#8217;Espai d&#8217;Atenci\u00f3 Individualitzada; \u00e9s un espai lectiu, per\u00f2 lliure, en el qual els alumnes poden rebre suport i assessorament dels professors i les professores de l&#8217;equip docent).<\/p>\n<p><strong>5a classe<\/strong> &#8211; de 12.36 a 13.33 h<br \/>\n<strong>6a classe<\/strong> . de 13.33 a 14.30 h<\/p>\n<p>Alguns dies concrets del curs escolar tenen un horari especial o modificat, com l&#8217;\u00faltim dia abans de les vacances de Nadal, la celebraci\u00f3 de Carnaval o el darrer dia de curs, que coincideix amb el lliurament dels butlletins finals de notes. Sempre compten amb l&#8217;autoritzaci\u00f3 expressa del Consell Escolar del centre, i es notifiquen degudament a les fam\u00edlies amb antelaci\u00f3.<\/p>\n","protected":false},"excerpt":{"rendered":"<p>L&#8217;horari habitual de les classes \u00e9s de dilluns a divendres, de 8.00 h a 14.30 h tant a l&#8217;ESO, com als ensenyaments postobligatoris.<br \/>\nLes classes es distribueixen al llarg del mat\u00ed en tres franges de dos classes de 57 minuts cadascuna, amb aquesta organitzaci\u00f3:<br \/>\n1a classe &#8211;&hellip;  <a href=\"https:\/\/agora.xtec.cat\/iescastellbisbal\/linstitut\/horaris\/\" title=\"Read Horaris\">Llegeix m\u00e9s\u00bb<\/a><\/p>\n","protected":false},"author":1,"featured_media":0,"parent":19,"menu_order":80,"comment_status":"closed","ping_status":"closed","template":"page-templates\/side-menu.php","meta":{"_bbp_topic_count":0,"_bbp_reply_count":0,"_bbp_total_topic_count":0,"_bbp_total_reply_count":0,"_bbp_voice_count":0,"_bbp_anonymous_reply_count":0,"_bbp_topic_count_hidden":0,"_bbp_reply_count_hidden":0,"_bbp_forum_subforum_count":0,"footnotes":""},"class_list":["post-55","page","type-page","status-publish","hentry"],"post_mailing_queue_ids":[],"_links":{"self":[{"href":"https:\/\/agora.xtec.cat\/iescastellbisbal\/wp-json\/wp\/v2\/pages\/55","targetHints":{"allow":["GET"]}}],"collection":[{"href":"https:\/\/agora.xtec.cat\/iescastellbisbal\/wp-json\/wp\/v2\/pages"}],"about":[{"href":"https:\/\/agora.xtec.cat\/iescastellbisbal\/wp-json\/wp\/v2\/types\/page"}],"author":[{"embeddable":true,"href":"https:\/\/agora.xtec.cat\/iescastellbisbal\/wp-json\/wp\/v2\/users\/1"}],"replies":[{"embeddable":true,"href":"https:\/\/agora.xtec.cat\/iescastellbisbal\/wp-json\/wp\/v2\/comments?post=55"}],"version-history":[{"count":4,"href":"https:\/\/agora.xtec.cat\/iescastellbisbal\/wp-json\/wp\/v2\/pages\/55\/revisions"}],"predecessor-version":[{"id":3025,"href":"https:\/\/agora.xtec.cat\/iescastellbisbal\/wp-json\/wp\/v2\/pages\/55\/revisions\/3025"}],"up":[{"embeddable":true,"href":"https:\/\/agora.xtec.cat\/iescastellbisbal\/wp-json\/wp\/v2\/pages\/19"}],"wp:attachment":[{"href":"https:\/\/agora.xtec.cat\/iescastellbisbal\/wp-json\/wp\/v2\/media?parent=55"}],"curies":[{"name":"wp","href":"https:\/\/api.w.org\/{rel}","templated":true}]}}