{"id":39,"date":"2014-09-17T16:36:44","date_gmt":"2014-09-17T16:36:44","guid":{"rendered":"http:\/\/agora.xtec.cat\/iescastellbisbal\/?page_id=39"},"modified":"2016-10-06T18:16:50","modified_gmt":"2016-10-06T17:16:50","slug":"instal%c2%b7lacions","status":"publish","type":"page","link":"https:\/\/agora.xtec.cat\/iescastellbisbal\/linstitut\/instal%c2%b7lacions\/","title":{"rendered":"Instal\u00b7lacions"},"content":{"rendered":"<p>El centre consta de tres edificis clarament diferenciats. Un primer edifici \u00e9s l&#8217;<a href=\"http:\/\/agora.xtec.cat\/iescastellbisbal\/intraweb\/edifici-principal\" target=\"_blank\">edifici principal<\/a>, on s&#8217;imparteixen els estudis, i gaudeix d&#8217;aules especials de tecnologia, inform\u00e0tica, laboratori de f\u00edsica, qu\u00edmica i naturals, dibuix i biblioteca. Un <a href=\"http:\/\/agora.xtec.cat\/iescastellbisbal\/linstitut\/instal\u00b7lacions\/segon-edifici\" target=\"_blank\">segon edifici<\/a> est\u00e0 destinat a educaci\u00f3 f\u00edsica, per\u00f2 tamb\u00e9 s&#8217;utilitza com a sala d&#8217;actes. La cafeteria del centre es troba en un <a href=\"http:\/\/agora.xtec.cat\/iescastellbisbal\/linstitut\/instal\u00b7lacions\/tercer-edifici\" target=\"_blank\"> tercer edifici<\/a>. El <a href=\"http:\/\/agora.xtec.cat\/iescastellbisbal\/linstitut\/instal\u00b7lacions\/pati\/\" target=\"_blank\"> pati<\/a> est\u00e0 format per una gran pista poliesportiva on es pot practicar el b\u00e0squet i el futbol sala.<\/p>\n<p>L&#8217;IES Castellbisbal, a part de les aules tutoria, disposa de les aules espec\u00edfiques seg\u00fcents:<\/p>\n<table style=\"width: 70%;\" border=\"0\" cellspacing=\"1\" cellpadding=\"1\">\n<tbody>\n<tr>\n<td style=\"width: 50%;\">\n<ul>\n<li><span style=\"font-size: medium;\">3 aules d&#8217;inform\u00e0tica<\/span><\/li>\n<\/ul>\n<\/td>\n<td style=\"width: 50%;\">\n<ul>\n<li><span style=\"font-size: medium;\">1 aula de dibuix<\/span><\/li>\n<\/ul>\n<\/td>\n<\/tr>\n<tr>\n<td style=\"width: 50%;\">\n<ul>\n<li><span style=\"font-size: medium;\">2 tallers de tecnologia <\/span><\/li>\n<\/ul>\n<\/td>\n<td style=\"width: 50%;\">\n<ul>\n<li><span style=\"font-size: medium;\">1 aula de m\u00fasica<\/span><\/li>\n<\/ul>\n<\/td>\n<\/tr>\n<tr>\n<td style=\"width: 50%;\">\n<ul>\n<li><span style=\"font-size: medium;\">1 gimn\u00e0s<\/span><\/li>\n<\/ul>\n<\/td>\n<td style=\"width: 50%;\">\n<ul>\n<li><span style=\"font-size: medium;\">1 aula d&#8217;idiomes <\/span><\/li>\n<\/ul>\n<\/td>\n<\/tr>\n<tr>\n<td style=\"width: 50%;\">\n<ul>\n<li><span style=\"font-size: medium;\">3 laboratoris de ci\u00e8ncies <\/span><\/li>\n<\/ul>\n<\/td>\n<td style=\"width: 50%;\">\n<ul>\n<li><span style=\"font-size: medium;\">2 aules de cicles d&#8217;inform\u00e0tica<\/span><\/li>\n<\/ul>\n<\/td>\n<\/tr>\n<tr>\n<td style=\"width: 50%;\">\n<ul>\n<li><span style=\"font-size: medium;\">1 biblioteca <\/span><\/li>\n<\/ul>\n<\/td>\n<td style=\"width: 50%;\">\n<ul>\n<li><span style=\"font-size: medium;\">1 aula per a l&#8217;atenci\u00f3 a la diversitat<\/span><\/li>\n<\/ul>\n<\/td>\n<\/tr>\n<\/tbody>\n<\/table>\n","protected":false},"excerpt":{"rendered":"<p>El centre consta de tres edificis clarament diferenciats. Un primer edifici \u00e9s l&#8217;<a href=\"http:\/\/agora.xtec.cat\/iescastellbisbal\/intraweb\/edifici-principal\" target=\"_blank\">edifici principal<\/a>, on s&#8217;imparteixen els estudis, i gaudeix d&#8217;aules especials de tecnologia, inform\u00e0tica, laboratori de f\u00edsica, qu\u00edmica i naturals, dibuix i biblioteca. Un <a href=\"http:\/\/agora.xtec.cat\/iescastellbisbal\/linstitut\/instal\u00b7lacions\/segon-edifici\" target=\"_blank\">segon edifici<\/a> est\u00e0 destinat a educaci\u00f3&hellip;  <a href=\"https:\/\/agora.xtec.cat\/iescastellbisbal\/linstitut\/instal%c2%b7lacions\/\" title=\"Read Instal\u00b7lacions\">Llegeix m\u00e9s\u00bb<\/a><\/p>\n","protected":false},"author":1,"featured_media":0,"parent":19,"menu_order":30,"comment_status":"closed","ping_status":"closed","template":"page-templates\/side-menu.php","meta":{"_bbp_topic_count":0,"_bbp_reply_count":0,"_bbp_total_topic_count":0,"_bbp_total_reply_count":0,"_bbp_voice_count":0,"_bbp_anonymous_reply_count":0,"_bbp_topic_count_hidden":0,"_bbp_reply_count_hidden":0,"_bbp_forum_subforum_count":0,"footnotes":""},"class_list":["post-39","page","type-page","status-publish","hentry"],"post_mailing_queue_ids":[],"_links":{"self":[{"href":"https:\/\/agora.xtec.cat\/iescastellbisbal\/wp-json\/wp\/v2\/pages\/39","targetHints":{"allow":["GET"]}}],"collection":[{"href":"https:\/\/agora.xtec.cat\/iescastellbisbal\/wp-json\/wp\/v2\/pages"}],"about":[{"href":"https:\/\/agora.xtec.cat\/iescastellbisbal\/wp-json\/wp\/v2\/types\/page"}],"author":[{"embeddable":true,"href":"https:\/\/agora.xtec.cat\/iescastellbisbal\/wp-json\/wp\/v2\/users\/1"}],"replies":[{"embeddable":true,"href":"https:\/\/agora.xtec.cat\/iescastellbisbal\/wp-json\/wp\/v2\/comments?post=39"}],"version-history":[{"count":3,"href":"https:\/\/agora.xtec.cat\/iescastellbisbal\/wp-json\/wp\/v2\/pages\/39\/revisions"}],"predecessor-version":[{"id":1817,"href":"https:\/\/agora.xtec.cat\/iescastellbisbal\/wp-json\/wp\/v2\/pages\/39\/revisions\/1817"}],"up":[{"embeddable":true,"href":"https:\/\/agora.xtec.cat\/iescastellbisbal\/wp-json\/wp\/v2\/pages\/19"}],"wp:attachment":[{"href":"https:\/\/agora.xtec.cat\/iescastellbisbal\/wp-json\/wp\/v2\/media?parent=39"}],"curies":[{"name":"wp","href":"https:\/\/api.w.org\/{rel}","templated":true}]}}