{"id":2312,"date":"2017-06-01T13:20:18","date_gmt":"2017-06-01T11:20:18","guid":{"rendered":"http:\/\/agora.xtec.cat\/iescastellbisbal\/?page_id=2312"},"modified":"2023-03-07T16:02:24","modified_gmt":"2023-03-07T15:02:24","slug":"cicle-formatiu","status":"publish","type":"page","link":"https:\/\/agora.xtec.cat\/iescastellbisbal\/secretaria\/preinscripcio\/cicle-formatiu\/","title":{"rendered":"Cicle formatiu"},"content":{"rendered":"<p style=\"text-align: left;\">\n<table>\n<tbody>\n<tr>\n<td><\/td>\n<td style=\"vertical-align: top;\"><\/td>\n<\/tr>\n<\/tbody>\n<\/table>\n<p>&nbsp;<\/p>\n<hr \/>\n<h5 style=\"text-align: justify;\">Per a qualsevol dubte o informaci\u00f3 complement\u00e0ria que tingueu, podeu contactar amb nosaltres per correu electr\u00f2nic: <strong>institutcastellbisbal<span class=\"\">@xtec<\/span>.cat <\/strong>o per tel\u00e8fon<strong> 93 772 19 69.<\/strong><\/h5>\n","protected":false},"excerpt":{"rendered":"<p>&nbsp;<\/p>\n<p>Per a qualsevol dubte o informaci\u00f3 complement\u00e0ria que tingueu, podeu contactar amb nosaltres per correu electr\u00f2nic: institutcastellbisbal@xtec.cat o per tel\u00e8fon 93 772 19 69.<\/p>\n","protected":false},"author":1,"featured_media":0,"parent":2304,"menu_order":20,"comment_status":"closed","ping_status":"closed","template":"page-templates\/side-menu.php","meta":{"_bbp_topic_count":0,"_bbp_reply_count":0,"_bbp_total_topic_count":0,"_bbp_total_reply_count":0,"_bbp_voice_count":0,"_bbp_anonymous_reply_count":0,"_bbp_topic_count_hidden":0,"_bbp_reply_count_hidden":0,"_bbp_forum_subforum_count":0,"footnotes":""},"class_list":["post-2312","page","type-page","status-publish","hentry"],"post_mailing_queue_ids":[],"_links":{"self":[{"href":"https:\/\/agora.xtec.cat\/iescastellbisbal\/wp-json\/wp\/v2\/pages\/2312","targetHints":{"allow":["GET"]}}],"collection":[{"href":"https:\/\/agora.xtec.cat\/iescastellbisbal\/wp-json\/wp\/v2\/pages"}],"about":[{"href":"https:\/\/agora.xtec.cat\/iescastellbisbal\/wp-json\/wp\/v2\/types\/page"}],"author":[{"embeddable":true,"href":"https:\/\/agora.xtec.cat\/iescastellbisbal\/wp-json\/wp\/v2\/users\/1"}],"replies":[{"embeddable":true,"href":"https:\/\/agora.xtec.cat\/iescastellbisbal\/wp-json\/wp\/v2\/comments?post=2312"}],"version-history":[{"count":3,"href":"https:\/\/agora.xtec.cat\/iescastellbisbal\/wp-json\/wp\/v2\/pages\/2312\/revisions"}],"predecessor-version":[{"id":5619,"href":"https:\/\/agora.xtec.cat\/iescastellbisbal\/wp-json\/wp\/v2\/pages\/2312\/revisions\/5619"}],"up":[{"embeddable":true,"href":"https:\/\/agora.xtec.cat\/iescastellbisbal\/wp-json\/wp\/v2\/pages\/2304"}],"wp:attachment":[{"href":"https:\/\/agora.xtec.cat\/iescastellbisbal\/wp-json\/wp\/v2\/media?parent=2312"}],"curies":[{"name":"wp","href":"https:\/\/api.w.org\/{rel}","templated":true}]}}