{"id":2308,"date":"2017-06-01T13:18:56","date_gmt":"2017-06-01T11:18:56","guid":{"rendered":"http:\/\/agora.xtec.cat\/iescastellbisbal\/?page_id=2308"},"modified":"2023-06-19T10:49:37","modified_gmt":"2023-06-19T08:49:37","slug":"eso","status":"publish","type":"page","link":"https:\/\/agora.xtec.cat\/iescastellbisbal\/secretaria\/preinscripcio\/eso\/","title":{"rendered":"ESO"},"content":{"rendered":"<h3 style=\"text-align: center;\"><strong><a href=\"https:\/\/preinscripcio.gencat.cat\/ca\/estudis\/eso\/inici\/\" target=\"_blank\" rel=\"noopener\">Informaci\u00f3 proc\u00e9s de preinscripci\u00f3 i matr\u00edcula<\/a><\/strong><\/h3>\n<p>&nbsp;<\/p>\n<p>&nbsp;<\/p>\n<h5 style=\"text-align: justify;\">Per a qualsevol dubte o informaci\u00f3 complement\u00e0ria que tingueu, podeu contactar amb nosaltres per correu electr\u00f2nic:<\/h5>\n<h5 style=\"text-align: justify;\"><strong>institutcastellbisbal<span class=\"\">@xtec<\/span>.cat <\/strong>o per tel\u00e8fon<strong> 93 772 19 69.<\/strong><\/h5>\n","protected":false},"excerpt":{"rendered":"<p><a href=\"https:\/\/preinscripcio.gencat.cat\/ca\/estudis\/eso\/inici\/\" target=\"_blank\" rel=\"noopener\">Informaci\u00f3 proc\u00e9s de preinscripci\u00f3 i matr\u00edcula<\/a><br \/>\n&nbsp;<br \/>\n&nbsp;<br \/>\nPer a qualsevol dubte o informaci\u00f3 complement\u00e0ria que tingueu, podeu contactar amb nosaltres per correu electr\u00f2nic:<br \/>\ninstitutcastellbisbal@xtec.cat o per tel\u00e8fon 93 772 19 69.<\/p>\n","protected":false},"author":1,"featured_media":0,"parent":2304,"menu_order":0,"comment_status":"closed","ping_status":"closed","template":"page-templates\/side-menu.php","meta":{"_bbp_topic_count":0,"_bbp_reply_count":0,"_bbp_total_topic_count":0,"_bbp_total_reply_count":0,"_bbp_voice_count":0,"_bbp_anonymous_reply_count":0,"_bbp_topic_count_hidden":0,"_bbp_reply_count_hidden":0,"_bbp_forum_subforum_count":0,"footnotes":""},"class_list":["post-2308","page","type-page","status-publish","hentry"],"post_mailing_queue_ids":[],"_links":{"self":[{"href":"https:\/\/agora.xtec.cat\/iescastellbisbal\/wp-json\/wp\/v2\/pages\/2308","targetHints":{"allow":["GET"]}}],"collection":[{"href":"https:\/\/agora.xtec.cat\/iescastellbisbal\/wp-json\/wp\/v2\/pages"}],"about":[{"href":"https:\/\/agora.xtec.cat\/iescastellbisbal\/wp-json\/wp\/v2\/types\/page"}],"author":[{"embeddable":true,"href":"https:\/\/agora.xtec.cat\/iescastellbisbal\/wp-json\/wp\/v2\/users\/1"}],"replies":[{"embeddable":true,"href":"https:\/\/agora.xtec.cat\/iescastellbisbal\/wp-json\/wp\/v2\/comments?post=2308"}],"version-history":[{"count":3,"href":"https:\/\/agora.xtec.cat\/iescastellbisbal\/wp-json\/wp\/v2\/pages\/2308\/revisions"}],"predecessor-version":[{"id":5924,"href":"https:\/\/agora.xtec.cat\/iescastellbisbal\/wp-json\/wp\/v2\/pages\/2308\/revisions\/5924"}],"up":[{"embeddable":true,"href":"https:\/\/agora.xtec.cat\/iescastellbisbal\/wp-json\/wp\/v2\/pages\/2304"}],"wp:attachment":[{"href":"https:\/\/agora.xtec.cat\/iescastellbisbal\/wp-json\/wp\/v2\/media?parent=2308"}],"curies":[{"name":"wp","href":"https:\/\/api.w.org\/{rel}","templated":true}]}}