{"id":19,"date":"2014-09-17T14:56:56","date_gmt":"2014-09-17T14:56:56","guid":{"rendered":"http:\/\/agora.xtec.cat\/iescastellbisbal\/?page_id=19"},"modified":"2016-10-06T16:43:51","modified_gmt":"2016-10-06T15:43:51","slug":"linstitut","status":"publish","type":"page","link":"https:\/\/agora.xtec.cat\/iescastellbisbal\/linstitut\/","title":{"rendered":"L&#8217;institut"},"content":{"rendered":"<p><span style=\"font-family: verdana;\">L&#8217;INS Castellbisbal es troba a la comarca del Vall\u00e8s Occidental, a la localitat de <a href=\"http:\/\/www.castellbisbal.org\/\" target=\"_blank\">Castellbisbal<\/a>. \u00c9s un municipi que dista uns 25 km de Barcelona i est\u00e0 situat al costat del riu Llobregat. Aquest fet li ha perm\u00e8s tenir una agricultura de regadiu important (hortalisses, fruites, flors&#8230;) Tamb\u00e9 t\u00e9 ind\u00fastries de vidre, papereria i sider\u00fargia.<\/span><\/p>\n","protected":false},"excerpt":{"rendered":"<p>L&#8217;INS Castellbisbal es troba a la comarca del Vall\u00e8s Occidental, a la localitat de <a href=\"http:\/\/www.castellbisbal.org\/\" target=\"_blank\">Castellbisbal<\/a>. \u00c9s un municipi que dista uns 25 km de Barcelona i est\u00e0 situat al costat del riu Llobregat. Aquest fet li ha perm\u00e8s tenir una agricultura de regadiu&hellip;  <a href=\"https:\/\/agora.xtec.cat\/iescastellbisbal\/linstitut\/\" title=\"Read L&#8217;institut\">Llegeix m\u00e9s\u00bb<\/a><\/p>\n","protected":false},"author":1,"featured_media":0,"parent":0,"menu_order":0,"comment_status":"closed","ping_status":"closed","template":"page-templates\/side-menu.php","meta":{"_bbp_topic_count":0,"_bbp_reply_count":0,"_bbp_total_topic_count":0,"_bbp_total_reply_count":0,"_bbp_voice_count":0,"_bbp_anonymous_reply_count":0,"_bbp_topic_count_hidden":0,"_bbp_reply_count_hidden":0,"_bbp_forum_subforum_count":0,"footnotes":""},"class_list":["post-19","page","type-page","status-publish","hentry"],"post_mailing_queue_ids":[],"_links":{"self":[{"href":"https:\/\/agora.xtec.cat\/iescastellbisbal\/wp-json\/wp\/v2\/pages\/19","targetHints":{"allow":["GET"]}}],"collection":[{"href":"https:\/\/agora.xtec.cat\/iescastellbisbal\/wp-json\/wp\/v2\/pages"}],"about":[{"href":"https:\/\/agora.xtec.cat\/iescastellbisbal\/wp-json\/wp\/v2\/types\/page"}],"author":[{"embeddable":true,"href":"https:\/\/agora.xtec.cat\/iescastellbisbal\/wp-json\/wp\/v2\/users\/1"}],"replies":[{"embeddable":true,"href":"https:\/\/agora.xtec.cat\/iescastellbisbal\/wp-json\/wp\/v2\/comments?post=19"}],"version-history":[{"count":2,"href":"https:\/\/agora.xtec.cat\/iescastellbisbal\/wp-json\/wp\/v2\/pages\/19\/revisions"}],"predecessor-version":[{"id":1795,"href":"https:\/\/agora.xtec.cat\/iescastellbisbal\/wp-json\/wp\/v2\/pages\/19\/revisions\/1795"}],"wp:attachment":[{"href":"https:\/\/agora.xtec.cat\/iescastellbisbal\/wp-json\/wp\/v2\/media?parent=19"}],"curies":[{"name":"wp","href":"https:\/\/api.w.org\/{rel}","templated":true}]}}