{"id":1484,"date":"2013-12-03T20:44:38","date_gmt":"2013-12-03T19:44:38","guid":{"rendered":"http:\/\/agora.xtec.cat\/iescastellbisbal\/intraweb\/projecte-corresponsals\/"},"modified":"2013-12-03T20:44:38","modified_gmt":"2013-12-03T19:44:38","slug":"projecte-corresponsals","status":"publish","type":"page","link":"https:\/\/agora.xtec.cat\/iescastellbisbal\/intraweb\/projecte-corresponsals\/","title":{"rendered":"Projecte Corresponsals"},"content":{"rendered":"<p><p align=\"center\"><span style=\"color: #0003ff;\"><font size=\"4\"><strong>El projecte Corresponsals<\/strong><\/font><\/span><\/p>\n<p align=\"center\"><strong><\/strong><\/p>\n<hr \/>\n<p>El projecte de Corresponsals sorgeix de la necessitat de poder establir un canal de comunicaci\u00f3 directe amb els joves i el departament de Joventut de l\u2019Ajuntament de Castellbisbal, emmarcat dins del projecte PIDCES als instituts. <\/p>\n<div align=\"justify\">\n<p>La finalitat del programa t\u00e9 un doble vessant; per una banda, informar i fer difusi\u00f3 dels recursos existents a Castellbisbal en mat\u00e8ria de joventut i, per altra banda, recollir les inquietuds i prefer\u00e8ncies dels i les joves en&nbsp; els \u00e0mbits en els quals es mouen.<\/p>\n<p>El projecte ofereix als i les joves la possibilitat d\u2019informar als i les seves companys\/es i d\u2019aquesta manera afavorir la maduresa personal i la participaci\u00f3 ciutadana, fomentant una educaci\u00f3 en valors per aprendre a aprendre, pensar i desenvolupar l\u2019esperit cr\u00edtic.<\/p>\n<p>Requisits de l\u2019alumne corresponsal<\/p>\n<ul>\n<li>1 o 2 alumnes de cada grup classe (a partir de 3er de la ESO). <\/li>\n<li>Alumnes residents a Castellbisbal.<\/li>\n<li>Estar matriculat durant el curs escolar corresponent en un dels centres educatius que participen en el projecte.<\/li>\n<li>Tenir disponibilitat hor\u00e0ria per a dedicar el temps suficient per a desenvolupar la seva tasca com a corresponsal juvenil.<\/li>\n<\/ul>\n<p>En cap cas els i les corresponsals tenen cap relaci\u00f3 laboral amb l\u2019Ajuntament de Castellbisbal. <\/p>\n<p><strong>Caracter\u00edstiques d\u2019un\/a corresponsal juvenil<\/strong><\/p>\n<p>Els trets distintius del\/la corresponsal juvenil s\u00f3n: voluntari, extravertit, din\u00e0mic, organitzat, responsable i gener\u00f3s.<\/p>\n<p>El\/la corresponsal juvenil \u00e9s una persona din\u00e0mica, responsable, preocupada per l\u2019entorn que l\u2019envolta i generosa.<\/p>\n<p><strong>Tasques del alumne corresponsal<\/strong><\/p>\n<p>La tasca del corresponsal \u00e9s volunt\u00e0ria i produeix un efecte multiplicador de la informaci\u00f3.<\/p>\n<ul>\n<li>Informar la comunitat educativa de l\u2019Institut de les campanyes i\/o activitats que s\u2019organitzen del Departament de Joventut.<\/li>\n<li>Participar en les reunions de coordinaci\u00f3 amb la dinamitzadora juvenil, a les hores de tutoria programades. <\/li>\n<li>Detectar demandes i inquietuds juvenils.<\/li>\n<li>Vehicular propostes i\/o necessitats dels i les joves dels centres a trav\u00e9s del Punt d\u2019informaci\u00f3 Jove i el Departament de Joventut.<\/li>\n<li>Creaci\u00f3 d\u2019una b\u00fastia d\u2019opini\u00f3 a l\u2019institut: recollir les paperetes de la b\u00fastia i establir peri\u00f2dicament mecanismes que fomentin l\u2019\u00fas de la b\u00fastia de queixes i suggeriments. Aquesta operaci\u00f3 s\u2019ha de fer mensualment, per\u00f2 pot variar en funci\u00f3 del calendari, de les activitats i del tipus d\u2019informaci\u00f3.<\/li>\n<li>Distribuci\u00f3 del material de promoci\u00f3 i de campanyes que es posin en marxa des del Punt d\u2019Informaci\u00f3 Juvenil i des de l\u2019Ajuntament, en els casos que pertoqui, per tal de fer-lo arribar a tot l\u2019alumnat mitjan\u00e7ant el sistema que cada corresponsal consideri m\u00e9s efectiu, segons les condicions f\u00edsiques u d\u2019organitzaci\u00f3 de cada centre, i atenent i respectant sempre els criteris de la direcci\u00f3.<\/li>\n<li>Col\u00b7laborar en totes aquelles activitats puntuals on es consideri necess\u00e0ria la intervenci\u00f3 o l\u2019assist\u00e8ncia del corresponsal.<\/li>\n<\/ul><\/div><\/p>\n","protected":false},"excerpt":{"rendered":"<p>El projecte Corresponsals<\/p>\n<p>El projecte de Corresponsals sorgeix de la necessitat de poder establir un canal de comunicaci\u00f3 directe amb els joves i el departament de Joventut de l\u2019Ajuntament de Castellbisbal, emmarcat dins del projecte PIDCES als instituts. <\/p>\n<p>La finalitat del programa t\u00e9 un doble vessant;&hellip;  <a href=\"https:\/\/agora.xtec.cat\/iescastellbisbal\/intraweb\/projecte-corresponsals\/\" title=\"Read Projecte Corresponsals\">Llegeix m\u00e9s\u00bb<\/a><\/p>\n","protected":false},"author":1,"featured_media":0,"parent":1078,"menu_order":0,"comment_status":"closed","ping_status":"closed","template":"page-templates\/side-menu.php","meta":{"_bbp_topic_count":0,"_bbp_reply_count":0,"_bbp_total_topic_count":0,"_bbp_total_reply_count":0,"_bbp_voice_count":0,"_bbp_anonymous_reply_count":0,"_bbp_topic_count_hidden":0,"_bbp_reply_count_hidden":0,"_bbp_forum_subforum_count":0,"footnotes":""},"class_list":["post-1484","page","type-page","status-publish","hentry"],"post_mailing_queue_ids":[],"_links":{"self":[{"href":"https:\/\/agora.xtec.cat\/iescastellbisbal\/wp-json\/wp\/v2\/pages\/1484","targetHints":{"allow":["GET"]}}],"collection":[{"href":"https:\/\/agora.xtec.cat\/iescastellbisbal\/wp-json\/wp\/v2\/pages"}],"about":[{"href":"https:\/\/agora.xtec.cat\/iescastellbisbal\/wp-json\/wp\/v2\/types\/page"}],"author":[{"embeddable":true,"href":"https:\/\/agora.xtec.cat\/iescastellbisbal\/wp-json\/wp\/v2\/users\/1"}],"replies":[{"embeddable":true,"href":"https:\/\/agora.xtec.cat\/iescastellbisbal\/wp-json\/wp\/v2\/comments?post=1484"}],"version-history":[{"count":0,"href":"https:\/\/agora.xtec.cat\/iescastellbisbal\/wp-json\/wp\/v2\/pages\/1484\/revisions"}],"up":[{"embeddable":true,"href":"https:\/\/agora.xtec.cat\/iescastellbisbal\/wp-json\/wp\/v2\/pages\/1078"}],"wp:attachment":[{"href":"https:\/\/agora.xtec.cat\/iescastellbisbal\/wp-json\/wp\/v2\/media?parent=1484"}],"curies":[{"name":"wp","href":"https:\/\/api.w.org\/{rel}","templated":true}]}}