{"id":1475,"date":"2010-10-12T11:00:57","date_gmt":"2010-10-12T10:00:57","guid":{"rendered":"http:\/\/agora.xtec.cat\/iescastellbisbal\/intraweb\/club-de-lectura\/"},"modified":"2016-06-21T10:19:24","modified_gmt":"2016-06-21T09:19:24","slug":"club-de-lectura","status":"publish","type":"page","link":"https:\/\/agora.xtec.cat\/iescastellbisbal\/intraweb\/club-de-lectura\/","title":{"rendered":"Biblioteca"},"content":{"rendered":"<p><p>\nEl club de lectura es va formar durant el curs 2009-2010 amb l&#8217;objectiu de crear una activitat que permet\u00e9s al professorat compartir l&#8217;afici\u00f3 a la lectura amb els altres companys i companyes a partir del comentari en grup d&#8217;un llibre proposat pr\u00e8viament. Aix\u00ed, doncs, un cop per trimestre proposem un llibre a llegir i, despr\u00e9s, ens trobem per parlar-ne i fer-ne un petit debat que ens ajudi a aprofundir en aquesta lectura a partir de tots els aspectes que hagin anat sortint durant la sessi\u00f3.<\/p>\n<\/p>\n<p>A la trobada del segon trimestre, que ser\u00e0 per sant Jordi, comentarem dos llibres:<\/p>\n<table cellspacing=\"0\" cellpadding=\"0\" border=\"0\" style=\"width: 100%;\">\n<tbody>\n<tr>\n<td align=\"center\" style=\"width: 40%;\"> <img decoding=\"async\" style=\"margin-top: 20px;\" src=\"file.php?file=documents\/imatges\/portada.jpg\" \/><\/td>\n<td align=\"center\" style=\"width: 60%;\">\n<div align=\"justify\"><strong><em><\/em><\/strong> <\/p>\n<p> <em><strong>Ema\u00fas<\/strong><\/em>, d&#8217;Alessandro Baricco. Editorial Anagrama (versi\u00f3 castellana). Editorial La Magrana (versi\u00f3 catalana)<\/p>\n<p>Una novel\u00b7la ambientada a la It\u00e0lia dels anys 70 i protagonitzada per uns nois adolescents; una hist\u00f2ria &quot;an\u00f2mala&quot; en la carrera de l\u2019autor perqu\u00e8 normalment ha cercat&nbsp; la inspiraci\u00f3 en mons llunyans. S\u00f3n nois de classe mitjana-baixa, cat\u00f2lics a ultran\u00e7a, que veuen com totes les seves certeses es desmunten quan apareix l&#8217;Andre, una noia amb diners i de costums lliberals que representa &quot;all\u00f2 desitjat, per\u00f2 pecamin\u00f3s&quot;.<\/p>\n<\/p><\/div>\n<div align=\"left\"><strong><em>Una m\u00e0quina d\u2019espavilar ocells de nit<\/em><\/strong>, de Jordi Lara. Edicions 1894.<\/p>\n<p>Un adolescent tan d\u00f2cil com curi\u00f3s entra a formar part d\u2019un conjunt de m\u00fasics vells i estrafolaris. Amb ells descobrir\u00e0 qu\u00e8 \u00e9s, exactament, una m\u00e0quina d\u2019espavilar ocells de nit, i per qu\u00e8 serveix i li servir\u00e0 a la llarga: per indagar en el talent que potser no t\u00e9, en l\u2019amor que gaireb\u00e9 no sabr\u00e0 viure, en la llibertat que tem o en el misteri de la m\u00fasica mateixa.<\/div>\n<p> \n        <\/td>\n<\/tr>\n<\/tbody>\n<\/table>\n<p align=\"justify\"> <em><br \/><\/em><\/p>\n<p><\/p>\n<table cellpadding=\"5\" style=\"border: 1px dotted #000000; width: 100%; border-collapse: collapse;\">\n<tbody>\n<tr>\n<td style=\"border: 1px dotted #000000;\">\n<p><font size=\"3\"><strong>Curs 2009-2010<\/strong><\/font><\/p>\n<p>Aqu\u00ed teniu un resum de les idees que van sorgir en el comentari del llibre&#8230; <\/p>\n<p><a href=\"index.php?module=pages&amp;func=display&amp;pageid=21\"><em>El lector<\/em><\/a>, de Bernard Schlink<\/p>\n<\/td>\n<\/tr>\n<\/tbody>\n<\/table>\n<table cellpadding=\"5\" style=\"border: 1px dotted #000000; width: 100%; border-collapse: collapse;\">\n<tbody>\n<tr>\n<td style=\"border: 1px dotted #000000;\"><strong> <span style=\"font-weight: normal; font-family: Tahoma,Verdana,Arial,Helvetica,sans-serif; font-size: 12px;\"> <\/p>\n<p style=\"margin: 0px; color: #000000; font-size: 1em; font-family: Tahoma,Verdana,Arial,Helvetica,sans-serif;\"><font size=\"3\"><strong>Curs 2010-2011<\/strong><\/font><\/p>\n<p>Aqu\u00ed teniu un resum de les idees que van sorgir en el comentari del llibre&#8230;<\/p>\n<p><a href=\"index.php?module=pages&amp;func=display&amp;pageid=22\"><em>L&#8217;eleg\u00e0ncia de l&#8217;eri\u00e7\u00f3<\/em><\/a>, de Muriel Barbery<\/p>\n<p><a href=\"index.php?module=pages&amp;func=display&amp;pageid=24\"><em>La dona de verd<\/em><\/a>, d&#8217;Arnaldur Indridason<\/p>\n<p><a href=\"index.php?module=pages&amp;func=display&amp;pageid=25\"><em>El silenci dels arbres<\/em><\/a>, d&#8217;Eduard M\u00e0rquez<\/p>\n<p><\/span><\/strong><\/td>\n<\/tr>\n<\/tbody>\n<\/table>\n<p><\/p>\n<table cellpadding=\"5\" align=\"center\" style=\"border-top-width: 1px; border-right-width: 1px; border-bottom-width: 1px; border-left-width: 1px; border-top-style: solid; border-right-style: solid; border-bottom-style: solid; border-left-style: solid; border-top-color: #000000; border-right-color: #000000; border-bottom-color: #000000; border-left-color: #000000; \">\n<tbody>\n<tr>\n<td align=\"center\"><font size=\"3\">Si vols proposar una lectura per a altres sessions del club de lectura, <a href=\"index.php?module=iw_forms&amp;func=new&amp;fid=50\">envia&#8217;ns una anotaci\u00f3<\/a>.<\/font><\/td>\n<\/tr>\n<\/tbody>\n<\/table>\n<div class='alignnone size-medium'><img src='http:\/\/agora.xtec.cat\/iescastellbisbal\/wp-content\/uploads\/usu1\/2016\/06\/portada.jpg'><\/div>\n","protected":false},"excerpt":{"rendered":"<p>El club de lectura es va formar durant el curs 2009-2010 amb l&#8217;objectiu de crear una activitat que permet\u00e9s al professorat compartir l&#8217;afici\u00f3 a la lectura amb els altres companys i companyes a partir del comentari en grup d&#8217;un llibre proposat pr\u00e8viament. Aix\u00ed, doncs, un&hellip;  <a href=\"https:\/\/agora.xtec.cat\/iescastellbisbal\/intraweb\/club-de-lectura\/\" title=\"Read Biblioteca\">Llegeix m\u00e9s\u00bb<\/a><\/p>\n","protected":false},"author":1,"featured_media":0,"parent":1078,"menu_order":0,"comment_status":"closed","ping_status":"closed","template":"page-templates\/side-menu.php","meta":{"_bbp_topic_count":0,"_bbp_reply_count":0,"_bbp_total_topic_count":0,"_bbp_total_reply_count":0,"_bbp_voice_count":0,"_bbp_anonymous_reply_count":0,"_bbp_topic_count_hidden":0,"_bbp_reply_count_hidden":0,"_bbp_forum_subforum_count":0,"footnotes":""},"class_list":["post-1475","page","type-page","status-publish","hentry"],"post_mailing_queue_ids":[],"_links":{"self":[{"href":"https:\/\/agora.xtec.cat\/iescastellbisbal\/wp-json\/wp\/v2\/pages\/1475","targetHints":{"allow":["GET"]}}],"collection":[{"href":"https:\/\/agora.xtec.cat\/iescastellbisbal\/wp-json\/wp\/v2\/pages"}],"about":[{"href":"https:\/\/agora.xtec.cat\/iescastellbisbal\/wp-json\/wp\/v2\/types\/page"}],"author":[{"embeddable":true,"href":"https:\/\/agora.xtec.cat\/iescastellbisbal\/wp-json\/wp\/v2\/users\/1"}],"replies":[{"embeddable":true,"href":"https:\/\/agora.xtec.cat\/iescastellbisbal\/wp-json\/wp\/v2\/comments?post=1475"}],"version-history":[{"count":1,"href":"https:\/\/agora.xtec.cat\/iescastellbisbal\/wp-json\/wp\/v2\/pages\/1475\/revisions"}],"predecessor-version":[{"id":1476,"href":"https:\/\/agora.xtec.cat\/iescastellbisbal\/wp-json\/wp\/v2\/pages\/1475\/revisions\/1476"}],"up":[{"embeddable":true,"href":"https:\/\/agora.xtec.cat\/iescastellbisbal\/wp-json\/wp\/v2\/pages\/1078"}],"wp:attachment":[{"href":"https:\/\/agora.xtec.cat\/iescastellbisbal\/wp-json\/wp\/v2\/media?parent=1475"}],"curies":[{"name":"wp","href":"https:\/\/api.w.org\/{rel}","templated":true}]}}