{"id":1435,"date":"2008-10-04T20:30:02","date_gmt":"2008-10-04T19:30:02","guid":{"rendered":"http:\/\/agora.xtec.cat\/iescastellbisbal\/intraweb\/el-centre\/"},"modified":"2008-10-04T20:30:02","modified_gmt":"2008-10-04T19:30:02","slug":"el-centre","status":"publish","type":"page","link":"https:\/\/agora.xtec.cat\/iescastellbisbal\/intraweb\/el-centre\/","title":{"rendered":"El nostre institut"},"content":{"rendered":"<p><p> <font size=\"2\" face=\"verdana\">L&#8217;INS Castellbisbal es troba a la comarca del Vall\u00e8s Occidental, a la localitat de<br \/>\n<a target=\"_blank\" href=\"http:\/\/www.castellbisbal.org\/\">Castellbisbal<\/a>. \u00c9s un municipi que dista uns 25 km de Barcelona i est\u00e0 situat al costat del riu Llobregat. Aquest fet li ha perm\u00e8s tenir una agricultura de regadiu important (hortalisses, fruites, flors&#8230;) Tamb\u00e9 t\u00e9 ind\u00fastries de vidre, papereria i sider\u00fargia.<\/p>\n<p>El centre consta de tres edificis clarament diferenciats. Un primer edifici \u00e9s l&#8217;<a target=\"_blank\" href=\"index.php?module=Pages&amp;func=display&amp;pageid=9\">edifici principal<\/a>, on s&#8217;imparteixen els estudis, i gaudeix d&#8217;aules especials de tecnologia, inform\u00e0tica, laboratori de f\u00edsica, qu\u00edmica i naturals, dibuix i biblioteca. Un <a href=\"index.php?module=Pages&amp;func=display&amp;pageid=10\" target=\"_blank\">segon edifici<\/a> est\u00e0 destinat a educaci\u00f3 f\u00edsica, per\u00f2 tamb\u00e9 s&#8217;utilitza com a sala d&#8217;actes. La cafeteria del centre es troba en un <a target=\"_blank\" href=\"index.php?module=Pages&amp;func=display&amp;pageid=11\"> tercer edifici<\/a>. El <a target=\"_blank\" href=\"index.php?module=Pages&amp;func=display&amp;pageid=12\"> pati<\/a> est\u00e0 format per una gran pista poliesportiva on es pot practicar el b\u00e0squet i el futbol sala. <\/font> <\/p>\n<p><\/p>\n<p><p align=\"center\"><font size=\"4\"><strong>Dades del centre<\/strong><\/font> <\/p>\n<table cellspacing=\"0\" cellpadding=\"3\" border=\"2\" align=\"center\" width=\"340\">\n<tbody>\n<tr>\n<td width=\"68\"> <font face=\"Arial, Helvetica, sans-serif\"><strong>Nom:<\/strong> <\/font> <\/td>\n<td width=\"256\"><font face=\"Arial, Helvetica, sans-serif\">IES Castellbisbal <\/font><\/td>\n<\/tr>\n<tr>\n<td width=\"68\"><font face=\"Arial, Helvetica, sans-serif\"><strong>Adre\u00e7a:<\/strong><\/font><\/td>\n<td width=\"256\"><font face=\"Arial, Helvetica, sans-serif\">Pla\u00e7a Llu\u00eds Companys, <\/font>7<\/td>\n<\/tr>\n<tr>\n<td width=\"68\"><font face=\"Arial, Helvetica, sans-serif\"><strong>Tel\u00e8fon:<\/strong> <\/font><\/td>\n<td width=\"256\"><font face=\"Arial, Helvetica, sans-serif\">93 772 19 69<\/font><\/td>\n<\/tr>\n<tr>\n<td width=\"68\"><font face=\"Arial, Helvetica, sans-serif\"><strong>Fax:<\/strong> <\/font><\/td>\n<td width=\"256\"><font face=\"Arial, Helvetica, sans-serif\">93 772 16 24<\/font><\/td>\n<\/tr>\n<tr>\n<td width=\"68\"><font face=\"Arial, Helvetica, sans-serif\"><strong>Correu:<\/strong><\/font><\/td>\n<td width=\"256\"><font face=\"Arial, Helvetica, sans-serif\"><a href=\"mailto:institutcastellbisbal@xtec.cat\"><font color=\"#000000\">institutcastellbisbal@xtec.cat<\/font><\/a><\/font><\/td>\n<\/tr>\n<tr>\n<td width=\"68\"><font face=\"Arial, Helvetica, sans-serif\"><strong>SMS:<\/strong><\/font><\/td>\n<td width=\"256\"><font face=\"Arial, Helvetica, sans-serif\">93 10 70 900<\/font><\/td>\n<\/tr>\n<tr>\n<td width=\"68\"><font face=\"Arial, Helvetica, sans-serif\"><strong>M\u00f2bil:<\/strong> <\/font><\/td>\n<td width=\"256\"><font face=\"Arial, Helvetica, sans-serif\">628 63 19 82<\/font><\/td>\n<\/tr>\n<\/tbody>\n<\/table>\n<p> <font face=\"comic Sans MS\" color=\"#0000ff\"><a name=\"situacio\"><\/a><\/font><\/p>\n<p><iframe loading=\"lazy\" width=\"350\" height=\"300\" frameborder=\"0\" scrolling=\"no\" marginheight=\"0\" marginwidth=\"0\" src=\"http:\/\/maps.google.com\/maps?f=q&amp;source=s_q&amp;hl=en&amp;geocode=&amp;q=41.478230,1.982689&amp;output=embed&#038;z=11\"><\/iframe><\/p>\n<p><div style=\"height: 50px;\" align=\"center\"><strong><font size=\"4\">Localitzaci\u00f3<\/font><\/strong>\n<\/div>\n<p><\/p>\n","protected":false},"excerpt":{"rendered":"<p> L&#8217;INS Castellbisbal es troba a la comarca del Vall\u00e8s Occidental, a la localitat de<br \/>\n<a target=\"_blank\" href=\"http:\/\/www.castellbisbal.org\/\">Castellbisbal<\/a>. \u00c9s un municipi que dista uns 25 km de Barcelona i est\u00e0 situat al costat del riu Llobregat. Aquest fet li ha perm\u00e8s tenir una agricultura de regadiu&hellip;  <a href=\"https:\/\/agora.xtec.cat\/iescastellbisbal\/intraweb\/el-centre\/\" title=\"Read El nostre institut\">Llegeix m\u00e9s\u00bb<\/a><\/p>\n","protected":false},"author":1,"featured_media":0,"parent":1078,"menu_order":0,"comment_status":"closed","ping_status":"closed","template":"page-templates\/side-menu.php","meta":{"_bbp_topic_count":0,"_bbp_reply_count":0,"_bbp_total_topic_count":0,"_bbp_total_reply_count":0,"_bbp_voice_count":0,"_bbp_anonymous_reply_count":0,"_bbp_topic_count_hidden":0,"_bbp_reply_count_hidden":0,"_bbp_forum_subforum_count":0,"footnotes":""},"class_list":["post-1435","page","type-page","status-publish","hentry"],"post_mailing_queue_ids":[],"_links":{"self":[{"href":"https:\/\/agora.xtec.cat\/iescastellbisbal\/wp-json\/wp\/v2\/pages\/1435","targetHints":{"allow":["GET"]}}],"collection":[{"href":"https:\/\/agora.xtec.cat\/iescastellbisbal\/wp-json\/wp\/v2\/pages"}],"about":[{"href":"https:\/\/agora.xtec.cat\/iescastellbisbal\/wp-json\/wp\/v2\/types\/page"}],"author":[{"embeddable":true,"href":"https:\/\/agora.xtec.cat\/iescastellbisbal\/wp-json\/wp\/v2\/users\/1"}],"replies":[{"embeddable":true,"href":"https:\/\/agora.xtec.cat\/iescastellbisbal\/wp-json\/wp\/v2\/comments?post=1435"}],"version-history":[{"count":0,"href":"https:\/\/agora.xtec.cat\/iescastellbisbal\/wp-json\/wp\/v2\/pages\/1435\/revisions"}],"up":[{"embeddable":true,"href":"https:\/\/agora.xtec.cat\/iescastellbisbal\/wp-json\/wp\/v2\/pages\/1078"}],"wp:attachment":[{"href":"https:\/\/agora.xtec.cat\/iescastellbisbal\/wp-json\/wp\/v2\/media?parent=1435"}],"curies":[{"name":"wp","href":"https:\/\/api.w.org\/{rel}","templated":true}]}}