{"id":1136,"date":"2011-02-05T18:16:30","date_gmt":"2011-02-05T17:16:30","guid":{"rendered":"http:\/\/agora.xtec.cat\/iescastellbisbal\/intraweb\/etwinning\/"},"modified":"2011-02-05T18:16:30","modified_gmt":"2011-02-05T17:16:30","slug":"etwinning","status":"publish","type":"page","link":"https:\/\/agora.xtec.cat\/iescastellbisbal\/intraweb\/etwinning\/","title":{"rendered":"etwinning"},"content":{"rendered":"<p align=\"center\"><img decoding=\"async\" title=\"logo_etwenning_portal.jpg\" alt=\"logo_etwenning_portal.jpg\" <img decoding=\"async\" src=\"http:\/\/agora.xtec.cat\/iescastellbisbal\/wp-content\/uploads\/usu1\/2016\/06\/logo_etwenning_portal.jpg\" \/><\/p>\n<p>Com a part del nostre Pla Estrat\u00e8gic, des del curs 2009-2010, estem treballant al Departament d\u2019Idiomes la projecci\u00f3 europea del nostre Institut.<\/p>\n<p>Amb aquest fi, hem establert contactes (<em>etwinning<\/em>, agermanaments escolars) amb diversos centres del Regne Unit mitjan\u00e7ant el portal de la Uni\u00f3 Europea. Per tal d\u2019arribar a con\u00e8ixer-nos intercanviem projectes sobre temes tan variats com esport, cuina, jardins o lectures (alguns dels projectes inclouen altres pa\u00efsos europeus com ara It\u00e0lia, Romania, Pol\u00f2nia, etc.)<\/p>\n<p>El nostre objectiu \u00e9s que alguns d\u2019aquests contactes siguin duradors i puguem arribar a fer un intercanvi dins el projecte Comenius tamb\u00e9 de la Uni\u00f3 Europea.<\/p>\n<p>Volem apropar els nostres alumnes a la cultura brit\u00e0nica, millorar la seva compet\u00e8ncia ling\u00fc\u00edstica en llengua anglesa i proporcionar contactes que puguin afavorir intercanvis entre els alumnes a nivell personal, per tal de reduir les despeses que un viatge d\u2019estudis al Regne Unit pot suposar per les fam\u00edlies.<\/p>\n<p>M\u00e9s informaci\u00f3 <a href=\"http:\/\/www.xtec.cat\/~pmarti46\/etwinning\/etwinning.htm\" target=\"_blank\">aqu\u00ed<\/a>.<\/p>\n<\/p>\n<p>&nbsp;<\/p>\n<div align=\"center\"><img decoding=\"async\" title=\"gb.jpg\" alt=\"gb.jpg\" <img decoding=\"async\" src=\"http:\/\/agora.xtec.cat\/iescastellbisbal\/wp-content\/uploads\/usu1\/2016\/06\/gb.jpg\" \/><\/div>\n<p><\/p>\n<p> <\/p>\n","protected":false},"excerpt":{"rendered":"","protected":false},"author":1,"featured_media":0,"parent":1078,"menu_order":0,"comment_status":"closed","ping_status":"closed","template":"page-templates\/side-menu.php","meta":{"_bbp_topic_count":0,"_bbp_reply_count":0,"_bbp_total_topic_count":0,"_bbp_total_reply_count":0,"_bbp_voice_count":0,"_bbp_anonymous_reply_count":0,"_bbp_topic_count_hidden":0,"_bbp_reply_count_hidden":0,"_bbp_forum_subforum_count":0,"footnotes":""},"class_list":["post-1136","page","type-page","status-publish","hentry"],"post_mailing_queue_ids":[],"_links":{"self":[{"href":"https:\/\/agora.xtec.cat\/iescastellbisbal\/wp-json\/wp\/v2\/pages\/1136","targetHints":{"allow":["GET"]}}],"collection":[{"href":"https:\/\/agora.xtec.cat\/iescastellbisbal\/wp-json\/wp\/v2\/pages"}],"about":[{"href":"https:\/\/agora.xtec.cat\/iescastellbisbal\/wp-json\/wp\/v2\/types\/page"}],"author":[{"embeddable":true,"href":"https:\/\/agora.xtec.cat\/iescastellbisbal\/wp-json\/wp\/v2\/users\/1"}],"replies":[{"embeddable":true,"href":"https:\/\/agora.xtec.cat\/iescastellbisbal\/wp-json\/wp\/v2\/comments?post=1136"}],"version-history":[{"count":0,"href":"https:\/\/agora.xtec.cat\/iescastellbisbal\/wp-json\/wp\/v2\/pages\/1136\/revisions"}],"up":[{"embeddable":true,"href":"https:\/\/agora.xtec.cat\/iescastellbisbal\/wp-json\/wp\/v2\/pages\/1078"}],"wp:attachment":[{"href":"https:\/\/agora.xtec.cat\/iescastellbisbal\/wp-json\/wp\/v2\/media?parent=1136"}],"curies":[{"name":"wp","href":"https:\/\/api.w.org\/{rel}","templated":true}]}}