{"id":1133,"date":"2010-10-12T11:49:25","date_gmt":"2010-10-12T10:49:25","guid":{"rendered":"http:\/\/agora.xtec.cat\/iescastellbisbal\/intraweb\/el-lector\/"},"modified":"2010-10-12T11:49:25","modified_gmt":"2010-10-12T10:49:25","slug":"el-lector","status":"publish","type":"page","link":"https:\/\/agora.xtec.cat\/iescastellbisbal\/intraweb\/el-lector\/","title":{"rendered":"El lector"},"content":{"rendered":"<p align=\"center\"><font size=\"3\"><strong><em>El lector<\/em>, de Bernard Schlink <\/strong><\/font><\/p>\n<\/p>\n<p>&nbsp;<\/p>\n<p>El dia 14 de maig ens vam trobar per comentar El lector de Bernhard. Ha estat una estona molt agradable de conversa informal i d\u2019intercanvi d\u2019 impressions sobre una lectura que ha resultat molt satisfact\u00f2ria.<\/p>\n<p>Reflexionem sobre els personatges, la imatge que tenim d\u2019ells, el seu comportament, el paper que tenen en la hist\u00f2ria. La fredor, la rigidesa, la duresa o la crueltat de la Hanna; l\u2019enamorament, les contradiccions o el sentiment insuperable de culpa del Michael. Parlem dels fets concrets que ens planteja la novel\u00b7la i ho relacionem amb la idea de fons, la reflexi\u00f3 sobre el nazisme i el tema de la culpa tant individual com col\u00b7lectiva.<\/p>\n<p>Tamb\u00e9 reflexionem sobre el fet de l&#8217;analfabetisme i de la ignor\u00e0ncia en general. Una idea que ens porta a intentar entendre com aquestes q\u00fcestions condicionen la vida de l\u2019\u00e9sser hum\u00e0, i anem m\u00e9s enll\u00e0 intentant valorar si aquestes poden justificar o no actuacions m\u00e9s o menys recriminables o monstruoses i del tot condemnables com l\u2019holocaust.<\/p>\n<p>El llibre tamb\u00e9 ens porta a parlar del fet de llegir, de la lectura, i concretament de la lectura en veu alta, acci\u00f3 que fa el protagonista i que t\u00e9 una import\u00e0ncia enorme en el llibre, de fet hem destacat un fragment que us reprodu\u00efm:<\/p>\n<p>\u201c<em>L\u2019altre inconvenient de la lectura en veu alta \u00e9s que requereix m\u00e9s temps. Per\u00f2, a canvi d&#8217;aix\u00f2, all\u00f2 que llegia se\u2019m quedava m\u00e9s gravat a la mem\u00f2ria\u201d<br \/>\n<br \/>Tots estem d\u2019acord que una frase \u00e9s molt significativa i pot resumir un dels temes centrals del llibre:<br \/>\n<br \/>\u201c&#8230;la veritat del que diem \u00e9s all\u00f2 que fem, fins i tot podr\u00edem estar-nos de parlar<\/em>.\u201d<\/p>\n<p>El 2008 es va estrenar la pel\u00b7l\u00edcula <em>The Reader<\/em>, basada en la novel\u00b7la, amb gui\u00f3 conjunt del propi Bernhard Schlink i de David Dare. La direcci\u00f3 \u00e9s de&nbsp;Stephen Daldry (<em>Billy Elliot<\/em>, <em>The Hours<\/em>). Tamb\u00e9 hem comentat les semblances (que s\u00f3n moltes) i les difer\u00e8ncies amb aquesta pel\u00b7l\u00edcula i us convidem a veure-la.<\/p>\n<p> <\/p>\n","protected":false},"excerpt":{"rendered":"<p>El lector, de Bernard Schlink <\/p>\n<p>&nbsp;<br \/>\nEl dia 14 de maig ens vam trobar per comentar El lector de Bernhard. Ha estat una estona molt agradable de conversa informal i d\u2019intercanvi d\u2019 impressions sobre una lectura que ha resultat molt satisfact\u00f2ria.<br \/>\nReflexionem sobre els personatges, la imatge&hellip;  <a href=\"https:\/\/agora.xtec.cat\/iescastellbisbal\/intraweb\/el-lector\/\" title=\"Read El lector\">Llegeix m\u00e9s\u00bb<\/a><\/p>\n","protected":false},"author":1,"featured_media":0,"parent":1078,"menu_order":0,"comment_status":"closed","ping_status":"closed","template":"page-templates\/side-menu.php","meta":{"_bbp_topic_count":0,"_bbp_reply_count":0,"_bbp_total_topic_count":0,"_bbp_total_reply_count":0,"_bbp_voice_count":0,"_bbp_anonymous_reply_count":0,"_bbp_topic_count_hidden":0,"_bbp_reply_count_hidden":0,"_bbp_forum_subforum_count":0,"footnotes":""},"class_list":["post-1133","page","type-page","status-publish","hentry"],"post_mailing_queue_ids":[],"_links":{"self":[{"href":"https:\/\/agora.xtec.cat\/iescastellbisbal\/wp-json\/wp\/v2\/pages\/1133","targetHints":{"allow":["GET"]}}],"collection":[{"href":"https:\/\/agora.xtec.cat\/iescastellbisbal\/wp-json\/wp\/v2\/pages"}],"about":[{"href":"https:\/\/agora.xtec.cat\/iescastellbisbal\/wp-json\/wp\/v2\/types\/page"}],"author":[{"embeddable":true,"href":"https:\/\/agora.xtec.cat\/iescastellbisbal\/wp-json\/wp\/v2\/users\/1"}],"replies":[{"embeddable":true,"href":"https:\/\/agora.xtec.cat\/iescastellbisbal\/wp-json\/wp\/v2\/comments?post=1133"}],"version-history":[{"count":0,"href":"https:\/\/agora.xtec.cat\/iescastellbisbal\/wp-json\/wp\/v2\/pages\/1133\/revisions"}],"up":[{"embeddable":true,"href":"https:\/\/agora.xtec.cat\/iescastellbisbal\/wp-json\/wp\/v2\/pages\/1078"}],"wp:attachment":[{"href":"https:\/\/agora.xtec.cat\/iescastellbisbal\/wp-json\/wp\/v2\/media?parent=1133"}],"curies":[{"name":"wp","href":"https:\/\/api.w.org\/{rel}","templated":true}]}}