{"id":1125,"date":"2009-06-01T10:35:54","date_gmt":"2009-06-01T09:35:54","guid":{"rendered":"http:\/\/agora.xtec.cat\/iescastellbisbal\/intraweb\/programa-salut-i-escola\/"},"modified":"2009-06-01T10:35:54","modified_gmt":"2009-06-01T09:35:54","slug":"programa-salut-i-escola","status":"publish","type":"page","link":"https:\/\/agora.xtec.cat\/iescastellbisbal\/intraweb\/programa-salut-i-escola\/","title":{"rendered":"Programa salut i escola"},"content":{"rendered":"<div align=\"center\">\n<p><font size=\"4\" face=\"Arial, Helvetica, sans-serif\" color=\"#0000ff\">Programa salut i escola<\/p>\n<p><\/font> <\/p>\n<p align=\"left\"><font size=\"2\" face=\"verdana,arial,helvetica,sans-serif\">Amb l&#8217;objectiu de millorar la salut dels adolescents la Generalitat de Catalunya, a trav\u00e9s dels Centres d&#8217;Atenci\u00f3 Prim\u00e0ria de Salut, els ofereix un servei de Consulta Oberta dins dels centres educatius de secund\u00e0ria, per a qu\u00e8 els nois i noies de 14 a 16 anys puguin assessorar-se sobre temes relacionats amb la salut.<\/p>\n<p>Volem apropar-nos a les necessitats dels adolescents i joves per:<\/p>\n<p><\/font> <\/p>\n<\/p>\n<table cellspacing=\"0\" cellpadding=\"0\" border=\"0\" style=\"width: 100%;\">\n<tbody>\n<tr>\n<td valign=\"top\" style=\"width: 30%;\"><img decoding=\"async\" <img decoding=\"async\" src=\"http:\/\/agora.xtec.cat\/iescastellbisbal\/wp-content\/uploads\/usu1\/2016\/06\/salut11.png\" \/><\/td>\n<td valign=\"middle\" style=\"width: 70%;\">. <font size=\"2\" face=\"verdana,arial,helvetica,sans-serif\"><strong>FACILITAR-LOS<\/strong> informaci\u00f3 amb professionals sanitaris.<\/p>\n<p><\/font> <\/p>\n<p align=\"left\"><font size=\"2\" face=\"verdana,arial,helvetica,sans-serif\">\u00b7 <strong>APROPAR<\/strong> els serveis de salut als centres docents i als adolescents.<\/font> <\/p>\n<p align=\"left\"><font size=\"2\" face=\"verdana,arial,helvetica,sans-serif\"> <br \/>\u00b7 <strong>AFAVORIR<\/strong> la confidencialitat i uns serveis realment a l&#8217;abast.<\/font> <\/p>\n<p align=\"left\"><font size=\"2\" face=\"verdana,arial,helvetica,sans-serif\"> <br \/>\u00b7 <strong>EDUCAR-LOS<\/strong> en com millorar la seva salut.<\/font> <\/p>\n<p align=\"left\"><font size=\"2\" face=\"verdana,arial,helvetica,sans-serif\"> <br \/>\u00b7 <strong>INFORMAR-LOS<\/strong> de les conductes de risc per a la salut.<\/font> <\/p>\n<p align=\"left\"><font size=\"2\" face=\"verdana,arial,helvetica,sans-serif\"> <br \/>\u00b7 <strong>FER M\u00c9S EFECTIVA<\/strong> la detecci\u00f3 preco\u00e7 i la intervenci\u00f3.<\/font> <\/p>\n<p align=\"left\"><font size=\"2\" face=\"verdana,arial,helvetica,sans-serif\"> <br \/>\u00b7 <strong>REDUIR <\/strong>els factors de risc que afecten negativament la salut dels nois i noies.<\/font> <\/p>\n<\/td>\n<\/tr>\n<\/tbody>\n<\/table>\n<blockquote>\n<p align=\"left\"><font size=\"2\" face=\"verdana,arial,helvetica,sans-serif\">\u00b7<br \/>\n      <br \/><\/font> <\/p>\n<\/blockquote>\n<blockquote>\n<div align=\"left\"> <\/div>\n<div align=\"left\"> <\/div>\n<div align=\"left\"> <\/div>\n<div align=\"left\"> <\/div>\n<div align=\"left\"> <\/div>\n<div align=\"left\"> <\/div>\n<\/blockquote>\n<p align=\"left\"><font size=\"2\" face=\"verdana,arial,helvetica,sans-serif\">El programa de Salut i Escola aporta:<\/font> <\/p>\n<blockquote>\n<div align=\"left\"> <\/div>\n<div align=\"left\"> <\/div>\n<div align=\"left\"> <\/div>\n<div align=\"left\"> <\/div>\n<div align=\"left\"> <\/div>\n<div align=\"left\"> <\/div>\n<p align=\"left\"><font size=\"2\" face=\"verdana,arial,helvetica,sans-serif\">\u00b7<\/font><font size=\"2\" face=\"verdana,arial,helvetica,sans-serif\"> Un professional referent del centre de salut a tots els centres d&#8217;educaci\u00f3 secund\u00e0ria.<\/p>\n<p>\u00b7<\/font><font size=\"2\" face=\"verdana,arial,helvetica,sans-serif\"> Professionals sanitaris espec\u00edficament formats, m\u00e9s propers.<\/p>\n<p>\u00b7<\/font><font size=\"2\" face=\"verdana,arial,helvetica,sans-serif\"> Equips especialitzats en salut (en salut mental infantil i juvenil, en atenci\u00f3 al consum de drogues i en atenci\u00f3 sexual i reproductiva&#8230;)<\/p>\n<p>\u00b7<\/font><font size=\"2\" face=\"verdana,arial,helvetica,sans-serif\"> Sessions d&#8217;educaci\u00f3 sanit\u00e0ria, materials espec\u00edfics per l&#8217;educaci\u00f3 sobre la salut.<\/p>\n<p>\u00b7<\/font><font size=\"2\" face=\"verdana,arial,helvetica,sans-serif\"> La participaci\u00f3 i col\u00b7laboraci\u00f3 dels equips de salut p\u00fablica municipals.<\/p>\n<p>\u00b7<\/font><font size=\"2\" face=\"verdana,arial,helvetica,sans-serif\"> El treball conjunt de sanitaris i educadors orientat a la salut dels adolescents.<\/p>\n<p>\u00c9s per aix\u00f2 que hem creat el programa Salut i Escola, per promoure valors relacionats amb la salut i preveure conductes de risc que afecten especialment a l&#8217;adolesc\u00e8ncia.<\/font> <\/p>\n<div align=\"left\"> <\/div>\n<\/blockquote>\n<div align=\"left\"> <\/div>\n<p align=\"center\">\n<blockquote>\n<div align=\"left\"> <\/div>\n<\/blockquote>\n<p align=\"center\"><strong><font size=\"3\" face=\"verdana,arial,helvetica,sans-serif\">L&#8217;horari d&#8217;aquest servei \u00e9s dimarts d&#8217;10.00 a 11.30 h.<\/font><\/strong>  <\/p>\n<blockquote>\n<p align=\"left\"><font size=\"4\" face=\"arial,helvetica,sans-serif\"> <\/p>\n<p><img decoding=\"async\" <img decoding=\"async\" src=\"http:\/\/agora.xtec.cat\/iescastellbisbal\/wp-content\/uploads\/usu1\/2016\/06\/salut.png\" \/> <\/font> <\/p>\n<p align=\"left\"><font size=\"4\" face=\"arial,helvetica,sans-serif\"><img decoding=\"async\" <img decoding=\"async\" src=\"http:\/\/agora.xtec.cat\/iescastellbisbal\/wp-content\/uploads\/usu1\/2016\/06\/salut1.png\" \/> <br \/><\/font> <\/p>\n<\/blockquote><\/div>\n<p> <\/p>\n","protected":false},"excerpt":{"rendered":"<p>Programa salut i escola<\/p>\n<p>Amb l&#8217;objectiu de millorar la salut dels adolescents la Generalitat de Catalunya, a trav\u00e9s dels Centres d&#8217;Atenci\u00f3 Prim\u00e0ria de Salut, els ofereix un servei de Consulta Oberta dins dels centres educatius de secund\u00e0ria, per a qu\u00e8 els nois i noies de&hellip;  <a href=\"https:\/\/agora.xtec.cat\/iescastellbisbal\/intraweb\/programa-salut-i-escola\/\" title=\"Read Programa salut i escola\">Llegeix m\u00e9s\u00bb<\/a><\/p>\n","protected":false},"author":1,"featured_media":0,"parent":1078,"menu_order":0,"comment_status":"closed","ping_status":"closed","template":"page-templates\/side-menu.php","meta":{"_bbp_topic_count":0,"_bbp_reply_count":0,"_bbp_total_topic_count":0,"_bbp_total_reply_count":0,"_bbp_voice_count":0,"_bbp_anonymous_reply_count":0,"_bbp_topic_count_hidden":0,"_bbp_reply_count_hidden":0,"_bbp_forum_subforum_count":0,"footnotes":""},"class_list":["post-1125","page","type-page","status-publish","hentry"],"post_mailing_queue_ids":[],"_links":{"self":[{"href":"https:\/\/agora.xtec.cat\/iescastellbisbal\/wp-json\/wp\/v2\/pages\/1125","targetHints":{"allow":["GET"]}}],"collection":[{"href":"https:\/\/agora.xtec.cat\/iescastellbisbal\/wp-json\/wp\/v2\/pages"}],"about":[{"href":"https:\/\/agora.xtec.cat\/iescastellbisbal\/wp-json\/wp\/v2\/types\/page"}],"author":[{"embeddable":true,"href":"https:\/\/agora.xtec.cat\/iescastellbisbal\/wp-json\/wp\/v2\/users\/1"}],"replies":[{"embeddable":true,"href":"https:\/\/agora.xtec.cat\/iescastellbisbal\/wp-json\/wp\/v2\/comments?post=1125"}],"version-history":[{"count":0,"href":"https:\/\/agora.xtec.cat\/iescastellbisbal\/wp-json\/wp\/v2\/pages\/1125\/revisions"}],"up":[{"embeddable":true,"href":"https:\/\/agora.xtec.cat\/iescastellbisbal\/wp-json\/wp\/v2\/pages\/1078"}],"wp:attachment":[{"href":"https:\/\/agora.xtec.cat\/iescastellbisbal\/wp-json\/wp\/v2\/media?parent=1125"}],"curies":[{"name":"wp","href":"https:\/\/api.w.org\/{rel}","templated":true}]}}