{"id":1121,"date":"2009-06-01T10:29:25","date_gmt":"2009-06-01T09:29:25","guid":{"rendered":"http:\/\/agora.xtec.cat\/iescastellbisbal\/intraweb\/menjador\/"},"modified":"2009-06-01T10:29:25","modified_gmt":"2009-06-01T09:29:25","slug":"menjador","status":"publish","type":"page","link":"https:\/\/agora.xtec.cat\/iescastellbisbal\/intraweb\/menjador\/","title":{"rendered":"Menjador"},"content":{"rendered":"<p align=\"center\"><font size=\"4\" face=\"Arial, Helvetica, sans-serif\" color=\"#0000ff\">Servei de menjador<\/font> <\/p>\n<\/p>\n<p align=\"center\"><img decoding=\"async\" <img decoding=\"async\" src=\"http:\/\/agora.xtec.cat\/iescastellbisbal\/wp-content\/uploads\/usu1\/2016\/06\/menjador.jpg\" \/> <\/p>\n<\/p>\n<p align=\"left\">El servei de menjador est\u00e0 obert a tot l&#8217;alumnat i tamb\u00e9 a professors, personal administratiu i de serveis del centre.<\/p>\n<p>El menjador \u00e9s gestionat per l&#8217;AMPA, que ha contractat el servei de l&#8217;empresa&nbsp;Entretemps SL,&nbsp;encarregada de servir el menjar i posar els monitors necessaris per fer les activitats culturals i recreatives (es disposa de la biblioteca i de les pistes poliesportives del centre) abans o despr\u00e9s d&#8217;haver dinat, des que finalitzen les classes a les 13.30 h fins a les 15.30 h de la tarda. El servei de menjador s&#8217;oferir\u00e0 de dilluns a divendres.<\/p>\n<p>La cuina \u00e9s d&#8217;elaboraci\u00f3 pr\u00f2pia i el men\u00fa segueix els par\u00e0metres diet\u00e8tics recomanats amb combinaci\u00f3 de:<br \/>\n   <\/p>\n<ul>\n<li>pasta, arr\u00f2s, llegums, sopa i verdures<\/li>\n<li>pollastre, vedella, porc, ous i peix<\/li>\n<li>fruita (quatre dies) i l\u00e0ctic (un dia)<\/li>\n<li>acompanyat sempre de pa de fornada pr\u00f2pia i aigua mineral embotellada\n<div align=\"center\"><strong><font size=\"4\"><a <a href=\"http:\/\/agora.xtec.cat\/iescastellbisbal\/wp-content\/uploads\/usu1\/2016\/06\/menu.pdf\" target=\"_blank\">Men\u00fa del mes<\/a><\/font><\/strong> <\/div>\n<\/li>\n<ul>\n<p align=\"center\"><\/p>\n<\/ul>\n<\/ul>\n<p>Per a qualsevol av\u00eds podeu trucar de 8.00 h a 9.00 h al tel\u00e8fon 93 772 01 37 (administraci\u00f3) o durant qualsevol moment del mat\u00ed al tel\u00e8fon&nbsp;663 853 866&nbsp;(cuina). Recordeu que el control d&#8217;assist\u00e8ncia \u00e9s diari i, per tant, cal comunicar l&#8217;abs\u00e8ncia de l&#8217;alumnat abans de les 9.00 h al tel\u00e8fon de cuina.<\/p>\n<p>El preu del servei de menjador \u00e9s de 6,20 \u20ac (curs 2010-2011).\n<\/p>\n<p align=\"center\"><a target=\"_blank\" <a href=\"http:\/\/agora.xtec.cat\/iescastellbisbal\/wp-content\/uploads\/usu1\/2016\/06\/menjador.pdf\"><strong>M\u00e9s informaci\u00f3 <\/strong><\/a><\/p>\n<p> <\/p>\n","protected":false},"excerpt":{"rendered":"<p>Servei de menjador <\/p>\n","protected":false},"author":1,"featured_media":0,"parent":1078,"menu_order":0,"comment_status":"closed","ping_status":"closed","template":"page-templates\/side-menu.php","meta":{"_bbp_topic_count":0,"_bbp_reply_count":0,"_bbp_total_topic_count":0,"_bbp_total_reply_count":0,"_bbp_voice_count":0,"_bbp_anonymous_reply_count":0,"_bbp_topic_count_hidden":0,"_bbp_reply_count_hidden":0,"_bbp_forum_subforum_count":0,"footnotes":""},"class_list":["post-1121","page","type-page","status-publish","hentry"],"post_mailing_queue_ids":[],"_links":{"self":[{"href":"https:\/\/agora.xtec.cat\/iescastellbisbal\/wp-json\/wp\/v2\/pages\/1121","targetHints":{"allow":["GET"]}}],"collection":[{"href":"https:\/\/agora.xtec.cat\/iescastellbisbal\/wp-json\/wp\/v2\/pages"}],"about":[{"href":"https:\/\/agora.xtec.cat\/iescastellbisbal\/wp-json\/wp\/v2\/types\/page"}],"author":[{"embeddable":true,"href":"https:\/\/agora.xtec.cat\/iescastellbisbal\/wp-json\/wp\/v2\/users\/1"}],"replies":[{"embeddable":true,"href":"https:\/\/agora.xtec.cat\/iescastellbisbal\/wp-json\/wp\/v2\/comments?post=1121"}],"version-history":[{"count":0,"href":"https:\/\/agora.xtec.cat\/iescastellbisbal\/wp-json\/wp\/v2\/pages\/1121\/revisions"}],"up":[{"embeddable":true,"href":"https:\/\/agora.xtec.cat\/iescastellbisbal\/wp-json\/wp\/v2\/pages\/1078"}],"wp:attachment":[{"href":"https:\/\/agora.xtec.cat\/iescastellbisbal\/wp-json\/wp\/v2\/media?parent=1121"}],"curies":[{"name":"wp","href":"https:\/\/api.w.org\/{rel}","templated":true}]}}