{"id":1106,"date":"2009-05-24T13:20:35","date_gmt":"2009-05-24T12:20:35","guid":{"rendered":"http:\/\/agora.xtec.cat\/iescastellbisbal\/intraweb\/segon-edifici\/"},"modified":"2016-10-06T17:58:31","modified_gmt":"2016-10-06T16:58:31","slug":"segon-edifici","status":"publish","type":"page","link":"https:\/\/agora.xtec.cat\/iescastellbisbal\/linstitut\/instal%c2%b7lacions\/segon-edifici\/","title":{"rendered":"Segon edifici"},"content":{"rendered":"<table style=\"border: 3px solid #aaaaaa; width: 90%;\" border=\"0\" cellspacing=\"1\" cellpadding=\"1\">\n<tbody>\n<tr>\n<td style=\"width: 70%;\">Un segon edifici correspon al gimn\u00e0s. Aquest espai t\u00e9 dos nivells: el nivell inferior \u00e9s un espai ampli on es poden practicar diferents tipus d&#8217;activitats esportives i el nivell superior \u00e9s un espai m\u00e9s petit on els alumnes practiquen el tennis taula.<\/p>\n<p>El gimn\u00e0s tamb\u00e9 es fa servir en algunes ocasions com a sala polivalent per a celebraci\u00f3 de diferents actes: concerts, reunions, festes&#8230;<\/p>\n<p>&nbsp;<\/td>\n<td style=\"width: 30%;\" align=\"center\"><span style=\"font-family: verdana; font-size: medium;\">\u00a0<img decoding=\"async\" src=\"http:\/\/agora.xtec.cat\/iescastellbisbal\/wp-content\/uploads\/usu1\/2016\/06\/edifici2.png\" alt=\"Edifici principal\" \/><\/span><\/td>\n<\/tr>\n<\/tbody>\n<\/table>\n<p>&nbsp;<\/p>\n","protected":false},"excerpt":{"rendered":"<p>Un segon edifici correspon al gimn\u00e0s. Aquest espai t\u00e9 dos nivells: el nivell inferior \u00e9s un espai ampli on es poden practicar diferents tipus d&#8217;activitats esportives i el nivell superior \u00e9s un espai m\u00e9s petit on els alumnes practiquen el tennis taula.<br \/>\nEl gimn\u00e0s tamb\u00e9 es&hellip;  <a href=\"https:\/\/agora.xtec.cat\/iescastellbisbal\/linstitut\/instal%c2%b7lacions\/segon-edifici\/\" title=\"Read Segon edifici\">Llegeix m\u00e9s\u00bb<\/a><\/p>\n","protected":false},"author":1,"featured_media":0,"parent":39,"menu_order":20,"comment_status":"closed","ping_status":"closed","template":"page-templates\/side-menu.php","meta":{"_bbp_topic_count":0,"_bbp_reply_count":0,"_bbp_total_topic_count":0,"_bbp_total_reply_count":0,"_bbp_voice_count":0,"_bbp_anonymous_reply_count":0,"_bbp_topic_count_hidden":0,"_bbp_reply_count_hidden":0,"_bbp_forum_subforum_count":0,"footnotes":""},"class_list":["post-1106","page","type-page","status-publish","hentry"],"post_mailing_queue_ids":[],"_links":{"self":[{"href":"https:\/\/agora.xtec.cat\/iescastellbisbal\/wp-json\/wp\/v2\/pages\/1106","targetHints":{"allow":["GET"]}}],"collection":[{"href":"https:\/\/agora.xtec.cat\/iescastellbisbal\/wp-json\/wp\/v2\/pages"}],"about":[{"href":"https:\/\/agora.xtec.cat\/iescastellbisbal\/wp-json\/wp\/v2\/types\/page"}],"author":[{"embeddable":true,"href":"https:\/\/agora.xtec.cat\/iescastellbisbal\/wp-json\/wp\/v2\/users\/1"}],"replies":[{"embeddable":true,"href":"https:\/\/agora.xtec.cat\/iescastellbisbal\/wp-json\/wp\/v2\/comments?post=1106"}],"version-history":[{"count":2,"href":"https:\/\/agora.xtec.cat\/iescastellbisbal\/wp-json\/wp\/v2\/pages\/1106\/revisions"}],"predecessor-version":[{"id":1814,"href":"https:\/\/agora.xtec.cat\/iescastellbisbal\/wp-json\/wp\/v2\/pages\/1106\/revisions\/1814"}],"up":[{"embeddable":true,"href":"https:\/\/agora.xtec.cat\/iescastellbisbal\/wp-json\/wp\/v2\/pages\/39"}],"wp:attachment":[{"href":"https:\/\/agora.xtec.cat\/iescastellbisbal\/wp-json\/wp\/v2\/media?parent=1106"}],"curies":[{"name":"wp","href":"https:\/\/api.w.org\/{rel}","templated":true}]}}