{"id":1087,"date":"2009-05-23T19:45:23","date_gmt":"2009-05-23T18:45:23","guid":{"rendered":"http:\/\/agora.xtec.cat\/iescastellbisbal\/intraweb\/organitzacio-del-centre\/"},"modified":"2009-05-23T19:45:23","modified_gmt":"2009-05-23T18:45:23","slug":"organitzacio-del-centre","status":"publish","type":"page","link":"https:\/\/agora.xtec.cat\/iescastellbisbal\/intraweb\/organitzacio-del-centre\/","title":{"rendered":"Organitzaci\u00f3 del centre"},"content":{"rendered":"<\/p>\n<\/p>\n<p> <center> <\/p>\n<table border=\"0\" cellspacing=\"1\" cellpadding=\"10\" style=\"border: 2px solid #777777; width: 60%;\">\n<tbody>\n<tr bgcolor=\"#eeeeee\">\n<td align=\"center\" colspan=\"2\" style=\"width: 100%;\"> <strong><font face=\"verdana\" size=\"5\">Equip directiu<\/font><\/strong> <\/td>\n<\/tr>\n<tr>\n<td style=\"width: 50%;\"><font face=\"verdana\" size=\"3\">Director:<\/font><\/td>\n<td style=\"width: 50%;\"><font face=\"verdana\" size=\"3\">Jordi Castellv\u00ed Segura<\/font><\/td>\n<\/tr>\n<tr>\n<td style=\"width: 50%;\"><font face=\"verdana\" size=\"3\">Cap d&#8217;estudis:<\/font> <\/td>\n<td style=\"width: 50%;\"><font face=\"verdana\" size=\"3\">Anna L\u00f3pez<\/font> Casado<\/td>\n<\/tr>\n<tr>\n<td style=\"width: 50%;\"><font face=\"verdana\" size=\"3\">Coordinador pedag\u00f2gic:<\/font> <\/td>\n<td style=\"width: 50%;\"><font face=\"verdana\" size=\"3\">Josep Manel Castillo Ru\u00edz<\/font> <\/td>\n<\/tr>\n<tr>\n<td style=\"width: 50%;\"> <font face=\"verdana\" size=\"3\">Secretari:<\/font><\/td>\n<td style=\"width: 50%;\"><font face=\"verdana\" size=\"3\">Ra\u00fal Baldom\u00e0 Paredes<\/font> <\/td>\n<\/tr>\n<\/tbody>\n<\/table>\n<p> <\/center> <\/p>\n<\/p>\n<table style=\"width: 100%;\">\n<tbody>\n<tr> <\/tr>\n<tr bgcolor=\"#eeeeee\">\n<td align=\"center\" colspan=\"4\" style=\"width: 100%;\"> <font face=\"verdana\" size=\"5\"><strong>Departaments i \u00e0rees<\/strong><\/font> <\/td>\n<\/tr>\n<tr>\n<td style=\"border-bottom: medium none; width: 25%;\">&nbsp;Departament de ci\u00e8ncies<br \/>\n    <\/td>\n<td style=\"width: 25%;\">\u00c0rea de ci\u00e8ncies<br \/>\n    <\/td>\n<td style=\"border-bottom: medium none; width: 25%;\">&nbsp;Departament de lleng\u00fces estrangeres<br \/>\n    <\/td>\n<td style=\"width: 25%;\">\u00c0rea d&#8217;angl\u00e8s<br \/>\n    <\/td>\n<\/tr>\n<tr>\n<td style=\"border-top: medium none; width: 25%;\"><\/td>\n<td style=\"width: 25%;\">\u00c0rea de f\u00edsica i qu\u00edmica<br \/>\n    <\/td>\n<td style=\"border-top: medium none; border-bottom: medium none; width: 25%;\"><\/td>\n<td style=\"width: 25%;\">\u00c0rea de franc\u00e8s<br \/>\n    <\/td>\n<\/tr>\n<tr>\n<td style=\"border-bottom: medium none; width: 25%;\">&nbsp;Departament de diversitat<br \/>\n    <\/td>\n<td style=\"width: 25%;\">Aula oberta<br \/>\n    <\/td>\n<td style=\"border-top: medium none; width: 25%;\"><\/td>\n<td style=\"width: 25%;\">\u00c0rea de lleng\u00fces cl\u00e0ssiques<br \/>\n    <\/td>\n<\/tr>\n<tr>\n<td style=\"border-top: medium none; border-bottom: medium none; width: 25%;\"><\/td>\n<td style=\"width: 25%;\">Equip de psicopedagogia<br \/>\n    <\/td>\n<td style=\"border-bottom: medium none; width: 25%;\">&nbsp;Departament de matem\u00e0tiques<br \/>\n    <\/td>\n<td style=\"width: 25%;\">\u00c0rea d&#8217;economia<br \/>\n    <\/td>\n<\/tr>\n<tr>\n<td style=\"border-top: medium none; width: 25%;\"><\/td>\n<td style=\"width: 25%;\">USEE<br \/>\n    <\/td>\n<td style=\"border-top: medium none; width: 25%;\"><\/td>\n<td style=\"width: 25%;\">\u00c0rea de matem\u00e0tiques<br \/>\n    <\/td>\n<\/tr>\n<tr>\n<td style=\"border-bottom: medium none; width: 25%;\">&nbsp;Departament d&#8217;expressi\u00f3<br \/>\n    <\/td>\n<td style=\"width: 25%;\">\u00c0rea d&#8217;educaci\u00f3 f\u00edsica&nbsp;<\/td>\n<td style=\"border-bottom: medium none; width: 25%;\">&nbsp;Departament de socials<br \/>\n    <\/td>\n<td style=\"width: 25%;\">\u00c0rea de socials<br \/>\n    <\/td>\n<\/tr>\n<tr>\n<td style=\"border-top: medium none; border-bottom: medium none; width: 25%;\"><\/td>\n<td style=\"width: 25%;\">\u00c0rea d&#8217;educaci\u00f3 visual i pl\u00e0stica<br \/>\n    <\/td>\n<td style=\"border-top: medium none; border-bottom: medium none; width: 25%;\"><\/td>\n<td style=\"width: 25%;\">\u00c0rea de filosofia<br \/>\n    <\/td>\n<\/tr>\n<tr>\n<td style=\"border-top: medium none; width: 25%;\"><\/td>\n<td style=\"width: 25%;\">\u00c0rea de m\u00fasica<br \/>\n    <\/td>\n<td style=\"border-top: medium none; width: 25%;\"><\/td>\n<td style=\"width: 25%;\">\u00c0rea de religi\u00f3<br \/>\n    <\/td>\n<\/tr>\n<tr>\n<td style=\"width: 25%;\">&nbsp;Departament d&#8217;inform\u00e0tica<br \/>\n    <\/td>\n<td style=\"width: 25%;\">\u00c0rea d&#8217;explotaci\u00f3 de sistemes inform\u00e0tics<br \/>\n    <\/td>\n<td style=\"width: 25%;\">&nbsp;Departament de tecnologia<br \/>\n    <\/td>\n<td style=\"width: 25%;\"><\/td>\n<\/tr>\n<\/tbody>\n<tbody>\n<tr>\n<td style=\"border-bottom: medium none; width: 25%;\">&nbsp;Departament de lleng\u00fces<br \/>\n    <\/td>\n<td style=\"width: 25%;\">\u00c0rea de catal\u00e0<br \/>\n    <\/td>\n<td style=\"border-bottom: medium none; width: 25%;\"><\/td>\n<td style=\"border-bottom: medium none; width: 25%;\"><\/td>\n<\/tr>\n<\/tbody>\n<tbody>\n<tr>\n<td style=\"border-top: medium none; width: 25%;\"><\/td>\n<td style=\"width: 25%;\">\u00c0rea de castell\u00e0<br \/>\n    <\/td>\n<td style=\"border-top: medium none; width: 25%;\"><\/td>\n<td style=\"border-top: medium none; width: 25%;\"><\/td>\n<\/tr>\n<\/tbody>\n<\/table>\n<p> <\/p>\n","protected":false},"excerpt":{"rendered":"<p> Equip directiu <\/p>\n<p>Director:<br \/>\nJordi Castellv\u00ed Segura<\/p>\n<p>Cap d&#8217;estudis:<br \/>\nAnna L\u00f3pez Casado<\/p>\n<p>Coordinador pedag\u00f2gic:<br \/>\nJosep Manel Castillo Ru\u00edz <\/p>\n<p> Secretari:<br \/>\nRa\u00fal Baldom\u00e0 Paredes <\/p>\n<p> Departaments i \u00e0rees <\/p>\n<p>&nbsp;Departament de ci\u00e8ncies<\/p>\n<p>\u00c0rea de ci\u00e8ncies<\/p>\n<p>&nbsp;Departament de lleng\u00fces estrangeres<br \/>\n &hellip;  <a href=\"https:\/\/agora.xtec.cat\/iescastellbisbal\/intraweb\/organitzacio-del-centre\/\" title=\"Read Organitzaci\u00f3 del centre\">Llegeix m\u00e9s\u00bb<\/a><\/p>\n","protected":false},"author":1,"featured_media":0,"parent":1078,"menu_order":0,"comment_status":"closed","ping_status":"closed","template":"page-templates\/side-menu.php","meta":{"_bbp_topic_count":0,"_bbp_reply_count":0,"_bbp_total_topic_count":0,"_bbp_total_reply_count":0,"_bbp_voice_count":0,"_bbp_anonymous_reply_count":0,"_bbp_topic_count_hidden":0,"_bbp_reply_count_hidden":0,"_bbp_forum_subforum_count":0,"footnotes":""},"class_list":["post-1087","page","type-page","status-publish","hentry"],"post_mailing_queue_ids":[],"_links":{"self":[{"href":"https:\/\/agora.xtec.cat\/iescastellbisbal\/wp-json\/wp\/v2\/pages\/1087","targetHints":{"allow":["GET"]}}],"collection":[{"href":"https:\/\/agora.xtec.cat\/iescastellbisbal\/wp-json\/wp\/v2\/pages"}],"about":[{"href":"https:\/\/agora.xtec.cat\/iescastellbisbal\/wp-json\/wp\/v2\/types\/page"}],"author":[{"embeddable":true,"href":"https:\/\/agora.xtec.cat\/iescastellbisbal\/wp-json\/wp\/v2\/users\/1"}],"replies":[{"embeddable":true,"href":"https:\/\/agora.xtec.cat\/iescastellbisbal\/wp-json\/wp\/v2\/comments?post=1087"}],"version-history":[{"count":0,"href":"https:\/\/agora.xtec.cat\/iescastellbisbal\/wp-json\/wp\/v2\/pages\/1087\/revisions"}],"up":[{"embeddable":true,"href":"https:\/\/agora.xtec.cat\/iescastellbisbal\/wp-json\/wp\/v2\/pages\/1078"}],"wp:attachment":[{"href":"https:\/\/agora.xtec.cat\/iescastellbisbal\/wp-json\/wp\/v2\/media?parent=1087"}],"curies":[{"name":"wp","href":"https:\/\/api.w.org\/{rel}","templated":true}]}}