{"id":27,"date":"2014-09-17T16:24:03","date_gmt":"2014-09-17T16:24:03","guid":{"rendered":"http:\/\/agora.xtec.cat\/iescastellar\/?page_id=27"},"modified":"2024-05-07T12:22:54","modified_gmt":"2024-05-07T10:22:54","slug":"historia","status":"publish","type":"page","link":"https:\/\/agora.xtec.cat\/iescastellar\/linstitut\/historia\/","title":{"rendered":"Hist\u00f2ria"},"content":{"rendered":"<p>La hist\u00f2ria de l\u2019INS Castellar es comen\u00e7a a gestar cap a mitjans dels anys 80. En aquells moments els alumnes de Castellar del Vall\u00e8s que volien cursar estudis secundaris s\u2019havien de despla\u00e7ar a l\u2019IB \u00c8GARA, situat a la Mancomunitat Sabadell-Terrassa. Va ser justament la Junta de Directors del Vall\u00e8s Occidental qui en va impulsar la creaci\u00f3, conscients de la necessitat que la poblaci\u00f3 compt\u00e9s amb un centre de Secund\u00e0ria.<\/p>\n<p>Per tal de fer realitat aquest objectiu van iniciar, al mateix temps, els contactes amb els responsables del Departament d\u2019Educaci\u00f3 i amb professionals de l\u2019ensenyament vinculats directament amb Castellar. D\u2019aquesta manera es va fer possible la implicaci\u00f3 de les AMPES de les escoles de prim\u00e0ria i de l\u2019Ajuntament. S\u2019havia aconseguit, per tant, un grup de treball prou representatiu que, amb responsabilitats i mitjans ben diferents, tenia com a fita omplir un buit educatiu que, a mesura que passava el temps, es feia m\u00e9s i m\u00e9s urgent.<br \/>\nNo va ser un proc\u00e9s gens f\u00e0cil. Les anades i vingudes al Departament, les reunions dels implicats, els obstacles que s\u2019havien d\u2019anar superant, van durar ben b\u00e9 dos o tres anys. Cap a finals del curs 85-86 l\u2019Ajuntament adquireix el Palau Tolr\u00e0 i el cedeix perqu\u00e8 sigui la seu provisional del nou centre. Al mateix temps tres professionals demanen una Comissi\u00f3 de Serveis per tal d\u2019endegar el projecte educatiu. \u00c9s a l\u2019octubre del 87 que el centre obre les seves portes com a extensi\u00f3 de l\u2019IB \u00c8gara. Inicialment compta amb 84 alumnes, distribu\u00efts en dos grups de primer de BUP i cinc professors. Paral\u00b7lelament els pares creen l\u2019AMPA que des de bon comen\u00e7ament s\u2019implica directament en el bon funcionament de l\u2019institut, treballant en estreta col\u00b7laboraci\u00f3 amb l\u2019equip docent.<\/p>\n<p>Com \u00e9s l\u00f2gic, a mesura que passen els cursos van creixent el nombre d\u2019alumnes i de professors i molt aviat l\u2019espai es fa petit i \u00e9s impossible atendre tot l\u2019alumnat. Llavors l\u2019Ajuntament adequa els antics safareigs de la Baixada del Palau que es convertiran en aules addicionals. Progressivament la situaci\u00f3 de provisionalitat es fa insostenible i comen\u00e7a una nova lluita: la construcci\u00f3 del nou institut, amb unes instal\u00b7lacions que, a m\u00e9s de donar cabuda a tot l\u2019alumnat, reunir\u00e0 les condicions exigides per un centre educatiu i que quedaven molt limitades per la precarietat d\u2019uns espais no destinats inicialment a l\u2019\u00fas que se\u2019n feia. Tots els estaments i l\u2019administraci\u00f3 local v\u00e0rem treballar junts a l\u2019hora de plantejar aquesta necessitat al Departament d\u2019Educaci\u00f3 i demanar-ne la concreci\u00f3 amb la urg\u00e8ncia que la situaci\u00f3 requeria.<br \/>\nDurant el curs 92-93 s\u2019inicien les obres de les instal\u00b7lacions que es convertiran en l\u2019IES Castellar que iniciar\u00e0 les seves tasques acad\u00e8miques el curs seg\u00fcent, el 93-94. No estrenarem, per\u00f2, nom\u00e9s edifici: des del Departament se\u2019ns obliga a aplicar a l\u2019avan\u00e7ada el nou sistema educatiu, l\u2019ESO i posteriorment el Batxillerat. Es comen\u00e7a,per tant, amb 3r d\u2019ESO i curs a curs van desapareixen BUP i COU. Ens trobem amb un nou repte que ens exigeix l\u2019esfor\u00e7 del constant replantejament per anar donant la resposta adequada a les necessitats educatives exigides pel nou sistema educatiu.<\/p>\n<p>En ser l\u2019\u00fanic centre p\u00fablic de la poblaci\u00f3, d\u2019una poblaci\u00f3 en creixement constant, i arran de la incorporaci\u00f3 de la primera etapa de l\u2019ESO als centres de Secund\u00e0ria, el nombre d\u2019alumnat creix constantment fins a arribar gaireb\u00e9 al miler d\u2019alumnes que s\u2019havien d\u2019atendre en uns espais pensats per a molts menys. Se\u2019ns plantejava per tant una nova urg\u00e8ncia: el segon institut. De fet, ja feia temps que, amb les previsions que les matr\u00edcules de prim\u00e0ria permetien fer, erem conscients que el centre seria molt aviat del tot insuficient per donar cabuda a tots els futurs estudiants de secund\u00e0ria. Les gestions, doncs, no van ser cosa d\u2019\u00faltima hora sin\u00f3 que pr\u00e0cticament des dels mateixos inicis del institut la nostra inquietud havia estat reiteradament manifestada als responsables governamentals corresponents. Ens va tocar, per\u00f2, viure uns anys dif\u00edcils perqu\u00e8 hav\u00edem de treballar en unes condicions molt poc favorables i aix\u00f2 exigia un gran esfor\u00e7 de tots plegats \u2013equip docent, pares, alumnes- si vol\u00edem que la qualitat educativa no se\u2019n ressent\u00eds.<br \/>\nFinalment es va construir el nou edifici que iniciaria les seves tasques docents el curs 2004-05. La feina de l\u2019equip directiu, el claustre de professors i l\u2019AMPA no s\u2019havia pas acabat. Calia organitzar-ho tot de bell nou. Aix\u00f2 significa, per una banda pensar com es portaria a terme la distribuci\u00f3 de l\u2019alumnat, de quina manera es formaria el nou claustre de professors, quin equip directiu se\u2019n faria c\u00e0rrec\u2026 Es va treballar conjuntament amb la Inspecci\u00f3, l\u2019Ajuntament per anar perfilant els diversos aspectes: la zonificaci\u00f3, el desglossament del claustre, una proposta de direcci\u00f3\u2026 Tot amb la voluntat que els dos centres de secund\u00e0ria amb qu\u00e8 comptaria Castellar oferissin unes garanties i qualitat equiparables.<\/p>\n<p>Aquesta \u00e9s a grans trets la nostra hist\u00f2ria. A partir del desglossament l\u2019INS Castellar va tornar a ser un centre de dimensions que es movia en els par\u00e0metres de normalitat. Aix\u00f2 va suposar poder tornar a treballar en unes condicions molt m\u00e9s favorables i en la realitzaci\u00f3 de projectes diversos tant en l\u2019\u00e0mbit estrictament acad\u00e8mic com en d\u2019altres vessants culturals que afavoreixen la formaci\u00f3 humana dels alumnes en el sentit m\u00e9s ampli de la paraula.<\/p>\n","protected":false},"excerpt":{"rendered":"<p>La hist\u00f2ria de l\u2019INS Castellar es comen\u00e7a a gestar cap a mitjans dels anys 80. En aquells moments els alumnes de Castellar del Vall\u00e8s que volien cursar estudis secundaris s\u2019havien de despla\u00e7ar a l\u2019IB \u00c8GARA, situat a la Mancomunitat Sabadell-Terrassa. Va ser justament la Junta&hellip;  <a href=\"https:\/\/agora.xtec.cat\/iescastellar\/linstitut\/historia\/\" title=\"Read Hist\u00f2ria\">Llegeix m\u00e9s\u00bb<\/a><\/p>\n","protected":false},"author":1,"featured_media":0,"parent":19,"menu_order":20,"comment_status":"closed","ping_status":"closed","template":"page-templates\/side-menu.php","meta":{"_bbp_topic_count":0,"_bbp_reply_count":0,"_bbp_total_topic_count":0,"_bbp_total_reply_count":0,"_bbp_voice_count":0,"_bbp_anonymous_reply_count":0,"_bbp_topic_count_hidden":0,"_bbp_reply_count_hidden":0,"_bbp_forum_subforum_count":0,"footnotes":""},"class_list":["post-27","page","type-page","status-publish","hentry"],"post_mailing_queue_ids":[],"_links":{"self":[{"href":"https:\/\/agora.xtec.cat\/iescastellar\/wp-json\/wp\/v2\/pages\/27","targetHints":{"allow":["GET"]}}],"collection":[{"href":"https:\/\/agora.xtec.cat\/iescastellar\/wp-json\/wp\/v2\/pages"}],"about":[{"href":"https:\/\/agora.xtec.cat\/iescastellar\/wp-json\/wp\/v2\/types\/page"}],"author":[{"embeddable":true,"href":"https:\/\/agora.xtec.cat\/iescastellar\/wp-json\/wp\/v2\/users\/1"}],"replies":[{"embeddable":true,"href":"https:\/\/agora.xtec.cat\/iescastellar\/wp-json\/wp\/v2\/comments?post=27"}],"version-history":[{"count":1,"href":"https:\/\/agora.xtec.cat\/iescastellar\/wp-json\/wp\/v2\/pages\/27\/revisions"}],"predecessor-version":[{"id":538,"href":"https:\/\/agora.xtec.cat\/iescastellar\/wp-json\/wp\/v2\/pages\/27\/revisions\/538"}],"up":[{"embeddable":true,"href":"https:\/\/agora.xtec.cat\/iescastellar\/wp-json\/wp\/v2\/pages\/19"}],"wp:attachment":[{"href":"https:\/\/agora.xtec.cat\/iescastellar\/wp-json\/wp\/v2\/media?parent=27"}],"curies":[{"name":"wp","href":"https:\/\/api.w.org\/{rel}","templated":true}]}}