{"id":5661,"date":"2025-09-24T14:42:12","date_gmt":"2025-09-24T12:42:12","guid":{"rendered":"https:\/\/agora.xtec.cat\/iescassa\/?page_id=5661"},"modified":"2025-10-17T08:07:28","modified_gmt":"2025-10-17T06:07:28","slug":"agenda-3","status":"publish","type":"page","link":"https:\/\/agora.xtec.cat\/iescassa\/agenda-3\/","title":{"rendered":"Agenda INS CASS\u00c0"},"content":{"rendered":"<div>A continuaci\u00f3 trobareu els calendaris per trimestres de les Sortides, Tallers, Xerrades i altres activitats en les quals hi participa l&#8217;alumnat del nostre centre:<\/div>\n<div>\n<ul>\n<li><a href=\"https:\/\/docs.google.com\/document\/d\/1HjYJanU3VVhT76YG_e5miLKH1gqAL3IXVKzeOXRTvmM\/edit?usp=sharing\" target=\"_blank\" rel=\"noopener\" data-saferedirecturl=\"https:\/\/www.google.com\/url?q=https:\/\/docs.google.com\/document\/d\/1HjYJanU3VVhT76YG_e5miLKH1gqAL3IXVKzeOXRTvmM\/edit?usp%3Dsharing&amp;source=gmail&amp;ust=1760509048261000&amp;usg=AOvVaw0b4XoAgG-t2xDc_bJVvp7m\">Primer trimestre<\/a><\/li>\n<li><a href=\"https:\/\/docs.google.com\/document\/d\/1eUKlI8hKWcwASdaBRcljAH1LkKu5010WcOcmyFuvV9g\/edit?usp=sharing\" target=\"_blank\" rel=\"noopener\" data-saferedirecturl=\"https:\/\/www.google.com\/url?q=https:\/\/docs.google.com\/document\/d\/1eUKlI8hKWcwASdaBRcljAH1LkKu5010WcOcmyFuvV9g\/edit?usp%3Dsharing&amp;source=gmail&amp;ust=1760509048261000&amp;usg=AOvVaw1h2Wi9iwe-Mnn--2BV-4oc\">Segon trimestre<\/a><\/li>\n<li><a href=\"https:\/\/docs.google.com\/document\/d\/1zhWH-P_0uaDfyCkOPMs2F7GBUuzuHqJYYm4c2b_LrJ4\/edit?usp=drive_link\" target=\"_blank\" rel=\"noopener\" data-saferedirecturl=\"https:\/\/www.google.com\/url?q=https:\/\/docs.google.com\/document\/d\/1zhWH-P_0uaDfyCkOPMs2F7GBUuzuHqJYYm4c2b_LrJ4\/edit?usp%3Ddrive_link&amp;source=gmail&amp;ust=1760509048261000&amp;usg=AOvVaw029Qu90p2l3Gq9CjR9a-vB\">Tercer trimestre<\/a><\/li>\n<\/ul>\n<div><i><b>NOTA IMPORTANT: <\/b>A cada p\u00e0gina hi consta la data de la darrera revisi\u00f3 ja que els documents s\u00f3n vius i estan subjectes a canvis.<\/i><\/div>\n<\/div>\n<div><\/div>\n<div><\/div>\n","protected":false},"excerpt":{"rendered":"<p>A continuaci\u00f3 trobareu els calendaris per trimestres de les Sortides, Tallers, Xerrades i altres activitats en les quals hi participa l&#8217;alumnat del nostre centre: Primer trimestre Segon trimestre Tercer trimestre NOTA IMPORTANT: A cada p\u00e0gina hi consta la data de la darrera revisi\u00f3 ja que els documents s\u00f3n vius i estan subjectes a canvis.<\/p>\n","protected":false},"author":11,"featured_media":0,"parent":0,"menu_order":0,"comment_status":"closed","ping_status":"closed","template":"","meta":{"_bbp_topic_count":0,"_bbp_reply_count":0,"_bbp_total_topic_count":0,"_bbp_total_reply_count":0,"_bbp_voice_count":0,"_bbp_anonymous_reply_count":0,"_bbp_topic_count_hidden":0,"_bbp_reply_count_hidden":0,"_bbp_forum_subforum_count":0,"site-sidebar-layout":"default","site-content-layout":"","ast-site-content-layout":"default","site-content-style":"default","site-sidebar-style":"default","ast-global-header-display":"","ast-banner-title-visibility":"","ast-main-header-display":"","ast-hfb-above-header-display":"","ast-hfb-below-header-display":"","ast-hfb-mobile-header-display":"","site-post-title":"","ast-breadcrumbs-content":"","ast-featured-img":"","footer-sml-layout":"","theme-transparent-header-meta":"default","adv-header-id-meta":"","stick-header-meta":"","header-above-stick-meta":"","header-main-stick-meta":"","header-below-stick-meta":"","astra-migrate-meta-layouts":"set","ast-page-background-enabled":"default","ast-page-background-meta":{"desktop":{"background-color":"var(--ast-global-color-4)","background-image":"","background-repeat":"repeat","background-position":"center center","background-size":"auto","background-attachment":"scroll","background-type":"","background-media":"","overlay-type":"","overlay-color":"","overlay-opacity":"","overlay-gradient":""},"tablet":{"background-color":"","background-image":"","background-repeat":"repeat","background-position":"center center","background-size":"auto","background-attachment":"scroll","background-type":"","background-media":"","overlay-type":"","overlay-color":"","overlay-opacity":"","overlay-gradient":""},"mobile":{"background-color":"","background-image":"","background-repeat":"repeat","background-position":"center center","background-size":"auto","background-attachment":"scroll","background-type":"","background-media":"","overlay-type":"","overlay-color":"","overlay-opacity":"","overlay-gradient":""}},"ast-content-background-meta":{"desktop":{"background-color":"var(--ast-global-color-5)","background-image":"","background-repeat":"repeat","background-position":"center center","background-size":"auto","background-attachment":"scroll","background-type":"","background-media":"","overlay-type":"","overlay-color":"","overlay-opacity":"","overlay-gradient":""},"tablet":{"background-color":"var(--ast-global-color-5)","background-image":"","background-repeat":"repeat","background-position":"center center","background-size":"auto","background-attachment":"scroll","background-type":"","background-media":"","overlay-type":"","overlay-color":"","overlay-opacity":"","overlay-gradient":""},"mobile":{"background-color":"var(--ast-global-color-5)","background-image":"","background-repeat":"repeat","background-position":"center center","background-size":"auto","background-attachment":"scroll","background-type":"","background-media":"","overlay-type":"","overlay-color":"","overlay-opacity":"","overlay-gradient":""}},"footnotes":""},"class_list":["post-5661","page","type-page","status-publish","hentry"],"post_mailing_queue_ids":[],"_links":{"self":[{"href":"https:\/\/agora.xtec.cat\/iescassa\/wp-json\/wp\/v2\/pages\/5661","targetHints":{"allow":["GET"]}}],"collection":[{"href":"https:\/\/agora.xtec.cat\/iescassa\/wp-json\/wp\/v2\/pages"}],"about":[{"href":"https:\/\/agora.xtec.cat\/iescassa\/wp-json\/wp\/v2\/types\/page"}],"author":[{"embeddable":true,"href":"https:\/\/agora.xtec.cat\/iescassa\/wp-json\/wp\/v2\/users\/11"}],"replies":[{"embeddable":true,"href":"https:\/\/agora.xtec.cat\/iescassa\/wp-json\/wp\/v2\/comments?post=5661"}],"version-history":[{"count":6,"href":"https:\/\/agora.xtec.cat\/iescassa\/wp-json\/wp\/v2\/pages\/5661\/revisions"}],"predecessor-version":[{"id":5711,"href":"https:\/\/agora.xtec.cat\/iescassa\/wp-json\/wp\/v2\/pages\/5661\/revisions\/5711"}],"wp:attachment":[{"href":"https:\/\/agora.xtec.cat\/iescassa\/wp-json\/wp\/v2\/media?parent=5661"}],"curies":[{"name":"wp","href":"https:\/\/api.w.org\/{rel}","templated":true}]}}