{"id":5362,"date":"2025-07-12T19:15:20","date_gmt":"2025-07-12T17:15:20","guid":{"rendered":"https:\/\/agora.xtec.cat\/iescassa\/?page_id=5362"},"modified":"2025-10-15T09:55:10","modified_gmt":"2025-10-15T07:55:10","slug":"servei-mediacio","status":"publish","type":"page","link":"https:\/\/agora.xtec.cat\/iescassa\/servei-mediacio\/","title":{"rendered":"SERVEI DE MEDIACI\u00d3 PER A L\u2019ALUMNAT"},"content":{"rendered":"<p style=\"text-align: justify;\"><strong>Com funciona?<\/strong> Per posar en marxa el servei de mediaci\u00f3, les persones implicades han d\u2019estar disposades a parlar del que els passa amb la intenci\u00f3 de resoldre el conflicte o el malestar que tinguin.<\/p>\n<p><img loading=\"lazy\" decoding=\"async\" class=\"wp-image-5427 aligncenter\" src=\"https:\/\/agora.xtec.cat\/iescassa\/wp-content\/uploads\/usu1877\/2025\/07\/Mediacio2.jpg\" alt=\"\" width=\"209\" height=\"253\" srcset=\"https:\/\/agora.xtec.cat\/iescassa\/wp-content\/uploads\/usu1877\/2025\/07\/Mediacio2.jpg 881w, https:\/\/agora.xtec.cat\/iescassa\/wp-content\/uploads\/usu1877\/2025\/07\/Mediacio2-248x300.jpg 248w, https:\/\/agora.xtec.cat\/iescassa\/wp-content\/uploads\/usu1877\/2025\/07\/Mediacio2-846x1024.jpg 846w, https:\/\/agora.xtec.cat\/iescassa\/wp-content\/uploads\/usu1877\/2025\/07\/Mediacio2-768x929.jpg 768w\" sizes=\"auto, (max-width: 209px) 100vw, 209px\" \/><strong style=\"font-size: 16px;\">Com contactar amb el servei de mediaci\u00f3?<\/strong><br \/>\n\u25cf Dirigir-se a una persona mediadora directament i demanar-li que intervingui o que valori la intervenci\u00f3 en un conflicte propi o d\u2019alguna altra persona. Hi haur\u00e0 informaci\u00f3 al suro de cada tutoria i les fotos de les persones mediadores.<br \/>\n\u25cf El servei de mediaci\u00f3 disposa d\u2019una b\u00fastia al rac\u00f3 de mediaci\u00f3 situat al costat de la consergeria, on, de forma an\u00f2nima qualsevol persona pot escriure algun conflicte que hagi detectat (seu o d\u2019altres persones).<br \/>\n\u25cf Enviant un correu a: mediaci\u00f3@inscassa.cat<br \/>\n\u25cf A trav\u00e9s de la persona tutora, una persona del professorat en qui hi tingui confian\u00e7a o a trav\u00e9s de les psicopedagogues es pot sol\u00b7licitar el servei.<\/p>\n<p style=\"text-align: justify;\">MILLOREM LA CONVIV\u00c8NCIA AL NOSTRE CENTRE ENTRE TOTS!<\/p>\n<p>En aquest document podeu trobar resumit com funciona el<strong> <a href=\"https:\/\/drive.google.com\/file\/d\/1M_ggRFama8nOTKj9_Ti3riDQKGHTkyGA\/view?usp=drive_link\">servei de mediaci\u00f3 de l&#8217;alumnat.\u00a0<\/a><\/strong><\/p>\n<p>&nbsp;<\/p>\n","protected":false},"excerpt":{"rendered":"<p>Com funciona? Per posar en marxa el servei de mediaci\u00f3, les persones implicades han d\u2019estar disposades a parlar del que els passa amb la intenci\u00f3 de resoldre el conflicte o el malestar que tinguin. Com contactar amb el servei de mediaci\u00f3? \u25cf Dirigir-se a una persona mediadora directament i demanar-li que intervingui o que valori [&hellip;]<\/p>\n","protected":false},"author":5,"featured_media":0,"parent":0,"menu_order":0,"comment_status":"closed","ping_status":"closed","template":"","meta":{"_bbp_topic_count":0,"_bbp_reply_count":0,"_bbp_total_topic_count":0,"_bbp_total_reply_count":0,"_bbp_voice_count":0,"_bbp_anonymous_reply_count":0,"_bbp_topic_count_hidden":0,"_bbp_reply_count_hidden":0,"_bbp_forum_subforum_count":0,"site-sidebar-layout":"default","site-content-layout":"","ast-site-content-layout":"default","site-content-style":"default","site-sidebar-style":"default","ast-global-header-display":"","ast-banner-title-visibility":"","ast-main-header-display":"","ast-hfb-above-header-display":"","ast-hfb-below-header-display":"","ast-hfb-mobile-header-display":"","site-post-title":"","ast-breadcrumbs-content":"","ast-featured-img":"","footer-sml-layout":"","theme-transparent-header-meta":"default","adv-header-id-meta":"","stick-header-meta":"","header-above-stick-meta":"","header-main-stick-meta":"","header-below-stick-meta":"","astra-migrate-meta-layouts":"set","ast-page-background-enabled":"default","ast-page-background-meta":{"desktop":{"background-color":"var(--ast-global-color-4)","background-image":"","background-repeat":"repeat","background-position":"center center","background-size":"auto","background-attachment":"scroll","background-type":"","background-media":"","overlay-type":"","overlay-color":"","overlay-opacity":"","overlay-gradient":""},"tablet":{"background-color":"","background-image":"","background-repeat":"repeat","background-position":"center center","background-size":"auto","background-attachment":"scroll","background-type":"","background-media":"","overlay-type":"","overlay-color":"","overlay-opacity":"","overlay-gradient":""},"mobile":{"background-color":"","background-image":"","background-repeat":"repeat","background-position":"center center","background-size":"auto","background-attachment":"scroll","background-type":"","background-media":"","overlay-type":"","overlay-color":"","overlay-opacity":"","overlay-gradient":""}},"ast-content-background-meta":{"desktop":{"background-color":"var(--ast-global-color-5)","background-image":"","background-repeat":"repeat","background-position":"center center","background-size":"auto","background-attachment":"scroll","background-type":"","background-media":"","overlay-type":"","overlay-color":"","overlay-opacity":"","overlay-gradient":""},"tablet":{"background-color":"var(--ast-global-color-5)","background-image":"","background-repeat":"repeat","background-position":"center center","background-size":"auto","background-attachment":"scroll","background-type":"","background-media":"","overlay-type":"","overlay-color":"","overlay-opacity":"","overlay-gradient":""},"mobile":{"background-color":"var(--ast-global-color-5)","background-image":"","background-repeat":"repeat","background-position":"center center","background-size":"auto","background-attachment":"scroll","background-type":"","background-media":"","overlay-type":"","overlay-color":"","overlay-opacity":"","overlay-gradient":""}},"footnotes":""},"class_list":["post-5362","page","type-page","status-publish","hentry"],"post_mailing_queue_ids":[],"_links":{"self":[{"href":"https:\/\/agora.xtec.cat\/iescassa\/wp-json\/wp\/v2\/pages\/5362","targetHints":{"allow":["GET"]}}],"collection":[{"href":"https:\/\/agora.xtec.cat\/iescassa\/wp-json\/wp\/v2\/pages"}],"about":[{"href":"https:\/\/agora.xtec.cat\/iescassa\/wp-json\/wp\/v2\/types\/page"}],"author":[{"embeddable":true,"href":"https:\/\/agora.xtec.cat\/iescassa\/wp-json\/wp\/v2\/users\/5"}],"replies":[{"embeddable":true,"href":"https:\/\/agora.xtec.cat\/iescassa\/wp-json\/wp\/v2\/comments?post=5362"}],"version-history":[{"count":6,"href":"https:\/\/agora.xtec.cat\/iescassa\/wp-json\/wp\/v2\/pages\/5362\/revisions"}],"predecessor-version":[{"id":5709,"href":"https:\/\/agora.xtec.cat\/iescassa\/wp-json\/wp\/v2\/pages\/5362\/revisions\/5709"}],"wp:attachment":[{"href":"https:\/\/agora.xtec.cat\/iescassa\/wp-json\/wp\/v2\/media?parent=5362"}],"curies":[{"name":"wp","href":"https:\/\/api.w.org\/{rel}","templated":true}]}}