{"id":5301,"date":"2025-07-12T10:20:04","date_gmt":"2025-07-12T08:20:04","guid":{"rendered":"https:\/\/agora.xtec.cat\/iescassa\/?page_id=5301"},"modified":"2026-03-23T13:33:10","modified_gmt":"2026-03-23T12:33:10","slug":"consell-escolar","status":"publish","type":"page","link":"https:\/\/agora.xtec.cat\/iescassa\/consell-escolar\/","title":{"rendered":"Consell Escolar"},"content":{"rendered":"<p style=\"text-align: justify;\"><span style=\"font-weight: 400;\">El consell escolar del centre \u00e9s l\u2019\u00f2rgan col\u00b7legiat de participaci\u00f3 de la comunitat escolar en el govern del centre. En el consell escolar hi ha representats tots els col\u00b7lectius que intervenen en la comunitat educativa: director, professorat, alumnat, personal d\u2019administraci\u00f3 i serveis, etc.<\/span><\/p>\n<p style=\"text-align: justify;\"><span style=\"font-weight: 400;\">En els centres p\u00fablics, la funci\u00f3 principal del consell escolar \u00e9s participar en la presa de decisions en relaci\u00f3 amb aquells temes importants per al funcionament i l\u2019organitzaci\u00f3 del centre: el projecte educatiu, la programaci\u00f3 general, la gesti\u00f3 econ\u00f2mica, etc.\u00a0<\/span><\/p>\n<p style=\"text-align: justify;\"><span style=\"font-weight: 400;\">Els membres del consell escolar s\u00f3n elegits per un per\u00edode de quatre anys i es renoven per meitats cada dos anys.<\/span><\/p>\n<p style=\"text-align: justify;\"><span style=\"font-weight: 400;\">Qui forma part del Consell Escolar de l\u2019INS Cass\u00e0 de la Selva? <a href=\"https:\/\/drive.google.com\/file\/d\/1FBqc7nSz-2KSRCBG8xPhxk7SjA2w8PAZ\/view?usp=sharing\">Curs 25-26 \/ Curs 26-27\/Curs 27-28<\/a><\/span><\/p>\n<h4><\/h4>\n<p>&nbsp;<\/p>\n<h4><b>Consell Escolar Curs 2025-2026<\/b><\/h4>\n<p><a href=\"https:\/\/drive.google.com\/file\/d\/1qQsRGdOubLTdtkSE7CjwSJ1NTaB4h2Jm\/view?usp=sharing\">Acords del 16-03-2026(CE12)<\/a><\/p>\n<p><a href=\"https:\/\/drive.google.com\/file\/d\/1lXwfpXbm-meN0NuStiPFbpGl-ATeBi6b\/view?usp=sharing\">Acords del 09-02-2026 (CE11)<\/a><\/p>\n<p><a href=\"https:\/\/drive.google.com\/file\/d\/1TK4I-xmfLezpZS47kd_CL4rPvDRqaEp7\/view?usp=sharing\">Acords del 16-12-2025 (CE10)<\/a><\/p>\n<p><a href=\"https:\/\/drive.google.com\/file\/d\/12o6fI9jMCWNAm4fytqm7iKkUeLA5sWpd\/view?usp=sharing\">Acords del 16-12-2025 (CE9)<\/a><\/p>\n<p><a href=\"https:\/\/drive.google.com\/file\/d\/12UsBTl8IBCYofLCmi6MVa2fRHRSJETgw\/view?usp=sharing\"><span style=\"font-weight: 400;\">Acords del 14-10-2025 (CE8)<\/span><\/a><\/p>\n<h4><\/h4>\n<h4><b>Consell Escolar Curs 2024-2025<\/b><\/h4>\n<p><a href=\"https:\/\/drive.google.com\/file\/d\/1zMqsCMU_SRvnMtaBBf87saPcOJzLXJwP\/view?usp=drive_link\"><span style=\"font-weight: 400;\">Acords del 30-06-2025<\/span><\/a><\/p>\n<p><a href=\"https:\/\/drive.google.com\/file\/d\/1tv8CCImUeZguPgwLZ8548zVVlNb7rhBR\/view?usp=sharing\"><span style=\"font-weight: 400;\">Acords del 13-02-25<\/span><\/a><\/p>\n<p><a href=\"https:\/\/drive.google.com\/file\/d\/1lX5KCaR7E2UYim_kOXuxyfX7exqZMVL9\/view?usp=sharing\"><span style=\"font-weight: 400;\">Acords del 21 d\u2019octubre de 2024<\/span><\/a><\/p>\n<h4><\/h4>\n<h4><\/h4>\n<h4><b>Consell Escolar Curs 2023-2024<\/b><\/h4>\n<p><a href=\"https:\/\/drive.google.com\/file\/d\/1Oy1oj0GKXATu_s5b2RGoeLldcoQtUNFs\/view\"><span style=\"font-weight: 400;\">Acords del 3 de juliol de 2024<\/span><\/a><\/p>\n<p><a href=\"https:\/\/drive.google.com\/file\/d\/1zMqsCMU_SRvnMtaBBf87saPcOJzLXJwP\/view?usp=drive_link\"><span style=\"font-weight: 400;\">Acord del 18 de mar\u00e7 de 2024<\/span><\/a><\/p>\n<p><a href=\"https:\/\/drive.google.com\/file\/d\/10pOMLheBjbxPnslV8xbL7Tb_0j6NsQxS\/view?usp=sharing\"><span style=\"font-weight: 400;\">Acords del 7 de febrer de 2024<\/span><\/a><\/p>\n<p><a href=\"https:\/\/drive.google.com\/file\/d\/1Uul-F-ZsCS9VFUqJFdKFU8VEoieF_-Ho\/view?usp=drive_link\"><span style=\"font-weight: 400;\">Acords del 18 de desembre de 2023<\/span><\/a><\/p>\n<p><a href=\"https:\/\/drive.google.com\/file\/d\/15FPc_se0atx0GhxY62xzrYwV5VMZ8A12\/view?usp=sharing\"><span style=\"font-weight: 400;\">Acords 23 d\u2019octubre de 2023<\/span><\/a><\/p>\n<p><a href=\"https:\/\/drive.google.com\/file\/d\/1KUL4oHu8ZUsbgn4fFPrWH0SVtjij1wxd\/view?usp=sharing\"><span style=\"font-weight: 400;\">Acords 13 de setembre de 2023<\/span><\/a><\/p>\n<p>&nbsp;<\/p>\n","protected":false},"excerpt":{"rendered":"<p>El consell escolar del centre \u00e9s l\u2019\u00f2rgan col\u00b7legiat de participaci\u00f3 de la comunitat escolar en el govern del centre. En el consell escolar hi ha representats tots els col\u00b7lectius que intervenen en la comunitat educativa: director, professorat, alumnat, personal d\u2019administraci\u00f3 i serveis, etc. En els centres p\u00fablics, la funci\u00f3 principal del consell escolar \u00e9s participar [&hellip;]<\/p>\n","protected":false},"author":5,"featured_media":0,"parent":0,"menu_order":0,"comment_status":"closed","ping_status":"closed","template":"","meta":{"_bbp_topic_count":0,"_bbp_reply_count":0,"_bbp_total_topic_count":0,"_bbp_total_reply_count":0,"_bbp_voice_count":0,"_bbp_anonymous_reply_count":0,"_bbp_topic_count_hidden":0,"_bbp_reply_count_hidden":0,"_bbp_forum_subforum_count":0,"site-sidebar-layout":"default","site-content-layout":"","ast-site-content-layout":"default","site-content-style":"default","site-sidebar-style":"default","ast-global-header-display":"","ast-banner-title-visibility":"","ast-main-header-display":"","ast-hfb-above-header-display":"","ast-hfb-below-header-display":"","ast-hfb-mobile-header-display":"","site-post-title":"","ast-breadcrumbs-content":"","ast-featured-img":"","footer-sml-layout":"","theme-transparent-header-meta":"default","adv-header-id-meta":"","stick-header-meta":"","header-above-stick-meta":"","header-main-stick-meta":"","header-below-stick-meta":"","astra-migrate-meta-layouts":"set","ast-page-background-enabled":"default","ast-page-background-meta":{"desktop":{"background-color":"var(--ast-global-color-4)","background-image":"","background-repeat":"repeat","background-position":"center center","background-size":"auto","background-attachment":"scroll","background-type":"","background-media":"","overlay-type":"","overlay-color":"","overlay-opacity":"","overlay-gradient":""},"tablet":{"background-color":"","background-image":"","background-repeat":"repeat","background-position":"center center","background-size":"auto","background-attachment":"scroll","background-type":"","background-media":"","overlay-type":"","overlay-color":"","overlay-opacity":"","overlay-gradient":""},"mobile":{"background-color":"","background-image":"","background-repeat":"repeat","background-position":"center center","background-size":"auto","background-attachment":"scroll","background-type":"","background-media":"","overlay-type":"","overlay-color":"","overlay-opacity":"","overlay-gradient":""}},"ast-content-background-meta":{"desktop":{"background-color":"var(--ast-global-color-5)","background-image":"","background-repeat":"repeat","background-position":"center center","background-size":"auto","background-attachment":"scroll","background-type":"","background-media":"","overlay-type":"","overlay-color":"","overlay-opacity":"","overlay-gradient":""},"tablet":{"background-color":"var(--ast-global-color-5)","background-image":"","background-repeat":"repeat","background-position":"center center","background-size":"auto","background-attachment":"scroll","background-type":"","background-media":"","overlay-type":"","overlay-color":"","overlay-opacity":"","overlay-gradient":""},"mobile":{"background-color":"var(--ast-global-color-5)","background-image":"","background-repeat":"repeat","background-position":"center center","background-size":"auto","background-attachment":"scroll","background-type":"","background-media":"","overlay-type":"","overlay-color":"","overlay-opacity":"","overlay-gradient":""}},"footnotes":""},"class_list":["post-5301","page","type-page","status-publish","hentry"],"post_mailing_queue_ids":[],"_links":{"self":[{"href":"https:\/\/agora.xtec.cat\/iescassa\/wp-json\/wp\/v2\/pages\/5301","targetHints":{"allow":["GET"]}}],"collection":[{"href":"https:\/\/agora.xtec.cat\/iescassa\/wp-json\/wp\/v2\/pages"}],"about":[{"href":"https:\/\/agora.xtec.cat\/iescassa\/wp-json\/wp\/v2\/types\/page"}],"author":[{"embeddable":true,"href":"https:\/\/agora.xtec.cat\/iescassa\/wp-json\/wp\/v2\/users\/5"}],"replies":[{"embeddable":true,"href":"https:\/\/agora.xtec.cat\/iescassa\/wp-json\/wp\/v2\/comments?post=5301"}],"version-history":[{"count":7,"href":"https:\/\/agora.xtec.cat\/iescassa\/wp-json\/wp\/v2\/pages\/5301\/revisions"}],"predecessor-version":[{"id":5919,"href":"https:\/\/agora.xtec.cat\/iescassa\/wp-json\/wp\/v2\/pages\/5301\/revisions\/5919"}],"wp:attachment":[{"href":"https:\/\/agora.xtec.cat\/iescassa\/wp-json\/wp\/v2\/media?parent=5301"}],"curies":[{"name":"wp","href":"https:\/\/api.w.org\/{rel}","templated":true}]}}