{"id":5115,"date":"2018-08-18T10:41:44","date_gmt":"2018-08-18T08:41:44","guid":{"rendered":"http:\/\/agora.xtec.cat\/iescasablancas\/?page_id=5115"},"modified":"2025-10-27T15:08:47","modified_gmt":"2025-10-27T14:08:47","slug":"departaments-didactics","status":"publish","type":"page","link":"https:\/\/agora.xtec.cat\/iescasablancas\/linstitut\/organigrama\/departaments-didactics\/","title":{"rendered":"DEPARTAMENTS DID\u00c0CTICS"},"content":{"rendered":"<table style=\"height: 1264px; width: 83.3426%;\">\n<tbody>\n<tr style=\"height: 183px;\">\n<td style=\"width: 31.8757%; height: 10px;\"><strong>\u00a0Ci\u00e8ncies Naturals<\/strong><\/td>\n<td style=\"width: 132.783%; height: 10px;\">\n<ul>\n<li style=\"text-align: justify;\">Cristina Alberti Avenda\u00f1o (Cap de departament)<\/li>\n<li style=\"text-align: justify;\">Empar Benito Vall\u00e9s<\/li>\n<li style=\"text-align: justify;\">Maria Ort\u00ed Lull<\/li>\n<li style=\"text-align: justify;\">Elena Vela Sarri\u00f3n<\/li>\n<li style=\"text-align: justify;\">Blai Serrano Parera<\/li>\n<li style=\"text-align: justify;\">Gemma Balmes R\u00edos<\/li>\n<\/ul>\n<\/td>\n<\/tr>\n<tr style=\"height: 381px;\">\n<td style=\"width: 31.8757%; height: 46px;\"><strong>\u00a0Ci\u00e8ncies Socials<\/strong><\/td>\n<td style=\"width: 132.783%; height: 46px;\">\n<ul>\n<li style=\"text-align: justify;\">Manuel Quesada Carrasco (Cap de departament)<\/li>\n<li style=\"text-align: justify;\">Olga Torres Sa\u00f1udo<\/li>\n<li style=\"text-align: justify;\">Fina Ma\u00f1as Palenzuela<\/li>\n<li style=\"text-align: justify;\">Laura Tricuera Mestre\u00a0(<span data-sheets-root=\"1\">Coordinadora 1r BAT<\/span>)<\/li>\n<li style=\"text-align: justify;\">Dani Marcos Espa\u00f1a<\/li>\n<li style=\"text-align: justify;\">Jos\u00e9 Ram\u00edrez Rodr\u00edguez<\/li>\n<li style=\"text-align: justify;\">Chus Barrio Bonilla<\/li>\n<li style=\"text-align: justify;\">Araceli Prieto Barrera<\/li>\n<li style=\"text-align: justify;\">Cecilia Roda Freire<\/li>\n<\/ul>\n<\/td>\n<\/tr>\n<tr style=\"height: 150px;\">\n<td style=\"width: 31.8757%; height: 10px;\"><strong>Economia<\/strong><\/td>\n<td style=\"width: 132.783%; height: 10px;\">\n<ul>\n<li style=\"text-align: justify;\">David Serra Hidalgo<\/li>\n<li style=\"text-align: justify;\">Laia Prieto Ivorra<\/li>\n<\/ul>\n<\/td>\n<\/tr>\n<tr style=\"height: 216px;\">\n<td style=\"width: 31.8757%; height: 10px;\"><strong>Educaci\u00f3 F\u00edsica<\/strong><\/td>\n<td style=\"width: 132.783%; height: 10px;\">\n<ul>\n<li style=\"text-align: justify;\">Jordi Balaguer Vives (Cap de departament)<\/li>\n<li style=\"text-align: justify;\">Javier Beltr\u00e1n Cervera<\/li>\n<li style=\"text-align: justify;\">Dani Marco Alsina<\/li>\n<li style=\"text-align: justify;\">Carlos L\u00f3pez Lozano<\/li>\n<\/ul>\n<\/td>\n<\/tr>\n<tr style=\"height: 216px;\">\n<td style=\"width: 31.8757%; height: 10px;\"><strong>\u00a0Filosofia<\/strong><\/td>\n<td style=\"width: 132.783%; height: 10px;\">\n<ul>\n<li>David Gasulla Martin (Cap de departament)<\/li>\n<li style=\"text-align: justify;\">Maria Arquer Cort\u00e9s<\/li>\n<li style=\"text-align: justify;\">Carme Mart\u00ednez Perez &#8211; Daniel Maldonado<\/li>\n<li style=\"text-align: justify;\">Eloi Jover Navarro<\/li>\n<\/ul>\n<\/td>\n<\/tr>\n<tr style=\"height: 249px;\">\n<td style=\"width: 31.8757%; height: 153px;\"><strong>F\u00edsica i Qu\u00edmica<\/strong><\/td>\n<td style=\"width: 132.783%; height: 153px;\">\n<ul>\n<li style=\"text-align: justify;\">Ver\u00f2nica Mir\u00f3 Miquel &#8211; Paulino Peir\u00f3<\/li>\n<li style=\"text-align: justify;\">Victor Hueso Bartoll (<span data-sheets-root=\"1\">Coordinador 2n BAT<\/span>)<\/li>\n<li style=\"text-align: justify;\">Mireia Blanch Cod\u00f3<\/li>\n<li style=\"text-align: justify;\">Lurdes Morral Pucurull (Cap de departament)<\/li>\n<li style=\"text-align: justify;\">Xavi Barroso Sala<\/li>\n<\/ul>\n<\/td>\n<\/tr>\n<tr style=\"height: 612px;\">\n<td style=\"width: 31.8757%; height: 10px;\"><strong>Llengua Catalana<\/strong><\/td>\n<td style=\"width: 132.783%; height: 10px;\">\n<ul>\n<li>Susanna Corvinos Flores (Cap de departament)<\/li>\n<li>Anna Lou L\u00f3pez<\/li>\n<li>Gemma Mozas Torres<\/li>\n<li>Toni Fonoll Gener<\/li>\n<li>Clara Soley Manuel<\/li>\n<li>Samuel Pastor Viel (Coordinador LIC)<\/li>\n<li>Gemma Mart\u00ed Lozano<\/li>\n<li>Josep El\u00edas Calatayud Antonino<\/li>\n<li>Judit Vi\u00f1oles Barba<\/li>\n<li>Francisco Fern\u00e1ndez Aguilar<\/li>\n<\/ul>\n<\/td>\n<\/tr>\n<tr style=\"height: 150px;\">\n<td style=\"width: 31.8757%; height: 76px;\"><strong>\u00a0Lleng\u00fces Cl\u00e0ssiques<\/strong><\/td>\n<td style=\"vertical-align: middle; width: 132.783%; height: 76px;\">\n<ul>\n<li>Ramon Torn\u00e9 Teixido (Cap de departament)<\/li>\n<li>Daniel Carayol Herra\u00e9z (Coordinador 4t ESO)<\/li>\n<\/ul>\n<\/td>\n<\/tr>\n<tr style=\"height: 348px;\">\n<td style=\"width: 31.8757%; height: 197px;\"><strong>Llengua Castellana<\/strong><\/td>\n<td style=\"width: 132.783%; height: 197px;\">\n<ul>\n<li>Esteban L\u00f3pez Hijano (Cap de departament)<\/li>\n<li>Ana Torrescusa Maza<\/li>\n<li style=\"text-align: justify;\">F\u00e1tima Galisteo Lencastre de Veiga<\/li>\n<li style=\"text-align: justify;\">Nuria Jim\u00e9nez Felipe (Coordinadora inform\u00e0tica)<\/li>\n<li style=\"text-align: justify;\">Maite Llonch Garcia<\/li>\n<li style=\"text-align: justify;\">Cristina Ferrandiz Benito<\/li>\n<li style=\"text-align: justify;\">Ingrid Filella Santi\u00f1o<\/li>\n<li style=\"text-align: justify;\">Cristina S\u00e1nchez Codesido<\/li>\n<\/ul>\n<\/td>\n<\/tr>\n<tr style=\"height: 546px;\">\n<td style=\"width: 31.8757%; height: 10px;\"><strong>Lleng\u00fces Estrangeres<\/strong><\/td>\n<td style=\"width: 132.783%; height: 10px;\">\n<ul>\n<li style=\"text-align: justify;\">Anabel Ponce Mata (Coordinadora pedag\u00f2gica)<\/li>\n<li style=\"text-align: justify;\">Oliver Garc\u00eda Jimeno (Cap de departament)<\/li>\n<li style=\"text-align: justify;\">Amaia Cobos Jim\u00e9nez (Coordinadora 1r ESO)<\/li>\n<li style=\"text-align: justify;\">Joan Manuel Serrano Cabello<\/li>\n<li style=\"text-align: justify;\">Melina L\u00f3pez Camacho<\/li>\n<li style=\"text-align: justify;\">Reyes Serra Rambla<\/li>\n<li style=\"text-align: justify;\">L\u00eddia Fern\u00e1ndez Bejarano<\/li>\n<li style=\"text-align: justify;\">N\u00faria \u00c1lvarez Puig<\/li>\n<li>Carme Rosi\u00f1a Alonso<\/li>\n<li>Silvia Fern\u00e1ndez Serrano<\/li>\n<li>Astrid Albareda Sirvent<\/li>\n<li>Luc\u00eda Bernabeu Viceo<\/li>\n<\/ul>\n<\/td>\n<\/tr>\n<tr style=\"height: 480px;\">\n<td style=\"width: 31.8757%; height: 112px;\"><strong>Matem\u00e0tiques<\/strong><\/td>\n<td style=\"width: 132.783%; height: 112px;\">\n<ul>\n<li>Jordi Bosch Comas (Cap d&#8217;estudis)<\/li>\n<li>Daniel Martinez Moyano (Cap de departament)<\/li>\n<li>Marisa Riera Casares<\/li>\n<li>Sergi Banach Garcia de Alcaraz (Coordinador 2n ESO)<\/li>\n<li>Luis Carlos Sanchez Mu\u00f1oz (Coordinador digital)<\/li>\n<li>Roger Rodriguez Font &#8211; Hern\u00e1n G\u00f3mez<\/li>\n<li>Dani Roig Barba<\/li>\n<li>N\u00faria Ayala Serra<\/li>\n<li>Joan Pastor Pujol<\/li>\n<li>Rafael Gal\u00e1n Mori\u00f1a<\/li>\n<li>David Cabrero Olmo<\/li>\n<\/ul>\n<\/td>\n<\/tr>\n<tr style=\"height: 249px;\">\n<td style=\"width: 31.8757%; height: 73px;\"><strong>M\u00fasica &#8211; Arts esc\u00e8niques<\/strong><\/td>\n<td style=\"width: 132.783%; height: 73px;\">\n<ul>\n<li>Cristina Puig Castellano (cap de departament)<\/li>\n<li style=\"text-align: justify;\">Clara Vilaseca Costa<\/li>\n<li style=\"text-align: justify;\">Sergi Edo Tatay<\/li>\n<li style=\"text-align: justify;\">Maria Ferr\u00e1ndiz Tarruell<\/li>\n<li style=\"text-align: justify;\">Rosa Salort Castellano<\/li>\n<li style=\"text-align: justify;\">Gabriel Jimenez Martin<\/li>\n<\/ul>\n<\/td>\n<\/tr>\n<tr style=\"height: 150px;\">\n<td style=\"width: 31.8757%; height: 85px;\"><strong>Psicopedagogia<\/strong><\/td>\n<td style=\"width: 132.783%; height: 85px;\">\n<ul>\n<li style=\"text-align: justify;\">Sandra Garc\u00eda Tapia (cap de departament)<\/li>\n<li style=\"text-align: justify;\">Elisenda Fuster Usas<\/li>\n<\/ul>\n<\/td>\n<\/tr>\n<tr style=\"height: 117px;\">\n<td style=\"width: 31.8757%; height: 23px;\"><strong>Religi\u00f3 Cat\u00f2lica<\/strong><\/td>\n<td style=\"width: 132.783%; height: 23px;\">\n<ul>\n<li style=\"text-align: justify;\">J. Antoni Rojas Carretero (cap de departament)<\/li>\n<\/ul>\n<\/td>\n<\/tr>\n<tr style=\"height: 249px;\">\n<td style=\"width: 31.8757%; height: 147px;\"><strong>\u00a0Tecnologia<\/strong><\/td>\n<td style=\"width: 132.783%; height: 147px;\">\n<ul>\n<li>Manel Escanes Gin\u00e9s (secretari)<\/li>\n<li>Virgili Gonzalo Edesa (Cap departament)<\/li>\n<li>Hortensia Lopez Mor\u00f3n ( Cordinadora Riscos laborals)<\/li>\n<li>Marc Milan Llorente<\/li>\n<li>Guillem Franc Lopera (Coordinador inform\u00e0tic)<\/li>\n<li>Marc Sas Tarrag\u00f3<\/li>\n<li>David Asensio Aljama<\/li>\n<li>Marina Llordella Dom\u00ednguez<\/li>\n<\/ul>\n<\/td>\n<\/tr>\n<tr style=\"height: 348px;\">\n<td style=\"width: 31.8757%; height: 188px;\"><strong>\u00a0Visual i Pl\u00e0stica<\/strong><\/td>\n<td style=\"width: 132.783%; height: 188px;\">\n<ul>\n<li style=\"text-align: justify;\">Alberto del Cerro C\u00e1mara (Director)<\/li>\n<li style=\"text-align: justify;\">Pilar Carmona Rom\u00e1n (Cap departament)<\/li>\n<li style=\"text-align: justify;\">Txell Limonero Casanovas<\/li>\n<li style=\"text-align: justify;\">Toni Mart\u00ednez Brosa<\/li>\n<li style=\"text-align: justify;\">Mireia Cerd\u00e0 Gomis<\/li>\n<li style=\"text-align: justify;\">Mireia de la Rosa Mu\u00f1oz<\/li>\n<li style=\"text-align: justify;\">Aida Nogu\u00e9s Jim\u00e9nez<\/li>\n<\/ul>\n<\/td>\n<\/tr>\n<tr style=\"height: 150px;\">\n<td style=\"width: 31.8757%; height: 104px;\"><strong>SIEI<\/strong><\/td>\n<td style=\"width: 132.783%; height: 104px;\">\n<ul>\n<li style=\"text-align: justify;\">Olga Ill\u00e1n Ruiz\u00a0(cap de departament)<\/li>\n<li style=\"text-align: justify;\">Monica Nevado Girona<\/li>\n<li style=\"text-align: justify;\">Lidia Periago Vico<\/li>\n<li style=\"text-align: justify;\">Pilar Serrano Fuertes<\/li>\n<li style=\"text-align: justify;\">Anna M\u00aa Vil\u00e0 Bardaji<\/li>\n<li>Laura Navarro Sole<\/li>\n<li>Laia Cun\u00ed Huguet<\/li>\n<li>Elisabeth Palomeque de Castro<\/li>\n<\/ul>\n<\/td>\n<\/tr>\n<\/tbody>\n<\/table>\n","protected":false},"excerpt":{"rendered":"<p>\u00a0Ci\u00e8ncies Naturals<\/p>\n<ul>\n<li style=\"text-align: justify;\">Cristina Alberti Avenda\u00f1o (Cap de departament)<\/li>\n<li style=\"text-align: justify;\">Empar Benito Vall\u00e9s<\/li>\n<li style=\"text-align: justify;\">Maria Ort\u00ed Lull<\/li>\n<li style=\"text-align: justify;\">Elena Vela Sarri\u00f3n<\/li>\n<li style=\"text-align: justify;\">Blai Serrano Parera<\/li>\n<li style=\"text-align: justify;\">Gemma Balmes R\u00edos<\/li>\n<\/ul>\n<p>\u00a0Ci\u00e8ncies Socials<\/p>\n<ul>\n<li style=\"text-align: justify;\">Manuel Quesada Carrasco (Cap de departament)<\/li>\n<li style=\"text-align: justify;\">Olga Torres Sa\u00f1udo<\/li>\n<li style=\"text-align: justify;\">Fina Ma\u00f1as Palenzuela<\/li>\n<li&hellip;  <a href=\"https:\/\/agora.xtec.cat\/iescasablancas\/linstitut\/organigrama\/departaments-didactics\/\" title=\"Read DEPARTAMENTS DID\u00c0CTICS\">Llegeix m\u00e9s\u00bb<\/a><br \/>\n","protected":false},"author":45,"featured_media":0,"parent":46,"menu_order":2,"comment_status":"closed","ping_status":"closed","template":"","meta":{"_bbp_topic_count":0,"_bbp_reply_count":0,"_bbp_total_topic_count":0,"_bbp_total_reply_count":0,"_bbp_voice_count":0,"_bbp_anonymous_reply_count":0,"_bbp_topic_count_hidden":0,"_bbp_reply_count_hidden":0,"_bbp_forum_subforum_count":0,"footnotes":""},"class_list":["post-5115","page","type-page","status-publish","hentry"],"post_mailing_queue_ids":[],"_links":{"self":[{"href":"https:\/\/agora.xtec.cat\/iescasablancas\/wp-json\/wp\/v2\/pages\/5115","targetHints":{"allow":["GET"]}}],"collection":[{"href":"https:\/\/agora.xtec.cat\/iescasablancas\/wp-json\/wp\/v2\/pages"}],"about":[{"href":"https:\/\/agora.xtec.cat\/iescasablancas\/wp-json\/wp\/v2\/types\/page"}],"author":[{"embeddable":true,"href":"https:\/\/agora.xtec.cat\/iescasablancas\/wp-json\/wp\/v2\/users\/45"}],"replies":[{"embeddable":true,"href":"https:\/\/agora.xtec.cat\/iescasablancas\/wp-json\/wp\/v2\/comments?post=5115"}],"version-history":[{"count":7,"href":"https:\/\/agora.xtec.cat\/iescasablancas\/wp-json\/wp\/v2\/pages\/5115\/revisions"}],"predecessor-version":[{"id":10689,"href":"https:\/\/agora.xtec.cat\/iescasablancas\/wp-json\/wp\/v2\/pages\/5115\/revisions\/10689"}],"up":[{"embeddable":true,"href":"https:\/\/agora.xtec.cat\/iescasablancas\/wp-json\/wp\/v2\/pages\/46"}],"wp:attachment":[{"href":"https:\/\/agora.xtec.cat\/iescasablancas\/wp-json\/wp\/v2\/media?parent=5115"}],"curies":[{"name":"wp","href":"https:\/\/api.w.org\/{rel}","templated":true}]}}