{"id":321,"date":"2016-02-04T11:40:22","date_gmt":"2016-02-04T10:40:22","guid":{"rendered":"http:\/\/agora.xtec.cat\/iescasablancas\/?page_id=321"},"modified":"2016-03-19T20:43:02","modified_gmt":"2016-03-19T19:43:02","slug":"departament-tecnologia","status":"publish","type":"page","link":"https:\/\/agora.xtec.cat\/iescasablancas\/projectes-del-centre\/departaments\/departament-tecnologia\/","title":{"rendered":"Departament tecnologia"},"content":{"rendered":"<p style=\"text-align: justify;\">Benvinguts al Departament de Tecnologies de l&#8217;institut Ferran Casablancas, en\u00a0aquesta web podreu trobar el professorat que el composa, les mat\u00e8ries que\u00a0oferta i qui les imparteix.<\/p>\n<p style=\"text-align: justify;\">Des d&#8217;aquesta \u00e0rea \u00e9s d\u00f3na una formaci\u00f3 general dels fonaments de la tecnologia: el proc\u00e9s tecnol\u00f2gic; la representaci\u00f3 gr\u00e0fica de les idees; el coneixement dels materials i eines; l&#8217;electricitat i l&#8217;electr\u00f2nica, la mec\u00e0nica, fins a les tecnologies de la informaci\u00f3 i la comunicaci\u00f3.<\/p>\n<p style=\"text-align: justify;\">Podreu veure les mat\u00e8ries que s&#8217;ofereixen dins de la modalitat del batxillerat tecnol\u00f2gic enfocat a formar t\u00e8cnics i enginyers.\u00a0Tamb\u00e9 es mostren les activitats en les que col\u00b7labora el Departament com tutoritzaci\u00f3 de Treballs de Recerca, activitats extraescolars, sortides\u2026<\/p>\n<table data-blogger-escaped-style=\"border-collapse: collapse; border: none; mso-border-insideh: none; mso-border-insidev: none; mso-padding-alt: 0cm 5.4pt 0cm 5.4pt; mso-yfti-tbllook: 1184;\">\n<tbody>\n<tr>\n<td style=\"text-align: center;\" colspan=\"2\" width=\"576\" data-blogger-escaped-style=\"padding: 0cm 5.4pt 0cm 5.4pt; width: 432.2pt;\">PROFESSORAT TECNOLOGIES<a href=\"http:\/\/agora.xtec.cat\/iescasablancas\/wp-content\/uploads\/usu917\/2016\/02\/bb-1-1-1.jpeg\"><img loading=\"lazy\" decoding=\"async\" class=\" aligncenter\" src=\"http:\/\/agora.xtec.cat\/iescasablancas\/wp-content\/uploads\/usu917\/2016\/02\/bb-1-1-1-300x169.jpeg\" alt=\"bb-1-1-1\" width=\"300\" height=\"169\" \/><\/a><\/td>\n<\/tr>\n<tr>\n<td style=\"text-align: center;\" width=\"288\" data-blogger-escaped-style=\"padding: 0cm 5.4pt 0cm 5.4pt; width: 216.1pt;\">MAT\u00c8RIES \u00c0REA TECNOL\u00d2GICA<a href=\"http:\/\/agora.xtec.cat\/iescasablancas\/wp-content\/uploads\/usu917\/2016\/02\/materies.jpg\"><img loading=\"lazy\" decoding=\"async\" src=\"http:\/\/agora.xtec.cat\/iescasablancas\/wp-content\/uploads\/usu917\/2016\/02\/materies-150x150.jpg\" alt=\"materies\" width=\"150\" height=\"150\" \/><\/a><\/td>\n<td style=\"text-align: center;\" width=\"288\" data-blogger-escaped-style=\"padding: 0cm 5.4pt 0cm 5.4pt; width: 216.1pt;\">TREBALLS DE RECERCA<a href=\"http:\/\/agora.xtec.cat\/iescasablancas\/wp-content\/uploads\/usu917\/2016\/02\/recercatec.jpg\"><img loading=\"lazy\" decoding=\"async\" src=\"http:\/\/agora.xtec.cat\/iescasablancas\/wp-content\/uploads\/usu917\/2016\/02\/recercatec-150x150.jpg\" alt=\"recercatec\" width=\"150\" height=\"150\" \/><\/a><\/td>\n<\/tr>\n<tr>\n<td style=\"text-align: center;\" width=\"288\" data-blogger-escaped-style=\"padding: 0cm 5.4pt 0cm 5.4pt; width: 216.1pt;\">VIATGES I SORTIDES DID\u00c0CTIQUES<a href=\"http:\/\/agora.xtec.cat\/iescasablancas\/wp-content\/uploads\/usu917\/2016\/02\/sortides2.jpg\"><img loading=\"lazy\" decoding=\"async\" src=\"http:\/\/agora.xtec.cat\/iescasablancas\/wp-content\/uploads\/usu917\/2016\/02\/sortides2-150x150.jpg\" alt=\"sortides2\" width=\"150\" height=\"150\" \/><\/a><\/td>\n<td style=\"text-align: center;\" width=\"288\" data-blogger-escaped-style=\"padding: 0cm 5.4pt 0cm 5.4pt; width: 216.1pt;\">ACTIVITATS EXTRAESCOLARS<a href=\"http:\/\/agora.xtec.cat\/iescasablancas\/wp-content\/uploads\/usu917\/2016\/02\/aextraescolasrs.jpg\"><img loading=\"lazy\" decoding=\"async\" src=\"http:\/\/agora.xtec.cat\/iescasablancas\/wp-content\/uploads\/usu917\/2016\/02\/aextraescolasrs-150x150.jpg\" alt=\"aextraescolasrs\" width=\"150\" height=\"150\" \/><\/a><\/td>\n<\/tr>\n<\/tbody>\n<\/table>\n<p style=\"text-align: justify;\">El Departament de Tecnologies intenta adaptar-se a les noves &#8220;tecnologies&#8221; i maneres de treballar actuals.<\/p>\n<p style=\"text-align: justify;\">Actualment el fer i mantenir una p\u00e0gina est\u00e0tica comporta molta feina i sense cap mena de dubte no \u00e9s la l\u00ednia de treball que volem fer arribar a l&#8217;alumnat. Avui en dia les tasques es comparteixen, es treballa en equip, cosa que fa que millori la qualitat del producte final, la proximitat amb aquells usuaris\/es que la visiten i sobretot el mantenir la p\u00e0gina actualitzada.<\/p>\n","protected":false},"excerpt":{"rendered":"<p>Benvinguts al Departament de Tecnologies de l&#8217;institut Ferran Casablancas, en\u00a0aquesta web podreu trobar el professorat que el composa, les mat\u00e8ries que\u00a0oferta i qui les imparteix.<br \/>\nDes d&#8217;aquesta \u00e0rea \u00e9s d\u00f3na una formaci\u00f3 general dels fonaments de la tecnologia: el proc\u00e9s tecnol\u00f2gic; la representaci\u00f3 gr\u00e0fica de les&hellip;  <a href=\"https:\/\/agora.xtec.cat\/iescasablancas\/projectes-del-centre\/departaments\/departament-tecnologia\/\" title=\"Read Departament tecnologia\">Llegeix m\u00e9s\u00bb<\/a><\/p>\n","protected":false},"author":1,"featured_media":0,"parent":307,"menu_order":0,"comment_status":"closed","ping_status":"closed","template":"page-templates\/side-menu.php","meta":{"_bbp_topic_count":0,"_bbp_reply_count":0,"_bbp_total_topic_count":0,"_bbp_total_reply_count":0,"_bbp_voice_count":0,"_bbp_anonymous_reply_count":0,"_bbp_topic_count_hidden":0,"_bbp_reply_count_hidden":0,"_bbp_forum_subforum_count":0,"footnotes":""},"class_list":["post-321","page","type-page","status-publish","hentry"],"post_mailing_queue_ids":[],"_links":{"self":[{"href":"https:\/\/agora.xtec.cat\/iescasablancas\/wp-json\/wp\/v2\/pages\/321","targetHints":{"allow":["GET"]}}],"collection":[{"href":"https:\/\/agora.xtec.cat\/iescasablancas\/wp-json\/wp\/v2\/pages"}],"about":[{"href":"https:\/\/agora.xtec.cat\/iescasablancas\/wp-json\/wp\/v2\/types\/page"}],"author":[{"embeddable":true,"href":"https:\/\/agora.xtec.cat\/iescasablancas\/wp-json\/wp\/v2\/users\/1"}],"replies":[{"embeddable":true,"href":"https:\/\/agora.xtec.cat\/iescasablancas\/wp-json\/wp\/v2\/comments?post=321"}],"version-history":[{"count":4,"href":"https:\/\/agora.xtec.cat\/iescasablancas\/wp-json\/wp\/v2\/pages\/321\/revisions"}],"predecessor-version":[{"id":668,"href":"https:\/\/agora.xtec.cat\/iescasablancas\/wp-json\/wp\/v2\/pages\/321\/revisions\/668"}],"up":[{"embeddable":true,"href":"https:\/\/agora.xtec.cat\/iescasablancas\/wp-json\/wp\/v2\/pages\/307"}],"wp:attachment":[{"href":"https:\/\/agora.xtec.cat\/iescasablancas\/wp-json\/wp\/v2\/media?parent=321"}],"curies":[{"name":"wp","href":"https:\/\/api.w.org\/{rel}","templated":true}]}}