{"id":19,"date":"2014-09-17T14:56:56","date_gmt":"2014-09-17T14:56:56","guid":{"rendered":"http:\/\/agora.xtec.cat\/iescasablancas\/?page_id=19"},"modified":"2024-09-26T16:32:28","modified_gmt":"2024-09-26T14:32:28","slug":"linstitut","status":"publish","type":"page","link":"https:\/\/agora.xtec.cat\/iescasablancas\/linstitut\/","title":{"rendered":"L&#8217;institut"},"content":{"rendered":"<p style=\"text-align: justify;\">L&#8217;institut Ferran Casablancas \u00e9s un centre p\u00fablic d&#8217;ensenyament secundari ubicat a la zona nord de la ciutat de Sabadell, al barri de la Conc\u00f2rdia. La zona urbana correspon a un teixit intermedi entre la zona centre i la perif\u00e8ria de la ciutat, que ha redibuixat els seus l\u00edmits, en els \u00faltims anys, amb importants transformacions urban\u00edstiques de creixement demogr\u00e0fic.<\/p>\n<p style=\"text-align: justify;\">L&#8217;institut va n\u00e9ixer l&#8217;any 1952 com a institut laboral. Posteriorment va ser un centre que impartia el batxillerat de sis anys i PREU i, posteriorment, amb BUP i COU.<\/p>\n<p style=\"text-align: justify;\">Es tracta d&#8217;un centre amb mig segle d&#8217;hist\u00f2ria que va arribar a ser un dels m\u00e9s grans de Catalunya. Actualment at\u00e9n al voltant de 1000 alumnes per curs.<\/p>\n<p style=\"text-align: justify;\">L&#8217;institut ocupa una extensi\u00f3 de 18.000 m2 de superf\u00edcie ubicada en un recinte envoltat de jardins d&#8217;una gran qualitat espacial i d&#8217;un entorn privilegiat. Els edificis ocupen una superf\u00edcie d&#8217;uns 11.000 m2 i es troba envoltat d&#8217;espais verds i de pistes esportives. Es tracta d&#8217;un entorn ideal per tal de conservar les condicions de tranquil\u00b7litat i recolliment necessaris en un espai acad\u00e8mic.<\/p>\n","protected":false},"excerpt":{"rendered":"<p>L&#8217;institut Ferran Casablancas \u00e9s un centre p\u00fablic d&#8217;ensenyament secundari ubicat a la zona nord de la ciutat de Sabadell, al barri de la Conc\u00f2rdia. La zona urbana correspon a un teixit intermedi entre la zona centre i la perif\u00e8ria de la ciutat, que ha redibuixat&hellip;  <a href=\"https:\/\/agora.xtec.cat\/iescasablancas\/linstitut\/\" title=\"Read L&#8217;institut\">Llegeix m\u00e9s\u00bb<\/a><\/p>\n","protected":false},"author":1,"featured_media":0,"parent":0,"menu_order":0,"comment_status":"closed","ping_status":"closed","template":"page-templates\/side-menu.php","meta":{"_bbp_topic_count":0,"_bbp_reply_count":0,"_bbp_total_topic_count":0,"_bbp_total_reply_count":0,"_bbp_voice_count":0,"_bbp_anonymous_reply_count":0,"_bbp_topic_count_hidden":0,"_bbp_reply_count_hidden":0,"_bbp_forum_subforum_count":0,"footnotes":""},"class_list":["post-19","page","type-page","status-publish","hentry"],"post_mailing_queue_ids":[],"_links":{"self":[{"href":"https:\/\/agora.xtec.cat\/iescasablancas\/wp-json\/wp\/v2\/pages\/19","targetHints":{"allow":["GET"]}}],"collection":[{"href":"https:\/\/agora.xtec.cat\/iescasablancas\/wp-json\/wp\/v2\/pages"}],"about":[{"href":"https:\/\/agora.xtec.cat\/iescasablancas\/wp-json\/wp\/v2\/types\/page"}],"author":[{"embeddable":true,"href":"https:\/\/agora.xtec.cat\/iescasablancas\/wp-json\/wp\/v2\/users\/1"}],"replies":[{"embeddable":true,"href":"https:\/\/agora.xtec.cat\/iescasablancas\/wp-json\/wp\/v2\/comments?post=19"}],"version-history":[{"count":4,"href":"https:\/\/agora.xtec.cat\/iescasablancas\/wp-json\/wp\/v2\/pages\/19\/revisions"}],"predecessor-version":[{"id":10374,"href":"https:\/\/agora.xtec.cat\/iescasablancas\/wp-json\/wp\/v2\/pages\/19\/revisions\/10374"}],"wp:attachment":[{"href":"https:\/\/agora.xtec.cat\/iescasablancas\/wp-json\/wp\/v2\/media?parent=19"}],"curies":[{"name":"wp","href":"https:\/\/api.w.org\/{rel}","templated":true}]}}