{"id":10362,"date":"2024-09-26T16:00:09","date_gmt":"2024-09-26T14:00:09","guid":{"rendered":"https:\/\/agora.xtec.cat\/iescasablancas\/?page_id=10362"},"modified":"2024-10-10T13:42:40","modified_gmt":"2024-10-10T11:42:40","slug":"contacta","status":"publish","type":"page","link":"https:\/\/agora.xtec.cat\/iescasablancas\/contacta\/","title":{"rendered":"CONTACTA"},"content":{"rendered":"<h3>Tens alguna pregunta o necessites fer qualsevol tr\u00e0mit?<\/h3>\n<div class=\"gris mt40\">\n<p>Pots contactar amb les oficines del centre dintre de l\u2019horari d\u2019atenci\u00f3 b\u00e9 presencialment, per tel\u00e8fon o correu electr\u00f2nic per fer arribar els teus dubtes o sol\u00b7licituds. Fes <span style=\"font-family: inherit; font-size: 1em;\">la teva consulta o sol\u00b7licitud al correu corresponent:<\/span><\/p>\n<\/div>\n<ul>\n<li style=\"list-style-type: none;\">\n<ul>\n<li style=\"list-style-type: none;\">\n<ul>\n<li><strong>Consultes generals:<\/strong> iescasablancas@iescasablancas.cat<\/li>\n<li><strong>Tr\u00e0mits:<\/strong> secretaria_oficines@iescasablancas.cat<\/li>\n<li><strong>Incid\u00e8ncies pagaments:<\/strong> pagament_incidencies@iescasablancas.cat<\/li>\n<\/ul>\n<\/li>\n<\/ul>\n<\/li>\n<\/ul>\n<p>&nbsp;<\/p>\n","protected":false},"excerpt":{"rendered":"<p>Tens alguna pregunta o necessites fer qualsevol tr\u00e0mit?<\/p>\n<p>Pots contactar amb les oficines del centre dintre de l\u2019horari d\u2019atenci\u00f3 b\u00e9 presencialment, per tel\u00e8fon o correu electr\u00f2nic per fer arribar els teus dubtes o sol\u00b7licituds. Fes la teva consulta o sol\u00b7licitud al correu corresponent:<\/p>\n<ul>\n<li style=\"list-style-type: none;\">\n<ul>\n<li style=\"list-style-type:&hellip;  <a href=\"https:\/\/agora.xtec.cat\/iescasablancas\/contacta\/\" title=\"Read CONTACTA\">Llegeix m\u00e9s\u00bb<\/a><br \/>\n","protected":false},"author":45,"featured_media":0,"parent":0,"menu_order":0,"comment_status":"closed","ping_status":"closed","template":"","meta":{"_bbp_topic_count":0,"_bbp_reply_count":0,"_bbp_total_topic_count":0,"_bbp_total_reply_count":0,"_bbp_voice_count":0,"_bbp_anonymous_reply_count":0,"_bbp_topic_count_hidden":0,"_bbp_reply_count_hidden":0,"_bbp_forum_subforum_count":0,"footnotes":""},"class_list":["post-10362","page","type-page","status-publish","hentry"],"post_mailing_queue_ids":[],"_links":{"self":[{"href":"https:\/\/agora.xtec.cat\/iescasablancas\/wp-json\/wp\/v2\/pages\/10362","targetHints":{"allow":["GET"]}}],"collection":[{"href":"https:\/\/agora.xtec.cat\/iescasablancas\/wp-json\/wp\/v2\/pages"}],"about":[{"href":"https:\/\/agora.xtec.cat\/iescasablancas\/wp-json\/wp\/v2\/types\/page"}],"author":[{"embeddable":true,"href":"https:\/\/agora.xtec.cat\/iescasablancas\/wp-json\/wp\/v2\/users\/45"}],"replies":[{"embeddable":true,"href":"https:\/\/agora.xtec.cat\/iescasablancas\/wp-json\/wp\/v2\/comments?post=10362"}],"version-history":[{"count":6,"href":"https:\/\/agora.xtec.cat\/iescasablancas\/wp-json\/wp\/v2\/pages\/10362\/revisions"}],"predecessor-version":[{"id":10504,"href":"https:\/\/agora.xtec.cat\/iescasablancas\/wp-json\/wp\/v2\/pages\/10362\/revisions\/10504"}],"wp:attachment":[{"href":"https:\/\/agora.xtec.cat\/iescasablancas\/wp-json\/wp\/v2\/media?parent=10362"}],"curies":[{"name":"wp","href":"https:\/\/api.w.org\/{rel}","templated":true}]}}