{"id":82,"date":"2013-11-24T22:24:32","date_gmt":"2013-11-24T22:24:32","guid":{"rendered":"http:\/\/insmanuelcarrascoiformiguera.wordpress.com\/?page_id=82"},"modified":"2024-03-06T23:33:10","modified_gmt":"2024-03-06T22:33:10","slug":"matematiques-2","status":"publish","type":"page","link":"https:\/\/agora.xtec.cat\/iescarrascobarcelona\/04-departaments\/matematiques-2\/","title":{"rendered":"\u00c0mbit Matem\u00e0tic"},"content":{"rendered":"<p><a href=\"https:\/\/agora.xtec.cat\/iescarrascobarcelona\/wp-content\/uploads\/usu2495\/2024\/03\/ambit-matematic.jpg\"><img loading=\"lazy\" decoding=\"async\" class=\"alignnone size-large wp-image-3065\" src=\"https:\/\/agora.xtec.cat\/iescarrascobarcelona\/wp-content\/uploads\/usu2495\/2024\/03\/ambit-matematic-1024x114.jpg\" alt=\"\" width=\"1024\" height=\"114\" srcset=\"https:\/\/agora.xtec.cat\/iescarrascobarcelona\/wp-content\/uploads\/usu2495\/2024\/03\/ambit-matematic-1024x114.jpg 1024w, https:\/\/agora.xtec.cat\/iescarrascobarcelona\/wp-content\/uploads\/usu2495\/2024\/03\/ambit-matematic-300x33.jpg 300w, https:\/\/agora.xtec.cat\/iescarrascobarcelona\/wp-content\/uploads\/usu2495\/2024\/03\/ambit-matematic-768x86.jpg 768w, https:\/\/agora.xtec.cat\/iescarrascobarcelona\/wp-content\/uploads\/usu2495\/2024\/03\/ambit-matematic.jpg 1050w\" sizes=\"auto, (max-width: 1024px) 100vw, 1024px\" \/><\/a><\/p>\n<p><span data-sheets-formula-bar-text-style=\"font-size:13px;color:#000000;font-weight:bold;text-decoration:none;font-family:''Arial'';font-style:normal;text-decoration-skip-ink:none;\">Des de matem\u00e0tiques<\/span><span data-sheets-formula-bar-text-style=\"font-size:13px;color:#000000;font-weight:normal;text-decoration:none;font-family:'Arial';font-style:normal;text-decoration-skip-ink:none;\"> volem potenciar les capacitats i compet\u00e8ncies d&#8217;an\u00e0lisi, deducci\u00f3 i comprensi\u00f3 efectiva de conceptes i procediments matem\u00e0tics. Volem construir una base conceptual s\u00f2lida a partir de la resoluci\u00f3 de problemes i de la recerca i raonament matem\u00e0tics perqu\u00e8 pugui ser emprada tant en ci\u00e8ncies socials com en ci\u00e8ncies naturals i tecnologia. Volem tamb\u00e9 que puguin emprar eficientment eines de representaci\u00f3 i comunicaci\u00f3 eficaces i aix\u00ed poder construir coneixement matem\u00e0tic tamb\u00e9 mitjan\u00e7ant treball cooperatiu, respectant la igualtat entre els g\u00e8neres,i demostrant compet\u00e8ncia ciutadana i emprenedora aplicades als raonaments aportats. Aix\u00ed mateix, fer servir eines i programari inform\u00e0tic com recolzament i ajuda a resolucions que segueixen pautes i models. Tot aix\u00f2 sense perdre de vista el creixement personal i el benestar emocional.<\/span><\/p>\n<p><span data-sheets-formula-bar-text-style=\"font-size:13px;color:#000000;font-weight:bold;text-decoration:none;font-family:''Arial'';font-style:normal;text-decoration-skip-ink:none;\">Des d&#8217;economia <\/span><span data-sheets-formula-bar-text-style=\"font-size:13px;color:#000000;font-weight:normal;text-decoration:none;font-family:'Arial';font-style:normal;text-decoration-skip-ink:none;\">volem que l&#8217;alumnat analitzi la informaci\u00f3 que rep de l&#8217;actualitat des d&#8217;un punt de vista cr\u00edtic i reflexiu, valorant la interrelaci\u00f3 amb altres disciplines i que entenguin conceptes econ\u00f2mics que s&#8217;han tingut en compte per prendre decisions des del punt de vista de l&#8217;escassetat. Volem que analitzin quin criteri han seguit el comportament de persones i institucions rellevants per la nostra situaci\u00f3 econ\u00f2mica i quins objectius han perseguit, fent-se un criteri propi per raonar el seu acord o desacord, procurant sensibilitzar amb els objectius de desenvolupament sostenible i de just\u00edcia social. Volem que adquireixi i desenvolupi habilitats emprenedores i de treball en equip, podent comunicar-se efica\u00e7ment. Volem que entenguin la realitat empresarial i com els pot afectar com a ciutadania en la seva producci\u00f3 i distribuci\u00f3. Que tinguin una idea sobre fiscalitat. Que es reconeguin com a futurs treballadors\/es amb drets i deures.<\/span><\/p>\n<p>&nbsp;<\/p>\n<p>\u00c0mbit matem\u00e0tic curs 2023-24:<\/p>\n<table dir=\"ltr\" style=\"width: 85.7393%;\" border=\"1\" cellspacing=\"0\" cellpadding=\"0\" data-sheets-root=\"1\">\n<colgroup>\n<col width=\"179\" \/>\n<col width=\"387\" \/>\n<col width=\"211\" \/>\n<col width=\"370\" \/><\/colgroup>\n<tbody>\n<tr>\n<td style=\"width: 20.0698%;\" data-sheets-value=\"{&quot;1&quot;:2,&quot;2&quot;:&quot;PROFESSORAT&quot;}\"><strong>PROFESSORAT<\/strong><\/td>\n<td style=\"width: 19.3372%;\" data-sheets-value=\"{&quot;1&quot;:2,&quot;2&quot;:&quot;CONTACTE&quot;}\"><strong>CONTACTE<\/strong><\/td>\n<td style=\"width: 14.0339%;\" data-sheets-value=\"{&quot;1&quot;:2,&quot;2&quot;:&quot;ESPECIALITAT&quot;}\"><strong>ESPECIALITAT<\/strong><\/td>\n<td style=\"width: 46.2973%;\" data-sheets-value=\"{&quot;1&quot;:2,&quot;2&quot;:&quot;MAT\u00c8RIES IMPARTIDES&quot;}\"><strong>MAT\u00c8RIES IMPARTIDES<\/strong><\/td>\n<\/tr>\n<tr>\n<td style=\"width: 20.0698%;\" data-sheets-value=\"{&quot;1&quot;:2,&quot;2&quot;:&quot;Silvia Bielsa (Cap d\u2019\u00e0mbit)&quot;}\"><strong>Silvia Bielsa (Cap d\u2019\u00e0mbit)<\/strong><\/td>\n<td style=\"width: 19.3372%;\" data-sheets-value=\"{&quot;1&quot;:2,&quot;2&quot;:&quot;sbielsa@inscarrasco.cat&quot;}\">sbielsa@inscarrasco.cat<\/td>\n<td style=\"width: 14.0339%;\" data-sheets-value=\"{&quot;1&quot;:2,&quot;2&quot;:&quot;Economia&quot;}\">Economia<\/td>\n<td style=\"width: 46.2973%;\" data-sheets-value=\"{&quot;1&quot;:2,&quot;2&quot;:&quot;Economia, empresa , matem\u00e0tiques i emprenedoria&quot;}\">Economia, empresa , matem\u00e0tiques i emprenedoria<\/td>\n<\/tr>\n<tr>\n<td style=\"width: 20.0698%;\" data-sheets-value=\"{&quot;1&quot;:2,&quot;2&quot;:&quot;Xavier Jim\u00e9nez&quot;}\">Xavier Jim\u00e9nez<\/td>\n<td style=\"width: 19.3372%;\" data-sheets-value=\"{&quot;1&quot;:2,&quot;2&quot;:&quot;xjimenez@inscarrasco.cat&quot;}\">xjimenez@inscarrasco.cat<\/td>\n<td style=\"width: 14.0339%;\" data-sheets-value=\"{&quot;1&quot;:2,&quot;2&quot;:&quot;Matem\u00e0tiques&quot;}\">Matem\u00e0tiques<\/td>\n<td style=\"width: 46.2973%;\" data-sheets-value=\"{&quot;1&quot;:2,&quot;2&quot;:&quot;Matem\u00e0tiques i taller d'Empremta&quot;}\">Matem\u00e0tiques i taller d&#8217;Empremta<\/td>\n<\/tr>\n<tr>\n<td style=\"width: 20.0698%;\" data-sheets-value=\"{&quot;1&quot;:2,&quot;2&quot;:&quot;Ricard Orihuela&quot;}\">Ricard Orihuela<\/td>\n<td style=\"width: 19.3372%;\" data-sheets-value=\"{&quot;1&quot;:2,&quot;2&quot;:&quot;rorihuela@inscarrasco.cat&quot;}\">rorihuela@inscarrasco.cat<\/td>\n<td style=\"width: 14.0339%;\" data-sheets-value=\"{&quot;1&quot;:2,&quot;2&quot;:&quot;Matem\u00e0tiques&quot;}\">Matem\u00e0tiques<\/td>\n<td style=\"width: 46.2973%;\" data-sheets-value=\"{&quot;1&quot;:2,&quot;2&quot;:&quot;Matem\u00e0tiques&quot;}\">Matem\u00e0tiques<\/td>\n<\/tr>\n<tr>\n<td style=\"width: 20.0698%;\" data-sheets-value=\"{&quot;1&quot;:2,&quot;2&quot;:&quot;Bet Ramallo&quot;}\">Bet Ramallo<\/td>\n<td style=\"width: 19.3372%;\" data-sheets-value=\"{&quot;1&quot;:2,&quot;2&quot;:&quot;betramallo@inscarrasco.cat&quot;}\">betramallo@inscarrasco.cat<\/td>\n<td style=\"width: 14.0339%;\" data-sheets-value=\"{&quot;1&quot;:2,&quot;2&quot;:&quot;Matem\u00e0tiques&quot;}\">Matem\u00e0tiques<\/td>\n<td style=\"width: 46.2973%;\" data-sheets-value=\"{&quot;1&quot;:2,&quot;2&quot;:&quot;Matem\u00e0tiques&quot;}\">Matem\u00e0tiques<\/td>\n<\/tr>\n<tr>\n<td style=\"width: 20.0698%;\" data-sheets-value=\"{&quot;1&quot;:2,&quot;2&quot;:&quot;Rub\u00e9n Ramos&quot;}\">Rub\u00e9n Ramos<\/td>\n<td style=\"width: 19.3372%;\" data-sheets-value=\"{&quot;1&quot;:2,&quot;2&quot;:&quot;rramos9@inscarrasco.cat&quot;}\">rramos9@inscarrasco.cat<\/td>\n<td style=\"width: 14.0339%;\" data-sheets-value=\"{&quot;1&quot;:2,&quot;2&quot;:&quot;Matem\u00e0tiques&quot;}\">Matem\u00e0tiques<\/td>\n<td style=\"width: 46.2973%;\" data-sheets-value=\"{&quot;1&quot;:2,&quot;2&quot;:&quot;Matem\u00e0tiques&quot;}\">Matem\u00e0tiques<\/td>\n<\/tr>\n<tr>\n<td style=\"width: 20.0698%;\" data-sheets-value=\"{&quot;1&quot;:2,&quot;2&quot;:&quot;David Juan&quot;}\">David Juan<\/td>\n<td style=\"width: 19.3372%;\" data-sheets-value=\"{&quot;1&quot;:2,&quot;2&quot;:&quot;djuan8@inscarrasco.cat&quot;}\">djuan8@inscarrasco.cat<\/td>\n<td style=\"width: 14.0339%;\" data-sheets-value=\"{&quot;1&quot;:2,&quot;2&quot;:&quot;Matem\u00e0tiques&quot;}\">Matem\u00e0tiques<\/td>\n<td style=\"width: 46.2973%;\" data-sheets-value=\"{&quot;1&quot;:2,&quot;2&quot;:&quot;Matem\u00e0tiques i tallers de tecnologia&quot;}\">Matem\u00e0tiques i tallers de tecnologia<\/td>\n<\/tr>\n<\/tbody>\n<\/table>\n<p>&nbsp;<\/p>\n<p>Les activitats i sortides organitzades des del nostre \u00e0mbit s\u00f3n:<\/p>\n<table dir=\"ltr\" border=\"1\" cellspacing=\"0\" cellpadding=\"0\" data-sheets-root=\"1\">\n<colgroup>\n<col width=\"179\" \/>\n<col width=\"387\" \/>\n<col width=\"211\" \/>\n<col width=\"370\" \/><\/colgroup>\n<tbody>\n<tr>\n<td colspan=\"3\" rowspan=\"1\" data-sheets-value=\"{&quot;1&quot;:2,&quot;2&quot;:&quot;ACTIVITATS, TALLERS I SORTIDES ORGANITZADES PER \u00c0MBIT:&quot;}\"><strong>ACTIVITATS, TALLERS I SORTIDES ORGANITZADES PER \u00c0MBIT:<\/strong><\/td>\n<td><\/td>\n<\/tr>\n<tr>\n<td data-sheets-value=\"{&quot;1&quot;:2,&quot;2&quot;:&quot;CURS&quot;}\"><strong>CURS<\/strong><\/td>\n<td data-sheets-value=\"{&quot;1&quot;:2,&quot;2&quot;:&quot;SORTIDA, ACTIVITAT o TALLER&quot;}\"><strong>SORTIDA, ACTIVITAT o TALLER<\/strong><\/td>\n<td data-sheets-value=\"{&quot;1&quot;:2,&quot;2&quot;:&quot;MAT\u00c8RIA&quot;}\"><strong>MAT\u00c8RIA<\/strong><\/td>\n<td data-sheets-value=\"{&quot;1&quot;:2,&quot;2&quot;:&quot;DATA&quot;}\"><strong>DATA<\/strong><\/td>\n<\/tr>\n<tr>\n<td data-sheets-value=\"{&quot;1&quot;:2,&quot;2&quot;:&quot;1r d'ESO&quot;}\">1r d&#8217;ESO<\/td>\n<td data-sheets-value=\"{&quot;1&quot;:2,&quot;2&quot;:&quot;Participaci\u00f3 a les Proves Cangur\\nFotografia Matem\u00e0tica\\nActivitat Museu de les Matem\u00e0tiques MMACA.&quot;}\" data-sheets-textstyleruns=\"{&quot;1&quot;:0}\uee10{&quot;1&quot;:19,&quot;2&quot;:{&quot;2&quot;:{&quot;1&quot;:2,&quot;2&quot;:0}}}\uee10{&quot;1&quot;:55}\uee10{&quot;1&quot;:91,&quot;2&quot;:{&quot;2&quot;:{&quot;1&quot;:2,&quot;2&quot;:0}}}\uee10{&quot;1&quot;:96}\" data-sheets-hyperlinkruns=\"{&quot;1&quot;:19,&quot;2&quot;:&quot;https:\/\/scm.iec.cat\/agenda\/prova-cangur-2024\/&quot;}\uee10{&quot;1&quot;:55}\uee10{&quot;1&quot;:91,&quot;2&quot;:&quot;https:\/\/mmaca.cat\/&quot;}\uee10{&quot;1&quot;:96}\">Participaci\u00f3 a les <a class=\"in-cell-link\" href=\"https:\/\/scm.iec.cat\/agenda\/prova-cangur-2024\/\" target=\"_blank\" rel=\"noopener\">Proves Cangur<br \/>\nFotografia Matem\u00e0tica<br \/>\n<\/a>Activitat Museu de les Matem\u00e0tiques <a class=\"in-cell-link\" href=\"https:\/\/mmaca.cat\/\" target=\"_blank\" rel=\"noopener\">MMACA<\/a>.<\/td>\n<td data-sheets-value=\"{&quot;1&quot;:2,&quot;2&quot;:&quot;Matem\u00e0tiques\\nMatem\u00e0tiques\\nMatem\u00e0tiques&quot;}\">Matem\u00e0tiques<br \/>\nMatem\u00e0tiques<br \/>\nMatem\u00e0tiques<\/td>\n<td data-sheets-value=\"{&quot;1&quot;:2,&quot;2&quot;:&quot;2n trimestre\\n2n trimestre\\n3r trimestre&quot;}\">2n trimestre<br \/>\n2n trimestre<br \/>\n3r trimestre<\/td>\n<\/tr>\n<tr>\n<td data-sheets-value=\"{&quot;1&quot;:2,&quot;2&quot;:&quot;2n d\u2019ESO&quot;}\">2n d\u2019ESO<\/td>\n<td data-sheets-value=\"{&quot;1&quot;:2,&quot;2&quot;:&quot;Participaci\u00f3 a les Proves Cangur\\nFotografia Matem\u00e0tica\\nEmmy Noether: ambigrames&quot;}\" data-sheets-textstyleruns=\"{&quot;1&quot;:0}\uee10{&quot;1&quot;:19,&quot;2&quot;:{&quot;2&quot;:{&quot;1&quot;:2,&quot;2&quot;:0}}}\uee10{&quot;1&quot;:32}\uee10{&quot;1&quot;:33,&quot;2&quot;:{&quot;2&quot;:{&quot;1&quot;:2,&quot;2&quot;:0}}}\uee10{&quot;1&quot;:55}\" data-sheets-hyperlinkruns=\"{&quot;1&quot;:19,&quot;2&quot;:&quot;https:\/\/scm.iec.cat\/agenda\/prova-cangur-2024\/&quot;}\uee10{&quot;1&quot;:32}\uee10{&quot;1&quot;:33,&quot;2&quot;:&quot;https:\/\/fotografiamatematica.cat\/&quot;}\uee10{&quot;1&quot;:55}\">Participaci\u00f3 a les <a class=\"in-cell-link\" href=\"https:\/\/scm.iec.cat\/agenda\/prova-cangur-2024\/\" target=\"_blank\" rel=\"noopener\">Proves Cangur<\/a><br \/>\n<a class=\"in-cell-link\" href=\"https:\/\/fotografiamatematica.cat\/\" target=\"_blank\" rel=\"noopener\">Fotografia Matem\u00e0tica<br \/>\n<\/a>Emmy Noether: ambigrames<\/td>\n<td data-sheets-value=\"{&quot;1&quot;:2,&quot;2&quot;:&quot;Matem\u00e0tiques\\nMatem\u00e0tiques\\nMatem\u00e0tiques&quot;}\">Matem\u00e0tiques<br \/>\nMatem\u00e0tiques<br \/>\nMatem\u00e0tiques<\/td>\n<td data-sheets-value=\"{&quot;1&quot;:2,&quot;2&quot;:&quot;2n trimestre\\n1r i 2n trimestre\\n2n trimestre (8 mar\u00e7)&quot;}\">2n trimestre<br \/>\n1r i 2n trimestre<br \/>\n2n trimestre (8 mar\u00e7)<\/td>\n<\/tr>\n<tr>\n<td data-sheets-value=\"{&quot;1&quot;:2,&quot;2&quot;:&quot;3r d\u2019ESO&quot;}\">3r d\u2019ESO<\/td>\n<td data-sheets-value=\"{&quot;1&quot;:2,&quot;2&quot;:&quot;Participaci\u00f3 a les Proves Cangur\\nFotografia Matem\u00e0tica\\nAdministrant els teus diners\\nInforma\u2019t per decidir\\nN\u2019est\u00e0s segur?&quot;}\" data-sheets-textstyleruns=\"{&quot;1&quot;:0}\uee10{&quot;1&quot;:19,&quot;2&quot;:{&quot;2&quot;:{&quot;1&quot;:2,&quot;2&quot;:0}}}\uee10{&quot;1&quot;:32}\uee10{&quot;1&quot;:33,&quot;2&quot;:{&quot;2&quot;:{&quot;1&quot;:2,&quot;2&quot;:0}}}\uee10{&quot;1&quot;:55}\" data-sheets-hyperlinkruns=\"{&quot;1&quot;:19,&quot;2&quot;:&quot;https:\/\/scm.iec.cat\/agenda\/prova-cangur-2024\/&quot;}\uee10{&quot;1&quot;:32}\uee10{&quot;1&quot;:33,&quot;2&quot;:&quot;https:\/\/fotografiamatematica.cat\/&quot;}\uee10{&quot;1&quot;:55}\">Participaci\u00f3 a les <a class=\"in-cell-link\" href=\"https:\/\/scm.iec.cat\/agenda\/prova-cangur-2024\/\" target=\"_blank\" rel=\"noopener\">Proves Cangur<\/a><br \/>\n<a class=\"in-cell-link\" href=\"https:\/\/fotografiamatematica.cat\/\" target=\"_blank\" rel=\"noopener\">Fotografia Matem\u00e0tica<br \/>\n<\/a>Administrant els teus diners<br \/>\nInforma\u2019t per decidir<br \/>\nN\u2019est\u00e0s segur?<\/td>\n<td data-sheets-value=\"{&quot;1&quot;:2,&quot;2&quot;:&quot;Matem\u00e0tiques\\nMatem\u00e0tiques\\nEconomia\\nEconomia\\nEconomia&quot;}\">Matem\u00e0tiques<br \/>\nMatem\u00e0tiques<br \/>\nEconomia<br \/>\nEconomia<br \/>\nEconomia<\/td>\n<td data-sheets-value=\"{&quot;1&quot;:2,&quot;2&quot;:&quot;2n trimestre\\n1r i 2n trimestre\\n1r trimestre\\n2n trimestre\\n3r trimestre&quot;}\">2n trimestre<br \/>\n1r i 2n trimestre<br \/>\n1r trimestre<br \/>\n2n trimestre<br \/>\n3r trimestre<\/td>\n<\/tr>\n<tr>\n<td data-sheets-value=\"{&quot;1&quot;:2,&quot;2&quot;:&quot;4t d\u2019ESO&quot;}\">4t d\u2019ESO<\/td>\n<td data-sheets-value=\"{&quot;1&quot;:2,&quot;2&quot;:&quot;Participaci\u00f3 a les Proves Cangur\\nFotografia Matem\u00e0tica\\nAdministrant els teus diners\\nInforma\u2019t per decidir\\nEls impostos i tu\\nFinances per a la vida\\nEndeutar-se? Amb seny!\\nInversi\u00f3 intel\u00b7ligent i sostenible\\nN\u2019est\u00e0s segur?\\nEconomia circular&quot;}\" data-sheets-textstyleruns=\"{&quot;1&quot;:0}\uee10{&quot;1&quot;:19,&quot;2&quot;:{&quot;2&quot;:{&quot;1&quot;:2,&quot;2&quot;:0}}}\uee10{&quot;1&quot;:54}\" data-sheets-hyperlinkruns=\"{&quot;1&quot;:19,&quot;2&quot;:&quot;https:\/\/scm.iec.cat\/agenda\/prova-cangur-2024\/&quot;}\uee10{&quot;1&quot;:33,&quot;2&quot;:&quot;https:\/\/fotografiamatematica.cat\/&quot;}\uee10{&quot;1&quot;:54}\">Participaci\u00f3 a les <a class=\"in-cell-link\" href=\"https:\/\/scm.iec.cat\/agenda\/prova-cangur-2024\/\" target=\"_blank\" rel=\"noopener\">Proves Cangur<br \/>\n<\/a><a class=\"in-cell-link\" href=\"https:\/\/fotografiamatematica.cat\/\" target=\"_blank\" rel=\"noopener\">Fotografia Matem\u00e0tica<\/a><br \/>\nAdministrant els teus diners<br \/>\nInforma\u2019t per decidir<br \/>\nEls impostos i tu<br \/>\nFinances per a la vida<br \/>\nEndeutar-se? Amb seny!<br \/>\nInversi\u00f3 intel\u00b7ligent i sostenible<br \/>\nN\u2019est\u00e0s segur?<br \/>\nEconomia circular<\/td>\n<td data-sheets-value=\"{&quot;1&quot;:2,&quot;2&quot;:&quot;Matem\u00e0tiques\\nMatem\u00e0tiques\\nEconomia\\nEconomia\\nEconomia\\nEconomia\\nEconomia\\nEconomia\\nEconomia\\nEconomia&quot;}\">Matem\u00e0tiques<br \/>\nMatem\u00e0tiques<br \/>\nEconomia<br \/>\nEconomia<br \/>\nEconomia<br \/>\nEconomia<br \/>\nEconomia<br \/>\nEconomia<br \/>\nEconomia<br \/>\nEconomia<\/td>\n<td data-sheets-value=\"{&quot;1&quot;:2,&quot;2&quot;:&quot;2n trimestre\\n1r i 2n trimestre\\n1r trimestre\\n2n trimestre\\n2n trimestre\\n2n trimestre\\n2n trimestre\\n3r trimestre\\n3r trimestre\\n3r trimestre&quot;}\">2n trimestre<br \/>\n1r i 2n trimestre<br \/>\n1r trimestre<br \/>\n2n trimestre<br \/>\n2n trimestre<br \/>\n2n trimestre<br \/>\n2n trimestre<br \/>\n3r trimestre<br \/>\n3r trimestre<br \/>\n3r trimestre<\/td>\n<\/tr>\n<tr>\n<td data-sheets-value=\"{&quot;1&quot;:2,&quot;2&quot;:&quot;1r Batxillerat&quot;}\">1r Batxillerat<\/td>\n<td data-sheets-value=\"{&quot;1&quot;:2,&quot;2&quot;:&quot;Participaci\u00f3 a les Proves Cangur\\nFotografia Matem\u00e0tica&quot;}\" data-sheets-textstyleruns=\"{&quot;1&quot;:0}\uee10{&quot;1&quot;:19,&quot;2&quot;:{&quot;2&quot;:{&quot;1&quot;:2,&quot;2&quot;:0}}}\" data-sheets-hyperlinkruns=\"{&quot;1&quot;:19,&quot;2&quot;:&quot;https:\/\/scm.iec.cat\/agenda\/prova-cangur-2024\/&quot;}\uee10{&quot;1&quot;:33,&quot;2&quot;:&quot;https:\/\/fotografiamatematica.cat\/&quot;}\uee10{&quot;1&quot;:54}\">Participaci\u00f3 a les <a class=\"in-cell-link\" href=\"https:\/\/scm.iec.cat\/agenda\/prova-cangur-2024\/\" target=\"_blank\" rel=\"noopener\">Proves Cangur<br \/>\n<\/a><a class=\"in-cell-link\" href=\"https:\/\/fotografiamatematica.cat\/\" target=\"_blank\" rel=\"noopener\">Fotografia Matem\u00e0tica<\/a><\/td>\n<td data-sheets-value=\"{&quot;1&quot;:2,&quot;2&quot;:&quot;Matem\u00e0tiques\\nMatem\u00e0tiques&quot;}\">Matem\u00e0tiques<br \/>\nMatem\u00e0tiques<\/td>\n<td data-sheets-value=\"{&quot;1&quot;:2,&quot;2&quot;:&quot;2n trimestre\\n1r i 2n trimestre&quot;}\">2n trimestre<br \/>\n1r i 2n trimestre<\/td>\n<\/tr>\n<tr>\n<td data-sheets-value=\"{&quot;1&quot;:2,&quot;2&quot;:&quot;2n Batxillerat&quot;}\">2n Batxillerat<\/td>\n<td data-sheets-value=\"{&quot;1&quot;:2,&quot;2&quot;:&quot;Participaci\u00f3 a les Proves Cangur\\nFotografia Matem\u00e0tica&quot;}\" data-sheets-textstyleruns=\"{&quot;1&quot;:0}\uee10{&quot;1&quot;:19,&quot;2&quot;:{&quot;2&quot;:{&quot;1&quot;:2,&quot;2&quot;:0}}}\" data-sheets-hyperlinkruns=\"{&quot;1&quot;:19,&quot;2&quot;:&quot;https:\/\/scm.iec.cat\/agenda\/prova-cangur-2024\/&quot;}\uee10{&quot;1&quot;:32}\uee10{&quot;1&quot;:33,&quot;2&quot;:&quot;https:\/\/fotografiamatematica.cat\/&quot;}\uee10{&quot;1&quot;:54}\">Participaci\u00f3 a les <a class=\"in-cell-link\" href=\"https:\/\/scm.iec.cat\/agenda\/prova-cangur-2024\/\" target=\"_blank\" rel=\"noopener\">Proves Cangur<\/a><br \/>\n<a class=\"in-cell-link\" href=\"https:\/\/fotografiamatematica.cat\/\" target=\"_blank\" rel=\"noopener\">Fotografia Matem\u00e0tica<\/a><\/td>\n<td data-sheets-value=\"{&quot;1&quot;:2,&quot;2&quot;:&quot;Matem\u00e0tiques\\nMatem\u00e0tiques&quot;}\">Matem\u00e0tiques<br \/>\nMatem\u00e0tiques<\/td>\n<td data-sheets-value=\"{&quot;1&quot;:2,&quot;2&quot;:&quot;2n trimestre\\n1r i 2n trimestre&quot;}\">2n trimestre<br \/>\n1r i 2n trimestre<\/td>\n<\/tr>\n<\/tbody>\n<\/table>\n<p>&nbsp;<\/p>\n<p>Us convidem a visitar el <a href=\"https:\/\/padlet.com\/insmanuelcarrasco\/el-padlet-de-l-mbit-matem-tic-b1cqyn02fusophsa\" target=\"_blank\" rel=\"noopener\">padlet de l&#8217;\u00e0mbit matem\u00e0tic<\/a>:<\/p>\n<p><a href=\"https:\/\/padlet.com\/insmanuelcarrasco\/el-padlet-de-l-mbit-matem-tic-b1cqyn02fusophsa\" target=\"_blank\" rel=\"noopener\"><img loading=\"lazy\" decoding=\"async\" class=\"alignnone wp-image-2988 size-large\" src=\"https:\/\/agora.xtec.cat\/iescarrascobarcelona\/wp-content\/uploads\/usu2495\/2024\/02\/padlet_ambit_matematic-1024x567.jpg\" alt=\"\" width=\"1024\" height=\"567\" srcset=\"https:\/\/agora.xtec.cat\/iescarrascobarcelona\/wp-content\/uploads\/usu2495\/2024\/02\/padlet_ambit_matematic-1024x567.jpg 1024w, https:\/\/agora.xtec.cat\/iescarrascobarcelona\/wp-content\/uploads\/usu2495\/2024\/02\/padlet_ambit_matematic-300x166.jpg 300w, https:\/\/agora.xtec.cat\/iescarrascobarcelona\/wp-content\/uploads\/usu2495\/2024\/02\/padlet_ambit_matematic-768x425.jpg 768w, https:\/\/agora.xtec.cat\/iescarrascobarcelona\/wp-content\/uploads\/usu2495\/2024\/02\/padlet_ambit_matematic.jpg 1522w\" sizes=\"auto, (max-width: 1024px) 100vw, 1024px\" \/><\/a><\/p>\n<p><a href=\"https:\/\/agora.xtec.cat\/iescarrascobarcelona\/wp-content\/uploads\/usu2495\/2024\/03\/ambit-matematic.jpg\"><img loading=\"lazy\" decoding=\"async\" class=\"alignnone size-large wp-image-3065\" src=\"https:\/\/agora.xtec.cat\/iescarrascobarcelona\/wp-content\/uploads\/usu2495\/2024\/03\/ambit-matematic-1024x114.jpg\" alt=\"\" width=\"1024\" height=\"114\" srcset=\"https:\/\/agora.xtec.cat\/iescarrascobarcelona\/wp-content\/uploads\/usu2495\/2024\/03\/ambit-matematic-1024x114.jpg 1024w, https:\/\/agora.xtec.cat\/iescarrascobarcelona\/wp-content\/uploads\/usu2495\/2024\/03\/ambit-matematic-300x33.jpg 300w, https:\/\/agora.xtec.cat\/iescarrascobarcelona\/wp-content\/uploads\/usu2495\/2024\/03\/ambit-matematic-768x86.jpg 768w, https:\/\/agora.xtec.cat\/iescarrascobarcelona\/wp-content\/uploads\/usu2495\/2024\/03\/ambit-matematic.jpg 1050w\" sizes=\"auto, (max-width: 1024px) 100vw, 1024px\" \/><\/a><\/p>\n","protected":false},"excerpt":{"rendered":"<p>Des de matem\u00e0tiques volem potenciar les capacitats i compet\u00e8ncies d&#8217;an\u00e0lisi, deducci\u00f3 i comprensi\u00f3 efectiva de conceptes i procediments matem\u00e0tics. Volem construir una base conceptual s\u00f2lida a partir de la resoluci\u00f3 de problemes i de la recerca i raonament matem\u00e0tics perqu\u00e8 pugui ser emprada tant en ci\u00e8ncies socials com en ci\u00e8ncies naturals i tecnologia. Volem tamb\u00e9 [&hellip;]<\/p>\n","protected":false},"author":1,"featured_media":0,"parent":1761,"menu_order":0,"comment_status":"closed","ping_status":"closed","template":"page-templates\/side-menu.php","meta":{"_bbp_topic_count":0,"_bbp_reply_count":0,"_bbp_total_topic_count":0,"_bbp_total_reply_count":0,"_bbp_voice_count":0,"_bbp_anonymous_reply_count":0,"_bbp_topic_count_hidden":0,"_bbp_reply_count_hidden":0,"_bbp_forum_subforum_count":0,"site-sidebar-layout":"default","site-content-layout":"","ast-site-content-layout":"","site-content-style":"default","site-sidebar-style":"default","ast-global-header-display":"","ast-banner-title-visibility":"","ast-main-header-display":"","ast-hfb-above-header-display":"","ast-hfb-below-header-display":"","ast-hfb-mobile-header-display":"","site-post-title":"","ast-breadcrumbs-content":"","ast-featured-img":"","footer-sml-layout":"","theme-transparent-header-meta":"","adv-header-id-meta":"","stick-header-meta":"","header-above-stick-meta":"","header-main-stick-meta":"","header-below-stick-meta":"","astra-migrate-meta-layouts":"default","ast-page-background-enabled":"default","ast-page-background-meta":{"desktop":{"background-color":"var(--ast-global-color-4)","background-image":"","background-repeat":"repeat","background-position":"center center","background-size":"auto","background-attachment":"scroll","background-type":"","background-media":"","overlay-type":"","overlay-color":"","overlay-opacity":"","overlay-gradient":""},"tablet":{"background-color":"","background-image":"","background-repeat":"repeat","background-position":"center center","background-size":"auto","background-attachment":"scroll","background-type":"","background-media":"","overlay-type":"","overlay-color":"","overlay-opacity":"","overlay-gradient":""},"mobile":{"background-color":"","background-image":"","background-repeat":"repeat","background-position":"center center","background-size":"auto","background-attachment":"scroll","background-type":"","background-media":"","overlay-type":"","overlay-color":"","overlay-opacity":"","overlay-gradient":""}},"ast-content-background-meta":{"desktop":{"background-color":"var(--ast-global-color-5)","background-image":"","background-repeat":"repeat","background-position":"center center","background-size":"auto","background-attachment":"scroll","background-type":"","background-media":"","overlay-type":"","overlay-color":"","overlay-opacity":"","overlay-gradient":""},"tablet":{"background-color":"var(--ast-global-color-5)","background-image":"","background-repeat":"repeat","background-position":"center center","background-size":"auto","background-attachment":"scroll","background-type":"","background-media":"","overlay-type":"","overlay-color":"","overlay-opacity":"","overlay-gradient":""},"mobile":{"background-color":"var(--ast-global-color-5)","background-image":"","background-repeat":"repeat","background-position":"center center","background-size":"auto","background-attachment":"scroll","background-type":"","background-media":"","overlay-type":"","overlay-color":"","overlay-opacity":"","overlay-gradient":""}},"footnotes":""},"class_list":["post-82","page","type-page","status-publish","hentry"],"post_mailing_queue_ids":[],"_links":{"self":[{"href":"https:\/\/agora.xtec.cat\/iescarrascobarcelona\/wp-json\/wp\/v2\/pages\/82","targetHints":{"allow":["GET"]}}],"collection":[{"href":"https:\/\/agora.xtec.cat\/iescarrascobarcelona\/wp-json\/wp\/v2\/pages"}],"about":[{"href":"https:\/\/agora.xtec.cat\/iescarrascobarcelona\/wp-json\/wp\/v2\/types\/page"}],"author":[{"embeddable":true,"href":"https:\/\/agora.xtec.cat\/iescarrascobarcelona\/wp-json\/wp\/v2\/users\/1"}],"replies":[{"embeddable":true,"href":"https:\/\/agora.xtec.cat\/iescarrascobarcelona\/wp-json\/wp\/v2\/comments?post=82"}],"version-history":[{"count":6,"href":"https:\/\/agora.xtec.cat\/iescarrascobarcelona\/wp-json\/wp\/v2\/pages\/82\/revisions"}],"predecessor-version":[{"id":3066,"href":"https:\/\/agora.xtec.cat\/iescarrascobarcelona\/wp-json\/wp\/v2\/pages\/82\/revisions\/3066"}],"up":[{"embeddable":true,"href":"https:\/\/agora.xtec.cat\/iescarrascobarcelona\/wp-json\/wp\/v2\/pages\/1761"}],"wp:attachment":[{"href":"https:\/\/agora.xtec.cat\/iescarrascobarcelona\/wp-json\/wp\/v2\/media?parent=82"}],"curies":[{"name":"wp","href":"https:\/\/api.w.org\/{rel}","templated":true}]}}