{"id":699,"date":"2019-03-16T17:39:10","date_gmt":"2019-03-16T16:39:10","guid":{"rendered":"http:\/\/blocs.xtec.cat\/insmanuelcarrasco\/?page_id=699"},"modified":"2026-03-03T13:59:52","modified_gmt":"2026-03-03T12:59:52","slug":"preinscipcio-2017","status":"publish","type":"page","link":"https:\/\/agora.xtec.cat\/iescarrascobarcelona\/secretaria\/preinscipcio-2017\/","title":{"rendered":"PREINSCRIPCI\u00d3 CURS 2026-2027"},"content":{"rendered":"\n<p class=\"has-vivid-red-color has-text-color has-link-color has-medium-font-size wp-elements-495e5a7e87d739f8b3daa366799b8216\"><strong><u>PREINSCRIPCI\u00d3 ESO 2026-2027<\/u><\/strong><\/p>\n\n\n\n<p><strong>Del 6 al 18 de mar\u00e7 de 2026 (a partir de les 9 h)<\/strong><\/p>\n\n\n\n<p>El 6 de mar\u00e7 comen\u00e7a el per\u00edode de preinscripci\u00f3 escolar. <\/p>\n\n\n\n<p>Podeu consultar les dates clau del proc\u00e9s de preinscripci\u00f3 en el seg\u00fcent <a href=\"https:\/\/preinscripcio.gencat.cat\/ca\/estudis\/eso\/informat\/calendari\/\" target=\"_blank\" rel=\"noreferrer noopener\">enlla\u00e7<\/a>.<\/p>\n\n\n\n<p>Podreu trobar tota la informaci\u00f3 del proc\u00e9s en el seg\u00fcent <a href=\"https:\/\/preinscripcio.gencat.cat\/ca\/estudis\/eso\/inici\/\" target=\"_blank\" rel=\"noreferrer noopener\">enlla\u00e7<\/a>.<\/p>\n\n\n\n<p><strong>Publicaci\u00f3 de l\u2019oferta inicial de places<\/strong><br>En aquest enlla\u00e7 hi trobareu l\u2019<a href=\"https:\/\/agora.xtec.cat\/iescarrascobarcelona\/wp-content\/uploads\/usu2495\/2026\/03\/INFORME_OFERTA_2627-ESO.pdf\">Oferta inicial de places ESO curs 2026-27<\/a><\/p>\n\n\n\n<p class=\"has-vivid-red-color has-text-color has-link-color has-medium-font-size wp-elements-2d04ff2e5f3267f3bd189ca0c55d8fb3\"><strong><u>PREINSCRIPCI\u00d3 BATXILLERAT 2026-2027<\/u><\/strong><\/p>\n\n\n\n<p>El 9 d&#8217;abril comen\u00e7a el per\u00edode de preinscripci\u00f3 escolar. <\/p>\n\n\n\n<p><strong>Del 9 al 16 d&#8217;abril de 2026<\/strong>.<\/p>\n\n\n\n<p>Podeu consultar les dates clau del proc\u00e9s de preinscripci\u00f3 en el seg\u00fcent <a href=\"https:\/\/preinscripcio.gencat.cat\/ca\/estudis\/batxillerat\/informat\/calendari\/\" target=\"_blank\" rel=\"noreferrer noopener\">enlla\u00e7<\/a>.<\/p>\n\n\n\n<p>Podreu trobar tota la informaci\u00f3 del proc\u00e9s en el seg\u00fcent <a href=\"https:\/\/preinscripcio.gencat.cat\/ca\/estudis\/batxillerat\/inici\/\" target=\"_blank\" rel=\"noreferrer noopener\">enlla\u00e7<\/a>.<\/p>\n\n\n\n<figure class=\"wp-block-image\"><a href=\"https:\/\/agora.xtec.cat\/iescarrascobarcelona\/wp-content\/uploads\/usu2495\/2021\/03\/MENTIMETER.jpg\"><img loading=\"lazy\" decoding=\"async\" width=\"916\" height=\"562\" src=\"https:\/\/agora.xtec.cat\/iescarrascobarcelona\/wp-content\/uploads\/usu2495\/2021\/03\/MENTIMETER.jpg\" alt=\"\" class=\"wp-image-1715\" srcset=\"https:\/\/agora.xtec.cat\/iescarrascobarcelona\/wp-content\/uploads\/usu2495\/2021\/03\/MENTIMETER.jpg 916w, https:\/\/agora.xtec.cat\/iescarrascobarcelona\/wp-content\/uploads\/usu2495\/2021\/03\/MENTIMETER-300x184.jpg 300w, https:\/\/agora.xtec.cat\/iescarrascobarcelona\/wp-content\/uploads\/usu2495\/2021\/03\/MENTIMETER-768x471.jpg 768w\" sizes=\"auto, (max-width: 916px) 100vw, 916px\" \/><\/a><\/figure>\n","protected":false},"excerpt":{"rendered":"<p>PREINSCRIPCI\u00d3 ESO 2026-2027 Del 6 al 18 de mar\u00e7 de 2026 (a partir de les 9 h) El 6 de mar\u00e7 comen\u00e7a el per\u00edode de preinscripci\u00f3 escolar. Podeu consultar les dates clau del proc\u00e9s de preinscripci\u00f3 en el seg\u00fcent enlla\u00e7. Podreu trobar tota la informaci\u00f3 del proc\u00e9s en el seg\u00fcent enlla\u00e7. Publicaci\u00f3 de l\u2019oferta inicial [&hellip;]<\/p>\n","protected":false},"author":1,"featured_media":0,"parent":81,"menu_order":4,"comment_status":"closed","ping_status":"closed","template":"","meta":{"_bbp_topic_count":0,"_bbp_reply_count":0,"_bbp_total_topic_count":0,"_bbp_total_reply_count":0,"_bbp_voice_count":0,"_bbp_anonymous_reply_count":0,"_bbp_topic_count_hidden":0,"_bbp_reply_count_hidden":0,"_bbp_forum_subforum_count":0,"site-sidebar-layout":"default","site-content-layout":"","ast-site-content-layout":"default","site-content-style":"default","site-sidebar-style":"default","ast-global-header-display":"","ast-banner-title-visibility":"","ast-main-header-display":"","ast-hfb-above-header-display":"","ast-hfb-below-header-display":"","ast-hfb-mobile-header-display":"","site-post-title":"","ast-breadcrumbs-content":"","ast-featured-img":"","footer-sml-layout":"","theme-transparent-header-meta":"","adv-header-id-meta":"","stick-header-meta":"","header-above-stick-meta":"","header-main-stick-meta":"","header-below-stick-meta":"","astra-migrate-meta-layouts":"set","ast-page-background-enabled":"default","ast-page-background-meta":{"desktop":{"background-color":"var(--ast-global-color-4)","background-image":"","background-repeat":"repeat","background-position":"center center","background-size":"auto","background-attachment":"scroll","background-type":"","background-media":"","overlay-type":"","overlay-color":"","overlay-opacity":"","overlay-gradient":""},"tablet":{"background-color":"","background-image":"","background-repeat":"repeat","background-position":"center center","background-size":"auto","background-attachment":"scroll","background-type":"","background-media":"","overlay-type":"","overlay-color":"","overlay-opacity":"","overlay-gradient":""},"mobile":{"background-color":"","background-image":"","background-repeat":"repeat","background-position":"center center","background-size":"auto","background-attachment":"scroll","background-type":"","background-media":"","overlay-type":"","overlay-color":"","overlay-opacity":"","overlay-gradient":""}},"ast-content-background-meta":{"desktop":{"background-color":"var(--ast-global-color-5)","background-image":"","background-repeat":"repeat","background-position":"center center","background-size":"auto","background-attachment":"scroll","background-type":"","background-media":"","overlay-type":"","overlay-color":"","overlay-opacity":"","overlay-gradient":""},"tablet":{"background-color":"var(--ast-global-color-5)","background-image":"","background-repeat":"repeat","background-position":"center center","background-size":"auto","background-attachment":"scroll","background-type":"","background-media":"","overlay-type":"","overlay-color":"","overlay-opacity":"","overlay-gradient":""},"mobile":{"background-color":"var(--ast-global-color-5)","background-image":"","background-repeat":"repeat","background-position":"center center","background-size":"auto","background-attachment":"scroll","background-type":"","background-media":"","overlay-type":"","overlay-color":"","overlay-opacity":"","overlay-gradient":""}},"footnotes":""},"class_list":["post-699","page","type-page","status-publish","hentry"],"post_mailing_queue_ids":[],"_links":{"self":[{"href":"https:\/\/agora.xtec.cat\/iescarrascobarcelona\/wp-json\/wp\/v2\/pages\/699","targetHints":{"allow":["GET"]}}],"collection":[{"href":"https:\/\/agora.xtec.cat\/iescarrascobarcelona\/wp-json\/wp\/v2\/pages"}],"about":[{"href":"https:\/\/agora.xtec.cat\/iescarrascobarcelona\/wp-json\/wp\/v2\/types\/page"}],"author":[{"embeddable":true,"href":"https:\/\/agora.xtec.cat\/iescarrascobarcelona\/wp-json\/wp\/v2\/users\/1"}],"replies":[{"embeddable":true,"href":"https:\/\/agora.xtec.cat\/iescarrascobarcelona\/wp-json\/wp\/v2\/comments?post=699"}],"version-history":[{"count":6,"href":"https:\/\/agora.xtec.cat\/iescarrascobarcelona\/wp-json\/wp\/v2\/pages\/699\/revisions"}],"predecessor-version":[{"id":3364,"href":"https:\/\/agora.xtec.cat\/iescarrascobarcelona\/wp-json\/wp\/v2\/pages\/699\/revisions\/3364"}],"up":[{"embeddable":true,"href":"https:\/\/agora.xtec.cat\/iescarrascobarcelona\/wp-json\/wp\/v2\/pages\/81"}],"wp:attachment":[{"href":"https:\/\/agora.xtec.cat\/iescarrascobarcelona\/wp-json\/wp\/v2\/media?parent=699"}],"curies":[{"name":"wp","href":"https:\/\/api.w.org\/{rel}","templated":true}]}}