{"id":65,"date":"2014-09-18T10:12:22","date_gmt":"2014-09-18T10:12:22","guid":{"rendered":"http:\/\/agora.xtec.cat\/iescarrascobarcelona\/?page_id=65"},"modified":"2025-04-25T10:45:26","modified_gmt":"2025-04-25T08:45:26","slug":"serveis-digitals","status":"publish","type":"page","link":"https:\/\/agora.xtec.cat\/iescarrascobarcelona\/edc\/part-estrategica\/serveis-digitals\/","title":{"rendered":"Serveis digitals"},"content":{"rendered":"<p style=\"color: #444444;\">L\u2019oferta de\u00a0<strong>serveis\u00a0digitals<\/strong> constitueix un element molt important de l\u2019engranatge d\u2019un centre educatiu. Aqu\u00ed parlem de serveis digitals de comunicaci\u00f3, d&#8217;expositors virtuals per donar-nos a con\u00e8ixer, d&#8217;entorns virtuals d&#8217;aprenentatge (EVA) i dels nostres magatzems digitals.<\/p>\n<p>\u200b<\/p>\n<table style=\"width: 95.6284%; height: 1113px;\">\n<tbody>\n<tr style=\"height: 33px;\">\n<td style=\"width: 98.0276%; height: 33px;\" colspan=\"3\"><strong>LES NOSTRES EINES DIGITALS DE COMUNICACI\u00d3<\/strong><\/td>\n<\/tr>\n<tr style=\"height: 68px;\">\n<td style=\"width: 20.9073%; height: 68px;\"><a href=\"https:\/\/agora.xtec.cat\/iescarrascobarcelona\/\" target=\"_blank\" rel=\"noopener\"><img loading=\"lazy\" decoding=\"async\" class=\"wp-image-2632 aligncenter\" src=\"https:\/\/agora.xtec.cat\/iescarrascobarcelona\/wp-content\/uploads\/usu2495\/2023\/02\/nova_web_petit.jpg\" alt=\"\" width=\"94\" height=\"51\" \/><\/a><\/td>\n<td style=\"width: 42.4063%; height: 68px;\">P\u00c0GINA WEB DEL CENTRE<\/td>\n<td style=\"width: 34.714%; height: 68px;\"><a href=\"https:\/\/agora.xtec.cat\/iescarrascobarcelona\/\" target=\"_blank\" rel=\"noopener\">INSCARRASCO.CAT<\/a><\/td>\n<\/tr>\n<tr style=\"height: 75px;\">\n<td style=\"width: 20.9073%; height: 75px;\"><a href=\"https:\/\/formigueig.wordpress.com\/\" target=\"_blank\" rel=\"https:\/\/formigueig.wordpress.com\/ noopener\"><img loading=\"lazy\" decoding=\"async\" class=\"wp-image-2014 aligncenter\" src=\"https:\/\/agora.xtec.cat\/iescarrascobarcelona\/wp-content\/uploads\/usu2495\/2021\/04\/formiga_pp.png\" alt=\"\" width=\"58\" height=\"58\" \/><\/a><\/td>\n<td style=\"width: 42.4063%; height: 75px;\">REVISTA DIGITAL FORMIGUEIG<\/td>\n<td style=\"width: 34.714%; height: 75px;\"><a href=\"https:\/\/formigueig.wordpress.com\/\" target=\"_blank\" rel=\"noopener noreferrer\">FORMIGUEIG DIGITAL<\/a><\/td>\n<\/tr>\n<tr style=\"height: 68px;\">\n<td style=\"height: 68px; width: 20.9073%;\"><a href=\"https:\/\/insmanuelcarrasco.clickedu.eu\/user.php?action=login\" target=\"_blank\" rel=\"noopener\"><img loading=\"lazy\" decoding=\"async\" class=\"wp-image-2010 aligncenter\" src=\"https:\/\/agora.xtec.cat\/iescarrascobarcelona\/wp-content\/uploads\/usu2495\/2021\/04\/clickedu_pp.jpg\" alt=\"\" width=\"108\" height=\"47\" \/><\/a><\/td>\n<td style=\"height: 68px; width: 42.4063%;\">PLATAFORMA DE COMUNICACI\u00d3<\/td>\n<td style=\"height: 68px; width: 34.714%;\"><a href=\"https:\/\/insmanuelcarrasco.clickedu.eu\/user.php?action=login\" target=\"_blank\" rel=\"noopener noreferrer\">CLICKEDU<\/a><\/td>\n<\/tr>\n<tr style=\"height: 16px;\">\n<td style=\"width: 20.9073%; height: 16px;\"><img loading=\"lazy\" decoding=\"async\" class=\"aligncenter\" src=\"https:\/\/img.freepik.com\/vector-gratis\/instagram-nuevo-icono_1057-2227.jpg\" alt=\"Im\u00e1genes de Instagram Logo Png - Descarga gratuita en Freepik\" width=\"88\" height=\"88\" \/><\/td>\n<td style=\"width: 42.4063%; height: 16px;\">INSTAGRAM<\/td>\n<td style=\"width: 34.714%; height: 16px;\"><a href=\"https:\/\/www.instagram.com\/ins_carrasco?igsh=dmo2emoxM2p4cDdr\" target=\"_blank\" rel=\"noopener\">INSTAGRAM<\/a><\/td>\n<\/tr>\n<tr style=\"height: 130px;\">\n<td style=\"width: 20.9073%; height: 130px;\">&nbsp;<\/p>\n<p><a href=\"https:\/\/sites.google.com\/inscarrasco.cat\/icsitebiblioteca-ins-manuel-ca\/inici?pli=1\" target=\"_blank\" rel=\"noopener\"><img loading=\"lazy\" decoding=\"async\" class=\"aligncenter wp-image-2175\" src=\"https:\/\/agora.xtec.cat\/iescarrascobarcelona\/wp-content\/uploads\/usu2495\/2021\/07\/llibres3.jpg\" alt=\"\" width=\"99\" height=\"56\" srcset=\"https:\/\/agora.xtec.cat\/iescarrascobarcelona\/wp-content\/uploads\/usu2495\/2021\/07\/llibres3.jpg 670w, https:\/\/agora.xtec.cat\/iescarrascobarcelona\/wp-content\/uploads\/usu2495\/2021\/07\/llibres3-300x169.jpg 300w\" sizes=\"auto, (max-width: 99px) 100vw, 99px\" \/><\/a><\/td>\n<td style=\"width: 42.4063%; height: 130px;\">SITE BIBLIOTECA<\/td>\n<td style=\"width: 34.714%; height: 130px;\"><a href=\"https:\/\/sites.google.com\/inscarrasco.cat\/icsitebiblioteca-ins-manuel-ca\/inici?pli=1\" target=\"_blank\" rel=\"noopener\">BIBLIOTECA<\/a><\/td>\n<\/tr>\n<tr style=\"height: 142px;\">\n<td style=\"width: 20.9073%; height: 142px;\"><a href=\"https:\/\/app.getfader.com\/projects\/91a2d383-05ca-4f01-adf1-ba21605afb34\/publish\" target=\"_blank\" rel=\"noopener\"><img loading=\"lazy\" decoding=\"async\" class=\"wp-image-2694 aligncenter\" src=\"https:\/\/agora.xtec.cat\/iescarrascobarcelona\/wp-content\/uploads\/usu2495\/2023\/03\/mediavers.jpg\" alt=\"\" width=\"112\" height=\"125\" \/><\/a><\/td>\n<td style=\"width: 42.4063%; height: 142px;\">MEDIAVERS PORTES OBERTES<\/td>\n<td style=\"width: 34.714%; height: 142px;\"><a href=\"https:\/\/app.getfader.com\/projects\/91a2d383-05ca-4f01-adf1-ba21605afb34\/publish\" target=\"_blank\" rel=\"noopener\">MEDIAVERS<\/a><\/td>\n<\/tr>\n<tr style=\"height: 33px;\">\n<td style=\"width: 98.0276%; height: 33px;\" colspan=\"3\"><strong>ELS NOSTRES EXPOSITORS VIRTUALS (PADLETS)<\/strong><\/td>\n<\/tr>\n<tr style=\"height: 92px;\">\n<td style=\"width: 20.9073%; height: 92px;\"><a href=\"https:\/\/padlet.com\/insmanuelcarrasco\/exposici-virtual-de-treballs-de-recerca-9q2gb361lyi4wxju\" target=\"_blank\" rel=\"noopener\"><img loading=\"lazy\" decoding=\"async\" class=\"size-full wp-image-2638 aligncenter\" src=\"https:\/\/agora.xtec.cat\/iescarrascobarcelona\/wp-content\/uploads\/usu2495\/2023\/02\/padlet_batx_75.jpg\" alt=\"\" width=\"142\" height=\"75\" \/><\/a><\/td>\n<td style=\"width: 42.4063%; height: 92px;\">EXPOSICI\u00d3 VIRTUAL TREBALLS RECERCA<\/td>\n<td style=\"width: 34.714%; height: 92px;\"><a href=\"https:\/\/padlet.com\/insmanuelcarrasco\/exposici-virtual-de-treballs-de-recerca-9q2gb361lyi4wxju\" target=\"_blank\" rel=\"noopener\">TREBALLS RECERCA<\/a><\/td>\n<\/tr>\n<tr style=\"height: 92px;\">\n<td style=\"width: 20.9073%; height: 92px;\"><a href=\"https:\/\/es.padlet.com\/insmanuelcarrasco\/les-nostres-portes-obertes-virtuals-2022-uaea2kmn0iyxhesx\" target=\"_blank\" rel=\"noopener\"><img loading=\"lazy\" decoding=\"async\" class=\"size-full wp-image-2637 aligncenter\" src=\"https:\/\/agora.xtec.cat\/iescarrascobarcelona\/wp-content\/uploads\/usu2495\/2023\/02\/padlet_p75.jpg\" alt=\"\" width=\"142\" height=\"75\" \/><\/a><\/td>\n<td style=\"width: 42.4063%; height: 92px;\">GUIA VIRTUAL DE LES PORTES OBERTES ESO<\/td>\n<td style=\"width: 34.714%; height: 92px;\"><a href=\"https:\/\/es.padlet.com\/insmanuelcarrasco\/les-nostres-portes-obertes-virtuals-2022-uaea2kmn0iyxhesx\" target=\"_blank\" rel=\"noopener\">PORTES OBERTES<\/a><\/td>\n<\/tr>\n<tr style=\"height: 33px;\">\n<td style=\"width: 98.0276%; height: 33px;\" colspan=\"3\"><strong>ELS NOSTRES ENTORNS VIRTUALS D&#8217;APRENENTAGE (EVA)<\/strong><\/td>\n<\/tr>\n<tr style=\"height: 69px;\">\n<td style=\"height: 69px; width: 20.9073%;\"><a href=\"https:\/\/classroom.google.com\/u\/1\/\" target=\"_blank\" rel=\"noopener\"><img loading=\"lazy\" decoding=\"async\" class=\"size-full wp-image-2634 aligncenter\" src=\"https:\/\/agora.xtec.cat\/iescarrascobarcelona\/wp-content\/uploads\/usu2495\/2023\/02\/classroom75x75bis.jpg\" alt=\"\" width=\"91\" height=\"75\" \/><\/a><\/td>\n<td style=\"height: 69px; width: 42.4063%;\">CLASSROOM<\/td>\n<td style=\"height: 69px; width: 34.714%;\"><a href=\"https:\/\/classroom.google.com\/u\/1\/\" target=\"_blank\" rel=\"noopener\">CLASSROOM<\/a><\/td>\n<\/tr>\n<tr style=\"height: 33px;\">\n<td style=\"width: 98.0276%; height: 33px;\" colspan=\"3\"><strong>ELS NOSTRES MAGATZEMS DIGITALS<\/strong><\/td>\n<\/tr>\n<tr style=\"height: 91px;\">\n<td style=\"width: 20.9073%; height: 91px;\"><a href=\"https:\/\/drive.google.com\/drive\/u\/1\/shared-drives\" target=\"_blank\" rel=\"noopener\"><img loading=\"lazy\" decoding=\"async\" class=\"size-full wp-image-2635 aligncenter\" src=\"https:\/\/agora.xtec.cat\/iescarrascobarcelona\/wp-content\/uploads\/usu2495\/2023\/02\/drive75x75.png\" alt=\"\" width=\"75\" height=\"74\" \/><\/a><\/td>\n<td style=\"width: 42.4063%; height: 91px;\">DRIVE<\/td>\n<td style=\"width: 34.714%; height: 91px;\"><a href=\"https:\/\/drive.google.com\/drive\/u\/1\/shared-drives\" target=\"_blank\" rel=\"noopener\">DRIVE<\/a><\/td>\n<\/tr>\n<tr style=\"height: 69px;\">\n<td style=\"height: 69px; width: 20.9073%;\"><a href=\"https:\/\/sites.google.com\/u\/1\/\" target=\"_blank\" rel=\"noopener\"><img loading=\"lazy\" decoding=\"async\" class=\"wp-image-2013 aligncenter\" src=\"https:\/\/agora.xtec.cat\/iescarrascobarcelona\/wp-content\/uploads\/usu2495\/2021\/04\/sites_pp.png\" alt=\"\" width=\"75\" height=\"75\" \/><\/a><\/td>\n<td style=\"height: 69px; width: 42.4063%;\">REPOSITORI DIGITAL<\/td>\n<td style=\"height: 69px; width: 34.714%;\"><a href=\"https:\/\/sites.google.com\/u\/1\/\" target=\"_blank\" rel=\"noopener\">GOOGLE SITES<\/a><\/td>\n<\/tr>\n<\/tbody>\n<\/table>\n<p style=\"color: #444444;\"><a href=\"https:\/\/agora.xtec.cat\/iescarrascobarcelona\/wp-content\/uploads\/usu2495\/2021\/04\/clickedu_pp.jpg\">\u00a0<\/a><\/p>\n<p>&nbsp;<\/p>\n","protected":false},"excerpt":{"rendered":"<p>L\u2019oferta de\u00a0serveis\u00a0digitals constitueix un element molt important de l\u2019engranatge d\u2019un centre educatiu. Aqu\u00ed parlem de serveis digitals de comunicaci\u00f3, d&#8217;expositors virtuals per donar-nos a con\u00e8ixer, d&#8217;entorns virtuals d&#8217;aprenentatge (EVA) i dels nostres magatzems digitals. \u200b LES NOSTRES EINES DIGITALS DE COMUNICACI\u00d3 P\u00c0GINA WEB DEL CENTRE INSCARRASCO.CAT REVISTA DIGITAL FORMIGUEIG FORMIGUEIG DIGITAL PLATAFORMA DE COMUNICACI\u00d3 CLICKEDU [&hellip;]<\/p>\n","protected":false},"author":1,"featured_media":0,"parent":2392,"menu_order":1,"comment_status":"closed","ping_status":"closed","template":"page-templates\/side-menu.php","meta":{"_bbp_topic_count":0,"_bbp_reply_count":0,"_bbp_total_topic_count":0,"_bbp_total_reply_count":0,"_bbp_voice_count":0,"_bbp_anonymous_reply_count":0,"_bbp_topic_count_hidden":0,"_bbp_reply_count_hidden":0,"_bbp_forum_subforum_count":0,"site-sidebar-layout":"default","site-content-layout":"","ast-site-content-layout":"","site-content-style":"default","site-sidebar-style":"default","ast-global-header-display":"","ast-banner-title-visibility":"","ast-main-header-display":"","ast-hfb-above-header-display":"","ast-hfb-below-header-display":"","ast-hfb-mobile-header-display":"","site-post-title":"","ast-breadcrumbs-content":"","ast-featured-img":"","footer-sml-layout":"","theme-transparent-header-meta":"","adv-header-id-meta":"","stick-header-meta":"","header-above-stick-meta":"","header-main-stick-meta":"","header-below-stick-meta":"","astra-migrate-meta-layouts":"default","ast-page-background-enabled":"default","ast-page-background-meta":{"desktop":{"background-color":"var(--ast-global-color-4)","background-image":"","background-repeat":"repeat","background-position":"center center","background-size":"auto","background-attachment":"scroll","background-type":"","background-media":"","overlay-type":"","overlay-color":"","overlay-opacity":"","overlay-gradient":""},"tablet":{"background-color":"","background-image":"","background-repeat":"repeat","background-position":"center center","background-size":"auto","background-attachment":"scroll","background-type":"","background-media":"","overlay-type":"","overlay-color":"","overlay-opacity":"","overlay-gradient":""},"mobile":{"background-color":"","background-image":"","background-repeat":"repeat","background-position":"center center","background-size":"auto","background-attachment":"scroll","background-type":"","background-media":"","overlay-type":"","overlay-color":"","overlay-opacity":"","overlay-gradient":""}},"ast-content-background-meta":{"desktop":{"background-color":"var(--ast-global-color-5)","background-image":"","background-repeat":"repeat","background-position":"center center","background-size":"auto","background-attachment":"scroll","background-type":"","background-media":"","overlay-type":"","overlay-color":"","overlay-opacity":"","overlay-gradient":""},"tablet":{"background-color":"var(--ast-global-color-5)","background-image":"","background-repeat":"repeat","background-position":"center center","background-size":"auto","background-attachment":"scroll","background-type":"","background-media":"","overlay-type":"","overlay-color":"","overlay-opacity":"","overlay-gradient":""},"mobile":{"background-color":"var(--ast-global-color-5)","background-image":"","background-repeat":"repeat","background-position":"center center","background-size":"auto","background-attachment":"scroll","background-type":"","background-media":"","overlay-type":"","overlay-color":"","overlay-opacity":"","overlay-gradient":""}},"footnotes":""},"class_list":["post-65","page","type-page","status-publish","hentry"],"post_mailing_queue_ids":[],"_links":{"self":[{"href":"https:\/\/agora.xtec.cat\/iescarrascobarcelona\/wp-json\/wp\/v2\/pages\/65","targetHints":{"allow":["GET"]}}],"collection":[{"href":"https:\/\/agora.xtec.cat\/iescarrascobarcelona\/wp-json\/wp\/v2\/pages"}],"about":[{"href":"https:\/\/agora.xtec.cat\/iescarrascobarcelona\/wp-json\/wp\/v2\/types\/page"}],"author":[{"embeddable":true,"href":"https:\/\/agora.xtec.cat\/iescarrascobarcelona\/wp-json\/wp\/v2\/users\/1"}],"replies":[{"embeddable":true,"href":"https:\/\/agora.xtec.cat\/iescarrascobarcelona\/wp-json\/wp\/v2\/comments?post=65"}],"version-history":[{"count":5,"href":"https:\/\/agora.xtec.cat\/iescarrascobarcelona\/wp-json\/wp\/v2\/pages\/65\/revisions"}],"predecessor-version":[{"id":3200,"href":"https:\/\/agora.xtec.cat\/iescarrascobarcelona\/wp-json\/wp\/v2\/pages\/65\/revisions\/3200"}],"up":[{"embeddable":true,"href":"https:\/\/agora.xtec.cat\/iescarrascobarcelona\/wp-json\/wp\/v2\/pages\/2392"}],"wp:attachment":[{"href":"https:\/\/agora.xtec.cat\/iescarrascobarcelona\/wp-json\/wp\/v2\/media?parent=65"}],"curies":[{"name":"wp","href":"https:\/\/api.w.org\/{rel}","templated":true}]}}