{"id":644,"date":"2015-09-28T15:56:13","date_gmt":"2015-09-28T13:56:13","guid":{"rendered":"http:\/\/blocs.xtec.cat\/insmanuelcarrasco\/?page_id=644"},"modified":"2026-03-03T14:10:43","modified_gmt":"2026-03-03T13:10:43","slug":"comunicaapp-2","status":"publish","type":"page","link":"https:\/\/agora.xtec.cat\/iescarrascobarcelona\/comunicaapp-2\/","title":{"rendered":"CLICKEDU"},"content":{"rendered":"<h3><span style=\"color: #ff0000;\"><strong>MOLT IMPORTANT: <\/strong><\/span><\/h3>\n<h3><span style=\"color: #ff0000;\"><strong>TROBAREU UN DOCUMENT PDF ACTUALITZAT AL CURS 2022-23 AMB INSTRUCCIONS PRECISES AL FINAL D&#8217;AQUESTA P\u00c0GINA<\/strong><\/span><\/h3>\n<h3><\/h3>\n<h3><strong>SISTEMA DE COMUNICACI\u00d3 PER A LES FAM\u00cdLIES<\/strong><\/h3>\n<p>Us presentem el sistema de comunicaci\u00f3 amb qu\u00e8 us fem arribar molta informaci\u00f3 important durant el curs escolar (comunicacions dels tutors, faltes d&#8217;assist\u00e8ncia, informacions de sortides escolars&#8230;)<\/p>\n<p>Perqu\u00e8 aquesta comunicaci\u00f3 sigui efectiva, cal que entreu a Clickedu i actualitzeu i\/o corregiu les dades que considereu oportunes (noms mal escrits, adreces incorrectes, etc). Per\u00f2, sobretot, cal que vetlleu perqu\u00e8 <strong>el tel\u00e8fon m\u00f2bil i l&#8217;adre\u00e7a electr\u00f2nica (Email) del pare i mare o tutors legals siguin les correctes.<\/strong><\/p>\n<h2>Com entrar a la plataforma Clickedu des d&#8217;un ordinador?<\/h2>\n<p>En primer lloc, cal anar a l&#8217;adre\u00e7a <a href=\"https:\/\/insmanuelcarrasco.clickedu.eu\">https:\/\/insmanuelcarrasco.clickedu.eu<\/a><\/p>\n<p>Si ho preferiu, tamb\u00e9 podeu clicar al bot\u00f3\u00a0 <a href=\"https:\/\/agora.xtec.cat\/iescarrascobarcelona\/wp-content\/uploads\/usu2495\/2015\/09\/clickedu4-c\u00f2pia.jpg\"><img loading=\"lazy\" decoding=\"async\" class=\"alignnone size-full wp-image-1041\" src=\"https:\/\/agora.xtec.cat\/iescarrascobarcelona\/wp-content\/uploads\/usu2495\/2015\/09\/clickedu4-c\u00f2pia.jpg\" alt=\"\" width=\"141\" height=\"31\" \/><\/a>. Aquest bot\u00f3 el trobareu a la zona d&#8217;enlla\u00e7os de la nostra p\u00e0gina web.<\/p>\n<p>Accedireu a un quadre de di\u00e0leg en qu\u00e8 haureu d&#8217;entrar el nom usuari i la contrasenya.<\/p>\n<p><a href=\"https:\/\/agora.xtec.cat\/iescarrascobarcelona\/wp-content\/uploads\/usu2495\/2015\/09\/ce1.jpg\"><img loading=\"lazy\" decoding=\"async\" class=\"alignnone wp-image-1042\" src=\"https:\/\/agora.xtec.cat\/iescarrascobarcelona\/wp-content\/uploads\/usu2495\/2015\/09\/ce1.jpg\" alt=\"\" width=\"219\" height=\"282\" srcset=\"https:\/\/agora.xtec.cat\/iescarrascobarcelona\/wp-content\/uploads\/usu2495\/2015\/09\/ce1.jpg 444w, https:\/\/agora.xtec.cat\/iescarrascobarcelona\/wp-content\/uploads\/usu2495\/2015\/09\/ce1-233x300.jpg 233w\" sizes=\"auto, (max-width: 219px) 100vw, 219px\" \/><\/a><\/p>\n<p>El nom d&#8217;usuari \u00e9s el mateix per a tot el nucli familiar i correspon al nom d&#8217;usuari assignat a cada un dels alumnes matriculats al nostre institut. Normalment es forma amb la primera lletra del nom i el primer cognom de l&#8217;alumne\/a.<\/p>\n<p>En canvi, les contrasenyes s\u00f3n diferents. N&#8217;hi ha una per al primer tutor legal i una altra per al segon tutor legal.<\/p>\n<p><span style=\"color: #ff0000;\">NOM\u00c9S FAM\u00cdLIES NOVES: El nom d&#8217;usuari i les contrasenyes us seran per correu electr\u00f2nic durant la primera setmana del mes de setembre.<\/span><\/p>\n<p>Un cop hagueu entrat per primera vegada a la plataforma Clickedu us demanem que actualitzeu les dades que considereu oportunes o les que estiguin incorrectes.<\/p>\n<h2>Com introduir les dades complement\u00e0ries al Clickedu?<\/h2>\n<p>Cal que, com a tutors legals dels vostres fills, entreu en el Clikedu amb la vostra pr\u00f2pia contrasenya.<\/p>\n<p>A continuaci\u00f3 heu de clicar a sobre de <strong>La meva fitxa\u00a0 <\/strong>(ho trobareu en el men\u00fa de l&#8217;esquerra de la vostra pantalla).<\/p>\n<p><a href=\"https:\/\/agora.xtec.cat\/iescarrascobarcelona\/wp-content\/uploads\/usu2495\/2015\/09\/ce4_sup_esq.jpg\"><img loading=\"lazy\" decoding=\"async\" class=\"alignnone wp-image-1043\" src=\"https:\/\/agora.xtec.cat\/iescarrascobarcelona\/wp-content\/uploads\/usu2495\/2015\/09\/ce4_sup_esq.jpg\" alt=\"\" width=\"188\" height=\"372\" srcset=\"https:\/\/agora.xtec.cat\/iescarrascobarcelona\/wp-content\/uploads\/usu2495\/2015\/09\/ce4_sup_esq.jpg 226w, https:\/\/agora.xtec.cat\/iescarrascobarcelona\/wp-content\/uploads\/usu2495\/2015\/09\/ce4_sup_esq-152x300.jpg 152w\" sizes=\"auto, (max-width: 188px) 100vw, 188px\" \/><\/a><\/p>\n<p>Un cop hagueu clicat a <strong>La meva fitxa\u00a0 <\/strong>podreu accedir a la pantalla de modificaci\u00f3 de dades personals. Cal que cliqueu a la quarta pestanya.<\/p>\n<p><a href=\"https:\/\/agora.xtec.cat\/iescarrascobarcelona\/wp-content\/uploads\/usu2495\/2015\/09\/ce5_dades_personals_bis.jpg\"><img loading=\"lazy\" decoding=\"async\" class=\"alignnone size-full wp-image-1044\" src=\"https:\/\/agora.xtec.cat\/iescarrascobarcelona\/wp-content\/uploads\/usu2495\/2015\/09\/ce5_dades_personals_bis.jpg\" alt=\"\" width=\"751\" height=\"341\" srcset=\"https:\/\/agora.xtec.cat\/iescarrascobarcelona\/wp-content\/uploads\/usu2495\/2015\/09\/ce5_dades_personals_bis.jpg 751w, https:\/\/agora.xtec.cat\/iescarrascobarcelona\/wp-content\/uploads\/usu2495\/2015\/09\/ce5_dades_personals_bis-300x136.jpg 300w\" sizes=\"auto, (max-width: 751px) 100vw, 751px\" \/><\/a><\/p>\n<p>Si heu accedit al Clickedu amb contrasenya de tutor legal (pare o mare) podreu veure i modificar les dades personals que considereu oportunes (noms mal escrits, errors en adreces, actualitzacions&#8230;)<\/p>\n<h3>\u00c9s molt important que escriviu a <strong>l&#8217;apartat Comunicaci\u00f3<\/strong> <strong>la vostra adre\u00e7a de correu electr\u00f2nic i el tel\u00e8fon m\u00f2bil en qu\u00e8 desitgeu rebre les notificacions <\/strong>de l&#8217;institut (faltes d&#8217;assist\u00e8ncia, comunicacions diverses, sol\u00b7licituds d&#8217;entrevistes amb tutors orientadors, informacions de sortides, etc).<\/h3>\n<p>Si ho considereu oport\u00fa tamb\u00e9 podeu anotar l&#8217;adre\u00e7a de correu electr\u00f2nic i el tel\u00e8fon m\u00f2bil del vostre fill en cas que en tingui. Penseu que en alguns casos pot ser important que disposem de l&#8217;adre\u00e7a electr\u00f2nica dels vostres fills.<\/p>\n<p>Finalment, no oblideu validar tots els canvis i actualitzacions que heu fet clicant en el bot\u00f3 GUARDAR. Tots aquests canvis seran validats de forma autom\u00e0tica des de Secretaria.<\/p>\n<p>Per tal que hi hagi una molt bona comunicaci\u00f3 amb els dos tutors legals us demanem que tots els responsables legals de l&#8217;alumne introdueixen les dades b\u00e0siques de contacte (correu electr\u00f2nic i el n\u00famero de m\u00f2bil).<\/p>\n<p><a href=\"https:\/\/agora.xtec.cat\/iescarrascobarcelona\/wp-content\/uploads\/usu2495\/2015\/09\/comunicaci\u00f32.jpg\"><img loading=\"lazy\" decoding=\"async\" class=\"alignnone size-full wp-image-1377\" src=\"https:\/\/agora.xtec.cat\/iescarrascobarcelona\/wp-content\/uploads\/usu2495\/2015\/09\/comunicaci\u00f32.jpg\" alt=\"\" width=\"410\" height=\"459\" srcset=\"https:\/\/agora.xtec.cat\/iescarrascobarcelona\/wp-content\/uploads\/usu2495\/2015\/09\/comunicaci\u00f32.jpg 410w, https:\/\/agora.xtec.cat\/iescarrascobarcelona\/wp-content\/uploads\/usu2495\/2015\/09\/comunicaci\u00f32-268x300.jpg 268w\" sizes=\"auto, (max-width: 410px) 100vw, 410px\" \/><\/a><\/p>\n<p>Un cop m\u00e9s us recordem que cada un dels tutors legals ha d&#8217;entrar a la plataforma Clickedu amb la seva contrasenya.<\/p>\n<p>Tingueu en compte que els canvis introduits no s\u00f3n immediats ja que queden pendents de validaci\u00f3 des de secretaria.<\/p>\n<p>Una altra observaci\u00f3 important. Cas que una fam\u00edlia tingui m\u00e9s d&#8217;un fill\/a matriculat en el nostre institut podr\u00e0 accedir a la plataforma Clickedu amb qualsevol dels usuaris assignats a cada fill\/a.<\/p>\n<p>Per accedir\u00a0 a les dades de cada un dels fills es podr\u00e0 fer clicant a sobre del nom de cada un dels fills que trobareu a la part superior dreta de la pantalla inicial.<\/p>\n<p><a href=\"https:\/\/agora.xtec.cat\/iescarrascobarcelona\/wp-content\/uploads\/usu2495\/2015\/09\/ce3_superior_dreta-copia.jpg\"><img loading=\"lazy\" decoding=\"async\" class=\"alignnone size-full wp-image-1046\" src=\"https:\/\/agora.xtec.cat\/iescarrascobarcelona\/wp-content\/uploads\/usu2495\/2015\/09\/ce3_superior_dreta-copia.jpg\" alt=\"\" width=\"409\" height=\"170\" srcset=\"https:\/\/agora.xtec.cat\/iescarrascobarcelona\/wp-content\/uploads\/usu2495\/2015\/09\/ce3_superior_dreta-copia.jpg 409w, https:\/\/agora.xtec.cat\/iescarrascobarcelona\/wp-content\/uploads\/usu2495\/2015\/09\/ce3_superior_dreta-copia-300x125.jpg 300w\" sizes=\"auto, (max-width: 409px) 100vw, 409px\" \/><\/a><\/p>\n<h2>Com instal\u00b7lar l&#8217;APP en el vostre tel\u00e8fon m\u00f2bil ?<\/h2>\n<p>Aquesta opci\u00f3 \u00e9s recomanable si tamb\u00e9 voleu rebre notificacions en el vostre tel\u00e8fon m\u00f2bil.<\/p>\n<p>Caldr\u00e0 que instal.leu l&#8217;APP de Clickedu que trobareu f\u00e0cilment en Play Store (Sistemes Android) o en Apple Store (Sistemes Apple).<\/p>\n<p>Haureu d&#8217;introduir les seg\u00fcents dades en la pantalla inicial:<\/p>\n<p><strong>1) URL:<\/strong> https:\/\/insmanuelcarrasco.clickedu.eu<\/p>\n<p><strong>2) Usuari:<\/strong> nom_usuari<\/p>\n<p><strong>3) Contrasenya:<\/strong> contrasenya_usuari<\/p>\n<p>Per poder acabar d&#8217;instal\u00b7lar i validar l&#8217;aplicaci\u00f3 en el vostre m\u00f2bil caldr\u00e0 que pr\u00e8viament entreu al Clickedu amb l&#8217;ordinador.<\/p>\n<p>Haureu de clicar el petit rectangle que simbolitza un m\u00f2bil a la botonera superior dreta.<\/p>\n<p><a href=\"https:\/\/agora.xtec.cat\/iescarrascobarcelona\/wp-content\/uploads\/usu2495\/2015\/09\/ce3_sup_dreta_mm\u00e9s_petit.jpg\"><img loading=\"lazy\" decoding=\"async\" class=\"alignnone size-full wp-image-1047\" src=\"https:\/\/agora.xtec.cat\/iescarrascobarcelona\/wp-content\/uploads\/usu2495\/2015\/09\/ce3_sup_dreta_mm\u00e9s_petit.jpg\" alt=\"\" width=\"150\" height=\"52\" \/><\/a><\/p>\n<p>D&#8217;aquesta manera haureu validat des del Clickedu del vostre ordinador l&#8217;acc\u00e9s al Clickedu des del vostre tel\u00e8fon m\u00f2bil.<\/p>\n<p>Aquesta operaci\u00f3 de validaci\u00f3, si no sortiu de l&#8217;aplicaci\u00f3 m\u00f2bil, nom\u00e9s l&#8217;haureu de fer una vegada ja que un cop l&#8217;hagueu realitzat, el vostre m\u00f2bil ja estar\u00e0 preparat per accedir al Clickedu<\/p>\n<p><a href=\"https:\/\/agora.xtec.cat\/iescarrascobarcelona\/wp-content\/uploads\/usu2495\/2022\/09\/Instruccions-Clickedu-per-a-families-dalumnes-nous.pdf\">Instruccions Clickedu per a fam\u00edlies d&#8217;alumnes nous<\/a><\/p>\n","protected":false},"excerpt":{"rendered":"<p>MOLT IMPORTANT: TROBAREU UN DOCUMENT PDF ACTUALITZAT AL CURS 2022-23 AMB INSTRUCCIONS PRECISES AL FINAL D&#8217;AQUESTA P\u00c0GINA SISTEMA DE COMUNICACI\u00d3 PER A LES FAM\u00cdLIES Us presentem el sistema de comunicaci\u00f3 amb qu\u00e8 us fem arribar molta informaci\u00f3 important durant el curs escolar (comunicacions dels tutors, faltes d&#8217;assist\u00e8ncia, informacions de sortides escolars&#8230;) Perqu\u00e8 aquesta comunicaci\u00f3 sigui [&hellip;]<\/p>\n","protected":false},"author":1,"featured_media":0,"parent":0,"menu_order":7,"comment_status":"closed","ping_status":"closed","template":"","meta":{"_bbp_topic_count":0,"_bbp_reply_count":0,"_bbp_total_topic_count":0,"_bbp_total_reply_count":0,"_bbp_voice_count":0,"_bbp_anonymous_reply_count":0,"_bbp_topic_count_hidden":0,"_bbp_reply_count_hidden":0,"_bbp_forum_subforum_count":0,"site-sidebar-layout":"default","site-content-layout":"","ast-site-content-layout":"default","site-content-style":"default","site-sidebar-style":"default","ast-global-header-display":"","ast-banner-title-visibility":"","ast-main-header-display":"","ast-hfb-above-header-display":"","ast-hfb-below-header-display":"","ast-hfb-mobile-header-display":"","site-post-title":"","ast-breadcrumbs-content":"","ast-featured-img":"","footer-sml-layout":"","theme-transparent-header-meta":"","adv-header-id-meta":"","stick-header-meta":"","header-above-stick-meta":"","header-main-stick-meta":"","header-below-stick-meta":"","astra-migrate-meta-layouts":"set","ast-page-background-enabled":"default","ast-page-background-meta":{"desktop":{"background-color":"var(--ast-global-color-4)","background-image":"","background-repeat":"repeat","background-position":"center center","background-size":"auto","background-attachment":"scroll","background-type":"","background-media":"","overlay-type":"","overlay-color":"","overlay-opacity":"","overlay-gradient":""},"tablet":{"background-color":"","background-image":"","background-repeat":"repeat","background-position":"center center","background-size":"auto","background-attachment":"scroll","background-type":"","background-media":"","overlay-type":"","overlay-color":"","overlay-opacity":"","overlay-gradient":""},"mobile":{"background-color":"","background-image":"","background-repeat":"repeat","background-position":"center center","background-size":"auto","background-attachment":"scroll","background-type":"","background-media":"","overlay-type":"","overlay-color":"","overlay-opacity":"","overlay-gradient":""}},"ast-content-background-meta":{"desktop":{"background-color":"var(--ast-global-color-5)","background-image":"","background-repeat":"repeat","background-position":"center center","background-size":"auto","background-attachment":"scroll","background-type":"","background-media":"","overlay-type":"","overlay-color":"","overlay-opacity":"","overlay-gradient":""},"tablet":{"background-color":"var(--ast-global-color-5)","background-image":"","background-repeat":"repeat","background-position":"center center","background-size":"auto","background-attachment":"scroll","background-type":"","background-media":"","overlay-type":"","overlay-color":"","overlay-opacity":"","overlay-gradient":""},"mobile":{"background-color":"var(--ast-global-color-5)","background-image":"","background-repeat":"repeat","background-position":"center center","background-size":"auto","background-attachment":"scroll","background-type":"","background-media":"","overlay-type":"","overlay-color":"","overlay-opacity":"","overlay-gradient":""}},"footnotes":""},"class_list":["post-644","page","type-page","status-publish","hentry"],"post_mailing_queue_ids":[],"_links":{"self":[{"href":"https:\/\/agora.xtec.cat\/iescarrascobarcelona\/wp-json\/wp\/v2\/pages\/644","targetHints":{"allow":["GET"]}}],"collection":[{"href":"https:\/\/agora.xtec.cat\/iescarrascobarcelona\/wp-json\/wp\/v2\/pages"}],"about":[{"href":"https:\/\/agora.xtec.cat\/iescarrascobarcelona\/wp-json\/wp\/v2\/types\/page"}],"author":[{"embeddable":true,"href":"https:\/\/agora.xtec.cat\/iescarrascobarcelona\/wp-json\/wp\/v2\/users\/1"}],"replies":[{"embeddable":true,"href":"https:\/\/agora.xtec.cat\/iescarrascobarcelona\/wp-json\/wp\/v2\/comments?post=644"}],"version-history":[{"count":3,"href":"https:\/\/agora.xtec.cat\/iescarrascobarcelona\/wp-json\/wp\/v2\/pages\/644\/revisions"}],"predecessor-version":[{"id":3368,"href":"https:\/\/agora.xtec.cat\/iescarrascobarcelona\/wp-json\/wp\/v2\/pages\/644\/revisions\/3368"}],"wp:attachment":[{"href":"https:\/\/agora.xtec.cat\/iescarrascobarcelona\/wp-json\/wp\/v2\/media?parent=644"}],"curies":[{"name":"wp","href":"https:\/\/api.w.org\/{rel}","templated":true}]}}