{"id":49,"date":"2014-09-17T16:55:55","date_gmt":"2014-09-17T16:55:55","guid":{"rendered":"http:\/\/agora.xtec.cat\/iescarrascobarcelona\/?page_id=49"},"modified":"2025-02-05T12:19:11","modified_gmt":"2025-02-05T11:19:11","slug":"normes-dorganitzacio-i-funcionament","status":"publish","type":"page","link":"https:\/\/agora.xtec.cat\/iescarrascobarcelona\/linstitut\/normes-dorganitzacio-i-funcionament\/","title":{"rendered":"Documents de centre"},"content":{"rendered":"<p><strong>Normativa de centre<\/strong><\/p>\n<p><a href=\"https:\/\/agora.xtec.cat\/iescarrascobarcelona\/wp-content\/uploads\/usu2495\/2019\/03\/PROJECTE-EDUCATIU-DE-CENTRE.pdf\">PROJECTE EDUCATIU DE CENTRE<\/a><\/p>\n<p><a href=\"https:\/\/agora.xtec.cat\/iescarrascobarcelona\/wp-content\/uploads\/usu2495\/2024\/02\/NORMATIVA-DE-FUNCIONAMENT-DE-CENTRE-NOFC.pdf\">NORMATIVA DE FUNCIONAMENT DE CENTRE NOFC<\/a><\/p>\n<p><a href=\"https:\/\/agora.xtec.cat\/iescarrascobarcelona\/wp-content\/uploads\/usu2495\/2022\/02\/PROJECTE-LINGUISTIC.pdf\">PROJECTE LING\u00dc\u00cdSTIC<\/a><\/p>\n<p><a href=\"https:\/\/agora.xtec.cat\/iescarrascobarcelona\/wp-content\/uploads\/usu2495\/2025\/02\/HORARI-ESCOLAR.pdf\">Marc horari centre<\/a><\/p>\n<p><a href=\"https:\/\/agora.xtec.cat\/iescarrascobarcelona\/wp-content\/uploads\/usu2495\/2019\/03\/Projecte-Conviv\u00e8ncia.pdf\">Projecte Conviv\u00e8ncia<\/a><\/p>\n<p><a href=\"https:\/\/agora.xtec.cat\/iescarrascobarcelona\/wp-content\/uploads\/usu2495\/2022\/11\/Decaleg-convivencia-de-lalumnat.pdf\">Dec\u00e0leg conviv\u00e8ncia de l&#8217;alumnat<\/a><\/p>\n<p><a href=\"https:\/\/agora.xtec.cat\/iescarrascobarcelona\/wp-content\/uploads\/usu2495\/2022\/11\/Protocol-us-dels-telefons-mobils-al-centre.pdf\">Protocol \u00fas dels tel\u00e8fons m\u00f2bils al centre<\/a><\/p>\n<p>&nbsp;<\/p>\n<p><strong>Pla digital d&#8217;educaci\u00f3 de Catalunya<\/strong><\/p>\n<p><a href=\"https:\/\/agora.xtec.cat\/iescarrascobarcelona\/wp-content\/uploads\/usu2495\/2022\/10\/Document-de-cessio-ordinadors-portatils-als-alumnes-curs-2022-2023.pdf\">Document de cessi\u00f3 ordinadors port\u00e0tils als alumnes curs 2022-2023<\/a><\/p>\n<p><a href=\"https:\/\/agora.xtec.cat\/iescarrascobarcelona\/wp-content\/uploads\/usu2495\/2022\/10\/Normativa-us-ordinadors-personals-a-laula-2022-23.pdf\">Normativa \u00fas ordinadors personals a l&#8217;aula 2022-23<\/a><\/p>\n<p>&nbsp;<\/p>\n<p><strong>Models d&#8217;autoritzacions ESO<\/strong><\/p>\n<p><a href=\"https:\/\/agora.xtec.cat\/iescarrascobarcelona\/wp-content\/uploads\/usu2495\/2023\/07\/Notificacio-no-assistencia-vaga-ESO-23-24-1.pdf\">Notificaci\u00f3 no-assist\u00e8ncia vaga ESO 23-24<\/a><\/p>\n<p><strong>Models d&#8217;autoritzacions BATXILLERAT<\/strong><\/p>\n<p><a href=\"https:\/\/agora.xtec.cat\/iescarrascobarcelona\/wp-content\/uploads\/usu2495\/2023\/07\/Notificacio-no-assistencia-vaga-BATX-23-24.pdf\">Notificaci\u00f3 no-assist\u00e8ncia vaga BATX 23-24<\/a><\/p>\n<p>&nbsp;<\/p>\n","protected":false},"excerpt":{"rendered":"<p>Normativa de centre PROJECTE EDUCATIU DE CENTRE NORMATIVA DE FUNCIONAMENT DE CENTRE NOFC PROJECTE LING\u00dc\u00cdSTIC Marc horari centre Projecte Conviv\u00e8ncia Dec\u00e0leg conviv\u00e8ncia de l&#8217;alumnat Protocol \u00fas dels tel\u00e8fons m\u00f2bils al centre &nbsp; Pla digital d&#8217;educaci\u00f3 de Catalunya Document de cessi\u00f3 ordinadors port\u00e0tils als alumnes curs 2022-2023 Normativa \u00fas ordinadors personals a l&#8217;aula 2022-23 &nbsp; Models [&hellip;]<\/p>\n","protected":false},"author":1,"featured_media":0,"parent":19,"menu_order":60,"comment_status":"closed","ping_status":"closed","template":"page-templates\/side-menu.php","meta":{"_bbp_topic_count":0,"_bbp_reply_count":0,"_bbp_total_topic_count":0,"_bbp_total_reply_count":0,"_bbp_voice_count":0,"_bbp_anonymous_reply_count":0,"_bbp_topic_count_hidden":0,"_bbp_reply_count_hidden":0,"_bbp_forum_subforum_count":0,"site-sidebar-layout":"default","site-content-layout":"","ast-site-content-layout":"","site-content-style":"default","site-sidebar-style":"default","ast-global-header-display":"","ast-banner-title-visibility":"","ast-main-header-display":"","ast-hfb-above-header-display":"","ast-hfb-below-header-display":"","ast-hfb-mobile-header-display":"","site-post-title":"","ast-breadcrumbs-content":"","ast-featured-img":"","footer-sml-layout":"","theme-transparent-header-meta":"","adv-header-id-meta":"","stick-header-meta":"","header-above-stick-meta":"","header-main-stick-meta":"","header-below-stick-meta":"","astra-migrate-meta-layouts":"default","ast-page-background-enabled":"default","ast-page-background-meta":{"desktop":{"background-color":"var(--ast-global-color-4)","background-image":"","background-repeat":"repeat","background-position":"center center","background-size":"auto","background-attachment":"scroll","background-type":"","background-media":"","overlay-type":"","overlay-color":"","overlay-opacity":"","overlay-gradient":""},"tablet":{"background-color":"","background-image":"","background-repeat":"repeat","background-position":"center center","background-size":"auto","background-attachment":"scroll","background-type":"","background-media":"","overlay-type":"","overlay-color":"","overlay-opacity":"","overlay-gradient":""},"mobile":{"background-color":"","background-image":"","background-repeat":"repeat","background-position":"center center","background-size":"auto","background-attachment":"scroll","background-type":"","background-media":"","overlay-type":"","overlay-color":"","overlay-opacity":"","overlay-gradient":""}},"ast-content-background-meta":{"desktop":{"background-color":"var(--ast-global-color-5)","background-image":"","background-repeat":"repeat","background-position":"center center","background-size":"auto","background-attachment":"scroll","background-type":"","background-media":"","overlay-type":"","overlay-color":"","overlay-opacity":"","overlay-gradient":""},"tablet":{"background-color":"var(--ast-global-color-5)","background-image":"","background-repeat":"repeat","background-position":"center center","background-size":"auto","background-attachment":"scroll","background-type":"","background-media":"","overlay-type":"","overlay-color":"","overlay-opacity":"","overlay-gradient":""},"mobile":{"background-color":"var(--ast-global-color-5)","background-image":"","background-repeat":"repeat","background-position":"center center","background-size":"auto","background-attachment":"scroll","background-type":"","background-media":"","overlay-type":"","overlay-color":"","overlay-opacity":"","overlay-gradient":""}},"footnotes":""},"class_list":["post-49","page","type-page","status-publish","hentry"],"post_mailing_queue_ids":[],"_links":{"self":[{"href":"https:\/\/agora.xtec.cat\/iescarrascobarcelona\/wp-json\/wp\/v2\/pages\/49","targetHints":{"allow":["GET"]}}],"collection":[{"href":"https:\/\/agora.xtec.cat\/iescarrascobarcelona\/wp-json\/wp\/v2\/pages"}],"about":[{"href":"https:\/\/agora.xtec.cat\/iescarrascobarcelona\/wp-json\/wp\/v2\/types\/page"}],"author":[{"embeddable":true,"href":"https:\/\/agora.xtec.cat\/iescarrascobarcelona\/wp-json\/wp\/v2\/users\/1"}],"replies":[{"embeddable":true,"href":"https:\/\/agora.xtec.cat\/iescarrascobarcelona\/wp-json\/wp\/v2\/comments?post=49"}],"version-history":[{"count":7,"href":"https:\/\/agora.xtec.cat\/iescarrascobarcelona\/wp-json\/wp\/v2\/pages\/49\/revisions"}],"predecessor-version":[{"id":3157,"href":"https:\/\/agora.xtec.cat\/iescarrascobarcelona\/wp-json\/wp\/v2\/pages\/49\/revisions\/3157"}],"up":[{"embeddable":true,"href":"https:\/\/agora.xtec.cat\/iescarrascobarcelona\/wp-json\/wp\/v2\/pages\/19"}],"wp:attachment":[{"href":"https:\/\/agora.xtec.cat\/iescarrascobarcelona\/wp-json\/wp\/v2\/media?parent=49"}],"curies":[{"name":"wp","href":"https:\/\/api.w.org\/{rel}","templated":true}]}}