{"id":46,"date":"2014-09-17T16:53:45","date_gmt":"2014-09-17T16:53:45","guid":{"rendered":"http:\/\/agora.xtec.cat\/iescarrascobarcelona\/?page_id=46"},"modified":"2025-11-21T10:37:51","modified_gmt":"2025-11-21T09:37:51","slug":"organigrama","status":"publish","type":"page","link":"https:\/\/agora.xtec.cat\/iescarrascobarcelona\/linstitut\/organigrama\/","title":{"rendered":"Organigrama"},"content":{"rendered":"<p><strong>CURS 2025-26<\/strong><\/p>\n<p><strong>Equip directiu:<\/strong><\/p>\n<table style=\"width: 76.8165%; border-style: solid; height: 170px;\">\n<tbody>\n<tr style=\"height: 32px;\">\n<td style=\"width: 30.5405%; background-color: #08d4c3; height: 32px;\"><strong>C\u00c0RREC<\/strong><\/td>\n<td style=\"width: 24.7748%; background-color: #08d4c3; height: 32px;\"><strong>NOM<\/strong><\/td>\n<td style=\"width: 39.3694%; background-color: #08d4c3; height: 32px;\"><strong>EMAIL<\/strong><\/td>\n<\/tr>\n<tr style=\"height: 32px;\">\n<td style=\"width: 30.5405%; height: 32px;\">Director<\/td>\n<td style=\"width: 24.7748%; height: 32px;\">Rub\u00e9n Ramos<\/td>\n<td style=\"width: 39.3694%; height: 32px;\">rramos9@inscarrasco.cat<\/td>\n<\/tr>\n<tr style=\"height: 32px;\">\n<td style=\"width: 30.5405%; height: 32px;\">Cap d&#8217;estudis<\/td>\n<td style=\"width: 24.7748%; height: 32px;\">Fran Fern\u00e1ndez<\/td>\n<td style=\"width: 39.3694%; height: 32px;\">fferna30@inscarrasco.cat<\/td>\n<\/tr>\n<tr style=\"height: 32px;\">\n<td style=\"width: 30.5405%; height: 32px;\">Coordinadora pedag\u00f2gica<\/td>\n<td style=\"width: 24.7748%; height: 32px;\">Cl\u00e0udia Tallero<\/td>\n<td style=\"width: 39.3694%; height: 32px;\">ctallero@inscarrasco.cat<\/td>\n<\/tr>\n<tr style=\"height: 32px;\">\n<td style=\"width: 30.5405%; height: 32px;\">Secretari<\/td>\n<td style=\"width: 24.7748%; height: 32px;\">Mart\u00ed Graells<\/td>\n<td style=\"width: 39.3694%; height: 32px;\">mgraells<span class=\"\">@inscarrasco.ca<\/span>t<\/td>\n<\/tr>\n<\/tbody>\n<\/table>\n<p><strong>C\u00e0rrecs de coordinaci\u00f3 i responsabilitats:<\/strong><\/p>\n<table style=\"height: 581px; width: 76.9514%; border-style: solid;\">\n<tbody>\n<tr style=\"height: 32px;\">\n<td style=\"width: 30.4477%; height: 32px; background-color: #08d4c3;\"><strong>C\u00c0RREC<\/strong><\/td>\n<td style=\"width: 25.149%; height: 32px; background-color: #08d4c3;\"><strong>NOM<\/strong><\/td>\n<td style=\"width: 41.5403%; height: 32px; background-color: #08d4c3;\"><strong>EMAIL<\/strong><\/td>\n<\/tr>\n<tr style=\"height: 44px;\">\n<td style=\"width: 30.4477%; height: 44px;\">Coordinaci\u00f3 1r i 2n ESO<\/td>\n<td style=\"width: 25.149%; height: 44px;\">Anna Marcer<\/td>\n<td style=\"width: 41.5403%; height: 44px;\">amarcer<span class=\"\">@inscarrasco.ca<\/span>t<\/td>\n<\/tr>\n<tr style=\"height: 32px;\">\n<td style=\"width: 30.4477%; height: 32px;\">Coordinaci\u00f3 3r i 4t ESO<\/td>\n<td style=\"width: 25.149%; height: 32px;\">Bet Ramallo<\/td>\n<td style=\"width: 41.5403%; height: 32px;\">betramallo@inscarrasco.cat<\/td>\n<\/tr>\n<tr style=\"height: 32px;\">\n<td style=\"width: 30.4477%; height: 32px;\">Coordinaci\u00f3 Batxillerat<\/td>\n<td style=\"width: 25.149%; height: 32px;\">Joan de Batlle<\/td>\n<td style=\"width: 41.5403%; height: 32px;\">jdebatlle@inscarrasco.cat<\/td>\n<\/tr>\n<tr style=\"height: 48px;\">\n<td style=\"width: 30.4477%; height: 48px;\">Coordinaci\u00f3 digital<\/td>\n<td style=\"width: 25.149%; height: 48px;\">Andrea Arreba<\/td>\n<td style=\"width: 41.5403%; height: 48px;\">aarreba@inscarrasco.cat<\/td>\n<\/tr>\n<tr style=\"height: 48px;\">\n<td style=\"width: 30.4477%; height: 48px;\">Coordinaci\u00f3 riscos laborals<\/td>\n<td style=\"width: 25.149%; height: 48px;\">Xavi Lucena<\/td>\n<td style=\"width: 41.5403%; height: 48px;\">xlucena@inscarrasco.cat<\/td>\n<\/tr>\n<tr style=\"height: 32px;\">\n<td style=\"width: 30.4477%; height: 32px;\">Coordinaci\u00f3 LIC<\/td>\n<td style=\"width: 25.149%; height: 32px;\">Laia Campos<\/td>\n<td style=\"width: 41.5403%; height: 32px;\">lcampos<span class=\"\">@inscarrasco.cat<\/span><\/td>\n<\/tr>\n<tr style=\"height: 48px;\">\n<td style=\"width: 30.4477%; height: 48px;\">Responsable d&#8217;escoles + sostenibles<\/td>\n<td style=\"width: 25.149%; height: 48px;\">Mireia Mora<\/td>\n<td style=\"width: 41.5403%; height: 48px;\">mmora@inscarrasco.cat<\/td>\n<\/tr>\n<tr style=\"height: 48px;\">\n<td style=\"width: 30.4477%; height: 48px;\">Responsable de mediaci\u00f3<\/td>\n<td style=\"width: 25.149%; height: 48px;\">M\u00e0rius Queralt<\/td>\n<td style=\"width: 41.5403%; height: 48px;\">mqueralt@inscarrasco.cat<\/td>\n<\/tr>\n<tr style=\"height: 48px;\">\n<td style=\"width: 30.4477%; height: 48px;\">Responsable TEI<\/td>\n<td style=\"width: 25.149%; height: 48px;\">Neus Mart\u00ed<\/p>\n<p>Clara Farriols<\/td>\n<td style=\"width: 41.5403%; height: 48px;\">nmar96t<span class=\"\"><span class=\"\"><span class=\"\">@<\/span>inscarrasco.cat<\/span><\/span><\/p>\n<p>cfarriols@inscarrasco.ca<\/td>\n<\/tr>\n<tr style=\"height: 18px;\">\n<td style=\"width: 30.4477%; height: 18px;\">Responsable de Pla Lector<\/td>\n<td style=\"width: 25.149%; height: 18px;\">Alicia de Miguel<\/td>\n<td style=\"width: 41.5403%; height: 18px;\">amigue3@inscarrasco.cat<\/td>\n<\/tr>\n<tr style=\"height: 23px;\">\n<td style=\"width: 30.4477%; height: 23px;\">Responsable mobilitat internacional<\/td>\n<td style=\"width: 25.149%; height: 23px;\">Tess Hill<\/p>\n<p>Yolanda Ramos<\/td>\n<td style=\"width: 41.5403%; height: 23px;\">thill@inscarrasco.cat<\/p>\n<p>ytorres@inscarrasco.cat<\/td>\n<\/tr>\n<tr style=\"height: 48px;\">\n<td style=\"width: 30.4477%; height: 48px;\">Responsable revista digital<\/td>\n<td style=\"width: 25.149%; height: 48px;\">Raquel Mart\u00ednez<\/td>\n<td style=\"width: 41.5403%; height: 48px;\">rmartinez@@inscarrasco.cat<\/td>\n<\/tr>\n<tr style=\"height: 32px;\">\n<td style=\"width: 30.4477%; height: 32px;\">Responsable TAC<\/td>\n<td style=\"width: 25.149%; height: 32px;\">Andrea Arreba<\/td>\n<td style=\"width: 41.5403%; height: 32px;\">aarreba@inscarrasco.cat<\/td>\n<\/tr>\n<tr style=\"height: 48px;\">\n<td style=\"width: 30.4477%; height: 48px;\">Coordinaci\u00f3 coeducaci\u00f3, conviv\u00e8ncia i benestar<\/td>\n<td style=\"width: 25.149%; height: 48px;\">Fran Fern\u00e1ndez<\/td>\n<td style=\"width: 41.5403%; height: 48px;\">fferna30@inscarrasco.cat<\/td>\n<\/tr>\n<\/tbody>\n<\/table>\n<p><strong>Caps d&#8217;\u00e0mbit:<br \/>\n<\/strong><\/p>\n<table style=\"width: 77.3051%; border-style: solid; height: 176px;\">\n<tbody>\n<tr style=\"height: 32px;\">\n<td style=\"width: 28.3721%; background-color: #08d4c3; height: 32px;\"><strong>CAPS D&#8217;\u00c0MBIT <\/strong><\/td>\n<td style=\"width: 23.7836%; background-color: #08d4c3; height: 32px;\"><strong>NOM<\/strong><\/td>\n<td style=\"width: 38.4804%; background-color: #08d4c3; height: 32px;\"><strong>EMAIL<\/strong><\/td>\n<\/tr>\n<tr style=\"height: 32px;\">\n<td style=\"width: 28.3721%; height: 32px;\">\u00c0mbit cientificotecnol\u00f2gic-matem\u00e0tic<\/td>\n<td style=\"width: 23.7836%; height: 32px;\">Mireia Mora<\/td>\n<td style=\"width: 38.4804%; height: 32px;\">mmora@inscarrasco.cat<\/td>\n<\/tr>\n<tr style=\"height: 32px;\">\n<td style=\"width: 28.3721%; height: 32px;\">\u00c0mbit expressi\u00f3 i social<\/td>\n<td style=\"width: 23.7836%; height: 32px;\">Fran Fern\u00e1ndez<\/td>\n<td style=\"width: 38.4804%; height: 32px;\">fferna30@inscarrasco.cat<\/td>\n<\/tr>\n<tr style=\"height: 35px;\">\n<td style=\"width: 28.3721%; height: 35px;\">\u00c0mbit ling\u00fc\u00edstic<\/td>\n<td style=\"width: 23.7836%; height: 35px;\">Carme Clar\u00f3s<\/td>\n<td style=\"width: 38.4804%; height: 35px;\">cclaros@inscarrasco.cat<\/td>\n<\/tr>\n<\/tbody>\n<\/table>\n<p><strong>Tutors classe:<\/strong><\/p>\n<table style=\"border-collapse: collapse; width: 77.1702%;\">\n<tbody>\n<tr>\n<td style=\"width: 23.8536%; background-color: #08d4c3;\"><strong>GRUP CLASSE<\/strong><\/td>\n<td style=\"width: 19.0682%; background-color: #08d4c3;\"><strong>TUTOR GRUP CLASSE<\/strong><\/td>\n<td style=\"width: 32.9177%; background-color: #08d4c3;\"><strong>EMAIL<\/strong><\/td>\n<\/tr>\n<tr>\n<td style=\"width: 23.8536%;\">1r ESO A<\/td>\n<td style=\"width: 19.0682%;\">Marta S\u00e1nchez<\/td>\n<td style=\"width: 32.9177%;\">msanc127@inscarrasco.cat<\/td>\n<\/tr>\n<tr>\n<td style=\"width: 23.8536%;\">1r ESO B<\/td>\n<td style=\"width: 19.0682%; height: 32px;\">Nani Navarro<\/td>\n<td style=\"width: 32.9177%; height: 32px;\">dnavar15@inscarrasco.cat<\/td>\n<\/tr>\n<tr>\n<td style=\"width: 23.8536%;\">2n ESO A<\/td>\n<td style=\"width: 19.0682%;\">Yolanda Torres<\/td>\n<td style=\"width: 32.9177%;\">ytorres@inscarrasco.cat<\/td>\n<\/tr>\n<tr>\n<td style=\"width: 23.8536%;\">2n ESO B<\/td>\n<td style=\"width: 19.0682%;\">Maria Soriano<\/td>\n<td style=\"width: 32.9177%;\">msoriano@inscarrasco.cat<\/td>\n<\/tr>\n<tr>\n<td style=\"width: 23.8536%;\">3r ESO A<\/td>\n<td style=\"width: 19.0682%;\">S\u00edlvia Palomar<\/td>\n<td style=\"width: 32.9177%;\"><span class=\"\">spalomar@inscar<\/span>rasco.cat<\/td>\n<\/tr>\n<tr>\n<td style=\"width: 23.8536%;\">3r ESO B<\/td>\n<td style=\"width: 19.0682%;\">Esther S\u00f2ria<\/td>\n<td style=\"width: 32.9177%;\"><span class=\"\">esoria4@inscarrasco.cat<\/span><\/td>\n<\/tr>\n<tr>\n<td style=\"width: 23.8536%;\">4t ESO A<\/td>\n<td style=\"width: 19.0682%;\">Bienve G\u00f3mez<\/td>\n<td style=\"width: 32.9177%;\">bgomez9@inscarrasco.cat<\/td>\n<\/tr>\n<tr>\n<td style=\"width: 23.8536%;\">4t ESO B<\/td>\n<td style=\"width: 19.0682%;\">Jes\u00fas Dieguez<\/td>\n<td style=\"width: 32.9177%;\"><span class=\"\">jdieguez@inscarrasco.cat<\/span><\/td>\n<\/tr>\n<tr>\n<td style=\"width: 23.8536%;\">1r BATXILLERAT HS<\/td>\n<td style=\"width: 19.0682%;\">Montse Valls<\/td>\n<td style=\"width: 32.9177%;\"><span class=\"\">mvalls@<\/span>inscarrasco.cat<\/td>\n<\/tr>\n<tr>\n<td style=\"width: 23.8536%;\">1r BATXILLERAT CT<\/td>\n<td style=\"width: 19.0682%;\">Alicia de Miguel<\/td>\n<td style=\"width: 32.9177%;\">amigue3@inscarrasco.cat<\/td>\n<\/tr>\n<tr>\n<td style=\"width: 23.8536%;\">2n BATXILLERAT<\/td>\n<td style=\"width: 19.0682%;\">Raquel Mart\u00ednez<\/td>\n<td style=\"width: 32.9177%;\">rmartinez@@inscarrasco.cat<\/td>\n<\/tr>\n<\/tbody>\n<\/table>\n","protected":false},"excerpt":{"rendered":"<p>CURS 2025-26 Equip directiu: C\u00c0RREC NOM EMAIL Director Rub\u00e9n Ramos rramos9@inscarrasco.cat Cap d&#8217;estudis Fran Fern\u00e1ndez fferna30@inscarrasco.cat Coordinadora pedag\u00f2gica Cl\u00e0udia Tallero ctallero@inscarrasco.cat Secretari Mart\u00ed Graells mgraells@inscarrasco.cat C\u00e0rrecs de coordinaci\u00f3 i responsabilitats: C\u00c0RREC NOM EMAIL Coordinaci\u00f3 1r i 2n ESO Anna Marcer amarcer@inscarrasco.cat Coordinaci\u00f3 3r i 4t ESO Bet Ramallo betramallo@inscarrasco.cat Coordinaci\u00f3 Batxillerat Joan de Batlle jdebatlle@inscarrasco.cat [&hellip;]<\/p>\n","protected":false},"author":1,"featured_media":0,"parent":19,"menu_order":8,"comment_status":"closed","ping_status":"closed","template":"page-templates\/side-menu.php","meta":{"_bbp_topic_count":0,"_bbp_reply_count":0,"_bbp_total_topic_count":0,"_bbp_total_reply_count":0,"_bbp_voice_count":0,"_bbp_anonymous_reply_count":0,"_bbp_topic_count_hidden":0,"_bbp_reply_count_hidden":0,"_bbp_forum_subforum_count":0,"site-sidebar-layout":"default","site-content-layout":"","ast-site-content-layout":"","site-content-style":"default","site-sidebar-style":"default","ast-global-header-display":"","ast-banner-title-visibility":"","ast-main-header-display":"","ast-hfb-above-header-display":"","ast-hfb-below-header-display":"","ast-hfb-mobile-header-display":"","site-post-title":"","ast-breadcrumbs-content":"","ast-featured-img":"","footer-sml-layout":"","theme-transparent-header-meta":"","adv-header-id-meta":"","stick-header-meta":"","header-above-stick-meta":"","header-main-stick-meta":"","header-below-stick-meta":"","astra-migrate-meta-layouts":"default","ast-page-background-enabled":"default","ast-page-background-meta":{"desktop":{"background-color":"var(--ast-global-color-4)","background-image":"","background-repeat":"repeat","background-position":"center center","background-size":"auto","background-attachment":"scroll","background-type":"","background-media":"","overlay-type":"","overlay-color":"","overlay-opacity":"","overlay-gradient":""},"tablet":{"background-color":"","background-image":"","background-repeat":"repeat","background-position":"center center","background-size":"auto","background-attachment":"scroll","background-type":"","background-media":"","overlay-type":"","overlay-color":"","overlay-opacity":"","overlay-gradient":""},"mobile":{"background-color":"","background-image":"","background-repeat":"repeat","background-position":"center center","background-size":"auto","background-attachment":"scroll","background-type":"","background-media":"","overlay-type":"","overlay-color":"","overlay-opacity":"","overlay-gradient":""}},"ast-content-background-meta":{"desktop":{"background-color":"var(--ast-global-color-5)","background-image":"","background-repeat":"repeat","background-position":"center center","background-size":"auto","background-attachment":"scroll","background-type":"","background-media":"","overlay-type":"","overlay-color":"","overlay-opacity":"","overlay-gradient":""},"tablet":{"background-color":"var(--ast-global-color-5)","background-image":"","background-repeat":"repeat","background-position":"center center","background-size":"auto","background-attachment":"scroll","background-type":"","background-media":"","overlay-type":"","overlay-color":"","overlay-opacity":"","overlay-gradient":""},"mobile":{"background-color":"var(--ast-global-color-5)","background-image":"","background-repeat":"repeat","background-position":"center center","background-size":"auto","background-attachment":"scroll","background-type":"","background-media":"","overlay-type":"","overlay-color":"","overlay-opacity":"","overlay-gradient":""}},"footnotes":""},"class_list":["post-46","page","type-page","status-publish","hentry"],"post_mailing_queue_ids":[],"_links":{"self":[{"href":"https:\/\/agora.xtec.cat\/iescarrascobarcelona\/wp-json\/wp\/v2\/pages\/46","targetHints":{"allow":["GET"]}}],"collection":[{"href":"https:\/\/agora.xtec.cat\/iescarrascobarcelona\/wp-json\/wp\/v2\/pages"}],"about":[{"href":"https:\/\/agora.xtec.cat\/iescarrascobarcelona\/wp-json\/wp\/v2\/types\/page"}],"author":[{"embeddable":true,"href":"https:\/\/agora.xtec.cat\/iescarrascobarcelona\/wp-json\/wp\/v2\/users\/1"}],"replies":[{"embeddable":true,"href":"https:\/\/agora.xtec.cat\/iescarrascobarcelona\/wp-json\/wp\/v2\/comments?post=46"}],"version-history":[{"count":6,"href":"https:\/\/agora.xtec.cat\/iescarrascobarcelona\/wp-json\/wp\/v2\/pages\/46\/revisions"}],"predecessor-version":[{"id":3257,"href":"https:\/\/agora.xtec.cat\/iescarrascobarcelona\/wp-json\/wp\/v2\/pages\/46\/revisions\/3257"}],"up":[{"embeddable":true,"href":"https:\/\/agora.xtec.cat\/iescarrascobarcelona\/wp-json\/wp\/v2\/pages\/19"}],"wp:attachment":[{"href":"https:\/\/agora.xtec.cat\/iescarrascobarcelona\/wp-json\/wp\/v2\/media?parent=46"}],"curies":[{"name":"wp","href":"https:\/\/api.w.org\/{rel}","templated":true}]}}