{"id":2841,"date":"2023-05-22T20:58:08","date_gmt":"2023-05-22T18:58:08","guid":{"rendered":"https:\/\/agora.xtec.cat\/iescarrascobarcelona\/?page_id=2841"},"modified":"2023-05-22T21:02:16","modified_gmt":"2023-05-22T19:02:16","slug":"context-centre-edc","status":"publish","type":"page","link":"https:\/\/agora.xtec.cat\/iescarrascobarcelona\/edc\/part-estrategica-2\/context-centre-edc\/","title":{"rendered":"Context centre"},"content":{"rendered":"<p>El centre es defineix com un entorn inclusiu on es respecta la pluralitat, es fomenta la participaci\u00f3 dels alumnes i les seves fam\u00edlies sense oblidar-ne l&#8217;entorn, participant-hi buscant l&#8217;excel\u00b7l\u00e8ncia i incorporant la innovaci\u00f3 per donar resposta als nous reptes del segle XXI.<\/p>\n<p>Els resultats acad\u00e8mics obtinguts a les proves de compet\u00e8ncies b\u00e0siques i selectivitat estan per sobre de la mitjana de Catalunya, aix\u00ed com el nombre d&#8217;alumnes que obtenen el t\u00edtol de graduat a l&#8217;ESO i prossegueixen amb la formaci\u00f3. El mateix patr\u00f3 es reprodueix en qu\u00e8 cursen el batxillerat, on m\u00e9s del 90% el conclouen i accedeixen a la Universitat o a altres estudis.<\/p>\n<p>El centre disposa, a m\u00e9s de les aules habituals de classe equipades amb videoprojector, pantalla plegable i ordinador amb connexi\u00f3 a internet, de:<\/p>\n<ul>\n<li>Dues classes espec\u00edfiques d&#8217;inform\u00e0tica.<\/li>\n<li>Una aula de visual i pl\u00e0stica.<\/li>\n<li>Laboratori de qu\u00edmica i biologia.<\/li>\n<li>Laboratori de f\u00edsica i geologia.<\/li>\n<li>Aula de m\u00fasica i taller de tecnologia.<\/li>\n<\/ul>\n<p>L&#8217;organitzaci\u00f3 del centre correspon b\u00e0sicament a un model d&#8217;autocr\u00e0cia, tot i que incorpora algun tret de l&#8217;adhocr\u00e0cia en crear coordinacions responsables en mat\u00e8ria de mentoria, pla lector, escoles sostenibles, comunicaci\u00f3 2.0, inform\u00e0tica i pla d&#8217;estrat\u00e8gia digital, entre d&#8217;altres.<\/p>\n<p>El model de comunicaci\u00f3 \u00e9s molt complet i utilitza diferents canals com s\u00f3n el correu corporatiu, Google Classroom i Moodle, web corporatiu, Drive corporatiu amb informaci\u00f3 accessible a tot el professorat, Twitter, etc.<\/p>\n<p>Al projecte educatiu del centre t\u00e9 com a objectius destacats potenciar l&#8217;\u00fas de les lleng\u00fces estrangeres i l&#8217;\u00fas de les tecnologies digitals, facilitar la implementaci\u00f3 del pla lector, aix\u00ed com la formaci\u00f3 competencial formant part de la Xarxa de Compet\u00e8ncies B\u00e0siques i STEAM (Science, Technology, Engineering, Arts, Mathematics)<\/p>\n","protected":false},"excerpt":{"rendered":"<p>El centre es defineix com un entorn inclusiu on es respecta la pluralitat, es fomenta la participaci\u00f3 dels alumnes i les seves fam\u00edlies sense oblidar-ne l&#8217;entorn, participant-hi buscant l&#8217;excel\u00b7l\u00e8ncia i incorporant la innovaci\u00f3 per donar resposta als nous reptes del segle XXI. Els resultats acad\u00e8mics obtinguts a les proves de compet\u00e8ncies b\u00e0siques i selectivitat estan [&hellip;]<\/p>\n","protected":false},"author":1,"featured_media":0,"parent":2396,"menu_order":0,"comment_status":"closed","ping_status":"closed","template":"page-templates\/side-menu.php","meta":{"_bbp_topic_count":0,"_bbp_reply_count":0,"_bbp_total_topic_count":0,"_bbp_total_reply_count":0,"_bbp_voice_count":0,"_bbp_anonymous_reply_count":0,"_bbp_topic_count_hidden":0,"_bbp_reply_count_hidden":0,"_bbp_forum_subforum_count":0,"site-sidebar-layout":"default","site-content-layout":"","ast-site-content-layout":"","site-content-style":"default","site-sidebar-style":"default","ast-global-header-display":"","ast-banner-title-visibility":"","ast-main-header-display":"","ast-hfb-above-header-display":"","ast-hfb-below-header-display":"","ast-hfb-mobile-header-display":"","site-post-title":"","ast-breadcrumbs-content":"","ast-featured-img":"","footer-sml-layout":"","theme-transparent-header-meta":"","adv-header-id-meta":"","stick-header-meta":"","header-above-stick-meta":"","header-main-stick-meta":"","header-below-stick-meta":"","astra-migrate-meta-layouts":"default","ast-page-background-enabled":"default","ast-page-background-meta":{"desktop":{"background-color":"var(--ast-global-color-4)","background-image":"","background-repeat":"repeat","background-position":"center center","background-size":"auto","background-attachment":"scroll","background-type":"","background-media":"","overlay-type":"","overlay-color":"","overlay-opacity":"","overlay-gradient":""},"tablet":{"background-color":"","background-image":"","background-repeat":"repeat","background-position":"center center","background-size":"auto","background-attachment":"scroll","background-type":"","background-media":"","overlay-type":"","overlay-color":"","overlay-opacity":"","overlay-gradient":""},"mobile":{"background-color":"","background-image":"","background-repeat":"repeat","background-position":"center center","background-size":"auto","background-attachment":"scroll","background-type":"","background-media":"","overlay-type":"","overlay-color":"","overlay-opacity":"","overlay-gradient":""}},"ast-content-background-meta":{"desktop":{"background-color":"var(--ast-global-color-5)","background-image":"","background-repeat":"repeat","background-position":"center center","background-size":"auto","background-attachment":"scroll","background-type":"","background-media":"","overlay-type":"","overlay-color":"","overlay-opacity":"","overlay-gradient":""},"tablet":{"background-color":"var(--ast-global-color-5)","background-image":"","background-repeat":"repeat","background-position":"center center","background-size":"auto","background-attachment":"scroll","background-type":"","background-media":"","overlay-type":"","overlay-color":"","overlay-opacity":"","overlay-gradient":""},"mobile":{"background-color":"var(--ast-global-color-5)","background-image":"","background-repeat":"repeat","background-position":"center center","background-size":"auto","background-attachment":"scroll","background-type":"","background-media":"","overlay-type":"","overlay-color":"","overlay-opacity":"","overlay-gradient":""}},"footnotes":""},"class_list":["post-2841","page","type-page","status-publish","hentry"],"post_mailing_queue_ids":[],"_links":{"self":[{"href":"https:\/\/agora.xtec.cat\/iescarrascobarcelona\/wp-json\/wp\/v2\/pages\/2841","targetHints":{"allow":["GET"]}}],"collection":[{"href":"https:\/\/agora.xtec.cat\/iescarrascobarcelona\/wp-json\/wp\/v2\/pages"}],"about":[{"href":"https:\/\/agora.xtec.cat\/iescarrascobarcelona\/wp-json\/wp\/v2\/types\/page"}],"author":[{"embeddable":true,"href":"https:\/\/agora.xtec.cat\/iescarrascobarcelona\/wp-json\/wp\/v2\/users\/1"}],"replies":[{"embeddable":true,"href":"https:\/\/agora.xtec.cat\/iescarrascobarcelona\/wp-json\/wp\/v2\/comments?post=2841"}],"version-history":[{"count":2,"href":"https:\/\/agora.xtec.cat\/iescarrascobarcelona\/wp-json\/wp\/v2\/pages\/2841\/revisions"}],"predecessor-version":[{"id":2844,"href":"https:\/\/agora.xtec.cat\/iescarrascobarcelona\/wp-json\/wp\/v2\/pages\/2841\/revisions\/2844"}],"up":[{"embeddable":true,"href":"https:\/\/agora.xtec.cat\/iescarrascobarcelona\/wp-json\/wp\/v2\/pages\/2396"}],"wp:attachment":[{"href":"https:\/\/agora.xtec.cat\/iescarrascobarcelona\/wp-json\/wp\/v2\/media?parent=2841"}],"curies":[{"name":"wp","href":"https:\/\/api.w.org\/{rel}","templated":true}]}}