{"id":2835,"date":"2023-05-22T20:36:42","date_gmt":"2023-05-22T18:36:42","guid":{"rendered":"https:\/\/agora.xtec.cat\/iescarrascobarcelona\/?page_id=2835"},"modified":"2026-03-24T11:55:59","modified_gmt":"2026-03-24T10:55:59","slug":"horari-secretaria","status":"publish","type":"page","link":"https:\/\/agora.xtec.cat\/iescarrascobarcelona\/secretaria\/horari-secretaria\/","title":{"rendered":"Horari secretaria"},"content":{"rendered":"<p>El nostre horari d&#8217;atenci\u00f3 al p\u00fablic \u00e9s de:<\/p>\n<p><strong>DE DILLUNS A DIVENDRES MATINS: de 7:45 a 11:00 i d&#8217;11:30 a 12:30<\/strong><\/p>\n<p><strong>DIMARTS TARDA: de 15:00 a 16:45<br \/>\n<\/strong><\/p>\n<p>Tel\u00e8fon: 93.357.52.54<\/p>\n<p>Adreces electr\u00f2niques de contacte: cborrego@inscarrasco.cat<\/p>\n<p>iescarrascobarcelona<span class=\"atwho-query\">@xtec.cat<\/span><\/p>\n<h4><strong>HORARI D&#8217;ESTIU (A PARTIR DEL 8 DE JUNY)<br \/>\n<\/strong><\/h4>\n<p><strong>DE DILLUNS A DIVENDRES MATINS: de 7:45 a 11:00 i d&#8217;11:30 a 12:30<\/strong><\/p>\n<h4><strong>HORARI SECRETARIA DURANT LA PREINSCRIPCI\u00d3: <\/strong><\/h4>\n<p><strong>L\u2019horari de secretaria durant la preinscripci\u00f3 el trobareu a l\u2019apartat Preinscripci\u00f3<\/strong><\/p>\n","protected":false},"excerpt":{"rendered":"<p>El nostre horari d&#8217;atenci\u00f3 al p\u00fablic \u00e9s de: DE DILLUNS A DIVENDRES MATINS: de 7:45 a 11:00 i d&#8217;11:30 a 12:30 DIMARTS TARDA: de 15:00 a 16:45 Tel\u00e8fon: 93.357.52.54 Adreces electr\u00f2niques de contacte: cborrego@inscarrasco.cat iescarrascobarcelona@xtec.cat HORARI D&#8217;ESTIU (A PARTIR DEL 8 DE JUNY) DE DILLUNS A DIVENDRES MATINS: de 7:45 a 11:00 i d&#8217;11:30 a [&hellip;]<\/p>\n","protected":false},"author":1,"featured_media":0,"parent":81,"menu_order":0,"comment_status":"closed","ping_status":"closed","template":"","meta":{"_bbp_topic_count":0,"_bbp_reply_count":0,"_bbp_total_topic_count":0,"_bbp_total_reply_count":0,"_bbp_voice_count":0,"_bbp_anonymous_reply_count":0,"_bbp_topic_count_hidden":0,"_bbp_reply_count_hidden":0,"_bbp_forum_subforum_count":0,"site-sidebar-layout":"default","site-content-layout":"","ast-site-content-layout":"default","site-content-style":"default","site-sidebar-style":"default","ast-global-header-display":"","ast-banner-title-visibility":"","ast-main-header-display":"","ast-hfb-above-header-display":"","ast-hfb-below-header-display":"","ast-hfb-mobile-header-display":"","site-post-title":"","ast-breadcrumbs-content":"","ast-featured-img":"","footer-sml-layout":"","theme-transparent-header-meta":"","adv-header-id-meta":"","stick-header-meta":"","header-above-stick-meta":"","header-main-stick-meta":"","header-below-stick-meta":"","astra-migrate-meta-layouts":"set","ast-page-background-enabled":"default","ast-page-background-meta":{"desktop":{"background-color":"var(--ast-global-color-4)","background-image":"","background-repeat":"repeat","background-position":"center center","background-size":"auto","background-attachment":"scroll","background-type":"","background-media":"","overlay-type":"","overlay-color":"","overlay-opacity":"","overlay-gradient":""},"tablet":{"background-color":"","background-image":"","background-repeat":"repeat","background-position":"center center","background-size":"auto","background-attachment":"scroll","background-type":"","background-media":"","overlay-type":"","overlay-color":"","overlay-opacity":"","overlay-gradient":""},"mobile":{"background-color":"","background-image":"","background-repeat":"repeat","background-position":"center center","background-size":"auto","background-attachment":"scroll","background-type":"","background-media":"","overlay-type":"","overlay-color":"","overlay-opacity":"","overlay-gradient":""}},"ast-content-background-meta":{"desktop":{"background-color":"var(--ast-global-color-5)","background-image":"","background-repeat":"repeat","background-position":"center center","background-size":"auto","background-attachment":"scroll","background-type":"","background-media":"","overlay-type":"","overlay-color":"","overlay-opacity":"","overlay-gradient":""},"tablet":{"background-color":"var(--ast-global-color-5)","background-image":"","background-repeat":"repeat","background-position":"center center","background-size":"auto","background-attachment":"scroll","background-type":"","background-media":"","overlay-type":"","overlay-color":"","overlay-opacity":"","overlay-gradient":""},"mobile":{"background-color":"var(--ast-global-color-5)","background-image":"","background-repeat":"repeat","background-position":"center center","background-size":"auto","background-attachment":"scroll","background-type":"","background-media":"","overlay-type":"","overlay-color":"","overlay-opacity":"","overlay-gradient":""}},"footnotes":""},"class_list":["post-2835","page","type-page","status-publish","hentry"],"post_mailing_queue_ids":[],"_links":{"self":[{"href":"https:\/\/agora.xtec.cat\/iescarrascobarcelona\/wp-json\/wp\/v2\/pages\/2835","targetHints":{"allow":["GET"]}}],"collection":[{"href":"https:\/\/agora.xtec.cat\/iescarrascobarcelona\/wp-json\/wp\/v2\/pages"}],"about":[{"href":"https:\/\/agora.xtec.cat\/iescarrascobarcelona\/wp-json\/wp\/v2\/types\/page"}],"author":[{"embeddable":true,"href":"https:\/\/agora.xtec.cat\/iescarrascobarcelona\/wp-json\/wp\/v2\/users\/1"}],"replies":[{"embeddable":true,"href":"https:\/\/agora.xtec.cat\/iescarrascobarcelona\/wp-json\/wp\/v2\/comments?post=2835"}],"version-history":[{"count":5,"href":"https:\/\/agora.xtec.cat\/iescarrascobarcelona\/wp-json\/wp\/v2\/pages\/2835\/revisions"}],"predecessor-version":[{"id":3426,"href":"https:\/\/agora.xtec.cat\/iescarrascobarcelona\/wp-json\/wp\/v2\/pages\/2835\/revisions\/3426"}],"up":[{"embeddable":true,"href":"https:\/\/agora.xtec.cat\/iescarrascobarcelona\/wp-json\/wp\/v2\/pages\/81"}],"wp:attachment":[{"href":"https:\/\/agora.xtec.cat\/iescarrascobarcelona\/wp-json\/wp\/v2\/media?parent=2835"}],"curies":[{"name":"wp","href":"https:\/\/api.w.org\/{rel}","templated":true}]}}