{"id":27,"date":"2014-09-17T16:24:03","date_gmt":"2014-09-17T16:24:03","guid":{"rendered":"http:\/\/agora.xtec.cat\/iescarrascobarcelona\/?page_id=27"},"modified":"2022-12-03T20:52:02","modified_gmt":"2022-12-03T19:52:02","slug":"historia","status":"publish","type":"page","link":"https:\/\/agora.xtec.cat\/iescarrascobarcelona\/linstitut\/historia\/","title":{"rendered":"Hist\u00f2ria"},"content":{"rendered":"<p>L&#8217;Institut Manuel Carrasco i Formiguera est\u00e0 situat al carrer Santa Fe, molt a prop del passeig Maragall, al costat del centre c\u00edvic Torre Llobeta. El nostre institut ocupa els locals de l&#8217;antiga escola d&#8217;EGB Joan Maragall.<\/p>\n<p>A l&#8217;ordre de l&#8217;1 d&#8217;abril de 1987 publicat al Diari Oficial de la Generalitat de Catalunya es va modificar la composici\u00f3 de diversos Col\u00b7legis P\u00fablics d&#8217;Educaci\u00f3 General B\u00e0sica i centres Pre-escolars. La cont\u00ednua evoluci\u00f3 de la col\u00b7lectivitat escolar obligava a constants modificacions dels centres docents per tal d&#8217;adequar la seva composici\u00f3 a les noves necessitats educatives del moment.<\/p>\n<p>En aquesta ordre signada per l&#8217;aleshores conseller d&#8217;ensenyament Joan Guitart es definia el centre, que encara s&#8217;anomenava Col.legi P\u00fablic Joan Maragall, amb 16 unitats mixtes d&#8217;EGB, 3 unitats de p\u00e0rvuls i una Direcci\u00f3 amb funci\u00f3 docent.<\/p>\n<p>En el curs 1988-89 es van iniciar els aleshores estudis experimentals corresponents a 1r d&#8217;ESO amb alumnes procedents de 6\u00e8 d&#8217;EGB del Col\u00b7legi Font d&#8217;en Fargas, ocupant part de l&#8217;edifici de la mateixa escola i amb professors de diferent tipologia: mestres de la mateixa escola, professors de BUP i professors de Formaci\u00f3 Professional.<\/p>\n<p>Es pot dir que en aquells primers anys d&#8217;exist\u00e8ncia l&#8217;Institut Manuel Carrasco i Formiguera era una extensi\u00f3 del col\u00b7legi Font d&#8217;en Fargas.<\/p>\n<p>El 14 d&#8217;abril de 1993 s&#8217;atribueix al centre la denominaci\u00f3 espec\u00edfica provisional Manuel Carrasco i Formiguera. L&#8217;ordre signada pel conseller Joan M. Pujals es publicava al DOGC a finals d&#8217;abril d&#8217;aquell mateix any.<\/p>\n<p>En el curs 1994-95 es van iniciar els estudis de batxillerat experimental i va ser aleshores quan es va produir el trasllat definitiu a l&#8217;actual edifici.<\/p>\n<p>A partir del curs 1996-97, l&#8217;Institut d\u00f3na servei de menjador amb una cooperativa que portava tamb\u00e9 el servei de menjador d&#8217;altres instituts de la zona.<\/p>\n<p>&nbsp;<\/p>\n","protected":false},"excerpt":{"rendered":"<p>L&#8217;Institut Manuel Carrasco i Formiguera est\u00e0 situat al carrer Santa Fe, molt a prop del passeig Maragall, al costat del centre c\u00edvic Torre Llobeta. El nostre institut ocupa els locals de l&#8217;antiga escola d&#8217;EGB Joan Maragall. A l&#8217;ordre de l&#8217;1 d&#8217;abril de 1987 publicat al Diari Oficial de la Generalitat de Catalunya es va modificar [&hellip;]<\/p>\n","protected":false},"author":1,"featured_media":0,"parent":19,"menu_order":3,"comment_status":"closed","ping_status":"closed","template":"page-templates\/side-menu.php","meta":{"_bbp_topic_count":0,"_bbp_reply_count":0,"_bbp_total_topic_count":0,"_bbp_total_reply_count":0,"_bbp_voice_count":0,"_bbp_anonymous_reply_count":0,"_bbp_topic_count_hidden":0,"_bbp_reply_count_hidden":0,"_bbp_forum_subforum_count":0,"site-sidebar-layout":"default","site-content-layout":"","ast-site-content-layout":"","site-content-style":"default","site-sidebar-style":"default","ast-global-header-display":"","ast-banner-title-visibility":"","ast-main-header-display":"","ast-hfb-above-header-display":"","ast-hfb-below-header-display":"","ast-hfb-mobile-header-display":"","site-post-title":"","ast-breadcrumbs-content":"","ast-featured-img":"","footer-sml-layout":"","theme-transparent-header-meta":"","adv-header-id-meta":"","stick-header-meta":"","header-above-stick-meta":"","header-main-stick-meta":"","header-below-stick-meta":"","astra-migrate-meta-layouts":"default","ast-page-background-enabled":"default","ast-page-background-meta":{"desktop":{"background-color":"var(--ast-global-color-4)","background-image":"","background-repeat":"repeat","background-position":"center center","background-size":"auto","background-attachment":"scroll","background-type":"","background-media":"","overlay-type":"","overlay-color":"","overlay-opacity":"","overlay-gradient":""},"tablet":{"background-color":"","background-image":"","background-repeat":"repeat","background-position":"center center","background-size":"auto","background-attachment":"scroll","background-type":"","background-media":"","overlay-type":"","overlay-color":"","overlay-opacity":"","overlay-gradient":""},"mobile":{"background-color":"","background-image":"","background-repeat":"repeat","background-position":"center center","background-size":"auto","background-attachment":"scroll","background-type":"","background-media":"","overlay-type":"","overlay-color":"","overlay-opacity":"","overlay-gradient":""}},"ast-content-background-meta":{"desktop":{"background-color":"var(--ast-global-color-5)","background-image":"","background-repeat":"repeat","background-position":"center center","background-size":"auto","background-attachment":"scroll","background-type":"","background-media":"","overlay-type":"","overlay-color":"","overlay-opacity":"","overlay-gradient":""},"tablet":{"background-color":"var(--ast-global-color-5)","background-image":"","background-repeat":"repeat","background-position":"center center","background-size":"auto","background-attachment":"scroll","background-type":"","background-media":"","overlay-type":"","overlay-color":"","overlay-opacity":"","overlay-gradient":""},"mobile":{"background-color":"var(--ast-global-color-5)","background-image":"","background-repeat":"repeat","background-position":"center center","background-size":"auto","background-attachment":"scroll","background-type":"","background-media":"","overlay-type":"","overlay-color":"","overlay-opacity":"","overlay-gradient":""}},"footnotes":""},"class_list":["post-27","page","type-page","status-publish","hentry"],"post_mailing_queue_ids":[],"_links":{"self":[{"href":"https:\/\/agora.xtec.cat\/iescarrascobarcelona\/wp-json\/wp\/v2\/pages\/27","targetHints":{"allow":["GET"]}}],"collection":[{"href":"https:\/\/agora.xtec.cat\/iescarrascobarcelona\/wp-json\/wp\/v2\/pages"}],"about":[{"href":"https:\/\/agora.xtec.cat\/iescarrascobarcelona\/wp-json\/wp\/v2\/types\/page"}],"author":[{"embeddable":true,"href":"https:\/\/agora.xtec.cat\/iescarrascobarcelona\/wp-json\/wp\/v2\/users\/1"}],"replies":[{"embeddable":true,"href":"https:\/\/agora.xtec.cat\/iescarrascobarcelona\/wp-json\/wp\/v2\/comments?post=27"}],"version-history":[{"count":3,"href":"https:\/\/agora.xtec.cat\/iescarrascobarcelona\/wp-json\/wp\/v2\/pages\/27\/revisions"}],"predecessor-version":[{"id":2227,"href":"https:\/\/agora.xtec.cat\/iescarrascobarcelona\/wp-json\/wp\/v2\/pages\/27\/revisions\/2227"}],"up":[{"embeddable":true,"href":"https:\/\/agora.xtec.cat\/iescarrascobarcelona\/wp-json\/wp\/v2\/pages\/19"}],"wp:attachment":[{"href":"https:\/\/agora.xtec.cat\/iescarrascobarcelona\/wp-json\/wp\/v2\/media?parent=27"}],"curies":[{"name":"wp","href":"https:\/\/api.w.org\/{rel}","templated":true}]}}