{"id":2557,"date":"2023-02-07T00:11:10","date_gmt":"2023-02-06T23:11:10","guid":{"rendered":"https:\/\/agora.xtec.cat\/iescarrascobarcelona\/?page_id=2557"},"modified":"2023-03-01T10:11:57","modified_gmt":"2023-03-01T09:11:57","slug":"aps-aprenentatge-i-serveis","status":"publish","type":"page","link":"https:\/\/agora.xtec.cat\/iescarrascobarcelona\/aps-aprenentatge-i-serveis\/","title":{"rendered":"ApS Aprenentatge i servei"},"content":{"rendered":"<p><b>RECERCA, APRENENTATGE i SERVEI\u00a0<\/b><\/p>\n<p>Fa dos cursos que impartim aquesta mat\u00e8ria de 4t d\u2019ESO i, de moment, n\u2019estem molt satisfets.<\/p>\n<p>La mat\u00e8ria s\u2019estructura en dues parts diferenciades: durant el primer trimestre, els alumnes redacten i exposen un projecte de recerca, sobre un tema de la seva elecci\u00f3 i seguint les mateixes pautes que el Treball de Recerca de Batxillerat; durant el segon i tercer trimestre, els alumnes han d\u2019escollir entre tres itineraris: el cient\u00edfic, el ling\u00fc\u00edstic i el social.<\/p>\n<p>Cadascun dels itineraris mant\u00e9 relacions amb diverses entitats, amb les quals els nostres alumnes col\u00b7laboraran. Per exemple, dins de l\u2019APS ling\u00fc\u00edstic, els estudiants de 4t d\u2019ESO poden realitzar pr\u00e0ctiques a la Biblioteca de Vilapicina, dinamitzant el rac\u00f3 infantil i incentivant a la lectura a alumnes de Prim\u00e0ria; tamb\u00e9 tenen la possibilitat de col\u00b7laborar amb el Casal de Gent Gran de Vilapicina, creant rutes hist\u00f2riques per Barcelona i fent de guies tur\u00edstics per als usuaris del Casal; aix\u00ed com ajudar els nens i nenes de Prim\u00e0ria de les Escoles Font d\u2019en Fargas i Arc Iris, a trav\u00e9s de jocs ling\u00fc\u00edstics i petites obres de teatre. Enguany, l\u2019APS cient\u00edfic engega un projecte al voltant de l\u2019alimentaci\u00f3 sostenible, mantenint relacions amb els mercats municipals. Per \u00faltim, l\u2019APS social participa en la xarxa d\u2019instituts que detecta i censa les persones sense llar que hi ha per tota la ciutat, a partir de la qual fa una s\u00e8rie de reflexions i treballs.<\/p>\n<p>&nbsp;<\/p>\n","protected":false},"excerpt":{"rendered":"<p>RECERCA, APRENENTATGE i SERVEI\u00a0 Fa dos cursos que impartim aquesta mat\u00e8ria de 4t d\u2019ESO i, de moment, n\u2019estem molt satisfets. La mat\u00e8ria s\u2019estructura en dues parts diferenciades: durant el primer trimestre, els alumnes redacten i exposen un projecte de recerca, sobre un tema de la seva elecci\u00f3 i seguint les mateixes pautes que el Treball [&hellip;]<\/p>\n","protected":false},"author":1,"featured_media":0,"parent":0,"menu_order":0,"comment_status":"closed","ping_status":"closed","template":"","meta":{"_bbp_topic_count":0,"_bbp_reply_count":0,"_bbp_total_topic_count":0,"_bbp_total_reply_count":0,"_bbp_voice_count":0,"_bbp_anonymous_reply_count":0,"_bbp_topic_count_hidden":0,"_bbp_reply_count_hidden":0,"_bbp_forum_subforum_count":0,"site-sidebar-layout":"default","site-content-layout":"","ast-site-content-layout":"","site-content-style":"default","site-sidebar-style":"default","ast-global-header-display":"","ast-banner-title-visibility":"","ast-main-header-display":"","ast-hfb-above-header-display":"","ast-hfb-below-header-display":"","ast-hfb-mobile-header-display":"","site-post-title":"","ast-breadcrumbs-content":"","ast-featured-img":"","footer-sml-layout":"","theme-transparent-header-meta":"","adv-header-id-meta":"","stick-header-meta":"","header-above-stick-meta":"","header-main-stick-meta":"","header-below-stick-meta":"","astra-migrate-meta-layouts":"default","ast-page-background-enabled":"default","ast-page-background-meta":{"desktop":{"background-color":"var(--ast-global-color-4)","background-image":"","background-repeat":"repeat","background-position":"center center","background-size":"auto","background-attachment":"scroll","background-type":"","background-media":"","overlay-type":"","overlay-color":"","overlay-opacity":"","overlay-gradient":""},"tablet":{"background-color":"","background-image":"","background-repeat":"repeat","background-position":"center center","background-size":"auto","background-attachment":"scroll","background-type":"","background-media":"","overlay-type":"","overlay-color":"","overlay-opacity":"","overlay-gradient":""},"mobile":{"background-color":"","background-image":"","background-repeat":"repeat","background-position":"center center","background-size":"auto","background-attachment":"scroll","background-type":"","background-media":"","overlay-type":"","overlay-color":"","overlay-opacity":"","overlay-gradient":""}},"ast-content-background-meta":{"desktop":{"background-color":"var(--ast-global-color-5)","background-image":"","background-repeat":"repeat","background-position":"center center","background-size":"auto","background-attachment":"scroll","background-type":"","background-media":"","overlay-type":"","overlay-color":"","overlay-opacity":"","overlay-gradient":""},"tablet":{"background-color":"var(--ast-global-color-5)","background-image":"","background-repeat":"repeat","background-position":"center center","background-size":"auto","background-attachment":"scroll","background-type":"","background-media":"","overlay-type":"","overlay-color":"","overlay-opacity":"","overlay-gradient":""},"mobile":{"background-color":"var(--ast-global-color-5)","background-image":"","background-repeat":"repeat","background-position":"center center","background-size":"auto","background-attachment":"scroll","background-type":"","background-media":"","overlay-type":"","overlay-color":"","overlay-opacity":"","overlay-gradient":""}},"footnotes":""},"class_list":["post-2557","page","type-page","status-publish","hentry"],"post_mailing_queue_ids":[],"_links":{"self":[{"href":"https:\/\/agora.xtec.cat\/iescarrascobarcelona\/wp-json\/wp\/v2\/pages\/2557","targetHints":{"allow":["GET"]}}],"collection":[{"href":"https:\/\/agora.xtec.cat\/iescarrascobarcelona\/wp-json\/wp\/v2\/pages"}],"about":[{"href":"https:\/\/agora.xtec.cat\/iescarrascobarcelona\/wp-json\/wp\/v2\/types\/page"}],"author":[{"embeddable":true,"href":"https:\/\/agora.xtec.cat\/iescarrascobarcelona\/wp-json\/wp\/v2\/users\/1"}],"replies":[{"embeddable":true,"href":"https:\/\/agora.xtec.cat\/iescarrascobarcelona\/wp-json\/wp\/v2\/comments?post=2557"}],"version-history":[{"count":3,"href":"https:\/\/agora.xtec.cat\/iescarrascobarcelona\/wp-json\/wp\/v2\/pages\/2557\/revisions"}],"predecessor-version":[{"id":2667,"href":"https:\/\/agora.xtec.cat\/iescarrascobarcelona\/wp-json\/wp\/v2\/pages\/2557\/revisions\/2667"}],"wp:attachment":[{"href":"https:\/\/agora.xtec.cat\/iescarrascobarcelona\/wp-json\/wp\/v2\/media?parent=2557"}],"curies":[{"name":"wp","href":"https:\/\/api.w.org\/{rel}","templated":true}]}}