{"id":2411,"date":"2022-05-30T23:20:45","date_gmt":"2022-05-30T21:20:45","guid":{"rendered":"https:\/\/agora.xtec.cat\/iescarrascobarcelona\/?page_id=2411"},"modified":"2025-04-25T10:54:04","modified_gmt":"2025-04-25T08:54:04","slug":"maquinari","status":"publish","type":"page","link":"https:\/\/agora.xtec.cat\/iescarrascobarcelona\/edc\/part-estrategica\/maquinari\/","title":{"rendered":"Maquinari"},"content":{"rendered":"<table style=\"border-collapse: collapse; width: 100%; height: 1315px;\">\n<tbody>\n<tr style=\"height: 32px; background-color: #2da5ba;\">\n<td style=\"width: 42.7673%; height: 32px; text-align: center;\"><strong>MAQUINARI<\/strong><\/td>\n<td style=\"width: 51.8239%; height: 32px; text-align: center;\"><strong>DESCRIPCI\u00d3<\/strong><\/td>\n<\/tr>\n<tr style=\"height: 266px;\">\n<td style=\"width: 42.7673%; height: 266px;\"><a href=\"https:\/\/agora.xtec.cat\/iescarrascobarcelona\/wp-content\/uploads\/usu2495\/2023\/02\/len2-1.jpg\"><img loading=\"lazy\" decoding=\"async\" class=\"alignnone size-full wp-image-2601\" src=\"https:\/\/agora.xtec.cat\/iescarrascobarcelona\/wp-content\/uploads\/usu2495\/2023\/02\/len2-1.jpg\" alt=\"\" width=\"530\" height=\"414\" srcset=\"https:\/\/agora.xtec.cat\/iescarrascobarcelona\/wp-content\/uploads\/usu2495\/2023\/02\/len2-1.jpg 530w, https:\/\/agora.xtec.cat\/iescarrascobarcelona\/wp-content\/uploads\/usu2495\/2023\/02\/len2-1-300x234.jpg 300w\" sizes=\"auto, (max-width: 530px) 100vw, 530px\" \/><\/a><\/td>\n<td style=\"width: 51.8239%; height: 266px; text-align: justify;\">\n<p style=\"text-align: left;\">Actualment tots els alumnes del nostre centre tenen a la seva disposici\u00f3 un ordinador port\u00e0til LENOVO amb sistema operatiu Windows cedit temporalment pel Departament d&#8217;Educaci\u00f3 en el marc del Pla digital de Catalunya.<\/p>\n<\/td>\n<\/tr>\n<tr style=\"height: 409px;\">\n<td style=\"width: 42.7673%; height: 409px;\"><img decoding=\"async\" src=\"https:\/\/projectes.xtec.cat\/digital\/wp-content\/uploads\/usu2317\/2023\/10\/synetech.png\" alt=\"synetech\" \/><\/td>\n<td style=\"width: 51.8239%; height: 409px;\">Disposem de 12 panells Synetech Taurus 75 instal\u00b7lats a les aules ordin\u00e0ries. Aquests panells tenen les seg\u00fcents caracter\u00edstiques:<\/p>\n<ul id=\"block-30b7bea8-0a4a-41fa-80f0-4a4177014161\">\n<li>Pantalla multit\u00e0ctil, de m\u00e9s de 10 punts simultanis (per tal de poder ser utilitzat en activitats on interactu\u00efn diverses persones).<\/li>\n<li>Altaveus i micr\u00f2fon integrats.<\/li>\n<li>Marc i vidre d\u2019alta resist\u00e8ncia.<\/li>\n<li>Resoluci\u00f3 gr\u00e0fica\u00a04K<\/li>\n<li>Connexi\u00f3 a la xarxa del centre per\u00a0Wi-Fi i RJ45.<\/li>\n<li>Diversos tipus de connectors per a dispositius externs.<\/li>\n<li>Possibilitat de connectar-hi un port\u00e0til amb sistema operatiu Windows, Linkat o Chrome OS, amb transmissi\u00f3 d\u2019imatge, so, interactivitat i alimentaci\u00f3, mitjan\u00e7ant un \u00fanic cable de tipus\u00a0USB-C.<\/li>\n<li>M\u00f2dul Android.<\/li>\n<\/ul>\n<\/td>\n<\/tr>\n<tr style=\"height: 212px;\">\n<td style=\"width: 42.7673%; height: 212px;\"><img decoding=\"async\" src=\"https:\/\/projectes.xtec.cat\/digital\/wp-content\/uploads\/usu2317\/2023\/10\/16.-micro_shield-ebotics.jpg\" \/><\/td>\n<td style=\"width: 51.8239%; height: 212px;\">Kits de rob\u00f2tica que es treballen des de 1r d&#8217;ESO com: Lego Spike, Smart Cutebot, plaques Micro:bit, plaques ESP32 STEAMakers, micro:shield i sensors i actuadors.<\/td>\n<\/tr>\n<tr style=\"height: 215px;\">\n<td style=\"width: 42.7673%; height: 215px;\"><img decoding=\"async\" src=\"https:\/\/projectes.xtec.cat\/digital\/wp-content\/uploads\/usu2317\/2024\/05\/maleta.png\" \/><\/td>\n<td style=\"width: 51.8239%; height: 215px;\">Una maleta audiovisual incorpora els elements seg\u00fcents:<\/p>\n<ul>\n<li>Elements d&#8217;il\u00b7luminaci\u00f3: Kit complet Croma + set d\u2019il\u00b7luminaci\u00f3 (paraig\u00fces i difusors) i cercle de llum.<\/li>\n<li>Elements d&#8217;\u00e0udio: Auriculars i micr\u00f2fons, taula de so amb connexi\u00f3 USB, amplificador d\u2019\u00e0udio per a auriculars de 4 canals i gravadora port\u00e0til amb micr\u00f2fon est\u00e8reo.<\/li>\n<li>Elements d&#8217;imatge i v\u00eddeo: C\u00e0mera de v\u00eddeo 4K, c\u00e0mera d\u2019acci\u00f3 i caixa d\u2019estudi fotogr\u00e0fic.<\/li>\n<li>Altres complements.<\/li>\n<\/ul>\n<\/td>\n<\/tr>\n<tr style=\"height: 181px;\">\n<td style=\"width: 42.7673%; height: 181px;\"><a href=\"https:\/\/agora.xtec.cat\/iescarrascobarcelona\/wp-content\/uploads\/usu2495\/2023\/02\/projector3.jpg\"><img loading=\"lazy\" decoding=\"async\" class=\"alignnone size-full wp-image-2595\" src=\"https:\/\/agora.xtec.cat\/iescarrascobarcelona\/wp-content\/uploads\/usu2495\/2023\/02\/projector3.jpg\" alt=\"\" width=\"800\" height=\"410\" srcset=\"https:\/\/agora.xtec.cat\/iescarrascobarcelona\/wp-content\/uploads\/usu2495\/2023\/02\/projector3.jpg 800w, https:\/\/agora.xtec.cat\/iescarrascobarcelona\/wp-content\/uploads\/usu2495\/2023\/02\/projector3-300x154.jpg 300w, https:\/\/agora.xtec.cat\/iescarrascobarcelona\/wp-content\/uploads\/usu2495\/2023\/02\/projector3-768x394.jpg 768w\" sizes=\"auto, (max-width: 800px) 100vw, 800px\" \/><\/a><\/td>\n<td style=\"width: 51.8239%; height: 181px;\">\n<p style=\"text-align: left;\">Algunes de les aules del nostre centre estan equipades amb un ordinador de sobretaula, un armari met\u00e0l\u00b7lic i un sistema de videoprojecci\u00f3. Tot el professorat pot fer \u00fas d&#8217;aquest recurs a l&#8217;aula per complementar la seva tasca docent. Per altra banda l&#8217;espai biblioteca i les aules espec\u00edfiques (visual i pl\u00e0stica, m\u00fasica, laboratori i tecnologia tamb\u00e9 disposen d&#8217;aquest recurs digital).<\/p>\n<\/td>\n<\/tr>\n<tr>\n<td style=\"width: 42.7673%;\"><a href=\"https:\/\/agora.xtec.cat\/iescarrascobarcelona\/wp-content\/uploads\/usu2495\/2023\/02\/webcam-1.jpg\"><img loading=\"lazy\" decoding=\"async\" class=\"aligncenter wp-image-2602 size-full\" src=\"https:\/\/agora.xtec.cat\/iescarrascobarcelona\/wp-content\/uploads\/usu2495\/2023\/02\/webcam-1.jpg\" alt=\"\" width=\"230\" height=\"196\" \/><\/a><\/td>\n<td style=\"width: 51.8239%;\">\n<p style=\"text-align: left;\">Disposem de 12 c\u00e0meres Webcam per poder fer v\u00eddeo confer\u00e8ncies. Aquestes c\u00e0meres van ser adquirides per poder fer les classes telem\u00e0tiques durant el per\u00edode de pand\u00e8mia i post pand\u00e8mia. Actualment estan a la disposici\u00f3 del professorat o l&#8217;alumnat que les sol\u00b7liciti.<\/p>\n<\/td>\n<\/tr>\n<\/tbody>\n<\/table>\n","protected":false},"excerpt":{"rendered":"<p>MAQUINARI DESCRIPCI\u00d3 Actualment tots els alumnes del nostre centre tenen a la seva disposici\u00f3 un ordinador port\u00e0til LENOVO amb sistema operatiu Windows cedit temporalment pel Departament d&#8217;Educaci\u00f3 en el marc del Pla digital de Catalunya. Disposem de 12 panells Synetech Taurus 75 instal\u00b7lats a les aules ordin\u00e0ries. Aquests panells tenen les seg\u00fcents caracter\u00edstiques: Pantalla multit\u00e0ctil, [&hellip;]<\/p>\n","protected":false},"author":1,"featured_media":0,"parent":2392,"menu_order":3,"comment_status":"closed","ping_status":"closed","template":"page-templates\/side-menu.php","meta":{"_bbp_topic_count":0,"_bbp_reply_count":0,"_bbp_total_topic_count":0,"_bbp_total_reply_count":0,"_bbp_voice_count":0,"_bbp_anonymous_reply_count":0,"_bbp_topic_count_hidden":0,"_bbp_reply_count_hidden":0,"_bbp_forum_subforum_count":0,"site-sidebar-layout":"default","site-content-layout":"","ast-site-content-layout":"","site-content-style":"default","site-sidebar-style":"default","ast-global-header-display":"","ast-banner-title-visibility":"","ast-main-header-display":"","ast-hfb-above-header-display":"","ast-hfb-below-header-display":"","ast-hfb-mobile-header-display":"","site-post-title":"","ast-breadcrumbs-content":"","ast-featured-img":"","footer-sml-layout":"","theme-transparent-header-meta":"","adv-header-id-meta":"","stick-header-meta":"","header-above-stick-meta":"","header-main-stick-meta":"","header-below-stick-meta":"","astra-migrate-meta-layouts":"default","ast-page-background-enabled":"default","ast-page-background-meta":{"desktop":{"background-color":"var(--ast-global-color-4)","background-image":"","background-repeat":"repeat","background-position":"center center","background-size":"auto","background-attachment":"scroll","background-type":"","background-media":"","overlay-type":"","overlay-color":"","overlay-opacity":"","overlay-gradient":""},"tablet":{"background-color":"","background-image":"","background-repeat":"repeat","background-position":"center center","background-size":"auto","background-attachment":"scroll","background-type":"","background-media":"","overlay-type":"","overlay-color":"","overlay-opacity":"","overlay-gradient":""},"mobile":{"background-color":"","background-image":"","background-repeat":"repeat","background-position":"center center","background-size":"auto","background-attachment":"scroll","background-type":"","background-media":"","overlay-type":"","overlay-color":"","overlay-opacity":"","overlay-gradient":""}},"ast-content-background-meta":{"desktop":{"background-color":"var(--ast-global-color-5)","background-image":"","background-repeat":"repeat","background-position":"center center","background-size":"auto","background-attachment":"scroll","background-type":"","background-media":"","overlay-type":"","overlay-color":"","overlay-opacity":"","overlay-gradient":""},"tablet":{"background-color":"var(--ast-global-color-5)","background-image":"","background-repeat":"repeat","background-position":"center center","background-size":"auto","background-attachment":"scroll","background-type":"","background-media":"","overlay-type":"","overlay-color":"","overlay-opacity":"","overlay-gradient":""},"mobile":{"background-color":"var(--ast-global-color-5)","background-image":"","background-repeat":"repeat","background-position":"center center","background-size":"auto","background-attachment":"scroll","background-type":"","background-media":"","overlay-type":"","overlay-color":"","overlay-opacity":"","overlay-gradient":""}},"footnotes":""},"class_list":["post-2411","page","type-page","status-publish","hentry"],"post_mailing_queue_ids":[],"_links":{"self":[{"href":"https:\/\/agora.xtec.cat\/iescarrascobarcelona\/wp-json\/wp\/v2\/pages\/2411","targetHints":{"allow":["GET"]}}],"collection":[{"href":"https:\/\/agora.xtec.cat\/iescarrascobarcelona\/wp-json\/wp\/v2\/pages"}],"about":[{"href":"https:\/\/agora.xtec.cat\/iescarrascobarcelona\/wp-json\/wp\/v2\/types\/page"}],"author":[{"embeddable":true,"href":"https:\/\/agora.xtec.cat\/iescarrascobarcelona\/wp-json\/wp\/v2\/users\/1"}],"replies":[{"embeddable":true,"href":"https:\/\/agora.xtec.cat\/iescarrascobarcelona\/wp-json\/wp\/v2\/comments?post=2411"}],"version-history":[{"count":6,"href":"https:\/\/agora.xtec.cat\/iescarrascobarcelona\/wp-json\/wp\/v2\/pages\/2411\/revisions"}],"predecessor-version":[{"id":3202,"href":"https:\/\/agora.xtec.cat\/iescarrascobarcelona\/wp-json\/wp\/v2\/pages\/2411\/revisions\/3202"}],"up":[{"embeddable":true,"href":"https:\/\/agora.xtec.cat\/iescarrascobarcelona\/wp-json\/wp\/v2\/pages\/2392"}],"wp:attachment":[{"href":"https:\/\/agora.xtec.cat\/iescarrascobarcelona\/wp-json\/wp\/v2\/media?parent=2411"}],"curies":[{"name":"wp","href":"https:\/\/api.w.org\/{rel}","templated":true}]}}