{"id":2409,"date":"2022-05-30T23:20:17","date_gmt":"2022-05-30T21:20:17","guid":{"rendered":"https:\/\/agora.xtec.cat\/iescarrascobarcelona\/?page_id=2409"},"modified":"2025-04-25T10:54:29","modified_gmt":"2025-04-25T08:54:29","slug":"programari","status":"publish","type":"page","link":"https:\/\/agora.xtec.cat\/iescarrascobarcelona\/edc\/part-estrategica\/programari\/","title":{"rendered":"Programari"},"content":{"rendered":"<table style=\"border-collapse: collapse; width: 100%;\">\n<tbody>\n<tr>\n<td style=\"width: 50%;\"><strong>PROGRAMARI<\/strong><\/td>\n<td style=\"width: 50%;\"><strong>DESCRIPCI\u00d3<\/strong><\/td>\n<\/tr>\n<tr>\n<td style=\"width: 50%;\"><a href=\"https:\/\/www.softcatala.org\/programes\/libreoffice\/\" target=\"_blank\" rel=\"noopener\"><img loading=\"lazy\" decoding=\"async\" class=\"alignnone size-full wp-image-2619\" src=\"https:\/\/agora.xtec.cat\/iescarrascobarcelona\/wp-content\/uploads\/usu2495\/2023\/02\/LibreOffice-copia.jpg\" alt=\"\" width=\"300\" height=\"169\" \/><\/a><\/td>\n<td style=\"width: 50%;\">El<strong> LibreOffice<\/strong> \u00e9s un paquet d&#8217;aplicacions ofim\u00e0tiques. Cont\u00e9 un processador de textos (<i>Writer<\/i>) compatible amb Microsoft Word, un gestor de fulls de c\u00e0lcul (<i>Calc<\/i>) compatible amb Microsoft Excel, un editor de presentacions (<i>Impress<\/i>) compatible amb Microsoft Power Point, un editor de bases de dades (<i>Base<\/i>) que pot importar bases de dades Microsoft Access, un editor de dibuixos vectorials i gr\u00e0fics (<i>Draw<\/i>) i un editor de f\u00f3rmules matem\u00e0tiques (<i>Math<\/i>).<\/td>\n<\/tr>\n<tr>\n<td style=\"width: 50%;\"><a href=\"https:\/\/www.softcatala.org\/programes\/gimp\/\" target=\"_blank\" rel=\"noopener\"><img loading=\"lazy\" decoding=\"async\" class=\"alignnone size-full wp-image-2620\" src=\"https:\/\/agora.xtec.cat\/iescarrascobarcelona\/wp-content\/uploads\/usu2495\/2023\/02\/gimp300.jpg\" alt=\"\" width=\"300\" height=\"141\" \/><\/a><\/td>\n<td style=\"width: 50%;\">El<strong> Gimp<\/strong> \u00e9s un editor d&#8217;imatges. Es pot utilitzar com a un simple programa de dibuix, com a un programa de retoc fotogr\u00e0fic professional, com a un sistema de processament massiu en l\u00ednia, com a un dissenyador massiu d\u2019imatges de producci\u00f3 o com a un convertidor de formats gr\u00e0fics.<\/td>\n<\/tr>\n<tr>\n<td style=\"width: 50%;\"><a href=\"https:\/\/www.canva.com\/es_419\/\" target=\"_blank\" rel=\"noopener\"><img loading=\"lazy\" decoding=\"async\" class=\"aligncenter wp-image-2697\" src=\"https:\/\/agora.xtec.cat\/iescarrascobarcelona\/wp-content\/uploads\/usu2495\/2023\/03\/canva.jpg\" alt=\"\" width=\"223\" height=\"129\" srcset=\"https:\/\/agora.xtec.cat\/iescarrascobarcelona\/wp-content\/uploads\/usu2495\/2023\/03\/canva.jpg 588w, https:\/\/agora.xtec.cat\/iescarrascobarcelona\/wp-content\/uploads\/usu2495\/2023\/03\/canva-300x172.jpg 300w\" sizes=\"auto, (max-width: 223px) 100vw, 223px\" \/><\/a><\/td>\n<td style=\"width: 50%;\"><b>Canva<\/b> \u00e9s un programari i lloc web d&#8217;eines de disseny gr\u00e0fic simplificat. Utilitza un format d&#8217;arrossegar i deixar anar i proporciona acc\u00e9s a m\u00e9s de 60 milions de fotografies i 5 milions de gr\u00e0fics vectorials i fonts escalables.<\/td>\n<\/tr>\n<tr>\n<td style=\"width: 50%;\"><a href=\"https:\/\/genial.ly\/es\/\" target=\"_blank\" rel=\"noopener\"><img loading=\"lazy\" decoding=\"async\" class=\"aligncenter wp-image-2699\" src=\"https:\/\/agora.xtec.cat\/iescarrascobarcelona\/wp-content\/uploads\/usu2495\/2023\/03\/genially.png\" alt=\"\" width=\"152\" height=\"152\" srcset=\"https:\/\/agora.xtec.cat\/iescarrascobarcelona\/wp-content\/uploads\/usu2495\/2023\/03\/genially.png 297w, https:\/\/agora.xtec.cat\/iescarrascobarcelona\/wp-content\/uploads\/usu2495\/2023\/03\/genially-150x150.png 150w\" sizes=\"auto, (max-width: 152px) 100vw, 152px\" \/><\/a><\/td>\n<td style=\"width: 50%;\"><strong>Genially<\/strong> \u00e9s una eina digital en l\u00ednia que permet crear tot tipus de continguts visuals i interactius de manera f\u00e0cil i r\u00e0pida. Aquest programari permet crear presentacions, infografies, gamificacions i imatges interactives.<\/td>\n<\/tr>\n<tr>\n<td style=\"width: 50%;\"><a href=\"https:\/\/www.softcatala.org\/programes\/audacity\/\" target=\"_blank\" rel=\"noopener\"><img loading=\"lazy\" decoding=\"async\" class=\"size-full wp-image-2625\" src=\"https:\/\/agora.xtec.cat\/iescarrascobarcelona\/wp-content\/uploads\/usu2495\/2023\/02\/audacity2_300.jpg\" alt=\"\" width=\"300\" height=\"169\" \/><\/a><\/td>\n<td style=\"width: 50%;\">L&#8217;<strong>Audacity<\/strong> \u00e9s un editor i enregistrador d\u2019\u00e0udio molt f\u00e0cil d\u2019utilitzar. Amb l&#8217;Audacity podem enregistrar \u00e0udio en directe, convertir cintes i gravar-les en format digital o CD, editar fitxers d&#8217;\u00e0udio en diversos formats (Ogg, MP3, Wav, Aiff&#8230;). L&#8217;Audacity tamb\u00e9 ens permet tallar, dividir o barrejar sons.<\/td>\n<\/tr>\n<tr>\n<td style=\"width: 50%;\"><a href=\"https:\/\/www.softcatala.org\/programes\/openshot\/\" target=\"_blank\" rel=\"noopener\"><img loading=\"lazy\" decoding=\"async\" class=\"alignnone size-full wp-image-2621\" src=\"https:\/\/agora.xtec.cat\/iescarrascobarcelona\/wp-content\/uploads\/usu2495\/2023\/02\/OpenShot300.jpg\" alt=\"\" width=\"300\" height=\"180\" \/><\/a><\/td>\n<td style=\"width: 50%;\">L&#8217;<strong>OpenShot<\/strong> \u00e9s un editor de v\u00eddeo no lineal que pot treballar amb diversos formats. Permet modificar v\u00eddeos o crear-ne de nous important imatges i fitxers de so. Inclou desenes de transicions, plantilles per a crear t\u00edtols, possibilitat d\u2019utilitzar un efecte croma i molt m\u00e9s.<\/td>\n<\/tr>\n<tr>\n<td style=\"width: 50%;\"><a href=\"https:\/\/www.geogebra.org\/\" target=\"_blank\" rel=\"noopener\"><img loading=\"lazy\" decoding=\"async\" class=\"alignnone size-full wp-image-2622\" src=\"https:\/\/agora.xtec.cat\/iescarrascobarcelona\/wp-content\/uploads\/usu2495\/2023\/02\/geogebra300.png\" alt=\"\" width=\"300\" height=\"142\" \/><\/a><\/td>\n<td style=\"width: 50%;\">El<strong> Geogebra<\/strong> \u00e9s un programa lliure interactiu que combina geometria, \u00e0lgebra i c\u00e0lcul. El seu \u00fas \u00e9s primordialment l&#8217;educatiu. Es pot dir que el GeoGebra \u00e9s un programari de geometria din\u00e0mica. Les construccions geom\u00e8triques (punts, segments, vectors, rectes, pol\u00edgons, funcions\u2026) realitzades amb aquest programa es poden canviar din\u00e0micament per l&#8217;usuari.<\/td>\n<\/tr>\n<tr>\n<td style=\"width: 50%;\"><a href=\"https:\/\/clic.xtec.cat\/legacy\/ca\/jclic\/\" target=\"_blank\" rel=\"noopener\"><img loading=\"lazy\" decoding=\"async\" class=\"alignnone size-full wp-image-2623\" src=\"https:\/\/agora.xtec.cat\/iescarrascobarcelona\/wp-content\/uploads\/usu2495\/2023\/02\/Jclic.jpg\" alt=\"\" width=\"300\" height=\"169\" \/><\/a><\/td>\n<td style=\"width: 50%;\">El <b>JClic<\/b> \u00e9s un conjunt d\u2019aplicacions inform\u00e0tiques que serveixen per a realitzar diversos tipus d\u2019activitats educatives: trencaclosques, associacions, exercicis de text, mots encreuats, etc. Les activitats no s\u2019acostumen a presentar soles, sin\u00f3 empaquetades en projectes. Un projecte est\u00e0 format per un conjunt d\u2019activitats i una o m\u00e9s seq\u00fc\u00e8ncies, que indiquen l\u2019ordre en qu\u00e8 s\u2019han de mostrar.<\/td>\n<\/tr>\n<tr>\n<td style=\"width: 50%;\"><a href=\"https:\/\/jmol.sourceforge.net\/\" target=\"_blank\" rel=\"noopener\"><img loading=\"lazy\" decoding=\"async\" class=\"alignnone size-full wp-image-2624\" src=\"https:\/\/agora.xtec.cat\/iescarrascobarcelona\/wp-content\/uploads\/usu2495\/2023\/02\/Jmol.jpg\" alt=\"\" width=\"300\" height=\"161\" \/><\/a><\/td>\n<td style=\"width: 50%;\">El <b>Jmol<\/b> \u00e9s un visualitzador molecular d\u2019\u00fas habitual en qu\u00edmica i bioqu\u00edmica. Est\u00e0 escrit en Java, \u00e9s multiplataforma, i tamb\u00e9 pot utilitzar-se en p\u00e0gines web, des d\u2019on pot executar-se amb un navegador sempre que el connector de Java estigui correctament instal\u00b7lat.<\/td>\n<\/tr>\n<tr>\n<td style=\"width: 50%;\"><a href=\"https:\/\/scratch.mit.edu\/\" target=\"_blank\" rel=\"noopener\"><img loading=\"lazy\" decoding=\"async\" class=\"alignnone size-full wp-image-2627\" src=\"https:\/\/agora.xtec.cat\/iescarrascobarcelona\/wp-content\/uploads\/usu2495\/2023\/02\/Scratch2_300.jpg\" alt=\"\" width=\"300\" height=\"195\" \/><\/a><\/td>\n<td style=\"width: 50%;\">L\u2019<strong>Scratch<\/strong> \u00e9s un programari molt \u00fatil per ensenyar a programar a les escoles i centres de formaci\u00f3. Els alumnes poden programar les seves hist\u00f2ries interactives pr\u00f2pies, jocs, i animacions i poden compartir les seves creacions amb altres membres de la comunitat en l\u00ednia.<\/td>\n<\/tr>\n<tr>\n<td style=\"width: 50%;\"><img decoding=\"async\" src=\"https:\/\/encrypted-tbn0.gstatic.com\/images?q=tbn:ANd9GcSH7UbVgVfBNuKGXAmvKkjq6H292IuRpA5_8Q&amp;s\" alt=\"SD Times news digest: Microsoft's MakeCode Arcade, Go 1.13, and Elasticsearch Service available on Microsoft Azure - SD Times\" \/><\/td>\n<td style=\"width: 50%;\"><strong data-start=\"119\" data-end=\"138\">MakeCode Arcade<\/strong> \u00e9s un entorn gr\u00e0fic de programaci\u00f3 desenvolupat per Microsoft, pensat per introduir l\u2019alumnat en la creaci\u00f3 de videojocs 2D. Amb una interf\u00edcie intu\u00eftiva basada en blocs, similar a l\u2019Scratch, permet programar de forma visual i creativa, per programar videojocs i veure el resultat a l\u2019instant.<\/td>\n<\/tr>\n<tr>\n<td style=\"width: 50%;\"><img decoding=\"async\" src=\"https:\/\/store-images.s-microsoft.com\/image\/apps.7726.13753348126387184.b7cb7c8e-9082-4f76-9c9f-c44cf33ee811.362b3959-a6f9-4d73-a3ce-aefc99c8a4bf?h=253\" alt=\"Code in blocks\" \/><\/td>\n<td style=\"width: 50%;\"><strong data-start=\"554\" data-end=\"576\">MakeCode micro:bit<\/strong> \u00e9s una plataforma de programaci\u00f3 pensada per treballar amb la placa micro:bit. Utilitzant blocs de codi o llenguatge JavaScript, l&#8217;alumnat pot desenvolupar projectes interactius amb sensors, LEDs i botons. \u00c9s una eina educativa ideal per iniciar-se en el pensament computacional, la rob\u00f2tica i la programaci\u00f3 f\u00edsica, fomentant la creativitat i el treball per projectes.<strong data-start=\"119\" data-end=\"138\"><br \/>\n<\/strong><\/td>\n<\/tr>\n<tr>\n<td style=\"width: 50%;\"><a href=\"https:\/\/mblock.makeblock.com\/en-us\/\" target=\"_blank\" rel=\"noopener\"><img loading=\"lazy\" decoding=\"async\" class=\"alignnone size-full wp-image-2628\" src=\"https:\/\/agora.xtec.cat\/iescarrascobarcelona\/wp-content\/uploads\/usu2495\/2023\/02\/mblock_300.jpg\" alt=\"\" width=\"300\" height=\"183\" \/><\/a><\/td>\n<td style=\"width: 50%;\">L\u2019<strong>mBlock<\/strong> \u00e9s un entorn gr\u00e0fic de programaci\u00f3 basat en l\u2019editor Scratch perqu\u00e8 escoles i centres de formaci\u00f3 puguin introduir la rob\u00f2tica de forma senzilla i ensenyar a programar robots basats en Arduino. Conjuntament amb l&#8217;Scratch, l&#8217;mBlock \u00e9s el programa ideal per introduir als alumnes en l&#8217;apassionant m\u00f3n de la programaci\u00f3 inform\u00e0tica.<\/td>\n<\/tr>\n<\/tbody>\n<\/table>\n","protected":false},"excerpt":{"rendered":"<p>PROGRAMARI DESCRIPCI\u00d3 El LibreOffice \u00e9s un paquet d&#8217;aplicacions ofim\u00e0tiques. Cont\u00e9 un processador de textos (Writer) compatible amb Microsoft Word, un gestor de fulls de c\u00e0lcul (Calc) compatible amb Microsoft Excel, un editor de presentacions (Impress) compatible amb Microsoft Power Point, un editor de bases de dades (Base) que pot importar bases de dades Microsoft Access, [&hellip;]<\/p>\n","protected":false},"author":1,"featured_media":0,"parent":2392,"menu_order":4,"comment_status":"closed","ping_status":"closed","template":"page-templates\/side-menu.php","meta":{"_bbp_topic_count":0,"_bbp_reply_count":0,"_bbp_total_topic_count":0,"_bbp_total_reply_count":0,"_bbp_voice_count":0,"_bbp_anonymous_reply_count":0,"_bbp_topic_count_hidden":0,"_bbp_reply_count_hidden":0,"_bbp_forum_subforum_count":0,"site-sidebar-layout":"default","site-content-layout":"","ast-site-content-layout":"","site-content-style":"default","site-sidebar-style":"default","ast-global-header-display":"","ast-banner-title-visibility":"","ast-main-header-display":"","ast-hfb-above-header-display":"","ast-hfb-below-header-display":"","ast-hfb-mobile-header-display":"","site-post-title":"","ast-breadcrumbs-content":"","ast-featured-img":"","footer-sml-layout":"","theme-transparent-header-meta":"","adv-header-id-meta":"","stick-header-meta":"","header-above-stick-meta":"","header-main-stick-meta":"","header-below-stick-meta":"","astra-migrate-meta-layouts":"default","ast-page-background-enabled":"default","ast-page-background-meta":{"desktop":{"background-color":"var(--ast-global-color-4)","background-image":"","background-repeat":"repeat","background-position":"center center","background-size":"auto","background-attachment":"scroll","background-type":"","background-media":"","overlay-type":"","overlay-color":"","overlay-opacity":"","overlay-gradient":""},"tablet":{"background-color":"","background-image":"","background-repeat":"repeat","background-position":"center center","background-size":"auto","background-attachment":"scroll","background-type":"","background-media":"","overlay-type":"","overlay-color":"","overlay-opacity":"","overlay-gradient":""},"mobile":{"background-color":"","background-image":"","background-repeat":"repeat","background-position":"center center","background-size":"auto","background-attachment":"scroll","background-type":"","background-media":"","overlay-type":"","overlay-color":"","overlay-opacity":"","overlay-gradient":""}},"ast-content-background-meta":{"desktop":{"background-color":"var(--ast-global-color-5)","background-image":"","background-repeat":"repeat","background-position":"center center","background-size":"auto","background-attachment":"scroll","background-type":"","background-media":"","overlay-type":"","overlay-color":"","overlay-opacity":"","overlay-gradient":""},"tablet":{"background-color":"var(--ast-global-color-5)","background-image":"","background-repeat":"repeat","background-position":"center center","background-size":"auto","background-attachment":"scroll","background-type":"","background-media":"","overlay-type":"","overlay-color":"","overlay-opacity":"","overlay-gradient":""},"mobile":{"background-color":"var(--ast-global-color-5)","background-image":"","background-repeat":"repeat","background-position":"center center","background-size":"auto","background-attachment":"scroll","background-type":"","background-media":"","overlay-type":"","overlay-color":"","overlay-opacity":"","overlay-gradient":""}},"footnotes":""},"class_list":["post-2409","page","type-page","status-publish","hentry"],"post_mailing_queue_ids":[],"_links":{"self":[{"href":"https:\/\/agora.xtec.cat\/iescarrascobarcelona\/wp-json\/wp\/v2\/pages\/2409","targetHints":{"allow":["GET"]}}],"collection":[{"href":"https:\/\/agora.xtec.cat\/iescarrascobarcelona\/wp-json\/wp\/v2\/pages"}],"about":[{"href":"https:\/\/agora.xtec.cat\/iescarrascobarcelona\/wp-json\/wp\/v2\/types\/page"}],"author":[{"embeddable":true,"href":"https:\/\/agora.xtec.cat\/iescarrascobarcelona\/wp-json\/wp\/v2\/users\/1"}],"replies":[{"embeddable":true,"href":"https:\/\/agora.xtec.cat\/iescarrascobarcelona\/wp-json\/wp\/v2\/comments?post=2409"}],"version-history":[{"count":5,"href":"https:\/\/agora.xtec.cat\/iescarrascobarcelona\/wp-json\/wp\/v2\/pages\/2409\/revisions"}],"predecessor-version":[{"id":3203,"href":"https:\/\/agora.xtec.cat\/iescarrascobarcelona\/wp-json\/wp\/v2\/pages\/2409\/revisions\/3203"}],"up":[{"embeddable":true,"href":"https:\/\/agora.xtec.cat\/iescarrascobarcelona\/wp-json\/wp\/v2\/pages\/2392"}],"wp:attachment":[{"href":"https:\/\/agora.xtec.cat\/iescarrascobarcelona\/wp-json\/wp\/v2\/media?parent=2409"}],"curies":[{"name":"wp","href":"https:\/\/api.w.org\/{rel}","templated":true}]}}