{"id":2399,"date":"2022-05-30T23:17:06","date_gmt":"2022-05-30T21:17:06","guid":{"rendered":"https:\/\/agora.xtec.cat\/iescarrascobarcelona\/?page_id=2399"},"modified":"2024-02-21T09:32:19","modified_gmt":"2024-02-21T08:32:19","slug":"documentacio-basica","status":"publish","type":"page","link":"https:\/\/agora.xtec.cat\/iescarrascobarcelona\/edc\/part-estrategica\/documentacio-basica\/","title":{"rendered":"Documentaci\u00f3 b\u00e0sica"},"content":{"rendered":"<p><strong>DOCUMENTACI\u00d3 OFICIAL<\/strong><\/p>\n<p><a href=\"https:\/\/agora.xtec.cat\/iescarrascobarcelona\/wp-content\/uploads\/usu2495\/2023\/06\/Estrategia-digital-de-centre.pdf\">Estrategia digital de centre<\/a><\/p>\n<p><a href=\"https:\/\/agora.xtec.cat\/iescarrascobarcelona\/wp-content\/uploads\/usu2495\/2023\/06\/Funcions-i-organitzacio-de-la-comissio-destrategia-digital-de-centre-1.pdf\">Funcions i organitzaci\u00f3 de la comissi\u00f3 d&#8217;estrat\u00e8gia digital de centre<\/a><\/p>\n<p><a href=\"https:\/\/agora.xtec.cat\/iescarrascobarcelona\/wp-content\/uploads\/usu2495\/2023\/06\/Orientacions-per-a-la-coordinacio-digital-de-centre.pdf\">Orientacions per a la coordinaci\u00f3 digital de centre<\/a><\/p>\n<p><strong>INFORME GLOBAL TAC<\/strong><\/p>\n<p><a href=\"https:\/\/agora.xtec.cat\/iescarrascobarcelona\/wp-content\/uploads\/usu2495\/2023\/05\/Informe-global-del-projecte-TAC.pdf\">Informe global del projecte TAC<\/a><\/p>\n<p><strong>REGLAMENTS INTERNS<\/strong><\/p>\n<p><a href=\"https:\/\/agora.xtec.cat\/iescarrascobarcelona\/wp-content\/uploads\/usu2495\/2023\/05\/Reglament-dus-dels-telefons-mobils.pdf\">Reglament d&#8217;\u00fas dels tel\u00e8fons m\u00f2bils<\/a><\/p>\n<p><a href=\"https:\/\/agora.xtec.cat\/iescarrascobarcelona\/wp-content\/uploads\/usu2495\/2023\/05\/Reglament-aules-dinformatica.pdf\">Reglament aules d&#8217;inform\u00e0tica<\/a><\/p>\n<p><a href=\"https:\/\/agora.xtec.cat\/iescarrascobarcelona\/wp-content\/uploads\/usu2495\/2024\/02\/NORMATIVA-DE-FUNCIONAMENT-DE-CENTRE-NOFC.pdf\">NORMATIVA DE FUNCIONAMENT DE CENTRE NOFC<\/a>\u00a0 (actualitzat 2023-24)<\/p>\n<p><strong>TUTORIALS<\/strong><\/p>\n<p><a href=\"https:\/\/agora.xtec.cat\/iescarrascobarcelona\/wp-content\/uploads\/usu2495\/2023\/05\/Tutorial-GSUITE-alumnat-del-centre.pdf\">Tutorial GSUITE alumnat del centre<\/a><\/p>\n<p><a href=\"https:\/\/agora.xtec.cat\/iescarrascobarcelona\/wp-content\/uploads\/usu2495\/2023\/05\/Connexio-a-la-xarxa-EDUROAM-amb-el-mobil.pdf\">Connexi\u00f3 a la xarxa EDUROAM amb el m\u00f2bil<\/a><\/p>\n<p><strong>PLANS D&#8217;ACOLLIDA<\/strong><\/p>\n<p><a href=\"https:\/\/agora.xtec.cat\/iescarrascobarcelona\/wp-content\/uploads\/usu2495\/2023\/06\/Pla-Acollida-Digital-de-lAlumnat.pdf\">Pla Acollida Digital de l&#8217;Alumnat<\/a><\/p>\n<p><a href=\"https:\/\/agora.xtec.cat\/iescarrascobarcelona\/wp-content\/uploads\/usu2495\/2023\/06\/Pla-dAcollida-Digital-del-Professorat.pdf\">Pla d&#8217;Acollida Digital del Professorat<\/a><\/p>\n<p><a href=\"https:\/\/agora.xtec.cat\/iescarrascobarcelona\/wp-content\/uploads\/usu2495\/2023\/05\/Pla-dacollida-per-a-les-families-CLICKEDU.pdf\">Pla d&#8217;acollida per a les fam\u00edlies CLICKEDU<\/a><\/p>\n<p>&nbsp;<\/p>\n","protected":false},"excerpt":{"rendered":"<p>DOCUMENTACI\u00d3 OFICIAL Estrategia digital de centre Funcions i organitzaci\u00f3 de la comissi\u00f3 d&#8217;estrat\u00e8gia digital de centre Orientacions per a la coordinaci\u00f3 digital de centre INFORME GLOBAL TAC Informe global del projecte TAC REGLAMENTS INTERNS Reglament d&#8217;\u00fas dels tel\u00e8fons m\u00f2bils Reglament aules d&#8217;inform\u00e0tica NORMATIVA DE FUNCIONAMENT DE CENTRE NOFC\u00a0 (actualitzat 2023-24) TUTORIALS Tutorial GSUITE alumnat del [&hellip;]<\/p>\n","protected":false},"author":1,"featured_media":0,"parent":2392,"menu_order":5,"comment_status":"closed","ping_status":"closed","template":"page-templates\/side-menu.php","meta":{"_bbp_topic_count":0,"_bbp_reply_count":0,"_bbp_total_topic_count":0,"_bbp_total_reply_count":0,"_bbp_voice_count":0,"_bbp_anonymous_reply_count":0,"_bbp_topic_count_hidden":0,"_bbp_reply_count_hidden":0,"_bbp_forum_subforum_count":0,"site-sidebar-layout":"default","site-content-layout":"","ast-site-content-layout":"","site-content-style":"default","site-sidebar-style":"default","ast-global-header-display":"","ast-banner-title-visibility":"","ast-main-header-display":"","ast-hfb-above-header-display":"","ast-hfb-below-header-display":"","ast-hfb-mobile-header-display":"","site-post-title":"","ast-breadcrumbs-content":"","ast-featured-img":"","footer-sml-layout":"","theme-transparent-header-meta":"","adv-header-id-meta":"","stick-header-meta":"","header-above-stick-meta":"","header-main-stick-meta":"","header-below-stick-meta":"","astra-migrate-meta-layouts":"default","ast-page-background-enabled":"default","ast-page-background-meta":{"desktop":{"background-color":"var(--ast-global-color-4)","background-image":"","background-repeat":"repeat","background-position":"center center","background-size":"auto","background-attachment":"scroll","background-type":"","background-media":"","overlay-type":"","overlay-color":"","overlay-opacity":"","overlay-gradient":""},"tablet":{"background-color":"","background-image":"","background-repeat":"repeat","background-position":"center center","background-size":"auto","background-attachment":"scroll","background-type":"","background-media":"","overlay-type":"","overlay-color":"","overlay-opacity":"","overlay-gradient":""},"mobile":{"background-color":"","background-image":"","background-repeat":"repeat","background-position":"center center","background-size":"auto","background-attachment":"scroll","background-type":"","background-media":"","overlay-type":"","overlay-color":"","overlay-opacity":"","overlay-gradient":""}},"ast-content-background-meta":{"desktop":{"background-color":"var(--ast-global-color-5)","background-image":"","background-repeat":"repeat","background-position":"center center","background-size":"auto","background-attachment":"scroll","background-type":"","background-media":"","overlay-type":"","overlay-color":"","overlay-opacity":"","overlay-gradient":""},"tablet":{"background-color":"var(--ast-global-color-5)","background-image":"","background-repeat":"repeat","background-position":"center center","background-size":"auto","background-attachment":"scroll","background-type":"","background-media":"","overlay-type":"","overlay-color":"","overlay-opacity":"","overlay-gradient":""},"mobile":{"background-color":"var(--ast-global-color-5)","background-image":"","background-repeat":"repeat","background-position":"center center","background-size":"auto","background-attachment":"scroll","background-type":"","background-media":"","overlay-type":"","overlay-color":"","overlay-opacity":"","overlay-gradient":""}},"footnotes":""},"class_list":["post-2399","page","type-page","status-publish","hentry"],"post_mailing_queue_ids":[],"_links":{"self":[{"href":"https:\/\/agora.xtec.cat\/iescarrascobarcelona\/wp-json\/wp\/v2\/pages\/2399","targetHints":{"allow":["GET"]}}],"collection":[{"href":"https:\/\/agora.xtec.cat\/iescarrascobarcelona\/wp-json\/wp\/v2\/pages"}],"about":[{"href":"https:\/\/agora.xtec.cat\/iescarrascobarcelona\/wp-json\/wp\/v2\/types\/page"}],"author":[{"embeddable":true,"href":"https:\/\/agora.xtec.cat\/iescarrascobarcelona\/wp-json\/wp\/v2\/users\/1"}],"replies":[{"embeddable":true,"href":"https:\/\/agora.xtec.cat\/iescarrascobarcelona\/wp-json\/wp\/v2\/comments?post=2399"}],"version-history":[{"count":4,"href":"https:\/\/agora.xtec.cat\/iescarrascobarcelona\/wp-json\/wp\/v2\/pages\/2399\/revisions"}],"predecessor-version":[{"id":2757,"href":"https:\/\/agora.xtec.cat\/iescarrascobarcelona\/wp-json\/wp\/v2\/pages\/2399\/revisions\/2757"}],"up":[{"embeddable":true,"href":"https:\/\/agora.xtec.cat\/iescarrascobarcelona\/wp-json\/wp\/v2\/pages\/2392"}],"wp:attachment":[{"href":"https:\/\/agora.xtec.cat\/iescarrascobarcelona\/wp-json\/wp\/v2\/media?parent=2399"}],"curies":[{"name":"wp","href":"https:\/\/api.w.org\/{rel}","templated":true}]}}