{"id":2252,"date":"2021-09-22T18:30:18","date_gmt":"2021-09-22T16:30:18","guid":{"rendered":"https:\/\/agora.xtec.cat\/iescarrascobarcelona\/?page_id=2252"},"modified":"2023-05-22T20:47:52","modified_gmt":"2023-05-22T18:47:52","slug":"nivell-b2-c1-de-llengua-catalana","status":"publish","type":"page","link":"https:\/\/agora.xtec.cat\/iescarrascobarcelona\/secretaria\/nivell-b2-c1-de-llengua-catalana\/","title":{"rendered":"Certificats B2\/C1 catal\u00e0"},"content":{"rendered":"<h4><strong>Quins s\u00f3n els requeriments imprescindibles per obtenir l&#8217;acreditaci\u00f3 B2\/C1 de llengua catalana?<\/strong><\/h4>\n<ul>\n<li><strong>Escolaritzaci\u00f3 complerta a Catalunya (des de l\u2019EGB o Prim\u00e0ria).<\/strong><\/li>\n<li>No haver estat mai exempt de catal\u00e0.<\/li>\n<li>Inici de l\u2019escolaritzaci\u00f3 a partir del curs 1978-79 (incl\u00f2s). Acompleix aquest requisit l&#8217;alumnat nascut a partir de 1972.<\/li>\n<li>Si l&#8217;alumne ha nascut abans del 1972 i vol obtenir el certificat de catal\u00e0 ha de dirigir-se al Departament d\u2019Educaci\u00f3 (per normativa els instituts no el poden certificar).<\/li>\n<\/ul>\n<h4><strong>Com es sol\u00b7licita?<\/strong><\/h4>\n<p>Si no viviu a Barcelona o no sou exalumnes us recomanem que el demaneu a l\u2019institut p\u00fablic m\u00e9s proper al vostre domicili.<\/p>\n<p>Es sol.licita mitjan\u00e7ant un correu electr\u00f2nic a l&#8217;adre\u00e7a: iescarrascobarcelona<span class=\"\"><span class=\"\">@xt<\/span>ec.cat adjuntant la <a href=\"https:\/\/agora.xtec.cat\/iescarrascobarcelona\/wp-content\/uploads\/usu2495\/2021\/09\/sol.licitud-de-reconeixement-de-Llengua-Catalana.pdf\">sol.licitud de reconeixement de Llengua Catalana<\/a>, DNI de la persona que sol.licita el certificat i la documentaci\u00f3 que s\u2019indica a la taula d\u2019equival\u00e8ncies.<\/span><\/p>\n<p>La secretaria del centre donar\u00e0 resposta al correu i donar\u00e0 cita pr\u00e8via per recollir el certificat.<\/p>\n<p>En cas que no pugui venir el titular personalment caldr\u00e0 portar una autoritzaci\u00f3.<\/p>\n<h4><\/h4>\n<h4><strong>Quin \u00e9s el termini de lliurament del certificat?<\/strong><\/h4>\n<p>Una<em> setmana a comptar des del dia de la presentaci\u00f3 de la sol\u00b7licitud.<\/em><\/p>\n<h4><\/h4>\n<h4><strong>Documentaci\u00f3 a aportar i Taula d\u2019equival\u00e8ncies<\/strong><\/h4>\n<p>Nom\u00e9s es poden sol\u00b7licitar els nivells que s\u2019indiquen.<\/p>\n<table width=\"591\">\n<tbody>\n<tr>\n<td width=\"119\"><strong>Estudis realitzats<\/strong><\/td>\n<td width=\"177\"><strong>Cal haver estudiat a Catalunya<\/strong><\/td>\n<td width=\"295\"><strong>Documents que cal adjuntar a la sol\u00b7licitud<br \/>\n<\/strong><\/td>\n<\/tr>\n<tr>\n<td colspan=\"3\" width=\"591\"><strong>NIVELL B2<\/strong><\/td>\n<\/tr>\n<tr>\n<td width=\"119\">EGB \/ FP1<\/td>\n<td width=\"177\">Totalitat de l\u2019EGB i s\u2019hagi cursat la mat\u00e8ria de llengua catalana en la totalitat dels estudis esmentats a partir del curs 1978-1979.Totalitat de l\u2019EGB i FP1 i s\u2019hagi cursat la mat\u00e8ria de llengua catalana en la totalitat dels estudis esmentats a partir del curs 1978-1979.<\/td>\n<td width=\"295\">Document en PDF o JPG del DNI Original, de les p\u00e0gines de la CERTIFICACI\u00d3 D\u2019ANYS D\u2019ESCOLARITAT del llibre d\u2019escolaritat de <strong>l\u2019EGB\u00a0<\/strong>o certificat acreditatiu*<\/p>\n<p>Document en PDF o JPG de les notes finals de tots els cursos de <strong>FP1\u00a0<\/strong>o certificat acreditatiu*<\/td>\n<\/tr>\n<tr>\n<td colspan=\"3\" width=\"591\"><strong>NIVELL C1<\/strong><\/td>\n<\/tr>\n<tr>\n<td width=\"119\">BUP<\/td>\n<td width=\"177\">Totalitat l\u2019EGB i BUP i s\u2019hagi cursat de manera oficial la mat\u00e8ria de llengua catalana en la totalitat dels estudis esmentats a partir del curs 1978-1979.<\/td>\n<td width=\"295\">Document en PDF o JPG del DNI original, de les p\u00e0gines de la CERTIFICACI\u00d3 D\u2019ANYS D\u2019ESCOLARITAT del llibre d\u2019escolaritat de <strong>l\u2019EGB\u00a0<\/strong>o certificat acreditatiu*<\/p>\n<p>Document en PDF o JPG de les notes finals de tots els cursos de <strong>BUP\u00a0o certificat acreditatiu*<\/strong><\/td>\n<\/tr>\n<tr>\n<td width=\"119\">FP2<\/td>\n<td width=\"177\">Totalitat l\u2019EGB, FP1 i FP2 \u00a0i s\u2019hagi cursat de manera oficial la mat\u00e8ria de llengua catalana en la totalitat dels estudis esmentats.<\/td>\n<td width=\"295\">Document en PDF o JPG del DNI original, de les p\u00e0gines de la CERTIFICACI\u00d3 D\u2019ANYS D\u2019ESCOLARITAT del llibre d\u2019escolaritat de <strong>l\u2019EGB\u00a0<\/strong>o certificat acreditatiu*<\/p>\n<p>Document en PDF o JPG de les notes finals de tots els cursos de <strong>FP1<\/strong>\u00a0i\u00a0<strong>FP2\u00a0<\/strong>o certificat acreditatiu*<\/td>\n<\/tr>\n<tr>\n<td width=\"119\">BATXILLERAT<\/td>\n<td width=\"177\">3 cursos qualsevols de Prim\u00e0ria i 5 qualsevols entre ESO i BATX\u00a0i s\u2019hagi cursat la mat\u00e8ria de llengua catalana en la totalitat dels estudis m\u00ednims esmentats.<\/td>\n<td width=\"295\">Document en PDF o JPG del DNI original, de les p\u00e0gines de la CERTIFICACI\u00d3 D\u2019ANYS D\u2019ESCOLARITAT del llibre d\u2019escolaritat de <strong>Prim\u00e0ria i Secund\u00e0ria<\/strong><\/p>\n<p>Document en PDF o JPG de les notes finals de tots els cursos de <strong>Batxillerat<\/strong><\/td>\n<\/tr>\n<tr>\n<td width=\"119\">ESO<\/td>\n<td width=\"177\">3 cursos qualsevols de Prim\u00e0ria i tota l\u2019ESO s\u2019hagi cursat i aprovat la mat\u00e8ria de llengua catalana en la totalitat dels estudis m\u00ednims esmentats<strong>.<\/strong> Aquesta equival\u00e8ncia \u00e9s d\u2019aplicaci\u00f3 a partir del curs 2007-2008, sense car\u00e0cter retroactiu.<\/td>\n<td width=\"295\">Document en PDF o JPG del DNI original , de les p\u00e0gines de la CERTIFICACI\u00d3 D\u2019ANYS D\u2019ESCOLARITAT del llibre d\u2019escolaritat de <strong>Prim\u00e0ria i Secund\u00e0ria<\/strong><\/td>\n<\/tr>\n<\/tbody>\n<\/table>\n<p>*certificat acreditatiu: en cas de no tenir el llibre d\u2019escolaritat, heu d\u2019anar a l\u2019escola o institut on v\u00e0reu estudiar la prim\u00e0ria\/secund\u00e0ria\/batxillerat\/FPI\/FP2\/BUP, per demanar un certificat que indiqui els anys i els cursos d\u2019escolaritat i la frase <em>\u201cl\u2019alumne ha cursat i aprovat la mat\u00e8ria de llengua catalana\u201d.<\/em><\/p>\n<p>Aquelles persones que <strong>no acompleixin els requisits anteriors<\/strong> s\u2019han d\u2019adre\u00e7ar a:<\/p>\n<p><i>Departament d\u2019Educaci\u00f3<br \/>\nVia Augusta, 202-226 | Barcelona<br \/>\nTel\u00e8fon: 934 006 900<\/i><\/p>\n<p>Podeu consultar l&#8217; <strong><a href=\"https:\/\/portaljuridic.gencat.cat\/ca\/pjur_ocults\/pjur_resultats_fitxa\/?action=fitxa&amp;mode=single&amp;documentId=501140&amp;language=ca_ES\" target=\"_blank\" rel=\"noopener\">ORDRE VCP\/491\/2009, de 12 de novembre, per la qual es refonen i s\u2019actualitzen els t\u00edtols, diplomes i certificats equivalents als certificats de coneixements de catal\u00e0 de la Secretaria de Pol\u00edtica Ling\u00fc\u00edstica<\/a><\/strong> i la web d\u2019 <a href=\"http:\/\/llengua.gencat.cat\/ca\/serveis\/acreditacio_coneixements\/certificats_de_catala\/equivalencies_i_acreditacio_de_coneixements_de_catala\/\">Equival\u00e8ncies i acreditaci\u00f3 de coneixements de catal\u00e0.<\/a><\/p>\n<p><a href=\"https:\/\/web.gencat.cat\/ca\/tramits\/tramits-temes\/22046-reconeixement-b2-c1-catala?category=742b7874-a82c-11e3-a972-000c29052e2c\" target=\"_blank\" rel=\"noopener\"><strong>https:\/\/web.gencat.cat\/ca\/tramits\/tramits-temes\/22046-reconeixement-b2-c1-catala?category=742b7874-a82c-11e3-a972-000c29052e2c<\/strong><\/a><\/p>\n<p>&nbsp;<\/p>\n","protected":false},"excerpt":{"rendered":"<p>Quins s\u00f3n els requeriments imprescindibles per obtenir l&#8217;acreditaci\u00f3 B2\/C1 de llengua catalana? Escolaritzaci\u00f3 complerta a Catalunya (des de l\u2019EGB o Prim\u00e0ria). No haver estat mai exempt de catal\u00e0. Inici de l\u2019escolaritzaci\u00f3 a partir del curs 1978-79 (incl\u00f2s). Acompleix aquest requisit l&#8217;alumnat nascut a partir de 1972. Si l&#8217;alumne ha nascut abans del 1972 i vol [&hellip;]<\/p>\n","protected":false},"author":1,"featured_media":0,"parent":81,"menu_order":6,"comment_status":"closed","ping_status":"closed","template":"page-templates\/side-menu.php","meta":{"_bbp_topic_count":0,"_bbp_reply_count":0,"_bbp_total_topic_count":0,"_bbp_total_reply_count":0,"_bbp_voice_count":0,"_bbp_anonymous_reply_count":0,"_bbp_topic_count_hidden":0,"_bbp_reply_count_hidden":0,"_bbp_forum_subforum_count":0,"site-sidebar-layout":"default","site-content-layout":"","ast-site-content-layout":"","site-content-style":"default","site-sidebar-style":"default","ast-global-header-display":"","ast-banner-title-visibility":"","ast-main-header-display":"","ast-hfb-above-header-display":"","ast-hfb-below-header-display":"","ast-hfb-mobile-header-display":"","site-post-title":"","ast-breadcrumbs-content":"","ast-featured-img":"","footer-sml-layout":"","theme-transparent-header-meta":"","adv-header-id-meta":"","stick-header-meta":"","header-above-stick-meta":"","header-main-stick-meta":"","header-below-stick-meta":"","astra-migrate-meta-layouts":"default","ast-page-background-enabled":"default","ast-page-background-meta":{"desktop":{"background-color":"var(--ast-global-color-4)","background-image":"","background-repeat":"repeat","background-position":"center center","background-size":"auto","background-attachment":"scroll","background-type":"","background-media":"","overlay-type":"","overlay-color":"","overlay-opacity":"","overlay-gradient":""},"tablet":{"background-color":"","background-image":"","background-repeat":"repeat","background-position":"center center","background-size":"auto","background-attachment":"scroll","background-type":"","background-media":"","overlay-type":"","overlay-color":"","overlay-opacity":"","overlay-gradient":""},"mobile":{"background-color":"","background-image":"","background-repeat":"repeat","background-position":"center center","background-size":"auto","background-attachment":"scroll","background-type":"","background-media":"","overlay-type":"","overlay-color":"","overlay-opacity":"","overlay-gradient":""}},"ast-content-background-meta":{"desktop":{"background-color":"var(--ast-global-color-5)","background-image":"","background-repeat":"repeat","background-position":"center center","background-size":"auto","background-attachment":"scroll","background-type":"","background-media":"","overlay-type":"","overlay-color":"","overlay-opacity":"","overlay-gradient":""},"tablet":{"background-color":"var(--ast-global-color-5)","background-image":"","background-repeat":"repeat","background-position":"center center","background-size":"auto","background-attachment":"scroll","background-type":"","background-media":"","overlay-type":"","overlay-color":"","overlay-opacity":"","overlay-gradient":""},"mobile":{"background-color":"var(--ast-global-color-5)","background-image":"","background-repeat":"repeat","background-position":"center center","background-size":"auto","background-attachment":"scroll","background-type":"","background-media":"","overlay-type":"","overlay-color":"","overlay-opacity":"","overlay-gradient":""}},"footnotes":""},"class_list":["post-2252","page","type-page","status-publish","hentry"],"post_mailing_queue_ids":[],"_links":{"self":[{"href":"https:\/\/agora.xtec.cat\/iescarrascobarcelona\/wp-json\/wp\/v2\/pages\/2252","targetHints":{"allow":["GET"]}}],"collection":[{"href":"https:\/\/agora.xtec.cat\/iescarrascobarcelona\/wp-json\/wp\/v2\/pages"}],"about":[{"href":"https:\/\/agora.xtec.cat\/iescarrascobarcelona\/wp-json\/wp\/v2\/types\/page"}],"author":[{"embeddable":true,"href":"https:\/\/agora.xtec.cat\/iescarrascobarcelona\/wp-json\/wp\/v2\/users\/1"}],"replies":[{"embeddable":true,"href":"https:\/\/agora.xtec.cat\/iescarrascobarcelona\/wp-json\/wp\/v2\/comments?post=2252"}],"version-history":[{"count":3,"href":"https:\/\/agora.xtec.cat\/iescarrascobarcelona\/wp-json\/wp\/v2\/pages\/2252\/revisions"}],"predecessor-version":[{"id":2420,"href":"https:\/\/agora.xtec.cat\/iescarrascobarcelona\/wp-json\/wp\/v2\/pages\/2252\/revisions\/2420"}],"up":[{"embeddable":true,"href":"https:\/\/agora.xtec.cat\/iescarrascobarcelona\/wp-json\/wp\/v2\/pages\/81"}],"wp:attachment":[{"href":"https:\/\/agora.xtec.cat\/iescarrascobarcelona\/wp-json\/wp\/v2\/media?parent=2252"}],"curies":[{"name":"wp","href":"https:\/\/api.w.org\/{rel}","templated":true}]}}