{"id":2072,"date":"2021-04-18T10:41:34","date_gmt":"2021-04-18T08:41:34","guid":{"rendered":"https:\/\/agora.xtec.cat\/iescarrascobarcelona\/?page_id=2072"},"modified":"2023-02-10T14:23:48","modified_gmt":"2023-02-10T13:23:48","slug":"xarxa-competencies-basiques","status":"publish","type":"page","link":"https:\/\/agora.xtec.cat\/iescarrascobarcelona\/xarxa-competencies-basiques\/","title":{"rendered":"Xarxa compet\u00e8ncies"},"content":{"rendered":"<p><b>Participaci\u00f3 a la Xarxa de Compet\u00e8ncies<br \/>\n<\/b><\/p>\n<p>Des del curs 2018-2019 formem part de la Xarxa de compet\u00e8ncies b\u00e0siques (XCB), fet que ens permet:<\/p>\n<ul>\n<li>formar dues professores del centre (coordinadores) en aquesta Xarxa<\/li>\n<li>disposar d\u2019un equip impulsor i dinamitzador del treball competencial al centre<\/li>\n<li>crear noves metodologies de treball relacionades amb l\u2019aprenentatge competencial i l\u2019avaluaci\u00f3 formadora i formativa de l\u2019alumnat<\/li>\n<li>promoci\u00f3 i elaboraci\u00f3 d\u2019activitats competencials<\/li>\n<\/ul>\n<ul>\n<li>proposta d\u2019objectius d\u2019aprenentatge i criteris d\u2019avaluaci\u00f3 que permeten con\u00e8ixer el nivell d\u2019assoliment de les compet\u00e8ncies de l\u2019alumnat<\/li>\n<li>disseny i posada en pr\u00e0ctica d\u2019activitats d\u2019autoavaluaci\u00f3 i coavaluaci\u00f3 perqu\u00e8 l\u2019alumnat sigui conscient del seu propi proc\u00e9s d\u2019aprenentatge<\/li>\n<li>desenvolupament i implementaci\u00f3 d\u2019activitats transversals i treball globalitzat<\/li>\n<\/ul>\n<ul>\n<li>compartir experi\u00e8ncies de treball amb altres escoles i instituts<\/li>\n<\/ul>\n","protected":false},"excerpt":{"rendered":"<p>Participaci\u00f3 a la Xarxa de Compet\u00e8ncies Des del curs 2018-2019 formem part de la Xarxa de compet\u00e8ncies b\u00e0siques (XCB), fet que ens permet: formar dues professores del centre (coordinadores) en aquesta Xarxa disposar d\u2019un equip impulsor i dinamitzador del treball competencial al centre crear noves metodologies de treball relacionades amb l\u2019aprenentatge competencial i l\u2019avaluaci\u00f3 formadora [&hellip;]<\/p>\n","protected":false},"author":1,"featured_media":0,"parent":0,"menu_order":0,"comment_status":"closed","ping_status":"closed","template":"","meta":{"_bbp_topic_count":0,"_bbp_reply_count":0,"_bbp_total_topic_count":0,"_bbp_total_reply_count":0,"_bbp_voice_count":0,"_bbp_anonymous_reply_count":0,"_bbp_topic_count_hidden":0,"_bbp_reply_count_hidden":0,"_bbp_forum_subforum_count":0,"site-sidebar-layout":"default","site-content-layout":"","ast-site-content-layout":"","site-content-style":"default","site-sidebar-style":"default","ast-global-header-display":"","ast-banner-title-visibility":"","ast-main-header-display":"","ast-hfb-above-header-display":"","ast-hfb-below-header-display":"","ast-hfb-mobile-header-display":"","site-post-title":"","ast-breadcrumbs-content":"","ast-featured-img":"","footer-sml-layout":"","theme-transparent-header-meta":"","adv-header-id-meta":"","stick-header-meta":"","header-above-stick-meta":"","header-main-stick-meta":"","header-below-stick-meta":"","astra-migrate-meta-layouts":"default","ast-page-background-enabled":"default","ast-page-background-meta":{"desktop":{"background-color":"var(--ast-global-color-4)","background-image":"","background-repeat":"repeat","background-position":"center center","background-size":"auto","background-attachment":"scroll","background-type":"","background-media":"","overlay-type":"","overlay-color":"","overlay-opacity":"","overlay-gradient":""},"tablet":{"background-color":"","background-image":"","background-repeat":"repeat","background-position":"center center","background-size":"auto","background-attachment":"scroll","background-type":"","background-media":"","overlay-type":"","overlay-color":"","overlay-opacity":"","overlay-gradient":""},"mobile":{"background-color":"","background-image":"","background-repeat":"repeat","background-position":"center center","background-size":"auto","background-attachment":"scroll","background-type":"","background-media":"","overlay-type":"","overlay-color":"","overlay-opacity":"","overlay-gradient":""}},"ast-content-background-meta":{"desktop":{"background-color":"var(--ast-global-color-5)","background-image":"","background-repeat":"repeat","background-position":"center center","background-size":"auto","background-attachment":"scroll","background-type":"","background-media":"","overlay-type":"","overlay-color":"","overlay-opacity":"","overlay-gradient":""},"tablet":{"background-color":"var(--ast-global-color-5)","background-image":"","background-repeat":"repeat","background-position":"center center","background-size":"auto","background-attachment":"scroll","background-type":"","background-media":"","overlay-type":"","overlay-color":"","overlay-opacity":"","overlay-gradient":""},"mobile":{"background-color":"var(--ast-global-color-5)","background-image":"","background-repeat":"repeat","background-position":"center center","background-size":"auto","background-attachment":"scroll","background-type":"","background-media":"","overlay-type":"","overlay-color":"","overlay-opacity":"","overlay-gradient":""}},"footnotes":""},"class_list":["post-2072","page","type-page","status-publish","hentry"],"post_mailing_queue_ids":[],"_links":{"self":[{"href":"https:\/\/agora.xtec.cat\/iescarrascobarcelona\/wp-json\/wp\/v2\/pages\/2072","targetHints":{"allow":["GET"]}}],"collection":[{"href":"https:\/\/agora.xtec.cat\/iescarrascobarcelona\/wp-json\/wp\/v2\/pages"}],"about":[{"href":"https:\/\/agora.xtec.cat\/iescarrascobarcelona\/wp-json\/wp\/v2\/types\/page"}],"author":[{"embeddable":true,"href":"https:\/\/agora.xtec.cat\/iescarrascobarcelona\/wp-json\/wp\/v2\/users\/1"}],"replies":[{"embeddable":true,"href":"https:\/\/agora.xtec.cat\/iescarrascobarcelona\/wp-json\/wp\/v2\/comments?post=2072"}],"version-history":[{"count":3,"href":"https:\/\/agora.xtec.cat\/iescarrascobarcelona\/wp-json\/wp\/v2\/pages\/2072\/revisions"}],"predecessor-version":[{"id":2580,"href":"https:\/\/agora.xtec.cat\/iescarrascobarcelona\/wp-json\/wp\/v2\/pages\/2072\/revisions\/2580"}],"wp:attachment":[{"href":"https:\/\/agora.xtec.cat\/iescarrascobarcelona\/wp-json\/wp\/v2\/media?parent=2072"}],"curies":[{"name":"wp","href":"https:\/\/api.w.org\/{rel}","templated":true}]}}