{"id":2070,"date":"2021-04-18T10:41:05","date_gmt":"2021-04-18T08:41:05","guid":{"rendered":"https:\/\/agora.xtec.cat\/iescarrascobarcelona\/?page_id=2070"},"modified":"2023-06-16T22:39:50","modified_gmt":"2023-06-16T20:39:50","slug":"global-scholars","status":"publish","type":"page","link":"https:\/\/agora.xtec.cat\/iescarrascobarcelona\/global-scholars\/","title":{"rendered":"Global Scholars"},"content":{"rendered":"<p>El Programa Global Scholars \u00e9s un programa educatiu en el qual participen escoles de tot el m\u00f3n, organitzat per la Fundaci\u00f3 Bloomberg de Nova York. L&#8217;alumnat es comunica a trav\u00e9s d&#8217;una plataforma digital, on comparteixen informaci\u00f3 sobre temes relacionats amb el medi ambient i la sostenibilitat com les ciutats m\u00e9s verdes, l&#8217;aigua o l&#8217;alimentaci\u00f3 sostenible.<\/p>\n<p>Durant un curs escolar els alumnes realitzen 5 unitats. Al final de cada unitat realitzen un projecte digital, per exemple: un v\u00eddeo presentaci\u00f3, una infografia, una presentaci\u00f3 digital, un podcast, un web interactiu, una maqueta 3D, etc. Despr\u00e9s els comparteixen a trav\u00e9s de la plataforma digital amb l&#8217;alumnat d&#8217;arreu del m\u00f3n i veuen els projectes de les altres escoles.<\/p>\n","protected":false},"excerpt":{"rendered":"<p>El Programa Global Scholars \u00e9s un programa educatiu en el qual participen escoles de tot el m\u00f3n, organitzat per la Fundaci\u00f3 Bloomberg de Nova York. L&#8217;alumnat es comunica a trav\u00e9s d&#8217;una plataforma digital, on comparteixen informaci\u00f3 sobre temes relacionats amb el medi ambient i la sostenibilitat com les ciutats m\u00e9s verdes, l&#8217;aigua o l&#8217;alimentaci\u00f3 sostenible. [&hellip;]<\/p>\n","protected":false},"author":1,"featured_media":0,"parent":0,"menu_order":0,"comment_status":"closed","ping_status":"closed","template":"","meta":{"_bbp_topic_count":0,"_bbp_reply_count":0,"_bbp_total_topic_count":0,"_bbp_total_reply_count":0,"_bbp_voice_count":0,"_bbp_anonymous_reply_count":0,"_bbp_topic_count_hidden":0,"_bbp_reply_count_hidden":0,"_bbp_forum_subforum_count":0,"site-sidebar-layout":"default","site-content-layout":"","ast-site-content-layout":"","site-content-style":"default","site-sidebar-style":"default","ast-global-header-display":"","ast-banner-title-visibility":"","ast-main-header-display":"","ast-hfb-above-header-display":"","ast-hfb-below-header-display":"","ast-hfb-mobile-header-display":"","site-post-title":"","ast-breadcrumbs-content":"","ast-featured-img":"","footer-sml-layout":"","theme-transparent-header-meta":"","adv-header-id-meta":"","stick-header-meta":"","header-above-stick-meta":"","header-main-stick-meta":"","header-below-stick-meta":"","astra-migrate-meta-layouts":"default","ast-page-background-enabled":"default","ast-page-background-meta":{"desktop":{"background-color":"var(--ast-global-color-4)","background-image":"","background-repeat":"repeat","background-position":"center center","background-size":"auto","background-attachment":"scroll","background-type":"","background-media":"","overlay-type":"","overlay-color":"","overlay-opacity":"","overlay-gradient":""},"tablet":{"background-color":"","background-image":"","background-repeat":"repeat","background-position":"center center","background-size":"auto","background-attachment":"scroll","background-type":"","background-media":"","overlay-type":"","overlay-color":"","overlay-opacity":"","overlay-gradient":""},"mobile":{"background-color":"","background-image":"","background-repeat":"repeat","background-position":"center center","background-size":"auto","background-attachment":"scroll","background-type":"","background-media":"","overlay-type":"","overlay-color":"","overlay-opacity":"","overlay-gradient":""}},"ast-content-background-meta":{"desktop":{"background-color":"var(--ast-global-color-5)","background-image":"","background-repeat":"repeat","background-position":"center center","background-size":"auto","background-attachment":"scroll","background-type":"","background-media":"","overlay-type":"","overlay-color":"","overlay-opacity":"","overlay-gradient":""},"tablet":{"background-color":"var(--ast-global-color-5)","background-image":"","background-repeat":"repeat","background-position":"center center","background-size":"auto","background-attachment":"scroll","background-type":"","background-media":"","overlay-type":"","overlay-color":"","overlay-opacity":"","overlay-gradient":""},"mobile":{"background-color":"var(--ast-global-color-5)","background-image":"","background-repeat":"repeat","background-position":"center center","background-size":"auto","background-attachment":"scroll","background-type":"","background-media":"","overlay-type":"","overlay-color":"","overlay-opacity":"","overlay-gradient":""}},"footnotes":""},"class_list":["post-2070","page","type-page","status-publish","hentry"],"post_mailing_queue_ids":[],"_links":{"self":[{"href":"https:\/\/agora.xtec.cat\/iescarrascobarcelona\/wp-json\/wp\/v2\/pages\/2070","targetHints":{"allow":["GET"]}}],"collection":[{"href":"https:\/\/agora.xtec.cat\/iescarrascobarcelona\/wp-json\/wp\/v2\/pages"}],"about":[{"href":"https:\/\/agora.xtec.cat\/iescarrascobarcelona\/wp-json\/wp\/v2\/types\/page"}],"author":[{"embeddable":true,"href":"https:\/\/agora.xtec.cat\/iescarrascobarcelona\/wp-json\/wp\/v2\/users\/1"}],"replies":[{"embeddable":true,"href":"https:\/\/agora.xtec.cat\/iescarrascobarcelona\/wp-json\/wp\/v2\/comments?post=2070"}],"version-history":[{"count":2,"href":"https:\/\/agora.xtec.cat\/iescarrascobarcelona\/wp-json\/wp\/v2\/pages\/2070\/revisions"}],"predecessor-version":[{"id":2866,"href":"https:\/\/agora.xtec.cat\/iescarrascobarcelona\/wp-json\/wp\/v2\/pages\/2070\/revisions\/2866"}],"wp:attachment":[{"href":"https:\/\/agora.xtec.cat\/iescarrascobarcelona\/wp-json\/wp\/v2\/media?parent=2070"}],"curies":[{"name":"wp","href":"https:\/\/api.w.org\/{rel}","templated":true}]}}